{"id":182,"date":"2019-08-30T10:21:44","date_gmt":"2019-08-30T10:21:44","guid":{"rendered":"https:\/\/site.educa.madrid.org\/cepa.cidcampeador.madrid\/?page_id=182"},"modified":"2026-04-10T11:57:24","modified_gmt":"2026-04-10T09:57:24","slug":"conocenos","status":"publish","type":"page","link":"https:\/\/site.educa.madrid.org\/cepa.cidcampeador.madrid\/index.php\/conocenos\/","title":{"rendered":"Con\u00f3cenos"},"content":{"rendered":"\n<p>El <strong>CEPA Cid Campeador<\/strong> <strong>Las \u00c1guilas-Cuatro Vientos<\/strong> somos un Centro p\u00fablico de Educaci\u00f3n de Personas Adultas del distrito de Las \u00c1guilas (junto al polideportivo de Aluche) con una interesante oferta educativa y un trato personalizado a nuestros alumnos y alumnas.<\/p>\n\n\n\n<p>Para conocernos, \u00a1ven a vernos! Tambi\u00e9n puedes echar un vistazo a las distintas secciones de esta web y en esta presentaci\u00f3n:<\/p>\n\n\n\n<h2 class=\"wp-block-heading\"><strong>Presentaci\u00f3n<\/strong><\/h2>\n\n\n<div class=\"wp-block-image\">\n<figure class=\"aligncenter is-resized\"><a href=\"https:\/\/prezi.com\/view\/cF8tiQTHvC8PKvnhd2Jh\/\" target=\"_blank\" rel=\"noopener noreferrer\"><img loading=\"lazy\" decoding=\"async\" width=\"1024\" height=\"621\" src=\"https:\/\/site.educa.madrid.org\/cepa.cidcampeador.madrid\/\/wp-content\/uploads\/cepa.cidcampeador.madrid\/2019\/09\/Presentaci\u00f3n-PREZI_portada-1-1024x621.jpg\" alt=\"\" class=\"wp-image-522\" style=\"width:356px;height:215px\" srcset=\"https:\/\/site.educa.madrid.org\/cepa.cidcampeador.madrid\/\/wp-content\/uploads\/cepa.cidcampeador.madrid\/2019\/09\/Presentaci\u00f3n-PREZI_portada-1-1024x621.jpg 1024w, https:\/\/site.educa.madrid.org\/cepa.cidcampeador.madrid\/\/wp-content\/uploads\/cepa.cidcampeador.madrid\/2019\/09\/Presentaci\u00f3n-PREZI_portada-1-300x182.jpg 300w, https:\/\/site.educa.madrid.org\/cepa.cidcampeador.madrid\/\/wp-content\/uploads\/cepa.cidcampeador.madrid\/2019\/09\/Presentaci\u00f3n-PREZI_portada-1-768x466.jpg 768w, https:\/\/site.educa.madrid.org\/cepa.cidcampeador.madrid\/\/wp-content\/uploads\/cepa.cidcampeador.madrid\/2019\/09\/Presentaci\u00f3n-PREZI_portada-1.jpg 1245w\" sizes=\"auto, (max-width: 767px) 89vw, (max-width: 1000px) 54vw, (max-width: 1071px) 543px, 580px\" \/><\/a><figcaption class=\"wp-element-caption\"><a href=\"https:\/\/prezi.com\/view\/ysnLaeVDPdHEHPJQEmks\/\" target=\"_blank\" rel=\"noreferrer noopener\">Presentaci\u00f3n CEPA Cid Campeador<\/a><\/figcaption><\/figure>\n<\/div>\n\n\n<h2 class=\"wp-block-heading\"><strong>Ense\u00f1anzas<\/strong><\/h2>\n\n\n\n<p>Estas son las <a href=\"https:\/\/site.educa.madrid.org\/cepa.cidcampeador.madrid\/index.php\/ensenanzas\/\" target=\"_blank\" rel=\"noreferrer noopener\">ense\u00f1anzas<\/a> que ofertamos.<\/p>\n\n\n<div class=\"wp-block-image\">\n<figure class=\"aligncenter size-full is-resized\"><img loading=\"lazy\" decoding=\"async\" width=\"1414\" height=\"2000\" src=\"https:\/\/site.educa.madrid.org\/cepa.cidcampeador.madrid\/\/wp-content\/uploads\/cepa.cidcampeador.madrid\/2025\/07\/ENSENANZAS-CEPA-CID-CAMPEADOR_.png\" alt=\"\" class=\"wp-image-7797\" style=\"width:460px;height:auto\" srcset=\"https:\/\/site.educa.madrid.org\/cepa.cidcampeador.madrid\/\/wp-content\/uploads\/cepa.cidcampeador.madrid\/2025\/07\/ENSENANZAS-CEPA-CID-CAMPEADOR_.png 1414w, https:\/\/site.educa.madrid.org\/cepa.cidcampeador.madrid\/\/wp-content\/uploads\/cepa.cidcampeador.madrid\/2025\/07\/ENSENANZAS-CEPA-CID-CAMPEADOR_-212x300.png 212w, https:\/\/site.educa.madrid.org\/cepa.cidcampeador.madrid\/\/wp-content\/uploads\/cepa.cidcampeador.madrid\/2025\/07\/ENSENANZAS-CEPA-CID-CAMPEADOR_-724x1024.png 724w, https:\/\/site.educa.madrid.org\/cepa.cidcampeador.madrid\/\/wp-content\/uploads\/cepa.cidcampeador.madrid\/2025\/07\/ENSENANZAS-CEPA-CID-CAMPEADOR_-768x1086.png 768w, https:\/\/site.educa.madrid.org\/cepa.cidcampeador.madrid\/\/wp-content\/uploads\/cepa.cidcampeador.madrid\/2025\/07\/ENSENANZAS-CEPA-CID-CAMPEADOR_-1086x1536.png 1086w\" sizes=\"auto, (max-width: 767px) 89vw, (max-width: 1000px) 54vw, (max-width: 1071px) 543px, 580px\" \/><\/figure>\n<\/div>\n\n\n<h2 class=\"wp-block-heading\"><strong>Contacto<\/strong> y <strong>Horario de Secretar\u00eda<\/strong><\/h2>\n\n\n\n<p>Puedes acudir a vernos en nuestro <a href=\"https:\/\/site.educa.madrid.org\/cepa.cidcampeador.madrid\/index.php\/secretaria\/\">Horario de Secretar\u00eda<\/a> o <a href=\"https:\/\/site.educa.madrid.org\/cepa.cidcampeador.madrid\/index.php\/contacto\/\">contactar con nosotros<\/a> por tel\u00e9fono, WhatsApp y correo electr\u00f3nico.<\/p>\n\n\n\n<h2 class=\"wp-block-heading\"><strong>Red de CEPA<\/strong><\/h2>\n\n\n\n<p>El CEPA Cid Campeador Las \u00c1guilas-Cuatro Vientos pertenecemos a la <a href=\"https:\/\/site.educa.madrid.org\/cepa.cidcampeador.madrid\/index.php\/red-de-cepa\/\">Red de Centros p\u00fablicos de Educaci\u00f3n de Personas Adultas<\/a> de la Comunidad de Madrid.<\/p>\n\n\n\n<h2 class=\"wp-block-heading\"><strong>Proyectos del Cid<\/strong><\/h2>\n\n\n\n<p>Los <a href=\"https:\/\/site.educa.madrid.org\/cepa.cidcampeador.madrid\/index.php\/proyectos\/\">Proyectos Interdisciplinares y de Aprendizaje y Servicio<\/a> est\u00e1n integrados en nuestra metodolog\u00eda de ense\u00f1anza.<\/p>\n\n\n<div class=\"wp-block-image\">\n<figure class=\"aligncenter size-large is-resized\"><img loading=\"lazy\" decoding=\"async\" width=\"1024\" height=\"574\" src=\"https:\/\/site.educa.madrid.org\/cepa.cidcampeador.madrid\/\/wp-content\/uploads\/cepa.cidcampeador.madrid\/2025\/08\/Proyectos-Cid-1024x574.png\" alt=\"\" class=\"wp-image-7837\" style=\"width:505px;height:auto\" srcset=\"https:\/\/site.educa.madrid.org\/cepa.cidcampeador.madrid\/\/wp-content\/uploads\/cepa.cidcampeador.madrid\/2025\/08\/Proyectos-Cid-1024x574.png 1024w, https:\/\/site.educa.madrid.org\/cepa.cidcampeador.madrid\/\/wp-content\/uploads\/cepa.cidcampeador.madrid\/2025\/08\/Proyectos-Cid-300x168.png 300w, https:\/\/site.educa.madrid.org\/cepa.cidcampeador.madrid\/\/wp-content\/uploads\/cepa.cidcampeador.madrid\/2025\/08\/Proyectos-Cid-768x431.png 768w, https:\/\/site.educa.madrid.org\/cepa.cidcampeador.madrid\/\/wp-content\/uploads\/cepa.cidcampeador.madrid\/2025\/08\/Proyectos-Cid.png 1254w\" sizes=\"auto, (max-width: 767px) 89vw, (max-width: 1000px) 54vw, (max-width: 1071px) 543px, 580px\" \/><\/figure>\n<\/div>\n\n\n<h2 class=\"wp-block-heading\"><strong>Magazines del Cid<\/strong><\/h2>\n\n\n\n<p>Picha aqu\u00ed para ver los <a href=\"https:\/\/site.educa.madrid.org\/cepa.cidcampeador.madrid\/index.php\/magazines-del-cid\/\">anuarios elaborados por alumnado y profesorado<\/a> del CEPA Cid Campeador.<\/p>\n\n\n<div class=\"wp-block-image\">\n<figure class=\"aligncenter size-large is-resized\"><img loading=\"lazy\" decoding=\"async\" width=\"724\" height=\"1024\" src=\"https:\/\/site.educa.madrid.org\/cepa.cidcampeador.madrid\/\/wp-content\/uploads\/cepa.cidcampeador.madrid\/2025\/06\/MAGAZINE-24-25-724x1024.jpg\" alt=\"\" class=\"wp-image-7667\" style=\"width:232px;height:auto\" srcset=\"https:\/\/site.educa.madrid.org\/cepa.cidcampeador.madrid\/\/wp-content\/uploads\/cepa.cidcampeador.madrid\/2025\/06\/MAGAZINE-24-25-724x1024.jpg 724w, https:\/\/site.educa.madrid.org\/cepa.cidcampeador.madrid\/\/wp-content\/uploads\/cepa.cidcampeador.madrid\/2025\/06\/MAGAZINE-24-25-212x300.jpg 212w, https:\/\/site.educa.madrid.org\/cepa.cidcampeador.madrid\/\/wp-content\/uploads\/cepa.cidcampeador.madrid\/2025\/06\/MAGAZINE-24-25-768x1086.jpg 768w, https:\/\/site.educa.madrid.org\/cepa.cidcampeador.madrid\/\/wp-content\/uploads\/cepa.cidcampeador.madrid\/2025\/06\/MAGAZINE-24-25-1086x1536.jpg 1086w, https:\/\/site.educa.madrid.org\/cepa.cidcampeador.madrid\/\/wp-content\/uploads\/cepa.cidcampeador.madrid\/2025\/06\/MAGAZINE-24-25.jpg 1414w\" sizes=\"auto, (max-width: 724px) 100vw, 724px\" \/><\/figure>\n<\/div>\n\n\n<h2 class=\"wp-block-heading\"><strong>Puertas Abiertas<\/strong><\/h2>\n\n\n\n<p>Aqu\u00ed puedes ver las <a href=\"https:\/\/site.educa.madrid.org\/cepa.cidcampeador.madrid\/index.php\/puertas-abiertas\/\">jornadas de Puertas Abiertas<\/a> celebradas en el Cid.<\/p>\n\n\n<div class=\"wp-block-image\">\n<figure class=\"aligncenter size-large is-resized\"><img loading=\"lazy\" decoding=\"async\" width=\"724\" height=\"1024\" src=\"https:\/\/site.educa.madrid.org\/cepa.cidcampeador.madrid\/\/wp-content\/uploads\/cepa.cidcampeador.madrid\/2025\/06\/Jornada-Puertas-Abiertas-25_definitivo-A4-724x1024.jpg\" alt=\"\" class=\"wp-image-7645\" style=\"width:250px;height:auto\" srcset=\"https:\/\/site.educa.madrid.org\/cepa.cidcampeador.madrid\/\/wp-content\/uploads\/cepa.cidcampeador.madrid\/2025\/06\/Jornada-Puertas-Abiertas-25_definitivo-A4-724x1024.jpg 724w, https:\/\/site.educa.madrid.org\/cepa.cidcampeador.madrid\/\/wp-content\/uploads\/cepa.cidcampeador.madrid\/2025\/06\/Jornada-Puertas-Abiertas-25_definitivo-A4-212x300.jpg 212w, https:\/\/site.educa.madrid.org\/cepa.cidcampeador.madrid\/\/wp-content\/uploads\/cepa.cidcampeador.madrid\/2025\/06\/Jornada-Puertas-Abiertas-25_definitivo-A4-768x1086.jpg 768w, https:\/\/site.educa.madrid.org\/cepa.cidcampeador.madrid\/\/wp-content\/uploads\/cepa.cidcampeador.madrid\/2025\/06\/Jornada-Puertas-Abiertas-25_definitivo-A4-1086x1536.jpg 1086w, https:\/\/site.educa.madrid.org\/cepa.cidcampeador.madrid\/\/wp-content\/uploads\/cepa.cidcampeador.madrid\/2025\/06\/Jornada-Puertas-Abiertas-25_definitivo-A4.jpg 1414w\" sizes=\"auto, (max-width: 724px) 100vw, 724px\" \/><\/figure>\n<\/div>\n\n\n<h2 class=\"wp-block-heading\"><strong>Graduaciones<\/strong><\/h2>\n\n\n\n<p>\u00a1Enhorabuena a todas y todos los <a href=\"https:\/\/site.educa.madrid.org\/cepa.cidcampeador.madrid\/index.php\/graduaciones\/\">titulados en el Cid<\/a>!<\/p>\n\n\n<div class=\"wp-block-image\">\n<figure class=\"aligncenter size-large is-resized\"><img loading=\"lazy\" decoding=\"async\" width=\"731\" height=\"1024\" src=\"https:\/\/site.educa.madrid.org\/cepa.cidcampeador.madrid\/\/wp-content\/uploads\/cepa.cidcampeador.madrid\/2025\/06\/Fiesta-Graduacion-731x1024.jpg\" alt=\"\" class=\"wp-image-7657\" style=\"width:271px;height:auto\" srcset=\"https:\/\/site.educa.madrid.org\/cepa.cidcampeador.madrid\/\/wp-content\/uploads\/cepa.cidcampeador.madrid\/2025\/06\/Fiesta-Graduacion-731x1024.jpg 731w, https:\/\/site.educa.madrid.org\/cepa.cidcampeador.madrid\/\/wp-content\/uploads\/cepa.cidcampeador.madrid\/2025\/06\/Fiesta-Graduacion-214x300.jpg 214w, https:\/\/site.educa.madrid.org\/cepa.cidcampeador.madrid\/\/wp-content\/uploads\/cepa.cidcampeador.madrid\/2025\/06\/Fiesta-Graduacion-768x1076.jpg 768w, https:\/\/site.educa.madrid.org\/cepa.cidcampeador.madrid\/\/wp-content\/uploads\/cepa.cidcampeador.madrid\/2025\/06\/Fiesta-Graduacion-1097x1536.jpg 1097w, https:\/\/site.educa.madrid.org\/cepa.cidcampeador.madrid\/\/wp-content\/uploads\/cepa.cidcampeador.madrid\/2025\/06\/Fiesta-Graduacion.jpg 1428w\" sizes=\"auto, (max-width: 731px) 100vw, 731px\" \/><\/figure>\n<\/div>\n\n\n<h2 class=\"wp-block-heading\"><strong>Encuentros antiguxs alumnxs y profes<\/strong><\/h2>\n\n\n<div class=\"wp-block-image\">\n<figure class=\"aligncenter size-large is-resized\"><img loading=\"lazy\" decoding=\"async\" width=\"724\" height=\"1024\" src=\"https:\/\/site.educa.madrid.org\/cepa.cidcampeador.madrid\/\/wp-content\/uploads\/cepa.cidcampeador.madrid\/2026\/04\/Coctel-antiguos-alumnos-724x1024.png\" alt=\"\" class=\"wp-image-8637\" style=\"width:286px;height:auto\" srcset=\"https:\/\/site.educa.madrid.org\/cepa.cidcampeador.madrid\/\/wp-content\/uploads\/cepa.cidcampeador.madrid\/2026\/04\/Coctel-antiguos-alumnos-724x1024.png 724w, https:\/\/site.educa.madrid.org\/cepa.cidcampeador.madrid\/\/wp-content\/uploads\/cepa.cidcampeador.madrid\/2026\/04\/Coctel-antiguos-alumnos-212x300.png 212w, https:\/\/site.educa.madrid.org\/cepa.cidcampeador.madrid\/\/wp-content\/uploads\/cepa.cidcampeador.madrid\/2026\/04\/Coctel-antiguos-alumnos-768x1086.png 768w, https:\/\/site.educa.madrid.org\/cepa.cidcampeador.madrid\/\/wp-content\/uploads\/cepa.cidcampeador.madrid\/2026\/04\/Coctel-antiguos-alumnos-1086x1536.png 1086w, https:\/\/site.educa.madrid.org\/cepa.cidcampeador.madrid\/\/wp-content\/uploads\/cepa.cidcampeador.madrid\/2026\/04\/Coctel-antiguos-alumnos-1448x2048.png 1448w, https:\/\/site.educa.madrid.org\/cepa.cidcampeador.madrid\/\/wp-content\/uploads\/cepa.cidcampeador.madrid\/2026\/04\/Coctel-antiguos-alumnos.png 1587w\" sizes=\"auto, (max-width: 724px) 100vw, 724px\" \/><\/figure>\n<\/div>","protected":false},"excerpt":{"rendered":"<p>El CEPA Cid Campeador Las \u00c1guilas-Cuatro Vientos somos un Centro p\u00fablico de Educaci\u00f3n de Personas Adultas del distrito de Las \u00c1guilas (junto al polideportivo de Aluche) con una interesante oferta educativa y un trato personalizado a nuestros alumnos y alumnas. Para conocernos, \u00a1ven a vernos! Tambi\u00e9n puedes echar un vistazo a las distintas secciones de &hellip; <\/p>\n<p class=\"link-more\"><a href=\"https:\/\/site.educa.madrid.org\/cepa.cidcampeador.madrid\/index.php\/conocenos\/\" class=\"more-link\">Continuar leyendo<span class=\"screen-reader-text\"> \u00abCon\u00f3cenos\u00bb<\/span><\/a><\/p>\n","protected":false},"author":3,"featured_media":0,"parent":0,"menu_order":0,"comment_status":"closed","ping_status":"closed","template":"","meta":{"footnotes":""},"folder":[],"class_list":["post-182","page","type-page","status-publish","hentry"],"rttpg_featured_image_url":null,"rttpg_author":{"display_name":"cepa.cidcampeador.madrid","author_link":"https:\/\/site.educa.madrid.org\/cepa.cidcampeador.madrid\/index.php\/author\/cuenta_cepa-cidcampeador-madrid\/"},"rttpg_comment":0,"rttpg_category":false,"rttpg_excerpt":"El CEPA Cid Campeador Las \u00c1guilas-Cuatro Vientos somos un Centro p\u00fablico de Educaci\u00f3n de Personas Adultas del distrito de Las \u00c1guilas (junto al polideportivo de Aluche) con una interesante oferta educativa y un trato personalizado a nuestros alumnos y alumnas. Para conocernos, \u00a1ven a vernos! Tambi\u00e9n puedes echar un vistazo a las distintas secciones de&hellip;","post_mailing_queue_ids":[],"_links":{"self":[{"href":"https:\/\/site.educa.madrid.org\/cepa.cidcampeador.madrid\/index.php\/wp-json\/wp\/v2\/pages\/182","targetHints":{"allow":["GET"]}}],"collection":[{"href":"https:\/\/site.educa.madrid.org\/cepa.cidcampeador.madrid\/index.php\/wp-json\/wp\/v2\/pages"}],"about":[{"href":"https:\/\/site.educa.madrid.org\/cepa.cidcampeador.madrid\/index.php\/wp-json\/wp\/v2\/types\/page"}],"author":[{"embeddable":true,"href":"https:\/\/site.educa.madrid.org\/cepa.cidcampeador.madrid\/index.php\/wp-json\/wp\/v2\/users\/3"}],"replies":[{"embeddable":true,"href":"https:\/\/site.educa.madrid.org\/cepa.cidcampeador.madrid\/index.php\/wp-json\/wp\/v2\/comments?post=182"}],"version-history":[{"count":50,"href":"https:\/\/site.educa.madrid.org\/cepa.cidcampeador.madrid\/index.php\/wp-json\/wp\/v2\/pages\/182\/revisions"}],"predecessor-version":[{"id":8638,"href":"https:\/\/site.educa.madrid.org\/cepa.cidcampeador.madrid\/index.php\/wp-json\/wp\/v2\/pages\/182\/revisions\/8638"}],"wp:attachment":[{"href":"https:\/\/site.educa.madrid.org\/cepa.cidcampeador.madrid\/index.php\/wp-json\/wp\/v2\/media?parent=182"}],"wp:term":[{"taxonomy":"folder","embeddable":true,"href":"https:\/\/site.educa.madrid.org\/cepa.cidcampeador.madrid\/index.php\/wp-json\/wp\/v2\/folder?post=182"}],"curies":[{"name":"wp","href":"https:\/\/api.w.org\/{rel}","templated":true}]}}