{"id":1842,"date":"2020-07-29T06:47:42","date_gmt":"2020-07-29T06:47:42","guid":{"rendered":"https:\/\/site.educa.madrid.org\/cepa.cidcampeador.madrid\/?page_id=1842"},"modified":"2026-03-15T00:54:24","modified_gmt":"2026-03-14T23:54:24","slug":"normativa-educacion-de-adultos","status":"publish","type":"page","link":"https:\/\/site.educa.madrid.org\/cepa.cidcampeador.madrid\/index.php\/normativa-educacion-de-adultos\/","title":{"rendered":"Normativa Educaci\u00f3n de Adultos"},"content":{"rendered":"\n<p>Aqu\u00ed se puede consultar la <a href=\"https:\/\/www.comunidad.madrid\/servicios\/educacion\/regulacion-educacion-personas-adultas\" target=\"_blank\" rel=\"noreferrer noopener\"><strong>normativa actualizada<\/strong><\/a> de &nbsp;<strong><a href=\"https:\/\/www.comunidad.madrid\/servicios\/educacion\/educacion-personas-adultas\" target=\"_blank\" rel=\"noreferrer noopener\">Educaci\u00f3n de Personas Adultas<\/a><\/strong> en la Comunidad de Madrid.<\/p>\n\n\n<div class=\"wp-block-image\">\n<figure class=\"aligncenter size-full\"><a href=\"https:\/\/www.comunidad.madrid\/servicios\/educacion\/regulacion-educacion-personas-adultas\"><img loading=\"lazy\" decoding=\"async\" width=\"255\" height=\"415\" src=\"https:\/\/site.educa.madrid.org\/cepa.cidcampeador.madrid\/\/wp-content\/uploads\/cepa.cidcampeador.madrid\/2025\/05\/image-7.png\" alt=\"\" class=\"wp-image-7542\" srcset=\"https:\/\/site.educa.madrid.org\/cepa.cidcampeador.madrid\/\/wp-content\/uploads\/cepa.cidcampeador.madrid\/2025\/05\/image-7.png 255w, https:\/\/site.educa.madrid.org\/cepa.cidcampeador.madrid\/\/wp-content\/uploads\/cepa.cidcampeador.madrid\/2025\/05\/image-7-184x300.png 184w\" sizes=\"auto, (max-width: 255px) 100vw, 255px\" \/><\/a><figcaption class=\"wp-element-caption\"><a href=\"https:\/\/site.educa.madrid.org\/cepa.cidcampeador.madrid\/index.php\/normativa-educacion-de-adultos\/\" target=\"_blank\" rel=\"noreferrer noopener\">Normativa Educaci\u00f3n personas adultas<\/a><\/figcaption><\/figure>\n<\/div>\n\n\n<h2 class=\"wp-block-heading\"><strong>Instrucciones curso 2025-2026<\/strong><\/h2>\n\n\n\n<ul class=\"wp-block-list\">\n<li><a href=\"https:\/\/site.educa.madrid.org\/cepa.cidcampeador.madrid\/\/wp-content\/uploads\/cepa.cidcampeador.madrid\/2025\/07\/2025_07_04_Resolucion-instrucciones-comienzo-curso-25-26.pdf\" target=\"_blank\" rel=\"noreferrer noopener\">25-26_Instrucciones Viceconsejer\u00edas<\/a><\/li>\n\n\n\n<li><a href=\"https:\/\/site.educa.madrid.org\/cepa.cidcampeador.madrid\/\/wp-content\/uploads\/cepa.cidcampeador.madrid\/2025\/07\/2025_07_16_INSTRUCCIONES-ADULTOS-2025_26-VFinal-completa__53226606.pdf\" target=\"_blank\" rel=\"noreferrer noopener\">25-26_Instrucciones CEPA<\/a><\/li>\n\n\n\n<li><a href=\"https:\/\/site.educa.madrid.org\/cepa.cidcampeador.madrid\/\/wp-content\/uploads\/cepa.cidcampeador.madrid\/2025\/07\/2025_07_16_Instrucciones-FPB-CEPA-admision-2025-2026-VFinal__53226728.pdf\" target=\"_blank\" rel=\"noreferrer noopener\">25-26_Instrucciones Admisi\u00f3n FPB en CEPAS<\/a><\/li>\n<\/ul>\n\n\n\n<h2 class=\"wp-block-heading\"><strong>Normativa Educaci\u00f3n Secundaria para Adultos<\/strong><\/h2>\n\n\n\n<ul class=\"wp-block-list\">\n<li><a href=\"https:\/\/site.educa.madrid.org\/cepa.cidcampeador.madrid\/\/wp-content\/uploads\/cepa.cidcampeador.madrid\/2025\/05\/Envio-2024-09-08-Orden-4049-ESO-per.-adultas-firm.pdf\" target=\"_blank\" rel=\"noreferrer noopener\">Orden 4049\/2024 ESO personas adultas<\/a> (septiembre 2025)<\/li>\n\n\n\n<li><a href=\"https:\/\/site.educa.madrid.org\/cepa.cidcampeador.madrid\/\/wp-content\/uploads\/cepa.cidcampeador.madrid\/2025\/05\/Instruccionesdocs.evaluacionESOparapersonasadultas.pdf\" target=\"_blank\" rel=\"noreferrer noopener\">Instrucciones Evaluaci\u00f3n ESO personas adultas<\/a> (noviembre 2024)<\/li>\n\n\n\n<li><a href=\"https:\/\/site.educa.madrid.org\/cepa.cidcampeador.madrid\/wp-content\/uploads\/cepa.cidcampeador.madrid\/2024\/09\/Decreto-65-2022_ordenacion-y-el-curriculo-ESO-en-CAM.pdf\" target=\"_blank\" rel=\"noreferrer noopener\">BOCM_2022_Decreto 65\/2022 y  Decreto 59\/2024_ESO en CAM<\/a><\/li>\n\n\n\n<li><a href=\"https:\/\/www.boe.es\/buscar\/pdf\/2022\/BOE-A-2022-4975-consolidado.pdf\" target=\"_blank\" rel=\"noreferrer noopener\">BOE_2022_RD 217\/2022_ordenaci\u00f3n y ense\u00f1anzas m\u00ednimas ESO<\/a><\/li>\n\n\n\n<li><a href=\"https:\/\/site.educa.madrid.org\/cepa.cidcampeador.madrid\/\/wp-content\/uploads\/cepa.cidcampeador.madrid\/2020\/07\/ROC_SEC_26_01_1996_RD-83-1996_consolidado.pdf\" target=\"_blank\" rel=\"noreferrer noopener\">ROC Secundaria_RD 83-1996_consolidado<\/a><\/li>\n<\/ul>\n\n\n\n<h2 class=\"wp-block-heading\"><strong>Normativa Ense\u00f1anzas Iniciales<\/strong><\/h2>\n\n\n\n<ul class=\"wp-block-list\">\n<li><a href=\"https:\/\/site.educa.madrid.org\/cepa.cidcampeador.madrid\/\/wp-content\/uploads\/cepa.cidcampeador.madrid\/2020\/07\/Orden-2010-3219_Iniciales-Adultos_y-MODIFICACI%C3%93N-orden-1670-2009-EVALUACI%C3%93N-SECUNDARIA.pdf\" target=\"_blank\" rel=\"noreferrer noopener\">Orden 2010-3219_Iniciales Adultos<\/a><\/li>\n\n\n\n<li><a href=\"https:\/\/site.educa.madrid.org\/cepa.cidcampeador.madrid\/\/wp-content\/uploads\/cepa.cidcampeador.madrid\/2020\/07\/Orden-2010-3219_Iniciales-AdultosCorreccErrores.pdf\" target=\"_blank\" rel=\"noreferrer noopener\">Orden 2010-3219_Iniciales Adultos (correcci\u00f3n errores)<\/a><\/li>\n<\/ul>\n\n\n\n<h2 class=\"wp-block-heading\"><strong>Normativa CFGB<\/strong><\/h2>\n\n\n\n<ul class=\"wp-block-list\">\n<li><a href=\"https:\/\/site.educa.madrid.org\/cepa.cidcampeador.madrid\/\/wp-content\/uploads\/cepa.cidcampeador.madrid\/2026\/02\/resolucion_intrucciones_complementar_fp_dgesfpre_2025-2026.pdf\" target=\"_blank\" rel=\"noreferrer noopener\">Instrucciones complementarias sobre la ordenaci\u00f3n y la organizaci\u00f3n de los grados D y E de FP 2025-2026<\/a><\/li>\n\n\n\n<li><a href=\"https:\/\/site.educa.madrid.org\/cepa.cidcampeador.madrid\/\/wp-content\/uploads\/cepa.cidcampeador.madrid\/2025\/07\/2025_06_17_RESOLUCION-INSTUCCIONES-FP-25_26.pdf\" target=\"_blank\" rel=\"noreferrer noopener\">Instrucciones sobre la ordenaci\u00f3n y la organizaci\u00f3n de los grados D y E de FP 2025-2026<\/a><\/li>\n\n\n\n<li><a href=\"https:\/\/site.educa.madrid.org\/cepa.cidcampeador.madrid\/\/wp-content\/uploads\/cepa.cidcampeador.madrid\/2026\/03\/2024_11_18_Instrucciones-Sesion-Evaluacion-Acceso-FFE-1.pdf\" target=\"_blank\" rel=\"noreferrer noopener\">Instrucciones sobre la Sesi\u00f3n de Evaluaci\u00f3n para el acceso a la FFE 2024-2025.<\/a><\/li>\n\n\n\n<li><a href=\"https:\/\/site.educa.madrid.org\/cepa.cidcampeador.madrid\/\/wp-content\/uploads\/cepa.cidcampeador.madrid\/2026\/03\/2024_06-_-_RESOLUCION-DGESFPRE-INSTRUCCIONES-FP-24_25-1.pdf\" target=\"_blank\" rel=\"noreferrer noopener\">Instrucciones sobre la ordenaci\u00f3n y la organizaci\u00f3n de los grados D y E de FP 2024-2025.<\/a><\/li>\n\n\n\n<li><a href=\"https:\/\/site.educa.madrid.org\/cepa.cidcampeador.madrid\/\/wp-content\/uploads\/cepa.cidcampeador.madrid\/2025\/11\/BOCM_2025_Decreto-27-2025_Ordenacion-FP-en-CAM.pdf\" target=\"_blank\" rel=\"noreferrer noopener\">BOCM_2025_Decreto 27\/2025_Ordenaci\u00f3n FP en CAM<\/a><\/li>\n\n\n\n<li><a href=\"https:\/\/site.educa.madrid.org\/cepa.cidcampeador.madrid\/wp-content\/uploads\/cepa.cidcampeador.madrid\/2025\/04\/BOCM_2025_Decreto-9-2025_25-Titulos-FPGB.pdf\" target=\"_blank\" rel=\"noreferrer noopener\">BOCM_2025_Decreto 9\/2025_25 T\u00edtulos FP Grado B\u00e1sico en CAM<\/a><\/li>\n\n\n\n<li><a href=\"https:\/\/site.educa.madrid.org\/cepa.cidcampeador.madrid\/\/wp-content\/uploads\/cepa.cidcampeador.madrid\/2026\/03\/2024_12_10_Resolucion_ffe-convenios.-acuerdos-y-documentacion.pdf\" target=\"_blank\" rel=\"noreferrer noopener\">Resoluci\u00f3n FFE (convenios. acuerdos y documentaci\u00f3n)<\/a><\/li>\n\n\n\n<li><a href=\"https:\/\/site.educa.madrid.org\/cepa.cidcampeador.madrid\/\/wp-content\/uploads\/cepa.cidcampeador.madrid\/2026\/03\/2024_12_06sc_Resolucion_instrucciones_evaluacion_prl_ANEXOS-ACCESO-FFE.pdf\" target=\"_blank\" rel=\"noreferrer noopener\">Instrucciones Evaluaci\u00f3n PRL y Anexos Acceso FFE<\/a><\/li>\n\n\n\n<li><a href=\"https:\/\/www.boe.es\/boe\/dias\/2024\/05\/28\/pdfs\/BOE-A-2024-10683.pdf\" target=\"_blank\" rel=\"noreferrer noopener\">BOE_2024_RD 498\/2024_modifica t\u00edtulos FP Grado B\u00e1sico y ense\u00f1anzas m\u00ednimas<\/a><\/li>\n\n\n\n<li><a href=\"https:\/\/www.boe.es\/buscar\/pdf\/2023\/BOE-A-2023-16889-consolidado.pdf\" target=\"_blank\" rel=\"noreferrer noopener\">BOE_2023_RD 659\/2023_consolidado_ordenaci\u00f3n FP<\/a><\/li>\n\n\n\n<li><a href=\"https:\/\/site.educa.madrid.org\/cepa.cidcampeador.madrid\/\/wp-content\/uploads\/cepa.cidcampeador.madrid\/2025\/10\/Orden-3413-2022_modifica-la-Orden-893-2022.pdf\" target=\"_blank\" rel=\"noreferrer noopener\">BOCM_2022_Orden 3413\/2022 (modifica a 893\/2022)_FP en CAM<\/a><\/li>\n\n\n\n<li><a href=\"https:\/\/site.educa.madrid.org\/cepa.cidcampeador.madrid\/wp-content\/uploads\/cepa.cidcampeador.madrid\/2024\/11\/Orden-893-2022_Normativa-FP.pdf\" target=\"_blank\" rel=\"noreferrer noopener\">BOCM_2022_Orden 893\/2022 (modificada por 3413\/2022)_FP en CAM<\/a><\/li>\n\n\n\n<li><a href=\"https:\/\/site.educa.madrid.org\/cepa.cidcampeador.madrid\/wp-content\/uploads\/cepa.cidcampeador.madrid\/2024\/09\/Decreto-65-2022_ordenacion-y-el-curriculo-ESO-en-CAM.pdf\" target=\"_blank\" rel=\"noreferrer noopener\">BOCM_2022_Decreto 65\/2022 y  Decreto 59\/2024_ESO en la CAM<\/a><\/li>\n\n\n\n<li><a href=\"https:\/\/www.boe.es\/buscar\/pdf\/2022\/BOE-A-2022-4975-consolidado.pdf\" target=\"_blank\" rel=\"noreferrer noopener\">BOE_2022_RD 217\/2022_ordenaci\u00f3n y ense\u00f1anzas m\u00ednimas ESO<\/a><\/li>\n\n\n\n<li><a href=\"https:\/\/www.comunidad.madrid\/transparencia\/sites\/default\/files\/regulation\/documents\/1._decreto_modif_30-2017.pdf\" target=\"_blank\" rel=\"noreferrer noopener\">BOCM_2017_Decreto 30_FPB_Panader\u00eda y Pasteler\u00eda en CAM<\/a><\/li>\n\n\n\n<li><a href=\"https:\/\/www.boe.es\/buscar\/pdf\/2015\/BOE-A-2015-9462-consolidado.pdf\" target=\"_blank\" rel=\"noreferrer noopener\">BOE_2015_RD 774\/2015_6 T\u00edtulos FPB (Panader\u00eda y Pasteler\u00eda)<\/a><\/li>\n\n\n\n<li><a href=\"https:\/\/www.boe.es\/buscar\/pdf\/2022\/BOE-A-2022-4975-consolidado.pdf\" target=\"_blank\" rel=\"noreferrer noopener\">BOE_2022_RD 217\/2022_ordenaci\u00f3n y ense\u00f1anzas m\u00ednimas ESO<\/a><\/li>\n\n\n\n<li><a href=\"https:\/\/site.educa.madrid.org\/cepa.cidcampeador.madrid\/\/wp-content\/uploads\/cepa.cidcampeador.madrid\/2020\/07\/BOCM_2014_09_15_Decreto-107_FPB_correcci%C3%B3n-de-errores_c%C3%B3digo-3036.pdf\" target=\"_blank\" rel=\"noreferrer noopener\">BOCM_2014_Decreto 107_FPB_correcci\u00f3n c\u00f3digo 3036<\/a><\/li>\n\n\n\n<li><a href=\"https:\/\/site.educa.madrid.org\/cepa.cidcampeador.madrid\/\/wp-content\/uploads\/cepa.cidcampeador.madrid\/2020\/07\/BOCM_2014_09_15_Decreto-107_FPB_de-la-1-a-18-y-de-40-a-45.pdf\" target=\"_blank\" rel=\"noreferrer noopener\">BOCM_2014_Decreto 107_FPB_de la 1 a 18 y de 40 a 45<\/a><\/li>\n\n\n\n<li><a href=\"https:\/\/site.educa.madrid.org\/cepa.cidcampeador.madrid\/\/wp-content\/uploads\/cepa.cidcampeador.madrid\/2020\/07\/BOE_2014_02_28_RD-127_14-T%C3%ADtulos-FPB.pdf\" target=\"_blank\" rel=\"noreferrer noopener\">BOE_2014_RD 127_14 T\u00edtulos FPB (Cocina y Restauraci\u00f3n)<\/a><\/li>\n<\/ul>\n\n\n\n<p>Esta es la oferta de <strong><a href=\"https:\/\/www.comunidad.madrid\/servicios\/educacion\/estudiar-fp-ciclos-formativos-grado-basico\">Ciclos Formativos de Grado B\u00e1sico<\/a><\/strong> en la Comunidad de Madrid.<\/p>\n\n\n\n<p>En los CEPA se pueden cursar los siguientes <a href=\"https:\/\/www.comunidad.madrid\/servicios\/educacion\/oferta-formativa-educacion-personas-adultas-cepa\" target=\"_blank\" rel=\"noreferrer noopener\">Ciclos Formativos de Grado B\u00e1sico para personas adultas<\/a> (mayores de 17 a\u00f1os sin estudios secundarios completos en Espa\u00f1a):<\/p>\n\n\n<div class=\"wp-block-image\">\n<figure class=\"aligncenter size-full is-resized\"><img loading=\"lazy\" decoding=\"async\" width=\"483\" height=\"766\" src=\"https:\/\/site.educa.madrid.org\/cepa.cidcampeador.madrid\/\/wp-content\/uploads\/cepa.cidcampeador.madrid\/2025\/11\/CFGB-en-CEPA.png\" alt=\"\" class=\"wp-image-8096\" style=\"width:424px;height:auto\" srcset=\"https:\/\/site.educa.madrid.org\/cepa.cidcampeador.madrid\/\/wp-content\/uploads\/cepa.cidcampeador.madrid\/2025\/11\/CFGB-en-CEPA.png 483w, https:\/\/site.educa.madrid.org\/cepa.cidcampeador.madrid\/\/wp-content\/uploads\/cepa.cidcampeador.madrid\/2025\/11\/CFGB-en-CEPA-189x300.png 189w\" sizes=\"auto, (max-width: 483px) 100vw, 483px\" \/><\/figure>\n<\/div>\n\n\n<figure class=\"wp-block-image size-large\"><a href=\"https:\/\/www.comunidad.madrid\/servicios\/educacion\/educacion-personas-adultas\"><img loading=\"lazy\" decoding=\"async\" width=\"1024\" height=\"219\" src=\"https:\/\/site.educa.madrid.org\/cepa.cidcampeador.madrid\/\/wp-content\/uploads\/cepa.cidcampeador.madrid\/2024\/12\/image-1-1024x219.png\" alt=\"\" class=\"wp-image-6783\" srcset=\"https:\/\/site.educa.madrid.org\/cepa.cidcampeador.madrid\/\/wp-content\/uploads\/cepa.cidcampeador.madrid\/2024\/12\/image-1-1024x219.png 1024w, https:\/\/site.educa.madrid.org\/cepa.cidcampeador.madrid\/\/wp-content\/uploads\/cepa.cidcampeador.madrid\/2024\/12\/image-1-300x64.png 300w, https:\/\/site.educa.madrid.org\/cepa.cidcampeador.madrid\/\/wp-content\/uploads\/cepa.cidcampeador.madrid\/2024\/12\/image-1-768x164.png 768w, https:\/\/site.educa.madrid.org\/cepa.cidcampeador.madrid\/\/wp-content\/uploads\/cepa.cidcampeador.madrid\/2024\/12\/image-1-1536x328.png 1536w, https:\/\/site.educa.madrid.org\/cepa.cidcampeador.madrid\/\/wp-content\/uploads\/cepa.cidcampeador.madrid\/2024\/12\/image-1.png 1852w\" sizes=\"auto, (max-width: 767px) 89vw, (max-width: 1000px) 54vw, (max-width: 1071px) 543px, 580px\" \/><\/a><figcaption class=\"wp-element-caption\">Aqu\u00ed se puede consultar m\u00e1s informaci\u00f3n sobre la <strong><a href=\"https:\/\/www.comunidad.madrid\/servicios\/educacion\/educacion-personas-adultas\">Educaci\u00f3n de Personas Adultas <\/a><\/strong>en la Comunidad de Madrid.<\/figcaption><\/figure>\n","protected":false},"excerpt":{"rendered":"<p>Aqu\u00ed se puede consultar la normativa actualizada de &nbsp;Educaci\u00f3n de Personas Adultas en la Comunidad de Madrid. Instrucciones curso 2025-2026 Normativa Educaci\u00f3n Secundaria para Adultos Normativa Ense\u00f1anzas Iniciales Normativa CFGB Esta es la oferta de Ciclos Formativos de Grado B\u00e1sico en la Comunidad de Madrid. En los CEPA se pueden cursar los siguientes Ciclos Formativos &hellip; <\/p>\n<p class=\"link-more\"><a href=\"https:\/\/site.educa.madrid.org\/cepa.cidcampeador.madrid\/index.php\/normativa-educacion-de-adultos\/\" class=\"more-link\">Continuar leyendo<span class=\"screen-reader-text\"> \u00abNormativa Educaci\u00f3n de Adultos\u00bb<\/span><\/a><\/p>\n","protected":false},"author":3,"featured_media":0,"parent":0,"menu_order":0,"comment_status":"closed","ping_status":"closed","template":"","meta":{"footnotes":""},"folder":[],"class_list":["post-1842","page","type-page","status-publish","hentry"],"rttpg_featured_image_url":null,"rttpg_author":{"display_name":"cepa.cidcampeador.madrid","author_link":"https:\/\/site.educa.madrid.org\/cepa.cidcampeador.madrid\/index.php\/author\/cuenta_cepa-cidcampeador-madrid\/"},"rttpg_comment":0,"rttpg_category":false,"rttpg_excerpt":"Aqu\u00ed se puede consultar la normativa actualizada de &nbsp;Educaci\u00f3n de Personas Adultas en la Comunidad de Madrid. Instrucciones curso 2025-2026 Normativa Educaci\u00f3n Secundaria para Adultos Normativa Ense\u00f1anzas Iniciales Normativa CFGB Esta es la oferta de Ciclos Formativos de Grado B\u00e1sico en la Comunidad de Madrid. En los CEPA se pueden cursar los siguientes Ciclos Formativos&hellip;","post_mailing_queue_ids":[],"_links":{"self":[{"href":"https:\/\/site.educa.madrid.org\/cepa.cidcampeador.madrid\/index.php\/wp-json\/wp\/v2\/pages\/1842","targetHints":{"allow":["GET"]}}],"collection":[{"href":"https:\/\/site.educa.madrid.org\/cepa.cidcampeador.madrid\/index.php\/wp-json\/wp\/v2\/pages"}],"about":[{"href":"https:\/\/site.educa.madrid.org\/cepa.cidcampeador.madrid\/index.php\/wp-json\/wp\/v2\/types\/page"}],"author":[{"embeddable":true,"href":"https:\/\/site.educa.madrid.org\/cepa.cidcampeador.madrid\/index.php\/wp-json\/wp\/v2\/users\/3"}],"replies":[{"embeddable":true,"href":"https:\/\/site.educa.madrid.org\/cepa.cidcampeador.madrid\/index.php\/wp-json\/wp\/v2\/comments?post=1842"}],"version-history":[{"count":44,"href":"https:\/\/site.educa.madrid.org\/cepa.cidcampeador.madrid\/index.php\/wp-json\/wp\/v2\/pages\/1842\/revisions"}],"predecessor-version":[{"id":8564,"href":"https:\/\/site.educa.madrid.org\/cepa.cidcampeador.madrid\/index.php\/wp-json\/wp\/v2\/pages\/1842\/revisions\/8564"}],"wp:attachment":[{"href":"https:\/\/site.educa.madrid.org\/cepa.cidcampeador.madrid\/index.php\/wp-json\/wp\/v2\/media?parent=1842"}],"wp:term":[{"taxonomy":"folder","embeddable":true,"href":"https:\/\/site.educa.madrid.org\/cepa.cidcampeador.madrid\/index.php\/wp-json\/wp\/v2\/folder?post=1842"}],"curies":[{"name":"wp","href":"https:\/\/api.w.org\/{rel}","templated":true}]}}