{"id":2336,"date":"2021-02-03T19:30:51","date_gmt":"2021-02-03T19:30:51","guid":{"rendered":"https:\/\/site.educa.madrid.org\/cepa.cidcampeador.madrid\/?page_id=2336"},"modified":"2021-02-03T19:53:45","modified_gmt":"2021-02-03T19:53:45","slug":"xv-edicion-del-certamen-literario-intercepa-de-la-comunidad-de-madrid","status":"publish","type":"page","link":"https:\/\/site.educa.madrid.org\/cepa.cidcampeador.madrid\/index.php\/xv-edicion-del-certamen-literario-intercepa-de-la-comunidad-de-madrid\/","title":{"rendered":"XV edici\u00f3n del Certamen Literario InterCEPA de la Comunidad de Madrid"},"content":{"rendered":"\n<p><strong><u>Objetivos<\/u><\/strong><\/p>\n\n\n\n<ul class=\"wp-block-list\"><li>Animar a la escritura y a la lectura como mecanismos para expresar nuestros sentimientos e inquietudes, para conocer y conocernos, etc.<\/li><li>Establecer mecanismos de vertebraci\u00f3n entre los centros de educaci\u00f3n de personas adultas, de modo que la poblaci\u00f3n, en general, y nuestro alumnado, en particular, conozcan el servicio que estos centros desempe\u00f1an en la Comunidad y en el Estado, y pueda entenderse el CEPA como parte de un amplio colectivo.<\/li><li>Establecer mecanismos de colaboraci\u00f3n entre los centros.<\/li><li>Implicar a distintas instituciones en la tarea formativa de los CEPA.<\/li><li>Mostrar p\u00fablicamente la tarea que hacen los CEPA y, con ello, colaborar en la difusi\u00f3n de la existencia de esta oferta entre la poblaci\u00f3n.<\/li><\/ul>\n\n\n\n<p><strong><u>Bases<\/u><\/strong><\/p>\n\n\n\n<ul class=\"wp-block-list\"><li>Modalidad: <strong>Narrativa<\/strong><\/li><li>Lema: (El lema es un motivo de inspiraci\u00f3n. En ning\u00fan caso podr\u00e1 utilizarse como t\u00edtulo).\u00a0 Para este a\u00f1o: <strong><u>Al otro lado<\/u><\/strong><\/li><li>Extensi\u00f3n: <strong>M\u00e1ximo dos p\u00e1ginas<\/strong> DIN A4, en tipo Arial, tama\u00f1o 12, con interlineado 1,5 y m\u00e1rgenes\u00a0 de 2,5 cm.<\/li><li>Plazo de presentaci\u00f3n: <strong>12 de marzo<\/strong><\/li><li>Forma de presentaci\u00f3n: Textos entregados a los profesores de cada CEPA en un sobre que contenga el texto con t\u00edtulo (siempre distinto del lema), firmado con pseud\u00f3nimo, y un sobre peque\u00f1o cerrado que en el exterior lleve escrito el pseud\u00f3nimo y en el interior el nombre y apellidos del autor.<\/li><li>Los textos premiados se publicar\u00e1n digitalmente.<\/li><li>Los participantes permiten la publicaci\u00f3n de los textos, as\u00ed como la de las fotograf\u00edas que se obtengan en el acto de entrega de premios.<\/li><\/ul>\n\n\n\n<p><strong><u>Premios<\/u><\/strong><\/p>\n\n\n\n<ul class=\"wp-block-list\"><li><strong>Primer premio<\/strong>, dotado con 240\u20ac y diploma.<\/li><li><strong>Segundo premio<\/strong>, dotado con 180\u20ac y diploma.<\/li><li><strong>Tercer premio<\/strong>, dotado con 120\u20ac y diploma.<\/li><li><strong>Cuartos premios<\/strong> (uno para cada CEPA), dotados con 60\u20ac cada uno.<\/li><\/ul>\n\n\n\n<p><strong><u>Jurados<\/u><\/strong><\/p>\n\n\n\n<p>Dos fases:<\/p>\n\n\n\n<p><strong><em>Primera fase. <\/em><\/strong>Se re\u00fane un jurado de cada CEPA y elige, de entre los textos presentados en su centro, dos&nbsp; finalistas, de los que remite uno a la Comisi\u00f3n de Organizaci\u00f3n -en adelante CO- tanto en PDF (con los datos: CEPA, autor, t\u00edtulo, curso \u2013esta versi\u00f3n ser\u00e1 archivada-)&nbsp; como en Word (sin ning\u00fan dato, solo el t\u00edtulo y el texto). Este texto competir\u00e1 en la segunda fase.<\/p>\n\n\n\n<p>La CO remite a todos y cada uno de los centros participantes los textos finalistas (uno por cada CEPA) para que concurran a la segunda fase de la selecci\u00f3n (sin otra identificaci\u00f3n que un n\u00famero).<\/p>\n\n\n\n<p><strong><em>Segunda fase.<\/em><\/strong> Se re\u00fanen nuevamente los jurados de cada centro, que elegir\u00e1n, de entre todos los finalistas, <strong>salvo el del propio centro<\/strong>, el mejor relato, seg\u00fan su criterio, e informar\u00e1n de ello a la CO mediante votaci\u00f3n.<\/p>\n\n\n\n<p>La CO har\u00e1 el recuento de los votos recibidos, dirimir\u00e1 empates, si los hubiere, y establecer\u00e1 el 1\u00ba, 2\u00ba y 3\u00ba premio, seg\u00fan el n\u00famero de votos obtenidos.<\/p>\n\n\n\n<p>Los centros que reciban uno de estos tres premios adjudicar\u00e1n a su segundo finalista el 4\u00ba (y lo remitir\u00e1n inmediatamente a la CO) y los que no hayan obtenido premio del certamen, adjudicar\u00e1n el 4\u00ba premio al que hab\u00eda concursado en la final.<\/p>\n\n\n\n<p>La CO guardar\u00e1 copia con todos los datos y levantar\u00e1 acta de cada fase del procedimiento.<\/p>\n\n\n\n<p><strong><u>Acto de entrega de premios<\/u><\/strong><\/p>\n\n\n\n<ul class=\"wp-block-list\"><li>El acto de entrega de premios tendr\u00e1 lugar, posiblemente, el 21 de mayo. M\u00e1s adelante, y en funci\u00f3n de las medidas de seguridad que est\u00e9n vigentes en dicha fecha, se decidir\u00e1 si se realiza un evento presencial o telem\u00e1tico.<\/li><\/ul>\n\n\n\n<p><strong><u>CALENDARIO PREVISTO<\/u><\/strong><\/p>\n\n\n\n<ul class=\"wp-block-list\"><li><strong>Viernes 12 de marzo<\/strong>: fecha l\u00edmite para que el alumnado entregue sus relatos en su CEPA.<\/li><\/ul>\n\n\n\n<ul class=\"wp-block-list\"><li><strong>Viernes 21 de mayo:<\/strong> ceremonia de entrega de premios.<\/li><\/ul>\n","protected":false},"excerpt":{"rendered":"<p>Objetivos Animar a la escritura y a la lectura como mecanismos para expresar nuestros sentimientos e inquietudes, para conocer y conocernos, etc. Establecer mecanismos de vertebraci\u00f3n entre los centros de educaci\u00f3n de personas adultas, de modo que la poblaci\u00f3n, en general, y nuestro alumnado, en particular, conozcan el servicio que estos centros desempe\u00f1an en la &hellip; <\/p>\n<p class=\"link-more\"><a href=\"https:\/\/site.educa.madrid.org\/cepa.cidcampeador.madrid\/index.php\/xv-edicion-del-certamen-literario-intercepa-de-la-comunidad-de-madrid\/\" class=\"more-link\">Continuar leyendo<span class=\"screen-reader-text\"> \u00abXV edici\u00f3n del Certamen Literario InterCEPA de la Comunidad de Madrid\u00bb<\/span><\/a><\/p>\n","protected":false},"author":3,"featured_media":0,"parent":0,"menu_order":0,"comment_status":"closed","ping_status":"closed","template":"","meta":{"footnotes":""},"folder":[],"class_list":["post-2336","page","type-page","status-publish","hentry"],"rttpg_featured_image_url":null,"rttpg_author":{"display_name":"cepa.cidcampeador.madrid","author_link":"https:\/\/site.educa.madrid.org\/cepa.cidcampeador.madrid\/index.php\/author\/cuenta_cepa-cidcampeador-madrid\/"},"rttpg_comment":0,"rttpg_category":false,"rttpg_excerpt":"Objetivos Animar a la escritura y a la lectura como mecanismos para expresar nuestros sentimientos e inquietudes, para conocer y conocernos, etc. Establecer mecanismos de vertebraci\u00f3n entre los centros de educaci\u00f3n de personas adultas, de modo que la poblaci\u00f3n, en general, y nuestro alumnado, en particular, conozcan el servicio que estos centros desempe\u00f1an en la&hellip;","post_mailing_queue_ids":[],"_links":{"self":[{"href":"https:\/\/site.educa.madrid.org\/cepa.cidcampeador.madrid\/index.php\/wp-json\/wp\/v2\/pages\/2336","targetHints":{"allow":["GET"]}}],"collection":[{"href":"https:\/\/site.educa.madrid.org\/cepa.cidcampeador.madrid\/index.php\/wp-json\/wp\/v2\/pages"}],"about":[{"href":"https:\/\/site.educa.madrid.org\/cepa.cidcampeador.madrid\/index.php\/wp-json\/wp\/v2\/types\/page"}],"author":[{"embeddable":true,"href":"https:\/\/site.educa.madrid.org\/cepa.cidcampeador.madrid\/index.php\/wp-json\/wp\/v2\/users\/3"}],"replies":[{"embeddable":true,"href":"https:\/\/site.educa.madrid.org\/cepa.cidcampeador.madrid\/index.php\/wp-json\/wp\/v2\/comments?post=2336"}],"version-history":[{"count":5,"href":"https:\/\/site.educa.madrid.org\/cepa.cidcampeador.madrid\/index.php\/wp-json\/wp\/v2\/pages\/2336\/revisions"}],"predecessor-version":[{"id":3137,"href":"https:\/\/site.educa.madrid.org\/cepa.cidcampeador.madrid\/index.php\/wp-json\/wp\/v2\/pages\/2336\/revisions\/3137"}],"wp:attachment":[{"href":"https:\/\/site.educa.madrid.org\/cepa.cidcampeador.madrid\/index.php\/wp-json\/wp\/v2\/media?parent=2336"}],"wp:term":[{"taxonomy":"folder","embeddable":true,"href":"https:\/\/site.educa.madrid.org\/cepa.cidcampeador.madrid\/index.php\/wp-json\/wp\/v2\/folder?post=2336"}],"curies":[{"name":"wp","href":"https:\/\/api.w.org\/{rel}","templated":true}]}}