{"id":2665,"date":"2021-05-27T12:05:15","date_gmt":"2021-05-27T12:05:15","guid":{"rendered":"https:\/\/site.educa.madrid.org\/cepa.cidcampeador.madrid\/?page_id=2665"},"modified":"2025-07-07T23:38:09","modified_gmt":"2025-07-07T21:38:09","slug":"orientacion-academica-y-profesional","status":"publish","type":"page","link":"https:\/\/site.educa.madrid.org\/cepa.cidcampeador.madrid\/index.php\/orientacion-academica-y-profesional\/","title":{"rendered":"Orientaci\u00f3n Acad\u00e9mica y Profesional"},"content":{"rendered":"\n<h2 class=\"wp-block-heading\"><strong><span class=\"has-inline-color has-vivid-purple-color\">INFOGRAF\u00cdA muy completa Orientaci\u00f3n Acad\u00e9mica y Profesional<\/span><\/strong><\/h2>\n\n\n\n<figure class=\"wp-block-image size-full\"><a href=\"https:\/\/site.educa.madrid.org\/cepa.cidcampeador.madrid\/\/wp-content\/uploads\/cepa.cidcampeador.madrid\/2025\/07\/OAP-JULIO-25.pdf\"><img loading=\"lazy\" decoding=\"async\" width=\"1500\" height=\"1125\" src=\"https:\/\/site.educa.madrid.org\/cepa.cidcampeador.madrid\/\/wp-content\/uploads\/cepa.cidcampeador.madrid\/2025\/07\/OAP-para-web.jpg\" alt=\"\" class=\"wp-image-7746\" srcset=\"https:\/\/site.educa.madrid.org\/cepa.cidcampeador.madrid\/\/wp-content\/uploads\/cepa.cidcampeador.madrid\/2025\/07\/OAP-para-web.jpg 1500w, https:\/\/site.educa.madrid.org\/cepa.cidcampeador.madrid\/\/wp-content\/uploads\/cepa.cidcampeador.madrid\/2025\/07\/OAP-para-web-300x225.jpg 300w, https:\/\/site.educa.madrid.org\/cepa.cidcampeador.madrid\/\/wp-content\/uploads\/cepa.cidcampeador.madrid\/2025\/07\/OAP-para-web-1024x768.jpg 1024w, https:\/\/site.educa.madrid.org\/cepa.cidcampeador.madrid\/\/wp-content\/uploads\/cepa.cidcampeador.madrid\/2025\/07\/OAP-para-web-768x576.jpg 768w\" sizes=\"auto, (max-width: 767px) 89vw, (max-width: 1000px) 54vw, (max-width: 1071px) 543px, 580px\" \/><\/a><figcaption class=\"wp-element-caption\"><a href=\"https:\/\/site.educa.madrid.org\/cepa.cidcampeador.madrid\/\/wp-content\/uploads\/cepa.cidcampeador.madrid\/2025\/07\/OAP-JULIO-25.pdf\"><strong>Orientaci\u00f3n Acad\u00e9mica y Profesional (julio 2025)<\/strong><\/a><\/figcaption><\/figure>\n\n\n\n<p>Recorre la infograf\u00eda descubriendo todos los enlaces a distintas informaciones de inter\u00e9s.<\/p>\n\n\n\n<h2 class=\"wp-block-heading\"><strong><mark style=\"background-color:rgba(0, 0, 0, 0)\" class=\"has-inline-color has-vivid-purple-color\">AVISOS<\/mark><\/strong><\/h2>\n\n\n\n<p><strong><a href=\"https:\/\/site.educa.madrid.org\/cepa.cidcampeador.madrid\/\/wp-content\/uploads\/cepa.cidcampeador.madrid\/2025\/06\/2025_05_26_Instrucciones_Admision_CFGM_25_26_VF__firmada.pdf\">Instrucciones de admisi\u00f3n en Ciclos Formativos de GRADO MEDIO<\/a><\/strong> JUNIO 2025<\/p>\n\n\n\n<p><a href=\"https:\/\/site.educa.madrid.org\/cepa.cidcampeador.madrid\/\/wp-content\/uploads\/cepa.cidcampeador.madrid\/2025\/06\/Tutorial-solicitud-de-plaza-Grado-Medio-con-Secretaria-Virtual.mp4\">Tutorial explicando c\u00f3mo hacer la solicitud a Ciclos Formativos de Grado Medio<\/a>.<\/p>\n\n\n\n<p>.<\/p>\n\n\n\n<p><strong><mark style=\"background-color:rgba(0, 0, 0, 0)\" class=\"has-inline-color has-vivid-purple-color\">M\u00e1s informaci\u00f3n de Orientaci\u00f3n Acad\u00e9mica y Profesional: <\/mark><mark style=\"background-color:#7bdcb5\" class=\"has-inline-color has-vivid-purple-color\"><a href=\"https:\/\/aulavirtual33.educa.madrid.org\/cepa.cidcampeador.madrid\/course\/view.php?id=394\">en el aula virtual del Cid<\/a><\/mark><\/strong><\/p>\n\n\n\n<figure class=\"wp-block-image size-full is-resized\"><a href=\"https:\/\/aulavirtual33.educa.madrid.org\/cepa.cidcampeador.madrid\/course\/view.php?id=394\"><img loading=\"lazy\" decoding=\"async\" width=\"1688\" height=\"399\" src=\"https:\/\/site.educa.madrid.org\/cepa.cidcampeador.madrid\/\/wp-content\/uploads\/cepa.cidcampeador.madrid\/2025\/01\/OAP-AV-enero-2025.png\" alt=\"\" class=\"wp-image-6909\" style=\"width:677px;height:auto\" srcset=\"https:\/\/site.educa.madrid.org\/cepa.cidcampeador.madrid\/\/wp-content\/uploads\/cepa.cidcampeador.madrid\/2025\/01\/OAP-AV-enero-2025.png 1688w, https:\/\/site.educa.madrid.org\/cepa.cidcampeador.madrid\/\/wp-content\/uploads\/cepa.cidcampeador.madrid\/2025\/01\/OAP-AV-enero-2025-300x71.png 300w, https:\/\/site.educa.madrid.org\/cepa.cidcampeador.madrid\/\/wp-content\/uploads\/cepa.cidcampeador.madrid\/2025\/01\/OAP-AV-enero-2025-1024x242.png 1024w, https:\/\/site.educa.madrid.org\/cepa.cidcampeador.madrid\/\/wp-content\/uploads\/cepa.cidcampeador.madrid\/2025\/01\/OAP-AV-enero-2025-768x182.png 768w, https:\/\/site.educa.madrid.org\/cepa.cidcampeador.madrid\/\/wp-content\/uploads\/cepa.cidcampeador.madrid\/2025\/01\/OAP-AV-enero-2025-1536x363.png 1536w\" sizes=\"auto, (max-width: 767px) 89vw, (max-width: 1000px) 54vw, (max-width: 1071px) 543px, 580px\" \/><\/a><\/figure>\n\n\n\n<p>.<\/p>\n\n\n\n<p><strong><span class=\"has-inline-color has-vivid-purple-color\">Formaci\u00f3n Profesional Comunidad de Madrid (junio 2019)<\/span><\/strong> (algunas cosas est\u00e1n desactualizadas)<\/p>\n\n\n<div class=\"wp-block-image\">\n<figure class=\"aligncenter size-large is-resized\"><a href=\"https:\/\/site.educa.madrid.org\/cepa.cidcampeador.madrid\/\/wp-content\/uploads\/cepa.cidcampeador.madrid\/2021\/05\/triptico_fp_preguntas_frecuentes_v1_1.pdf\" target=\"_blank\" rel=\"noopener noreferrer\"><img loading=\"lazy\" decoding=\"async\" width=\"1024\" height=\"725\" src=\"https:\/\/site.educa.madrid.org\/cepa.cidcampeador.madrid\/\/wp-content\/uploads\/cepa.cidcampeador.madrid\/2021\/05\/triptico_fp_preguntas_frecuentes_v1_1_page-0001-1024x725.jpg\" alt=\"\" class=\"wp-image-2577\" style=\"aspect-ratio:1.4133064516129032;width:297px;height:auto\" srcset=\"https:\/\/site.educa.madrid.org\/cepa.cidcampeador.madrid\/\/wp-content\/uploads\/cepa.cidcampeador.madrid\/2021\/05\/triptico_fp_preguntas_frecuentes_v1_1_page-0001-1024x725.jpg 1024w, https:\/\/site.educa.madrid.org\/cepa.cidcampeador.madrid\/\/wp-content\/uploads\/cepa.cidcampeador.madrid\/2021\/05\/triptico_fp_preguntas_frecuentes_v1_1_page-0001-300x212.jpg 300w, https:\/\/site.educa.madrid.org\/cepa.cidcampeador.madrid\/\/wp-content\/uploads\/cepa.cidcampeador.madrid\/2021\/05\/triptico_fp_preguntas_frecuentes_v1_1_page-0001-768x543.jpg 768w, https:\/\/site.educa.madrid.org\/cepa.cidcampeador.madrid\/\/wp-content\/uploads\/cepa.cidcampeador.madrid\/2021\/05\/triptico_fp_preguntas_frecuentes_v1_1_page-0001-1536x1087.jpg 1536w, https:\/\/site.educa.madrid.org\/cepa.cidcampeador.madrid\/\/wp-content\/uploads\/cepa.cidcampeador.madrid\/2021\/05\/triptico_fp_preguntas_frecuentes_v1_1_page-0001.jpg 1754w\" sizes=\"auto, (max-width: 767px) 89vw, (max-width: 1000px) 54vw, (max-width: 1071px) 543px, 580px\" \/><\/a><figcaption class=\"wp-element-caption\"><strong><a href=\"https:\/\/site.educa.madrid.org\/cepa.cidcampeador.madrid\/\/wp-content\/uploads\/cepa.cidcampeador.madrid\/2021\/05\/triptico_fp_preguntas_frecuentes_v1_1.pdf\" target=\"_blank\" rel=\"noreferrer noopener\">Preguntas frecuentes sobre FP en la Comunidad de Madrid<\/a><\/strong><\/figcaption><\/figure>\n<\/div>\n\n\n<p>.<\/p>\n\n\n\n<p><strong><mark style=\"background-color:rgba(0, 0, 0, 0)\" class=\"has-inline-color has-vivid-purple-color\">Oferta FP virtual y semipresencial<\/mark><\/strong><\/p>\n\n\n\n<p><a href=\"https:\/\/www.comunidad.madrid\/sites\/default\/files\/doc\/educacion\/fp\/oferta_educativa_de_formacion_profesional_modalidad_virtual_y_semipresencial.pdf\">Oferta educativa de Formaci\u00f3n Profesional en la modalidad virtual y semipresencial<\/a><\/p>\n","protected":false},"excerpt":{"rendered":"<p>INFOGRAF\u00cdA muy completa Orientaci\u00f3n Acad\u00e9mica y Profesional Recorre la infograf\u00eda descubriendo todos los enlaces a distintas informaciones de inter\u00e9s. AVISOS Instrucciones de admisi\u00f3n en Ciclos Formativos de GRADO MEDIO JUNIO 2025 Tutorial explicando c\u00f3mo hacer la solicitud a Ciclos Formativos de Grado Medio. . M\u00e1s informaci\u00f3n de Orientaci\u00f3n Acad\u00e9mica y Profesional: en el aula virtual &hellip; <\/p>\n<p class=\"link-more\"><a href=\"https:\/\/site.educa.madrid.org\/cepa.cidcampeador.madrid\/index.php\/orientacion-academica-y-profesional\/\" class=\"more-link\">Continuar leyendo<span class=\"screen-reader-text\"> \u00abOrientaci\u00f3n Acad\u00e9mica y Profesional\u00bb<\/span><\/a><\/p>\n","protected":false},"author":3,"featured_media":0,"parent":0,"menu_order":0,"comment_status":"closed","ping_status":"closed","template":"","meta":{"footnotes":""},"folder":[],"class_list":["post-2665","page","type-page","status-publish","hentry"],"rttpg_featured_image_url":null,"rttpg_author":{"display_name":"cepa.cidcampeador.madrid","author_link":"https:\/\/site.educa.madrid.org\/cepa.cidcampeador.madrid\/index.php\/author\/cuenta_cepa-cidcampeador-madrid\/"},"rttpg_comment":0,"rttpg_category":false,"rttpg_excerpt":"INFOGRAF\u00cdA muy completa Orientaci\u00f3n Acad\u00e9mica y Profesional Recorre la infograf\u00eda descubriendo todos los enlaces a distintas informaciones de inter\u00e9s. AVISOS Instrucciones de admisi\u00f3n en Ciclos Formativos de GRADO MEDIO JUNIO 2025 Tutorial explicando c\u00f3mo hacer la solicitud a Ciclos Formativos de Grado Medio. . M\u00e1s informaci\u00f3n de Orientaci\u00f3n Acad\u00e9mica y Profesional: en el aula virtual&hellip;","post_mailing_queue_ids":[],"_links":{"self":[{"href":"https:\/\/site.educa.madrid.org\/cepa.cidcampeador.madrid\/index.php\/wp-json\/wp\/v2\/pages\/2665","targetHints":{"allow":["GET"]}}],"collection":[{"href":"https:\/\/site.educa.madrid.org\/cepa.cidcampeador.madrid\/index.php\/wp-json\/wp\/v2\/pages"}],"about":[{"href":"https:\/\/site.educa.madrid.org\/cepa.cidcampeador.madrid\/index.php\/wp-json\/wp\/v2\/types\/page"}],"author":[{"embeddable":true,"href":"https:\/\/site.educa.madrid.org\/cepa.cidcampeador.madrid\/index.php\/wp-json\/wp\/v2\/users\/3"}],"replies":[{"embeddable":true,"href":"https:\/\/site.educa.madrid.org\/cepa.cidcampeador.madrid\/index.php\/wp-json\/wp\/v2\/comments?post=2665"}],"version-history":[{"count":41,"href":"https:\/\/site.educa.madrid.org\/cepa.cidcampeador.madrid\/index.php\/wp-json\/wp\/v2\/pages\/2665\/revisions"}],"predecessor-version":[{"id":7752,"href":"https:\/\/site.educa.madrid.org\/cepa.cidcampeador.madrid\/index.php\/wp-json\/wp\/v2\/pages\/2665\/revisions\/7752"}],"wp:attachment":[{"href":"https:\/\/site.educa.madrid.org\/cepa.cidcampeador.madrid\/index.php\/wp-json\/wp\/v2\/media?parent=2665"}],"wp:term":[{"taxonomy":"folder","embeddable":true,"href":"https:\/\/site.educa.madrid.org\/cepa.cidcampeador.madrid\/index.php\/wp-json\/wp\/v2\/folder?post=2665"}],"curies":[{"name":"wp","href":"https:\/\/api.w.org\/{rel}","templated":true}]}}