{"id":2670,"date":"2021-05-27T14:28:57","date_gmt":"2021-05-27T14:28:57","guid":{"rendered":"https:\/\/site.educa.madrid.org\/cepa.cidcampeador.madrid\/?page_id=2670"},"modified":"2021-05-27T23:19:48","modified_gmt":"2021-05-27T23:19:48","slug":"orientacion-ocio-saludable","status":"publish","type":"page","link":"https:\/\/site.educa.madrid.org\/cepa.cidcampeador.madrid\/index.php\/orientacion-ocio-saludable\/","title":{"rendered":"Orientaci\u00f3n &#8211; Ocio Saludable"},"content":{"rendered":"\n<h2 class=\"wp-block-heading\"><span class=\"has-inline-color has-vivid-purple-color\"><strong>RUTAS DE SENDERISMO<\/strong><\/span><\/h2>\n\n\n\n<div class=\"wp-block-image\"><figure class=\"aligncenter size-large is-resized\"><img loading=\"lazy\" decoding=\"async\" src=\"https:\/\/site.educa.madrid.org\/cepa.cidcampeador.madrid\/\/wp-content\/uploads\/cepa.cidcampeador.madrid\/2021\/05\/image.png\" alt=\"\" class=\"wp-image-2671\" width=\"431\" height=\"427\" srcset=\"https:\/\/site.educa.madrid.org\/cepa.cidcampeador.madrid\/\/wp-content\/uploads\/cepa.cidcampeador.madrid\/2021\/05\/image.png 275w, https:\/\/site.educa.madrid.org\/cepa.cidcampeador.madrid\/\/wp-content\/uploads\/cepa.cidcampeador.madrid\/2021\/05\/image-150x150.png 150w, https:\/\/site.educa.madrid.org\/cepa.cidcampeador.madrid\/\/wp-content\/uploads\/cepa.cidcampeador.madrid\/2021\/05\/image-100x100.png 100w\" sizes=\"auto, (max-width: 431px) 100vw, 431px\" \/><\/figure><\/div>\n\n\n\n<p>Ap\u00fantate a las <strong>rutas gratuitas por toda la sierra madrile\u00f1a <\/strong>organizadas para <strong>j\u00f3venes <\/strong>por el <strong>Ayuntamiento de Madrid<\/strong>.<\/p>\n\n\n\n<p>Recorrer\u00e1s rincones maravillosos, conociendo la flora y la fauna que nos rodea.<\/p>\n\n\n\n<p>Para m\u00e1s informaci\u00f3n, <a rel=\"noreferrer noopener\" href=\"https:\/\/www.madrid.es\/portales\/munimadrid\/es\/Inicio\/Jovenes\/Rutas-de-senderismo\/?vgnextfmt=default&amp;vgnextoid=fc80e18eff5c8710VgnVCM1000001d4a900aRCRD&amp;vgnextchannel=3e10b7dd3f7fe410VgnVCM1000000b205a0aRCRD\" target=\"_blank\"><strong>PINCHA AQU\u00cd<\/strong><\/a>.<\/p>\n","protected":false},"excerpt":{"rendered":"<p>RUTAS DE SENDERISMO Ap\u00fantate a las rutas gratuitas por toda la sierra madrile\u00f1a organizadas para j\u00f3venes por el Ayuntamiento de Madrid. Recorrer\u00e1s rincones maravillosos, conociendo la flora y la fauna que nos rodea. Para m\u00e1s informaci\u00f3n, PINCHA AQU\u00cd.<\/p>\n","protected":false},"author":3,"featured_media":0,"parent":0,"menu_order":0,"comment_status":"closed","ping_status":"closed","template":"","meta":{"footnotes":""},"folder":[],"class_list":["post-2670","page","type-page","status-publish","hentry"],"rttpg_featured_image_url":null,"rttpg_author":{"display_name":"cepa.cidcampeador.madrid","author_link":"https:\/\/site.educa.madrid.org\/cepa.cidcampeador.madrid\/index.php\/author\/cuenta_cepa-cidcampeador-madrid\/"},"rttpg_comment":0,"rttpg_category":false,"rttpg_excerpt":"RUTAS DE SENDERISMO Ap\u00fantate a las rutas gratuitas por toda la sierra madrile\u00f1a organizadas para j\u00f3venes por el Ayuntamiento de Madrid. Recorrer\u00e1s rincones maravillosos, conociendo la flora y la fauna que nos rodea. Para m\u00e1s informaci\u00f3n, PINCHA AQU\u00cd.","post_mailing_queue_ids":[],"_links":{"self":[{"href":"https:\/\/site.educa.madrid.org\/cepa.cidcampeador.madrid\/index.php\/wp-json\/wp\/v2\/pages\/2670","targetHints":{"allow":["GET"]}}],"collection":[{"href":"https:\/\/site.educa.madrid.org\/cepa.cidcampeador.madrid\/index.php\/wp-json\/wp\/v2\/pages"}],"about":[{"href":"https:\/\/site.educa.madrid.org\/cepa.cidcampeador.madrid\/index.php\/wp-json\/wp\/v2\/types\/page"}],"author":[{"embeddable":true,"href":"https:\/\/site.educa.madrid.org\/cepa.cidcampeador.madrid\/index.php\/wp-json\/wp\/v2\/users\/3"}],"replies":[{"embeddable":true,"href":"https:\/\/site.educa.madrid.org\/cepa.cidcampeador.madrid\/index.php\/wp-json\/wp\/v2\/comments?post=2670"}],"version-history":[{"count":6,"href":"https:\/\/site.educa.madrid.org\/cepa.cidcampeador.madrid\/index.php\/wp-json\/wp\/v2\/pages\/2670\/revisions"}],"predecessor-version":[{"id":2702,"href":"https:\/\/site.educa.madrid.org\/cepa.cidcampeador.madrid\/index.php\/wp-json\/wp\/v2\/pages\/2670\/revisions\/2702"}],"wp:attachment":[{"href":"https:\/\/site.educa.madrid.org\/cepa.cidcampeador.madrid\/index.php\/wp-json\/wp\/v2\/media?parent=2670"}],"wp:term":[{"taxonomy":"folder","embeddable":true,"href":"https:\/\/site.educa.madrid.org\/cepa.cidcampeador.madrid\/index.php\/wp-json\/wp\/v2\/folder?post=2670"}],"curies":[{"name":"wp","href":"https:\/\/api.w.org\/{rel}","templated":true}]}}