{"id":313,"date":"2019-08-31T11:11:27","date_gmt":"2019-08-31T11:11:27","guid":{"rendered":"https:\/\/site.educa.madrid.org\/cepa.cidcampeador.madrid\/?page_id=313"},"modified":"2025-12-13T21:32:21","modified_gmt":"2025-12-13T20:32:21","slug":"educacion-secundaria","status":"publish","type":"page","link":"https:\/\/site.educa.madrid.org\/cepa.cidcampeador.madrid\/index.php\/educacion-secundaria\/","title":{"rendered":"Educaci\u00f3n Secundaria"},"content":{"rendered":"\n<p>El T\u00edtulo de Graduado en Educaci\u00f3n Secundaria Obligatoria <strong>(ESO<\/strong>) abre muchas puertas.<\/p>\n\n\n\n<p>Si eres mayor de edad y deseas obtenerlo, <strong>\u00a1ven al CEPA Cid Campeador!<\/strong><\/p>\n\n\n\n<p>La Educaci\u00f3n Secundaria para Adultos consiste en dos niveles en los que se cursan tres \u00e1mbitos: el Cient\u00edfico-Tecnol\u00f3gico, el de Comunicaci\u00f3n y el de Sociales.<\/p>\n\n\n\n<p>Al ser un centro p\u00fablico, la ense\u00f1anza que ofrecemos es gratuita.<\/p>\n\n\n\n<p>Esta ense\u00f1anza permite solicitar la autorizaci\u00f3n de residencia temporal por circunstancias excepcionales de <a href=\"https:\/\/site.educa.madrid.org\/cepa.cidcampeador.madrid\/index.php\/informacion-para-inmigrantes\/\" target=\"_blank\" rel=\"noreferrer noopener\"><strong>arraigo socioformativo<\/strong> para personas migrantes<\/a>.<\/p>\n\n\n\n<p><strong>Los horarios de esta ense\u00f1anza<\/strong> son en turno de ma\u00f1ana o tarde, a elegir.<\/p>\n\n\n\n<p class=\"has-text-align-center\"><a href=\"https:\/\/site.educa.madrid.org\/cepa.cidcampeador.madrid\/index.php\/mas-info-sobre-secundaria\/\"><strong>\u00a1Inf\u00f3rmate m\u00e1s aqu\u00ed!<\/strong><\/a><\/p>\n\n\n<div class=\"wp-block-image\">\n<figure class=\"aligncenter size-large is-resized\"><img loading=\"lazy\" decoding=\"async\" width=\"724\" height=\"1024\" src=\"https:\/\/site.educa.madrid.org\/cepa.cidcampeador.madrid\/\/wp-content\/uploads\/cepa.cidcampeador.madrid\/2023\/07\/CID_SECUNDARIA-724x1024.png\" alt=\"\" class=\"wp-image-4195\" style=\"width:360px\" srcset=\"https:\/\/site.educa.madrid.org\/cepa.cidcampeador.madrid\/\/wp-content\/uploads\/cepa.cidcampeador.madrid\/2023\/07\/CID_SECUNDARIA-724x1024.png 724w, https:\/\/site.educa.madrid.org\/cepa.cidcampeador.madrid\/\/wp-content\/uploads\/cepa.cidcampeador.madrid\/2023\/07\/CID_SECUNDARIA-212x300.png 212w, https:\/\/site.educa.madrid.org\/cepa.cidcampeador.madrid\/\/wp-content\/uploads\/cepa.cidcampeador.madrid\/2023\/07\/CID_SECUNDARIA-768x1086.png 768w, https:\/\/site.educa.madrid.org\/cepa.cidcampeador.madrid\/\/wp-content\/uploads\/cepa.cidcampeador.madrid\/2023\/07\/CID_SECUNDARIA-1086x1536.png 1086w, https:\/\/site.educa.madrid.org\/cepa.cidcampeador.madrid\/\/wp-content\/uploads\/cepa.cidcampeador.madrid\/2023\/07\/CID_SECUNDARIA-1448x2048.png 1448w, https:\/\/site.educa.madrid.org\/cepa.cidcampeador.madrid\/\/wp-content\/uploads\/cepa.cidcampeador.madrid\/2023\/07\/CID_SECUNDARIA.png 1587w\" sizes=\"auto, (max-width: 724px) 100vw, 724px\" \/><\/figure>\n<\/div>","protected":false},"excerpt":{"rendered":"<p>El T\u00edtulo de Graduado en Educaci\u00f3n Secundaria Obligatoria (ESO) abre muchas puertas. Si eres mayor de edad y deseas obtenerlo, \u00a1ven al CEPA Cid Campeador! La Educaci\u00f3n Secundaria para Adultos consiste en dos niveles en los que se cursan tres \u00e1mbitos: el Cient\u00edfico-Tecnol\u00f3gico, el de Comunicaci\u00f3n y el de Sociales. Al ser un centro p\u00fablico, &hellip; <\/p>\n<p class=\"link-more\"><a href=\"https:\/\/site.educa.madrid.org\/cepa.cidcampeador.madrid\/index.php\/educacion-secundaria\/\" class=\"more-link\">Continuar leyendo<span class=\"screen-reader-text\"> \u00abEducaci\u00f3n Secundaria\u00bb<\/span><\/a><\/p>\n","protected":false},"author":3,"featured_media":0,"parent":0,"menu_order":0,"comment_status":"closed","ping_status":"closed","template":"","meta":{"footnotes":""},"folder":[],"class_list":["post-313","page","type-page","status-publish","hentry"],"rttpg_featured_image_url":null,"rttpg_author":{"display_name":"cepa.cidcampeador.madrid","author_link":"https:\/\/site.educa.madrid.org\/cepa.cidcampeador.madrid\/index.php\/author\/cuenta_cepa-cidcampeador-madrid\/"},"rttpg_comment":0,"rttpg_category":false,"rttpg_excerpt":"El T\u00edtulo de Graduado en Educaci\u00f3n Secundaria Obligatoria (ESO) abre muchas puertas. Si eres mayor de edad y deseas obtenerlo, \u00a1ven al CEPA Cid Campeador! La Educaci\u00f3n Secundaria para Adultos consiste en dos niveles en los que se cursan tres \u00e1mbitos: el Cient\u00edfico-Tecnol\u00f3gico, el de Comunicaci\u00f3n y el de Sociales. Al ser un centro p\u00fablico,&hellip;","post_mailing_queue_ids":[],"_links":{"self":[{"href":"https:\/\/site.educa.madrid.org\/cepa.cidcampeador.madrid\/index.php\/wp-json\/wp\/v2\/pages\/313","targetHints":{"allow":["GET"]}}],"collection":[{"href":"https:\/\/site.educa.madrid.org\/cepa.cidcampeador.madrid\/index.php\/wp-json\/wp\/v2\/pages"}],"about":[{"href":"https:\/\/site.educa.madrid.org\/cepa.cidcampeador.madrid\/index.php\/wp-json\/wp\/v2\/types\/page"}],"author":[{"embeddable":true,"href":"https:\/\/site.educa.madrid.org\/cepa.cidcampeador.madrid\/index.php\/wp-json\/wp\/v2\/users\/3"}],"replies":[{"embeddable":true,"href":"https:\/\/site.educa.madrid.org\/cepa.cidcampeador.madrid\/index.php\/wp-json\/wp\/v2\/comments?post=313"}],"version-history":[{"count":15,"href":"https:\/\/site.educa.madrid.org\/cepa.cidcampeador.madrid\/index.php\/wp-json\/wp\/v2\/pages\/313\/revisions"}],"predecessor-version":[{"id":8253,"href":"https:\/\/site.educa.madrid.org\/cepa.cidcampeador.madrid\/index.php\/wp-json\/wp\/v2\/pages\/313\/revisions\/8253"}],"wp:attachment":[{"href":"https:\/\/site.educa.madrid.org\/cepa.cidcampeador.madrid\/index.php\/wp-json\/wp\/v2\/media?parent=313"}],"wp:term":[{"taxonomy":"folder","embeddable":true,"href":"https:\/\/site.educa.madrid.org\/cepa.cidcampeador.madrid\/index.php\/wp-json\/wp\/v2\/folder?post=313"}],"curies":[{"name":"wp","href":"https:\/\/api.w.org\/{rel}","templated":true}]}}