{"id":315,"date":"2019-08-31T11:20:20","date_gmt":"2019-08-31T09:20:20","guid":{"rendered":"https:\/\/site.educa.madrid.org\/cepa.cidcampeador.madrid\/?page_id=315"},"modified":"2025-10-26T18:04:08","modified_gmt":"2025-10-26T17:04:08","slug":"mas-info-sobre-secundaria","status":"publish","type":"page","link":"https:\/\/site.educa.madrid.org\/cepa.cidcampeador.madrid\/index.php\/mas-info-sobre-secundaria\/","title":{"rendered":"M\u00c1S INFO sobre Educaci\u00f3n Secundaria"},"content":{"rendered":"\n<p>Para cursar la <strong>ESO <\/strong>para Personas Adultas es necesario ser mayor de 18 a\u00f1os o cumplirlos en el a\u00f1o natural en el que comienza el curso.<\/p>\n\n\n\n<p>La Educaci\u00f3n Secundaria para Personas Adultas se estructura en dos niveles:<\/p>\n\n\n\n<ul class=\"wp-block-list\">\n<li><strong>Nivel I <\/strong>(equivalente a 1\u00ba y 2\u00ba de ESO)<\/li>\n\n\n\n<li><strong>Nivel II <\/strong>(equivalente a 3\u00ba y 4\u00ba de ESO) <\/li>\n<\/ul>\n\n\n\n<p>Superando el Nivel II se obtiene el <strong>T\u00edtulo de Graduado en Educaci\u00f3n Secundaria Obligatoria (ESO)<\/strong>.<\/p>\n\n\n\n<p>En cada nivel se cursan tres \u00e1mbitos integrados por m\u00f3dulos relacionados con las materias que los constituyen:<\/p>\n\n\n\n<ul class=\"wp-block-list\">\n<li>\u00c1mbito Cient\u00edfico-Tecnol\u00f3gico (<strong>Matem\u00e1ticas<\/strong> y <strong>Ciencias y Tecnolog\u00eda<\/strong>)<\/li>\n\n\n\n<li>\u00c1mbito de Comunicaci\u00f3n (<strong>Lengua <\/strong>e <strong>Ingl\u00e9s<\/strong>)<\/li>\n\n\n\n<li>\u00c1mbito <strong>Social<\/strong><\/li>\n<\/ul>\n\n\n\n<p>Para ver qu\u00e9 nivel es el que corresponde cursar se ha de tener en cuenta los estudios realizados hasta ahora. Por ejemplo, con T\u00edtulo de Graduado Escolar se accede al Nivel II.<\/p>\n\n\n\n<p>De no tener estudios en Espa\u00f1a u homologados, se hace una Valoraci\u00f3n Inicial del Alumno (VIA).<\/p>\n\n\n\n<p>Ind\u00edcanos<strong> cu\u00e1l es tu caso y te orientaremos<\/strong>.<\/p>\n\n\n\n<p>La Educaci\u00f3n Secundaria en nuestro centro se puede estudiar de forma <strong>PRESENCIAL <\/strong>en turnos de ma\u00f1ana o tarde, a elegir; normalmente, dentro de estas franjas horarias:<\/p>\n\n\n\n<ul class=\"wp-block-list\">\n<li><strong>Ma\u00f1ana<\/strong>: de 9:30h a 13:30h<\/li>\n\n\n\n<li><strong>Tarde<\/strong>: de 17:00h a 21:00h de lunes a jueves y de 16:00h a 18:00h los viernes<\/li>\n<\/ul>\n\n\n\n<p>As\u00ed mismo, el <strong>Nivel II<\/strong> de Secundaria tambi\u00e9n se puede cursar en la modalidad a <strong>DISTANCIA<\/strong>, con 6 horas de atenci\u00f3n presencial voluntarias y muy recomendables.<\/p>\n\n\n\n<p>La<strong> ense\u00f1anza<\/strong> es <strong>gratuita<\/strong>.<\/p>\n\n\n\n<p>Esta ense\u00f1anza permite solicitar la autorizaci\u00f3n de residencia temporal por circunstancias excepcionales de <a href=\"https:\/\/site.educa.madrid.org\/cepa.cidcampeador.madrid\/index.php\/informacion-para-inmigrantes\/\" target=\"_blank\" rel=\"noreferrer noopener\"><strong>arraigo socioformativo<\/strong> para personas migrantes<\/a>.<\/p>\n\n\n\n<p>Las personas interesadas en cursar en nuestro centro la ESO pueden hacer la solicitud entregando, en nuestro <a href=\"https:\/\/site.educa.madrid.org\/cepa.cidcampeador.madrid\/index.php\/secretaria\/\"><strong>horario<\/strong> <strong>de<\/strong> <strong>atenci\u00f3n<\/strong><\/a> en la Secretar\u00eda del centro, la siguiente <strong>documentaci\u00f3n<\/strong>:<\/p>\n\n\n\n<ul class=\"wp-block-list\">\n<li>Instancia cumplimentada (proporcionada por el centro).<\/li>\n\n\n\n<li><strong>Certificado de los estudios realizados<\/strong> (en caso de no tener estudios en Espa\u00f1a, se har\u00e1 una peque\u00f1a prueba de nivel, llamada VIA, con preguntas de matem\u00e1ticas, ciencias, lengua, ingl\u00e9s, historia y geograf\u00eda).<\/li>\n\n\n\n<li>Fotocopia del documento de identidad (DNI, NIE, Pasaporte,&#8230;).<\/li>\n\n\n\n<li>Fotocopia del n\u00famero de la Seguridad Social.<\/li>\n\n\n\n<li>1 Fotograf\u00eda.<\/li>\n\n\n\n<li>Acreditaci\u00f3n de familia numerosa, si es el caso.<\/li>\n\n\n\n<li>Acreditaci\u00f3n de la condici\u00f3n de discapacidad, si es el caso.<\/li>\n\n\n\n<li>Acreditaci\u00f3n de percepci\u00f3n del RMI, si es el caso.<\/li>\n<\/ul>\n","protected":false},"excerpt":{"rendered":"<p>Para cursar la ESO para Personas Adultas es necesario ser mayor de 18 a\u00f1os o cumplirlos en el a\u00f1o natural en el que comienza el curso. La Educaci\u00f3n Secundaria para Personas Adultas se estructura en dos niveles: Superando el Nivel II se obtiene el T\u00edtulo de Graduado en Educaci\u00f3n Secundaria Obligatoria (ESO). En cada nivel &hellip; <\/p>\n<p class=\"link-more\"><a href=\"https:\/\/site.educa.madrid.org\/cepa.cidcampeador.madrid\/index.php\/mas-info-sobre-secundaria\/\" class=\"more-link\">Continuar leyendo<span class=\"screen-reader-text\"> \u00abM\u00c1S INFO sobre Educaci\u00f3n Secundaria\u00bb<\/span><\/a><\/p>\n","protected":false},"author":3,"featured_media":0,"parent":0,"menu_order":0,"comment_status":"closed","ping_status":"closed","template":"","meta":{"footnotes":""},"folder":[],"class_list":["post-315","page","type-page","status-publish","hentry"],"rttpg_featured_image_url":null,"rttpg_author":{"display_name":"cepa.cidcampeador.madrid","author_link":"https:\/\/site.educa.madrid.org\/cepa.cidcampeador.madrid\/index.php\/author\/cuenta_cepa-cidcampeador-madrid\/"},"rttpg_comment":0,"rttpg_category":false,"rttpg_excerpt":"Para cursar la ESO para Personas Adultas es necesario ser mayor de 18 a\u00f1os o cumplirlos en el a\u00f1o natural en el que comienza el curso. La Educaci\u00f3n Secundaria para Personas Adultas se estructura en dos niveles: Superando el Nivel II se obtiene el T\u00edtulo de Graduado en Educaci\u00f3n Secundaria Obligatoria (ESO). En cada nivel&hellip;","post_mailing_queue_ids":[],"_links":{"self":[{"href":"https:\/\/site.educa.madrid.org\/cepa.cidcampeador.madrid\/index.php\/wp-json\/wp\/v2\/pages\/315","targetHints":{"allow":["GET"]}}],"collection":[{"href":"https:\/\/site.educa.madrid.org\/cepa.cidcampeador.madrid\/index.php\/wp-json\/wp\/v2\/pages"}],"about":[{"href":"https:\/\/site.educa.madrid.org\/cepa.cidcampeador.madrid\/index.php\/wp-json\/wp\/v2\/types\/page"}],"author":[{"embeddable":true,"href":"https:\/\/site.educa.madrid.org\/cepa.cidcampeador.madrid\/index.php\/wp-json\/wp\/v2\/users\/3"}],"replies":[{"embeddable":true,"href":"https:\/\/site.educa.madrid.org\/cepa.cidcampeador.madrid\/index.php\/wp-json\/wp\/v2\/comments?post=315"}],"version-history":[{"count":41,"href":"https:\/\/site.educa.madrid.org\/cepa.cidcampeador.madrid\/index.php\/wp-json\/wp\/v2\/pages\/315\/revisions"}],"predecessor-version":[{"id":8060,"href":"https:\/\/site.educa.madrid.org\/cepa.cidcampeador.madrid\/index.php\/wp-json\/wp\/v2\/pages\/315\/revisions\/8060"}],"wp:attachment":[{"href":"https:\/\/site.educa.madrid.org\/cepa.cidcampeador.madrid\/index.php\/wp-json\/wp\/v2\/media?parent=315"}],"wp:term":[{"taxonomy":"folder","embeddable":true,"href":"https:\/\/site.educa.madrid.org\/cepa.cidcampeador.madrid\/index.php\/wp-json\/wp\/v2\/folder?post=315"}],"curies":[{"name":"wp","href":"https:\/\/api.w.org\/{rel}","templated":true}]}}