{"id":340,"date":"2019-08-31T12:13:54","date_gmt":"2019-08-31T12:13:54","guid":{"rendered":"https:\/\/site.educa.madrid.org\/cepa.cidcampeador.madrid\/?page_id=340"},"modified":"2023-07-05T01:05:14","modified_gmt":"2023-07-04T23:05:14","slug":"prueba-nacionalizacion-ccse","status":"publish","type":"page","link":"https:\/\/site.educa.madrid.org\/cepa.cidcampeador.madrid\/index.php\/prueba-nacionalizacion-ccse\/","title":{"rendered":"Nacionalizaci\u00f3n CCSE"},"content":{"rendered":"\n<p>La prueba de Conocimientos Constitucionales y Socioculturales de Espa\u00f1a (<strong>CCSE<\/strong>) es uno de los requisitos para la obtenci\u00f3n de la nacionalidad espa\u00f1ola.<\/p>\n\n\n\n<p>Es una prueba elaborada por el Instituto Cervantes cuyo objetivo es evaluar los conocimientos de los candidatos sobre distintos aspectos de Espa\u00f1a: gobierno, instituciones, participaci\u00f3n ciudadana, cultura, vida cotidiana,\u2026<\/p>\n\n\n\n<p>Nuestro Centro de Educaci\u00f3n para Personas Adultas ofrece <strong>cursos cuatrimestrales<\/strong> de preparaci\u00f3n de esta prueba:  2 horas semanales de clase <strong>de octubre a enero<\/strong> y <strong>de febrero a junio<\/strong>.<\/p>\n\n\n\n<p>\u00a1Inf\u00f3rmate!  Puedes preguntarnos por correo electr\u00f3nico, acudiendo al centro o llam\u00e1ndonos por tel\u00e9fono en nuestro\u00a0<a href=\"https:\/\/site.educa.madrid.org\/cepa.cidcampeador.madrid\/index.php\/horario-de-atencion\/\" target=\"_blank\" rel=\"noreferrer noopener\"><strong>horario<\/strong> <strong>de<\/strong> <strong>atenci\u00f3n<\/strong><\/a>.<\/p>\n\n\n<div class=\"wp-block-image\">\n<figure class=\"aligncenter size-large is-resized\"><img loading=\"lazy\" decoding=\"async\" src=\"https:\/\/site.educa.madrid.org\/cepa.cidcampeador.madrid\/\/wp-content\/uploads\/cepa.cidcampeador.madrid\/2023\/07\/CID_CCSE-724x1024.png\" alt=\"\" class=\"wp-image-4210\" width=\"254\" height=\"359\" srcset=\"https:\/\/site.educa.madrid.org\/cepa.cidcampeador.madrid\/\/wp-content\/uploads\/cepa.cidcampeador.madrid\/2023\/07\/CID_CCSE-724x1024.png 724w, https:\/\/site.educa.madrid.org\/cepa.cidcampeador.madrid\/\/wp-content\/uploads\/cepa.cidcampeador.madrid\/2023\/07\/CID_CCSE-212x300.png 212w, https:\/\/site.educa.madrid.org\/cepa.cidcampeador.madrid\/\/wp-content\/uploads\/cepa.cidcampeador.madrid\/2023\/07\/CID_CCSE-768x1086.png 768w, https:\/\/site.educa.madrid.org\/cepa.cidcampeador.madrid\/\/wp-content\/uploads\/cepa.cidcampeador.madrid\/2023\/07\/CID_CCSE-1086x1536.png 1086w, https:\/\/site.educa.madrid.org\/cepa.cidcampeador.madrid\/\/wp-content\/uploads\/cepa.cidcampeador.madrid\/2023\/07\/CID_CCSE-1448x2048.png 1448w, https:\/\/site.educa.madrid.org\/cepa.cidcampeador.madrid\/\/wp-content\/uploads\/cepa.cidcampeador.madrid\/2023\/07\/CID_CCSE.png 1587w\" sizes=\"auto, (max-width: 254px) 100vw, 254px\" \/><\/figure>\n<\/div>","protected":false},"excerpt":{"rendered":"<p>La prueba de Conocimientos Constitucionales y Socioculturales de Espa\u00f1a (CCSE) es uno de los requisitos para la obtenci\u00f3n de la nacionalidad espa\u00f1ola. Es una prueba elaborada por el Instituto Cervantes cuyo objetivo es evaluar los conocimientos de los candidatos sobre distintos aspectos de Espa\u00f1a: gobierno, instituciones, participaci\u00f3n ciudadana, cultura, vida cotidiana,\u2026 Nuestro Centro de Educaci\u00f3n &hellip; <\/p>\n<p class=\"link-more\"><a href=\"https:\/\/site.educa.madrid.org\/cepa.cidcampeador.madrid\/index.php\/prueba-nacionalizacion-ccse\/\" class=\"more-link\">Continuar leyendo<span class=\"screen-reader-text\"> \u00abNacionalizaci\u00f3n CCSE\u00bb<\/span><\/a><\/p>\n","protected":false},"author":3,"featured_media":0,"parent":0,"menu_order":0,"comment_status":"closed","ping_status":"closed","template":"","meta":{"footnotes":""},"folder":[],"class_list":["post-340","page","type-page","status-publish","hentry"],"rttpg_featured_image_url":null,"rttpg_author":{"display_name":"cepa.cidcampeador.madrid","author_link":"https:\/\/site.educa.madrid.org\/cepa.cidcampeador.madrid\/index.php\/author\/cuenta_cepa-cidcampeador-madrid\/"},"rttpg_comment":0,"rttpg_category":false,"rttpg_excerpt":"La prueba de Conocimientos Constitucionales y Socioculturales de Espa\u00f1a (CCSE) es uno de los requisitos para la obtenci\u00f3n de la nacionalidad espa\u00f1ola. Es una prueba elaborada por el Instituto Cervantes cuyo objetivo es evaluar los conocimientos de los candidatos sobre distintos aspectos de Espa\u00f1a: gobierno, instituciones, participaci\u00f3n ciudadana, cultura, vida cotidiana,\u2026 Nuestro Centro de Educaci\u00f3n&hellip;","post_mailing_queue_ids":[],"_links":{"self":[{"href":"https:\/\/site.educa.madrid.org\/cepa.cidcampeador.madrid\/index.php\/wp-json\/wp\/v2\/pages\/340","targetHints":{"allow":["GET"]}}],"collection":[{"href":"https:\/\/site.educa.madrid.org\/cepa.cidcampeador.madrid\/index.php\/wp-json\/wp\/v2\/pages"}],"about":[{"href":"https:\/\/site.educa.madrid.org\/cepa.cidcampeador.madrid\/index.php\/wp-json\/wp\/v2\/types\/page"}],"author":[{"embeddable":true,"href":"https:\/\/site.educa.madrid.org\/cepa.cidcampeador.madrid\/index.php\/wp-json\/wp\/v2\/users\/3"}],"replies":[{"embeddable":true,"href":"https:\/\/site.educa.madrid.org\/cepa.cidcampeador.madrid\/index.php\/wp-json\/wp\/v2\/comments?post=340"}],"version-history":[{"count":6,"href":"https:\/\/site.educa.madrid.org\/cepa.cidcampeador.madrid\/index.php\/wp-json\/wp\/v2\/pages\/340\/revisions"}],"predecessor-version":[{"id":4245,"href":"https:\/\/site.educa.madrid.org\/cepa.cidcampeador.madrid\/index.php\/wp-json\/wp\/v2\/pages\/340\/revisions\/4245"}],"wp:attachment":[{"href":"https:\/\/site.educa.madrid.org\/cepa.cidcampeador.madrid\/index.php\/wp-json\/wp\/v2\/media?parent=340"}],"wp:term":[{"taxonomy":"folder","embeddable":true,"href":"https:\/\/site.educa.madrid.org\/cepa.cidcampeador.madrid\/index.php\/wp-json\/wp\/v2\/folder?post=340"}],"curies":[{"name":"wp","href":"https:\/\/api.w.org\/{rel}","templated":true}]}}