{"id":3627,"date":"2022-11-12T20:35:31","date_gmt":"2022-11-12T19:35:31","guid":{"rendered":"https:\/\/site.educa.madrid.org\/cepa.cidcampeador.madrid\/?page_id=3627"},"modified":"2025-09-14T13:10:13","modified_gmt":"2025-09-14T11:10:13","slug":"espanol-extranjeros","status":"publish","type":"page","link":"https:\/\/site.educa.madrid.org\/cepa.cidcampeador.madrid\/index.php\/espanol-extranjeros\/","title":{"rendered":"Espa\u00f1ol para Extranjeros"},"content":{"rendered":"\n<h1 class=\"wp-block-heading has-black-color has-text-color has-large-font-size\"><strong>ESPA\u00d1OL PARA EXTRANJEROS<\/strong><\/h1>\n\n\n\n<p>\u00bfEres extranjero y quieres estudiar espa\u00f1ol como segunda lengua? Nuestro Centro de Educaci\u00f3n para Personas Adultas ofrece la ense\u00f1anza de <strong>Espa\u00f1ol para extranjeros.<\/strong> El curso tiene como objetivo primordial la adquisici\u00f3n de las competencias ling\u00fc\u00edsticas b\u00e1sicas en este idioma.<\/p>\n\n\n\n<p>Podr\u00e1s asistir a clase cuatro horas a la semana con gente de distintas nacionalidades, pero con algo en com\u00fan: \u00a1las ganas de aprender!<\/p>\n\n\n\n<p>Al ser un centro p\u00fablico, la ense\u00f1anza que ofrecemos es <strong>gratuita.<\/strong><\/p>\n\n\n\n<p>Se ofertan dos niveles:<\/p>\n\n\n\n<ul class=\"wp-block-list\">\n<li><strong>Nivel General<\/strong> (nivel b\u00e1sico A1-A2)<\/li>\n\n\n\n<li><strong>Alfabetizaci\u00f3n<\/strong><\/li>\n<\/ul>\n\n\n\n<p><strong>\u00a1Inf\u00f3rmate! <\/strong>Puedes preguntarnos por correo electr\u00f3nico, acudiendo al centro o llam\u00e1ndonos por tel\u00e9fono en nuestro <strong><a href=\"https:\/\/site.educa.madrid.org\/cepa.cidcampeador.madrid\/index.php\/secretaria\/\">horario de atenci\u00f3n<\/a><\/strong>.<\/p>\n\n\n\n<p><strong>Los horarios de esta ense\u00f1anza<\/strong> se pueden consultar <a href=\"https:\/\/site.educa.madrid.org\/cepa.cidcampeador.madrid\/\/wp-content\/uploads\/cepa.cidcampeador.madrid\/2025\/09\/ESPANOL.pdf\" target=\"_blank\" rel=\"noreferrer noopener\"><strong>aqu\u00ed<\/strong><\/a>.<\/p>\n\n\n\n<p>Y aqu\u00ed puedes encontrar <a href=\"https:\/\/site.educa.madrid.org\/cepa.cidcampeador.madrid\/index.php\/informacion-para-inmigrantes\/\"> <strong>informaci\u00f3n \u00fatil para migrantes<\/strong><\/a>.<\/p>\n\n\n\n<h1 class=\"wp-block-heading has-large-font-size\"><strong>SPANISH FOR FOREIGNERS<\/strong><\/h1>\n\n\n\n<p>Are you a foreigner and want to study Spanish as a second language? Our Adult Education Center offers the teaching of Spanish for foreigners. The primary objective of the course is the acquisition of basic linguistic skills in this language.<\/p>\n\n\n\n<p>You will be able to attend class four hours a week with people of different nationalities, but with something in common: The desire to learn!<\/p>\n\n\n\n<p>Being a public center, the education we offer is free.<\/p>\n\n\n\n<p>Two levels are offered:<\/p>\n\n\n\n<ul class=\"wp-block-list\">\n<li><strong>General Level<\/strong> (basic level A1-A2)<\/li>\n\n\n\n<li><strong>Literacy<\/strong><\/li>\n<\/ul>\n\n\n\n<p><strong>Find out!<\/strong> You can ask us by email, by going to the center or by calling us by phone during our <strong><a href=\"https:\/\/site.educa.madrid.org\/cepa.cidcampeador.madrid\/index.php\/secretaria\/\">opening hours<\/a><\/strong>.<\/p>\n\n\n\n<p><strong>The schedules for this course<\/strong> can be consulted <strong><a href=\"https:\/\/site.educa.madrid.org\/cepa.cidcampeador.madrid\/\/wp-content\/uploads\/cepa.cidcampeador.madrid\/2025\/09\/ESPANOL.pdf\" target=\"_blank\" rel=\"noreferrer noopener\">here<\/a><\/strong>.<\/p>\n\n\n\n<p>And here you can find <a href=\"https:\/\/site.educa.madrid.org\/cepa.cidcampeador.madrid\/index.php\/informacion-para-inmigrantes\/\"><strong>useful information for migrants<\/strong><\/a>.<\/p>\n\n\n<div class=\"wp-block-image\">\n<figure class=\"aligncenter size-large is-resized\"><img loading=\"lazy\" decoding=\"async\" width=\"724\" height=\"1024\" src=\"https:\/\/site.educa.madrid.org\/cepa.cidcampeador.madrid\/\/wp-content\/uploads\/cepa.cidcampeador.madrid\/2023\/07\/CID_ESPANOL-724x1024.png\" alt=\"\" class=\"wp-image-4199\" style=\"width:360px;height:509px\" srcset=\"https:\/\/site.educa.madrid.org\/cepa.cidcampeador.madrid\/\/wp-content\/uploads\/cepa.cidcampeador.madrid\/2023\/07\/CID_ESPANOL-724x1024.png 724w, https:\/\/site.educa.madrid.org\/cepa.cidcampeador.madrid\/\/wp-content\/uploads\/cepa.cidcampeador.madrid\/2023\/07\/CID_ESPANOL-212x300.png 212w, https:\/\/site.educa.madrid.org\/cepa.cidcampeador.madrid\/\/wp-content\/uploads\/cepa.cidcampeador.madrid\/2023\/07\/CID_ESPANOL-768x1086.png 768w, https:\/\/site.educa.madrid.org\/cepa.cidcampeador.madrid\/\/wp-content\/uploads\/cepa.cidcampeador.madrid\/2023\/07\/CID_ESPANOL-1086x1536.png 1086w, https:\/\/site.educa.madrid.org\/cepa.cidcampeador.madrid\/\/wp-content\/uploads\/cepa.cidcampeador.madrid\/2023\/07\/CID_ESPANOL-1448x2048.png 1448w, https:\/\/site.educa.madrid.org\/cepa.cidcampeador.madrid\/\/wp-content\/uploads\/cepa.cidcampeador.madrid\/2023\/07\/CID_ESPANOL.png 1587w\" sizes=\"auto, (max-width: 724px) 100vw, 724px\" \/><\/figure>\n<\/div>","protected":false},"excerpt":{"rendered":"<p>ESPA\u00d1OL PARA EXTRANJEROS \u00bfEres extranjero y quieres estudiar espa\u00f1ol como segunda lengua? Nuestro Centro de Educaci\u00f3n para Personas Adultas ofrece la ense\u00f1anza de Espa\u00f1ol para extranjeros. El curso tiene como objetivo primordial la adquisici\u00f3n de las competencias ling\u00fc\u00edsticas b\u00e1sicas en este idioma. Podr\u00e1s asistir a clase cuatro horas a la semana con gente de distintas &hellip; <\/p>\n<p class=\"link-more\"><a href=\"https:\/\/site.educa.madrid.org\/cepa.cidcampeador.madrid\/index.php\/espanol-extranjeros\/\" class=\"more-link\">Continuar leyendo<span class=\"screen-reader-text\"> \u00abEspa\u00f1ol para Extranjeros\u00bb<\/span><\/a><\/p>\n","protected":false},"author":2,"featured_media":0,"parent":0,"menu_order":0,"comment_status":"closed","ping_status":"closed","template":"","meta":{"footnotes":""},"folder":[],"class_list":["post-3627","page","type-page","status-publish","hentry"],"rttpg_featured_image_url":null,"rttpg_author":{"display_name":"tic.cepa.cidcampeador.madrid","author_link":"https:\/\/site.educa.madrid.org\/cepa.cidcampeador.madrid\/index.php\/author\/cuenta_tic-cepa-cidcampeador-madrid\/"},"rttpg_comment":0,"rttpg_category":false,"rttpg_excerpt":"ESPA\u00d1OL PARA EXTRANJEROS \u00bfEres extranjero y quieres estudiar espa\u00f1ol como segunda lengua? Nuestro Centro de Educaci\u00f3n para Personas Adultas ofrece la ense\u00f1anza de Espa\u00f1ol para extranjeros. El curso tiene como objetivo primordial la adquisici\u00f3n de las competencias ling\u00fc\u00edsticas b\u00e1sicas en este idioma. Podr\u00e1s asistir a clase cuatro horas a la semana con gente de distintas&hellip;","post_mailing_queue_ids":[],"_links":{"self":[{"href":"https:\/\/site.educa.madrid.org\/cepa.cidcampeador.madrid\/index.php\/wp-json\/wp\/v2\/pages\/3627","targetHints":{"allow":["GET"]}}],"collection":[{"href":"https:\/\/site.educa.madrid.org\/cepa.cidcampeador.madrid\/index.php\/wp-json\/wp\/v2\/pages"}],"about":[{"href":"https:\/\/site.educa.madrid.org\/cepa.cidcampeador.madrid\/index.php\/wp-json\/wp\/v2\/types\/page"}],"author":[{"embeddable":true,"href":"https:\/\/site.educa.madrid.org\/cepa.cidcampeador.madrid\/index.php\/wp-json\/wp\/v2\/users\/2"}],"replies":[{"embeddable":true,"href":"https:\/\/site.educa.madrid.org\/cepa.cidcampeador.madrid\/index.php\/wp-json\/wp\/v2\/comments?post=3627"}],"version-history":[{"count":19,"href":"https:\/\/site.educa.madrid.org\/cepa.cidcampeador.madrid\/index.php\/wp-json\/wp\/v2\/pages\/3627\/revisions"}],"predecessor-version":[{"id":7918,"href":"https:\/\/site.educa.madrid.org\/cepa.cidcampeador.madrid\/index.php\/wp-json\/wp\/v2\/pages\/3627\/revisions\/7918"}],"wp:attachment":[{"href":"https:\/\/site.educa.madrid.org\/cepa.cidcampeador.madrid\/index.php\/wp-json\/wp\/v2\/media?parent=3627"}],"wp:term":[{"taxonomy":"folder","embeddable":true,"href":"https:\/\/site.educa.madrid.org\/cepa.cidcampeador.madrid\/index.php\/wp-json\/wp\/v2\/folder?post=3627"}],"curies":[{"name":"wp","href":"https:\/\/api.w.org\/{rel}","templated":true}]}}