{"id":375,"date":"2019-09-01T15:02:21","date_gmt":"2019-09-01T15:02:21","guid":{"rendered":"https:\/\/site.educa.madrid.org\/cepa.cidcampeador.madrid\/?page_id=375"},"modified":"2025-10-26T18:15:51","modified_gmt":"2025-10-26T17:15:51","slug":"ensenanzas-iniciales","status":"publish","type":"page","link":"https:\/\/site.educa.madrid.org\/cepa.cidcampeador.madrid\/index.php\/ensenanzas-iniciales\/","title":{"rendered":"Ense\u00f1anzas Iniciales"},"content":{"rendered":"\n<p>No importa cu\u00e1nto tiempo lleves sin estudiar o si nunca tuviste oportunidad&#8230; \u00a1en el CEPA Cid Campeador hay un sitio para ti!<\/p>\n\n\n\n<p>En nuestro centro se pueden cursar los dos niveles de la <strong>Educaci\u00f3n Primaria para Personas Adultas<\/strong>, que abarcan desde alfabetizaci\u00f3n hasta la preparaci\u00f3n necesaria para poder acceder a la Educaci\u00f3n Secundaria.<\/p>\n\n\n\n<p>Al ser un centro\np\u00fablico, la ense\u00f1anza que ofrecemos es gratuita.<\/p>\n\n\n\n<p>\u00a1Inf\u00f3rmate! Puedes preguntarnos por correo electr\u00f3nico, acudiendo al centro o llam\u00e1ndonos por tel\u00e9fono en nuestro <a href=\"https:\/\/site.educa.madrid.org\/cepa.cidcampeador.madrid\/index.php\/secretaria\/\"><strong>horario<\/strong> <strong>de<\/strong> <strong>atenci\u00f3n<\/strong><\/a>.<\/p>\n\n\n\n<p><strong>Los horarios de esta ense\u00f1anza<\/strong> son en turno de tarde el Nivel I y en turno de ma\u00f1ana o de tarde, a elegir, el Nivel II.<\/p>\n\n\n\n<p>Esta ense\u00f1anza permite solicitar la autorizaci\u00f3n de residencia temporal por circunstancias excepcionales de<a href=\"https:\/\/site.educa.madrid.org\/cepa.cidcampeador.madrid\/index.php\/informacion-para-inmigrantes\/\" target=\"_blank\" rel=\"noreferrer noopener\">&nbsp;<strong>arraigo socioformativo<\/strong> para personas migrantes<\/a>.<\/p>\n\n\n<div class=\"wp-block-image\">\n<figure class=\"aligncenter size-large is-resized\"><img loading=\"lazy\" decoding=\"async\" width=\"724\" height=\"1024\" src=\"https:\/\/site.educa.madrid.org\/cepa.cidcampeador.madrid\/\/wp-content\/uploads\/cepa.cidcampeador.madrid\/2023\/07\/CID_INICIALES-724x1024.png\" alt=\"\" class=\"wp-image-4197\" style=\"width:360px\" srcset=\"https:\/\/site.educa.madrid.org\/cepa.cidcampeador.madrid\/\/wp-content\/uploads\/cepa.cidcampeador.madrid\/2023\/07\/CID_INICIALES-724x1024.png 724w, https:\/\/site.educa.madrid.org\/cepa.cidcampeador.madrid\/\/wp-content\/uploads\/cepa.cidcampeador.madrid\/2023\/07\/CID_INICIALES-212x300.png 212w, https:\/\/site.educa.madrid.org\/cepa.cidcampeador.madrid\/\/wp-content\/uploads\/cepa.cidcampeador.madrid\/2023\/07\/CID_INICIALES-768x1086.png 768w, https:\/\/site.educa.madrid.org\/cepa.cidcampeador.madrid\/\/wp-content\/uploads\/cepa.cidcampeador.madrid\/2023\/07\/CID_INICIALES-1086x1536.png 1086w, https:\/\/site.educa.madrid.org\/cepa.cidcampeador.madrid\/\/wp-content\/uploads\/cepa.cidcampeador.madrid\/2023\/07\/CID_INICIALES-1448x2048.png 1448w, https:\/\/site.educa.madrid.org\/cepa.cidcampeador.madrid\/\/wp-content\/uploads\/cepa.cidcampeador.madrid\/2023\/07\/CID_INICIALES.png 1587w\" sizes=\"auto, (max-width: 724px) 100vw, 724px\" \/><\/figure>\n<\/div>","protected":false},"excerpt":{"rendered":"<p>No importa cu\u00e1nto tiempo lleves sin estudiar o si nunca tuviste oportunidad&#8230; \u00a1en el CEPA Cid Campeador hay un sitio para ti! En nuestro centro se pueden cursar los dos niveles de la Educaci\u00f3n Primaria para Personas Adultas, que abarcan desde alfabetizaci\u00f3n hasta la preparaci\u00f3n necesaria para poder acceder a la Educaci\u00f3n Secundaria. Al ser &hellip; <\/p>\n<p class=\"link-more\"><a href=\"https:\/\/site.educa.madrid.org\/cepa.cidcampeador.madrid\/index.php\/ensenanzas-iniciales\/\" class=\"more-link\">Continuar leyendo<span class=\"screen-reader-text\"> \u00abEnse\u00f1anzas Iniciales\u00bb<\/span><\/a><\/p>\n","protected":false},"author":3,"featured_media":0,"parent":0,"menu_order":0,"comment_status":"closed","ping_status":"closed","template":"","meta":{"footnotes":""},"folder":[],"class_list":["post-375","page","type-page","status-publish","hentry"],"rttpg_featured_image_url":null,"rttpg_author":{"display_name":"cepa.cidcampeador.madrid","author_link":"https:\/\/site.educa.madrid.org\/cepa.cidcampeador.madrid\/index.php\/author\/cuenta_cepa-cidcampeador-madrid\/"},"rttpg_comment":0,"rttpg_category":false,"rttpg_excerpt":"No importa cu\u00e1nto tiempo lleves sin estudiar o si nunca tuviste oportunidad&#8230; \u00a1en el CEPA Cid Campeador hay un sitio para ti! En nuestro centro se pueden cursar los dos niveles de la Educaci\u00f3n Primaria para Personas Adultas, que abarcan desde alfabetizaci\u00f3n hasta la preparaci\u00f3n necesaria para poder acceder a la Educaci\u00f3n Secundaria. Al ser&hellip;","post_mailing_queue_ids":[],"_links":{"self":[{"href":"https:\/\/site.educa.madrid.org\/cepa.cidcampeador.madrid\/index.php\/wp-json\/wp\/v2\/pages\/375","targetHints":{"allow":["GET"]}}],"collection":[{"href":"https:\/\/site.educa.madrid.org\/cepa.cidcampeador.madrid\/index.php\/wp-json\/wp\/v2\/pages"}],"about":[{"href":"https:\/\/site.educa.madrid.org\/cepa.cidcampeador.madrid\/index.php\/wp-json\/wp\/v2\/types\/page"}],"author":[{"embeddable":true,"href":"https:\/\/site.educa.madrid.org\/cepa.cidcampeador.madrid\/index.php\/wp-json\/wp\/v2\/users\/3"}],"replies":[{"embeddable":true,"href":"https:\/\/site.educa.madrid.org\/cepa.cidcampeador.madrid\/index.php\/wp-json\/wp\/v2\/comments?post=375"}],"version-history":[{"count":16,"href":"https:\/\/site.educa.madrid.org\/cepa.cidcampeador.madrid\/index.php\/wp-json\/wp\/v2\/pages\/375\/revisions"}],"predecessor-version":[{"id":8061,"href":"https:\/\/site.educa.madrid.org\/cepa.cidcampeador.madrid\/index.php\/wp-json\/wp\/v2\/pages\/375\/revisions\/8061"}],"wp:attachment":[{"href":"https:\/\/site.educa.madrid.org\/cepa.cidcampeador.madrid\/index.php\/wp-json\/wp\/v2\/media?parent=375"}],"wp:term":[{"taxonomy":"folder","embeddable":true,"href":"https:\/\/site.educa.madrid.org\/cepa.cidcampeador.madrid\/index.php\/wp-json\/wp\/v2\/folder?post=375"}],"curies":[{"name":"wp","href":"https:\/\/api.w.org\/{rel}","templated":true}]}}