{"id":3777,"date":"2022-11-25T13:35:25","date_gmt":"2022-11-25T12:35:25","guid":{"rendered":"https:\/\/site.educa.madrid.org\/cepa.cidcampeador.madrid\/?page_id=3777"},"modified":"2024-01-30T12:19:21","modified_gmt":"2024-01-30T11:19:21","slug":"decidnoalacoso","status":"publish","type":"page","link":"https:\/\/site.educa.madrid.org\/cepa.cidcampeador.madrid\/index.php\/decidnoalacoso\/","title":{"rendered":"Proyecto #deCIDNoalAcoso"},"content":{"rendered":"\n<p>(2020-2021)<\/p>\n\n\n\n<p><strong>El Proyecto <em>#deCID<span class=\"has-inline-color has-vivid-red-color\">No<\/span>alACOSO <\/em><\/strong>es un proyecto <strong>interdisciplinar <\/strong>en el que ha participado todo el profesorado y alumnado del centro, <strong>multidireccional <\/strong>porque no solo trata de un enfoque \u00fanico sino que siendo su tema principal el <strong>ACOSO, <\/strong>\u00e9ste se investiga desde diferentes \u00f3pticas, como son los <strong>efectos del acoso en la salud, acoso por motivos hist\u00f3rico-religiosos <\/strong>(Persecuci\u00f3n a los primeros cristianos, Inquisici\u00f3n, Sho\u00e1\/Holocausto), <strong>acoso por motivos raciales <\/strong>(Sho\u00e1, Discurso <em>I have a dream<\/em> de Martin Luther King, Strange fruits, The Discrimination of Afroamerican &amp; Canadian Aboriginal Peoples), <strong>acoso y violencia de la mujer en los textos literarios, cient\u00edficas desconocidas, estad\u00edsticas de acoso escolar<\/strong>, <strong>el mundo contra el acoso, ablaci\u00f3n, acoso a los pueblos <\/strong>y <strong>acoso laboral, <\/strong>e <strong>innovador <\/strong>para el CEPA porque los alumnos son sus \u00fanicos protagonistas, tanto en el proceso como en la exposici\u00f3n de los temas ante sus compa\u00f1eros de otras ense\u00f1anzas.<\/p>\n\n\n\n<p>El viernes por la tarde, el contenido ha sido m\u00e1s bien \u201cl\u00fadico\u201d sin desviarnos del asunto que nos ocupaba. Se inaugur\u00f3 la <strong>Exposici\u00f3n <em>Carteles, Libros y otros Papeles<\/em>, <\/strong>vimos la pel\u00edcula <strong><em>Ad\u00fa<\/em>, <\/strong>los alumnos representaron una parte de la obra teatral de <strong><em>La Zapatera Prodigiosa<\/em> <\/strong>de <strong>Federico Garc\u00eda Lorca <\/strong>y finalizamos con la <strong>M\u00fasica <\/strong>ofrecida por el profesor de FPB y dos de sus alumnos.<\/p>\n\n\n\n<p><strong>La profesora del \u00c1mbito Social, D\u00f1a. Julia Guti\u00e9rrez Ruiz <\/strong>ha dirigido los preparativos de este gran proyecto y gracias a ella con su fortaleza, orientaci\u00f3n e ilusi\u00f3n, ha hecho que tanto el equipo directivo, profesores y personal administrativo de servicios como alumnos de todas las ense\u00f1anzas y niveles del centro, se involucraran con ah\u00ednco y empe\u00f1o en \u00e9l.<\/p>\n\n\n\n<p>Hay que recalcar sobremanera el magn\u00edfico trabajo realizado por el alumnado colaborando con una participaci\u00f3n de dedicaci\u00f3n activa en su producci\u00f3n. Los alumnos han investigado, elaborado y estudiado en profundidad los temas que le han propuesto los profesores\/as de los distintos \u00e1mbitos del conocimiento y desde distintos puntos de vista referidos al tema del ACOSO al que el centro CEPA Cid Campeador dice <strong><span class=\"has-inline-color has-vivid-red-color\">NO<\/span> <\/strong>en may\u00fasculas.<\/p>\n\n\n\n<p>\u00a1\u00a1\u00a1<strong>ENHORABUENA <\/strong>a todo el profesorado y alumnado por vuestro excelente trabajo!!!<\/p>\n\n\n\n<p class=\"has-text-align-center\"><strong>Ana Isabel Su\u00e1rez Garrido, Directora del CEPA Cid Campeador<\/strong><\/p>\n\n\n\n<p>  <\/p>\n\n\n\n<figure class=\"wp-block-embed is-type-video is-provider-youtube wp-block-embed-youtube wp-embed-aspect-4-3 wp-has-aspect-ratio\"><div class=\"wp-block-embed__wrapper\">\n<iframe loading=\"lazy\" title=\"Proyecto Interdisciplinar #deCIDNoalAcoso\" width=\"525\" height=\"394\" src=\"https:\/\/www.youtube.com\/embed\/EHVpIANV7wg?feature=oembed\" frameborder=\"0\" allow=\"accelerometer; autoplay; clipboard-write; encrypted-media; gyroscope; picture-in-picture; web-share\" referrerpolicy=\"strict-origin-when-cross-origin\" allowfullscreen><\/iframe>\n<\/div><\/figure>\n\n\n\n<figure class=\"wp-block-image size-large\"><img loading=\"lazy\" decoding=\"async\" width=\"1024\" height=\"724\" src=\"https:\/\/site.educa.madrid.org\/cepa.cidcampeador.madrid\/\/wp-content\/uploads\/cepa.cidcampeador.madrid\/2021\/04\/JORNADAS-CULTURALES-21_cartel-1-1024x724.jpg\" alt=\"\" class=\"wp-image-2520\" srcset=\"https:\/\/site.educa.madrid.org\/cepa.cidcampeador.madrid\/\/wp-content\/uploads\/cepa.cidcampeador.madrid\/2021\/04\/JORNADAS-CULTURALES-21_cartel-1-1024x724.jpg 1024w, https:\/\/site.educa.madrid.org\/cepa.cidcampeador.madrid\/\/wp-content\/uploads\/cepa.cidcampeador.madrid\/2021\/04\/JORNADAS-CULTURALES-21_cartel-1-300x212.jpg 300w, https:\/\/site.educa.madrid.org\/cepa.cidcampeador.madrid\/\/wp-content\/uploads\/cepa.cidcampeador.madrid\/2021\/04\/JORNADAS-CULTURALES-21_cartel-1-768x543.jpg 768w, https:\/\/site.educa.madrid.org\/cepa.cidcampeador.madrid\/\/wp-content\/uploads\/cepa.cidcampeador.madrid\/2021\/04\/JORNADAS-CULTURALES-21_cartel-1-1536x1086.jpg 1536w, https:\/\/site.educa.madrid.org\/cepa.cidcampeador.madrid\/\/wp-content\/uploads\/cepa.cidcampeador.madrid\/2021\/04\/JORNADAS-CULTURALES-21_cartel-1-2048x1448.jpg 2048w\" sizes=\"auto, (max-width: 767px) 89vw, (max-width: 1000px) 54vw, (max-width: 1071px) 543px, 580px\" \/><\/figure>\n","protected":false},"excerpt":{"rendered":"<p>(2020-2021) El Proyecto #deCIDNoalACOSO es un proyecto interdisciplinar en el que ha participado todo el profesorado y alumnado del centro, multidireccional porque no solo trata de un enfoque \u00fanico sino que siendo su tema principal el ACOSO, \u00e9ste se investiga desde diferentes \u00f3pticas, como son los efectos del acoso en la salud, acoso por motivos &hellip; <\/p>\n<p class=\"link-more\"><a href=\"https:\/\/site.educa.madrid.org\/cepa.cidcampeador.madrid\/index.php\/decidnoalacoso\/\" class=\"more-link\">Continuar leyendo<span class=\"screen-reader-text\"> \u00abProyecto #deCIDNoalAcoso\u00bb<\/span><\/a><\/p>\n","protected":false},"author":2,"featured_media":0,"parent":0,"menu_order":0,"comment_status":"closed","ping_status":"closed","template":"","meta":{"footnotes":""},"folder":[],"class_list":["post-3777","page","type-page","status-publish","hentry"],"rttpg_featured_image_url":null,"rttpg_author":{"display_name":"tic.cepa.cidcampeador.madrid","author_link":"https:\/\/site.educa.madrid.org\/cepa.cidcampeador.madrid\/index.php\/author\/cuenta_tic-cepa-cidcampeador-madrid\/"},"rttpg_comment":0,"rttpg_category":false,"rttpg_excerpt":"(2020-2021) El Proyecto #deCIDNoalACOSO es un proyecto interdisciplinar en el que ha participado todo el profesorado y alumnado del centro, multidireccional porque no solo trata de un enfoque \u00fanico sino que siendo su tema principal el ACOSO, \u00e9ste se investiga desde diferentes \u00f3pticas, como son los efectos del acoso en la salud, acoso por motivos&hellip;","post_mailing_queue_ids":[],"_links":{"self":[{"href":"https:\/\/site.educa.madrid.org\/cepa.cidcampeador.madrid\/index.php\/wp-json\/wp\/v2\/pages\/3777","targetHints":{"allow":["GET"]}}],"collection":[{"href":"https:\/\/site.educa.madrid.org\/cepa.cidcampeador.madrid\/index.php\/wp-json\/wp\/v2\/pages"}],"about":[{"href":"https:\/\/site.educa.madrid.org\/cepa.cidcampeador.madrid\/index.php\/wp-json\/wp\/v2\/types\/page"}],"author":[{"embeddable":true,"href":"https:\/\/site.educa.madrid.org\/cepa.cidcampeador.madrid\/index.php\/wp-json\/wp\/v2\/users\/2"}],"replies":[{"embeddable":true,"href":"https:\/\/site.educa.madrid.org\/cepa.cidcampeador.madrid\/index.php\/wp-json\/wp\/v2\/comments?post=3777"}],"version-history":[{"count":9,"href":"https:\/\/site.educa.madrid.org\/cepa.cidcampeador.madrid\/index.php\/wp-json\/wp\/v2\/pages\/3777\/revisions"}],"predecessor-version":[{"id":5379,"href":"https:\/\/site.educa.madrid.org\/cepa.cidcampeador.madrid\/index.php\/wp-json\/wp\/v2\/pages\/3777\/revisions\/5379"}],"wp:attachment":[{"href":"https:\/\/site.educa.madrid.org\/cepa.cidcampeador.madrid\/index.php\/wp-json\/wp\/v2\/media?parent=3777"}],"wp:term":[{"taxonomy":"folder","embeddable":true,"href":"https:\/\/site.educa.madrid.org\/cepa.cidcampeador.madrid\/index.php\/wp-json\/wp\/v2\/folder?post=3777"}],"curies":[{"name":"wp","href":"https:\/\/api.w.org\/{rel}","templated":true}]}}