{"id":3798,"date":"2022-11-29T10:05:57","date_gmt":"2022-11-29T09:05:57","guid":{"rendered":"https:\/\/site.educa.madrid.org\/cepa.cidcampeador.madrid\/?page_id=3798"},"modified":"2024-01-30T12:18:33","modified_gmt":"2024-01-30T11:18:33","slug":"proyecto-artecid","status":"publish","type":"page","link":"https:\/\/site.educa.madrid.org\/cepa.cidcampeador.madrid\/index.php\/proyecto-artecid\/","title":{"rendered":"Proyecto #arteCID"},"content":{"rendered":"\n<p>(2019-2020)<\/p>\n\n\n\n<figure class=\"wp-block-image size-large is-resized\"><img loading=\"lazy\" decoding=\"async\" src=\"https:\/\/site.educa.madrid.org\/cepa.cidcampeador.madrid\/\/wp-content\/uploads\/cepa.cidcampeador.madrid\/2020\/06\/T\u00edtulo-arteCID.jpg\" alt=\"\" class=\"wp-image-1732\" width=\"733\" height=\"222\" srcset=\"https:\/\/site.educa.madrid.org\/cepa.cidcampeador.madrid\/\/wp-content\/uploads\/cepa.cidcampeador.madrid\/2020\/06\/T\u00edtulo-arteCID.jpg 631w, https:\/\/site.educa.madrid.org\/cepa.cidcampeador.madrid\/\/wp-content\/uploads\/cepa.cidcampeador.madrid\/2020\/06\/T\u00edtulo-arteCID-300x91.jpg 300w\" sizes=\"auto, (max-width: 733px) 100vw, 733px\" \/><\/figure>\n\n\n\n<p><strong>\u201cUna obra de arte es un gozo eterno.\u201d \u2013 John Keats<\/strong><\/p>\n\n\n\n<p>Como sugiere la cita del poeta rom\u00e1ntico ingl\u00e9s, el arte tiene la capacidad de deleitarnos y provocar emociones puras que permanecen en nuestra memoria, emociones que cuestan tanto olvidar. Por ello, desde el <strong>#CEPACidCampeador<\/strong>, dise\u00f1amos el proyecto interdisciplinar <strong>#arteCID<\/strong>, con el fin de sensibilizar al alumnado en m\u00faltiples manifestaciones art\u00edsticas y desarrollar su creatividad y sentido est\u00e9tico desde distintas perspectivas. La idea nac\u00eda del inter\u00e9s en involucrar al alumnado en un trabajo colaborativo y creativo que les permitiera acercarse al arte desde distintos prismas y as\u00ed percibir c\u00f3mo las expresiones art\u00edsticas se pueden relacionar con cada una de las materias del curso.<\/p>\n\n\n\n<p>El proyecto inici\u00f3 su andadura en la era pre-COVID y ten\u00eda el objetivo de concluir en un gran fest\u00edn de centro elaborado por los alumnos de FPB Cocina y Restauraci\u00f3n el 1 de abril, donde se visualizar\u00edan los proyectos ideados en cada curso y se degustar\u00edan los platos dise\u00f1ados por el alumnado. Sin embargo, la pandemia y obligada reclusi\u00f3n no nos permitieron culminar en un gran d\u00eda de celebraci\u00f3n gastron\u00f3mica y art\u00edstica, que queda pendiente para un futuro esperamos muy pr\u00f3ximo, eso s\u00ed, con distanciamiento social por el momento.<\/p>\n\n\n\n<p><a rel=\"noreferrer noopener\" href=\"https:\/\/site.educa.madrid.org\/cepa.cidcampeador.madrid\/\/wp-content\/uploads\/cepa.cidcampeador.madrid\/2020\/06\/Proyecto-arteCID-19-20.pdf\" target=\"_blank\">Pincha AQU\u00cd<\/a> para disfrutar de las muestras de <strong>proyectos de #arteCID<\/strong> desarrollados en distintas ense\u00f1anzas.<\/p>\n\n\n\n<figure class=\"wp-block-image size-large is-resized\"><a href=\"https:\/\/site.educa.madrid.org\/cepa.cidcampeador.madrid\/\/wp-content\/uploads\/cepa.cidcampeador.madrid\/2020\/06\/Proyecto-arteCID-19-20.pdf\" target=\"_blank\" rel=\"noopener noreferrer\"><img loading=\"lazy\" decoding=\"async\" src=\"https:\/\/site.educa.madrid.org\/cepa.cidcampeador.madrid\/\/wp-content\/uploads\/cepa.cidcampeador.madrid\/2020\/06\/Im\u00e1genes-arteCID.jpg\" alt=\"\" class=\"wp-image-1734\" width=\"717\" height=\"538\" srcset=\"https:\/\/site.educa.madrid.org\/cepa.cidcampeador.madrid\/\/wp-content\/uploads\/cepa.cidcampeador.madrid\/2020\/06\/Im\u00e1genes-arteCID.jpg 960w, https:\/\/site.educa.madrid.org\/cepa.cidcampeador.madrid\/\/wp-content\/uploads\/cepa.cidcampeador.madrid\/2020\/06\/Im\u00e1genes-arteCID-300x225.jpg 300w, https:\/\/site.educa.madrid.org\/cepa.cidcampeador.madrid\/\/wp-content\/uploads\/cepa.cidcampeador.madrid\/2020\/06\/Im\u00e1genes-arteCID-768x576.jpg 768w\" sizes=\"auto, (max-width: 717px) 100vw, 717px\" \/><\/a><\/figure>\n\n\n\n<hr class=\"wp-block-separator has-text-color has-vivid-purple-color has-css-opacity has-vivid-purple-background-color has-background is-style-dots\"\/>\n\n\n\n<h1 class=\"wp-block-heading\">Visita al Museo del Prado #arteCID<\/h1>\n\n\n\n<p>Ayer l@s alumn@s del grupo de Nivel I de #Educaci\u00f3nSecundaria de la tarde del #CEPACidCampeador visitaron el museo del Prado.<\/p>\n\n\n\n<p>A modo de introducci\u00f3n al proyecto #arteCID, los propios alumnos explicaron una selecci\u00f3n de cuadros.<\/p>\n\n\n\n<p>Seg\u00fan una de ellos: \u00abha sido una experiencia espectacular, ya que no hab\u00eda visto nada as\u00ed antes\u00bb.<\/p>\n\n\n<div class=\"wp-block-image\">\n<figure class=\"aligncenter\"><img loading=\"lazy\" decoding=\"async\" width=\"819\" height=\"1024\" src=\"https:\/\/site.educa.madrid.org\/cepa.cidcampeador.madrid\/\/wp-content\/uploads\/cepa.cidcampeador.madrid\/2020\/02\/IMG_20200227_005234_204-819x1024.jpg\" alt=\"\" class=\"wp-image-1287\" srcset=\"https:\/\/site.educa.madrid.org\/cepa.cidcampeador.madrid\/\/wp-content\/uploads\/cepa.cidcampeador.madrid\/2020\/02\/IMG_20200227_005234_204-819x1024.jpg 819w, https:\/\/site.educa.madrid.org\/cepa.cidcampeador.madrid\/\/wp-content\/uploads\/cepa.cidcampeador.madrid\/2020\/02\/IMG_20200227_005234_204-240x300.jpg 240w, https:\/\/site.educa.madrid.org\/cepa.cidcampeador.madrid\/\/wp-content\/uploads\/cepa.cidcampeador.madrid\/2020\/02\/IMG_20200227_005234_204-768x960.jpg 768w, https:\/\/site.educa.madrid.org\/cepa.cidcampeador.madrid\/\/wp-content\/uploads\/cepa.cidcampeador.madrid\/2020\/02\/IMG_20200227_005234_204.jpg 1200w\" sizes=\"auto, (max-width: 767px) 89vw, (max-width: 1000px) 54vw, (max-width: 1071px) 543px, 580px\" \/><figcaption class=\"wp-element-caption\">Alumn@s del Nivel I de Educaci\u00f3n Secundaria en el CEPA Cid Campeador<\/figcaption><\/figure>\n<\/div>\n\n\n<p>Hoy tambi\u00e9n fueron al Prado alumn@s del Nivel II de #Educaci\u00f3nSecundaria y de #OFHistoriadelArte, expresando como \u00abgenial, genial\u00bb sus impresiones tras la actividad.<\/p>\n\n\n<div class=\"wp-block-image\">\n<figure class=\"aligncenter\"><img loading=\"lazy\" decoding=\"async\" width=\"1024\" height=\"611\" src=\"https:\/\/site.educa.madrid.org\/cepa.cidcampeador.madrid\/\/wp-content\/uploads\/cepa.cidcampeador.madrid\/2020\/02\/Screenshot_20200227-0057452-1024x611.png\" alt=\"\" class=\"wp-image-1288\" srcset=\"https:\/\/site.educa.madrid.org\/cepa.cidcampeador.madrid\/\/wp-content\/uploads\/cepa.cidcampeador.madrid\/2020\/02\/Screenshot_20200227-0057452-1024x611.png 1024w, https:\/\/site.educa.madrid.org\/cepa.cidcampeador.madrid\/\/wp-content\/uploads\/cepa.cidcampeador.madrid\/2020\/02\/Screenshot_20200227-0057452-300x179.png 300w, https:\/\/site.educa.madrid.org\/cepa.cidcampeador.madrid\/\/wp-content\/uploads\/cepa.cidcampeador.madrid\/2020\/02\/Screenshot_20200227-0057452-768x458.png 768w, https:\/\/site.educa.madrid.org\/cepa.cidcampeador.madrid\/\/wp-content\/uploads\/cepa.cidcampeador.madrid\/2020\/02\/Screenshot_20200227-0057452.png 1080w\" sizes=\"auto, (max-width: 767px) 89vw, (max-width: 1000px) 54vw, (max-width: 1071px) 543px, 580px\" \/><figcaption class=\"wp-element-caption\">Museo del Prado, Madrid.<\/figcaption><\/figure>\n<\/div>\n\n\n<h1 class=\"wp-block-heading\">Cena de Autor #arteCID<\/h1>\n\n\n\n<p>En el proyecto interdisciplinar de centro #arteCID promovemos acercar el arte y sus distintas representaciones y tendencias a los alumnos del #CEPACidCampeador.<\/p>\n\n\n\n<p>Dentro de este proyecto, los alumnos de #FPBCocinayRestauraci\u00f3n han investigado sobre cocineros de vanguardia y sus elaboraciones y presentaciones m\u00e1s emblem\u00e1ticas, aquellas por las que podemos decir que la gastronom\u00eda es una nueva forma de expresi\u00f3n art\u00edstica.<\/p>\n\n\n\n<p>Este trabajo de investigaci\u00f3n se ha visto plasmado en el men\u00fa que se presentar\u00e1 este viernes 14 de febrero.<\/p>\n\n\n<div class=\"n2-section-smartslider fitvidsignore  n2_clear\" data-ssid=\"14\"><div id=\"n2-ss-14-align\" class=\"n2-ss-align\"><div class=\"n2-padding\"><div id=\"n2-ss-14\" data-creator=\"Smart Slider 3\" data-responsive=\"auto\" class=\"n2-ss-slider n2-ow n2-has-hover n2notransition  \"><div class=\"n2-ss-slider-wrapper-inside\">\n        <div class=\"n2-ss-slider-1 n2_ss__touch_element n2-ow\">\n            <div class=\"n2-ss-slider-2 n2-ow\">\n                                                    <div class=\"n2-ss-background-animation n2-ow\"><\/div>\n                                <div class=\"n2-ss-slider-3 n2-ow\">\n\n                    <div class=\"n2-ss-slide-backgrounds n2-ow-all\"><div class=\"n2-ss-slide-background\" data-public-id=\"1\" data-mode=\"fit\"><div class=\"n2-ss-slide-background-image\" data-blur=\"0\" data-opacity=\"100\" data-x=\"50\" data-y=\"50\" data-alt=\"\" data-title=\"\"><picture class=\"skip-lazy\" data-skip-lazy=\"1\"><img decoding=\"async\" src=\"\/\/site.educa.madrid.org\/cepa.cidcampeador.madrid\/\/wp-content\/uploads\/cepa.cidcampeador.madrid\/2020\/02\/Cena-Cocina-de-Autor-Proyecto-arteCID_14-febrero-2020_p\u00e1gina-2.jpg\" alt=\"\" title=\"\" loading=\"lazy\" class=\"skip-lazy\" data-skip-lazy=\"1\"><\/picture><\/div><div data-color=\"RGBA(255,255,255,0)\" style=\"background-color: RGBA(255,255,255,0);\" class=\"n2-ss-slide-background-color\"><\/div><\/div><div class=\"n2-ss-slide-background\" data-public-id=\"2\" data-mode=\"fit\"><div class=\"n2-ss-slide-background-image\" data-blur=\"0\" data-opacity=\"100\" data-x=\"50\" data-y=\"50\" data-alt=\"\" data-title=\"\"><picture class=\"skip-lazy\" data-skip-lazy=\"1\"><img decoding=\"async\" src=\"\/\/site.educa.madrid.org\/cepa.cidcampeador.madrid\/\/wp-content\/uploads\/cepa.cidcampeador.madrid\/2020\/02\/Cena-Cocina-de-Autor-Proyecto-arteCID_14-febrero-2020_p\u00e1gina-1.jpg\" alt=\"\" title=\"\" loading=\"lazy\" class=\"skip-lazy\" data-skip-lazy=\"1\"><\/picture><\/div><div data-color=\"RGBA(255,255,255,0)\" style=\"background-color: RGBA(255,255,255,0);\" class=\"n2-ss-slide-background-color\"><\/div><\/div><div class=\"n2-ss-slide-background\" data-public-id=\"3\" data-mode=\"fit\"><div class=\"n2-ss-slide-background-image\" data-blur=\"0\" data-opacity=\"100\" data-x=\"50\" data-y=\"50\" data-alt=\"\" data-title=\"\"><picture class=\"skip-lazy\" data-skip-lazy=\"1\"><img decoding=\"async\" src=\"\/\/site.educa.madrid.org\/cepa.cidcampeador.madrid\/\/wp-content\/uploads\/cepa.cidcampeador.madrid\/2020\/02\/2020_02_14_PAPELITOS-PARA-BOLSAS-GALLETAS_Invitados-UTE-ISNP-SUPE_arreglado.jpg\" alt=\"\" title=\"\" loading=\"lazy\" class=\"skip-lazy\" data-skip-lazy=\"1\"><\/picture><\/div><div data-color=\"RGBA(255,255,255,0)\" style=\"background-color: RGBA(255,255,255,0);\" class=\"n2-ss-slide-background-color\"><\/div><\/div><\/div>                    <div class=\"n2-ss-slider-4 n2-ow\">\n                        <svg xmlns=\"http:\/\/www.w3.org\/2000\/svg\" viewBox=\"0 0 1200 600\" data-related-device=\"desktopPortrait\" class=\"n2-ow n2-ss-preserve-size n2-ss-preserve-size--slider n2-ss-slide-limiter\"><\/svg><div data-first=\"1\" data-slide-duration=\"0\" data-id=\"125\" data-slide-public-id=\"1\" data-title=\"Cena-Cocina-de-Autor-Proyecto-arteCID_14-febrero-2020_p\u00e1gina-2\" class=\"n2-ss-slide n2-ow  n2-ss-slide-125\"><div role=\"note\" class=\"n2-ss-slide--focus\" tabindex=\"-1\">Cena-Cocina-de-Autor-Proyecto-arteCID_14-febrero-2020_p\u00e1gina-2<\/div><div class=\"n2-ss-layers-container n2-ss-slide-limiter n2-ow\"><div class=\"n2-ss-layer n2-ow n-uc-fP7JMYjRe3u3\" data-sstype=\"slide\" data-pm=\"default\"><div class=\"n2-ss-layer n2-ow n-uc-umgL5ZHKXZnt\" data-pm=\"default\" data-sstype=\"content\" data-hasbackground=\"0\"><div class=\"n2-ss-section-main-content n2-ss-layer-with-background n2-ss-layer-content n2-ow n-uc-umgL5ZHKXZnt-inner\"><div class=\"n2-ss-layer n2-ow n-uc-xhkkfaVMnSsx\" data-pm=\"normal\" data-sstype=\"layer\"><div class=\" n2-ss-item-image-content n2-ss-item-content n2-ow-all\"><img loading=\"lazy\" decoding=\"async\" id=\"n2-ss-14item1\" alt=\"\" class=\"skip-lazy\" width=\"827\" height=\"827\" data-skip-lazy=\"1\" src=\"\/\/site.educa.madrid.org\/cepa.cidcampeador.madrid\/\/wp-content\/uploads\/cepa.cidcampeador.madrid\/2020\/02\/Cena-Cocina-de-Autor-Proyecto-arteCID_14-febrero-2020_p\u00e1gina-2.jpg\" \/><\/div><\/div><\/div><\/div><\/div><\/div><\/div><div data-slide-duration=\"0\" data-id=\"127\" data-slide-public-id=\"2\" data-title=\"Cena-Cocina-de-Autor-Proyecto-arteCID_14-febrero-2020_p\u00e1gina-1\" class=\"n2-ss-slide n2-ow  n2-ss-slide-127\"><div role=\"note\" class=\"n2-ss-slide--focus\" tabindex=\"-1\">Cena-Cocina-de-Autor-Proyecto-arteCID_14-febrero-2020_p\u00e1gina-1<\/div><div class=\"n2-ss-layers-container n2-ss-slide-limiter n2-ow\"><div class=\"n2-ss-layer n2-ow n-uc-lWffBgCyls6V\" data-sstype=\"slide\" data-pm=\"default\"><div class=\"n2-ss-layer n2-ow n-uc-mTLzJp2t4azK\" data-pm=\"default\" data-sstype=\"content\" data-hasbackground=\"0\"><div class=\"n2-ss-section-main-content n2-ss-layer-with-background n2-ss-layer-content n2-ow n-uc-mTLzJp2t4azK-inner\"><div class=\"n2-ss-layer n2-ow n-uc-Y8cESxoFeXCb\" data-pm=\"normal\" data-sstype=\"layer\"><div class=\" n2-ss-item-image-content n2-ss-item-content n2-ow-all\"><img decoding=\"async\" id=\"n2-ss-14item2\" alt=\"\" class=\"skip-lazy\" loading=\"lazy\" width=\"827\" height=\"827\" data-skip-lazy=\"1\" src=\"\/\/site.educa.madrid.org\/cepa.cidcampeador.madrid\/\/wp-content\/uploads\/cepa.cidcampeador.madrid\/2020\/02\/Cena-Cocina-de-Autor-Proyecto-arteCID_14-febrero-2020_p\u00e1gina-1.jpg\" \/><\/div><\/div><\/div><\/div><\/div><\/div><\/div><div data-slide-duration=\"0\" data-id=\"128\" data-slide-public-id=\"3\" data-title=\"2020_02_14_PAPELITOS-PARA-BOLSAS-GALLETAS_Invitados-UTE-ISNP-SUPE_arreglado\" class=\"n2-ss-slide n2-ow  n2-ss-slide-128\"><div role=\"note\" class=\"n2-ss-slide--focus\" tabindex=\"-1\">2020_02_14_PAPELITOS-PARA-BOLSAS-GALLETAS_Invitados-UTE-ISNP-SUPE_arreglado<\/div><div class=\"n2-ss-layers-container n2-ss-slide-limiter n2-ow\"><div class=\"n2-ss-layer n2-ow n-uc-9wddk9p555mr\" data-sstype=\"slide\" data-pm=\"default\"><div class=\"n2-ss-layer n2-ow n-uc-sfnLsSy7CN0s\" data-pm=\"default\" data-sstype=\"content\" data-hasbackground=\"0\"><div class=\"n2-ss-section-main-content n2-ss-layer-with-background n2-ss-layer-content n2-ow n-uc-sfnLsSy7CN0s-inner\"><div class=\"n2-ss-layer n2-ow n-uc-fsIPQoh1pvZL\" data-pm=\"normal\" data-sstype=\"layer\"><div class=\" n2-ss-item-image-content n2-ss-item-content n2-ow-all\"><img decoding=\"async\" id=\"n2-ss-14item3\" alt=\"\" class=\"skip-lazy\" loading=\"lazy\" width=\"1587\" height=\"2245\" data-skip-lazy=\"1\" src=\"\/\/site.educa.madrid.org\/cepa.cidcampeador.madrid\/\/wp-content\/uploads\/cepa.cidcampeador.madrid\/2020\/02\/2020_02_14_PAPELITOS-PARA-BOLSAS-GALLETAS_Invitados-UTE-ISNP-SUPE_arreglado.jpg\" \/><\/div><\/div><\/div><\/div><\/div><\/div><\/div>                    <\/div>\n\n                                    <\/div>\n            <\/div>\n        <\/div>\n        <div class=\"n2-ss-slider-controls n2-ss-slider-controls-absolute-left-center\"><div style=\"--widget-offset:15px;\" class=\"n2-ss-widget nextend-arrow n2-ow-all nextend-arrow-previous  nextend-arrow-animated-fade\" data-hide-mobileportrait=\"1\" id=\"n2-ss-14-arrow-previous\" role=\"button\" aria-label=\"previous arrow\" tabindex=\"0\"><img loading=\"lazy\" decoding=\"async\" width=\"32\" height=\"32\" class=\"skip-lazy\" data-skip-lazy=\"1\" src=\"data:image\/svg+xml;base64,PHN2ZyB3aWR0aD0iMzIiIGhlaWdodD0iMzIiIHZpZXdCb3g9IjAgMCAzMiAzMiIgeG1sbnM9Imh0dHA6Ly93d3cudzMub3JnLzIwMDAvc3ZnIj4KICAgIDxwYXRoIGQ9Ik0xMS40MzMgMTUuOTkyTDIyLjY5IDUuNzEyYy4zOTMtLjM5LjM5My0xLjAzIDAtMS40Mi0uMzkzLS4zOS0xLjAzLS4zOS0xLjQyMyAwbC0xMS45OCAxMC45NGMtLjIxLjIxLS4zLjQ5LS4yODUuNzYtLjAxNS4yOC4wNzUuNTYuMjg0Ljc3bDExLjk4IDEwLjk0Yy4zOTMuMzkgMS4wMy4zOSAxLjQyNCAwIC4zOTMtLjQuMzkzLTEuMDMgMC0xLjQybC0xMS4yNTctMTAuMjkiCiAgICAgICAgICBmaWxsPSIjZmZmZmZmIiBvcGFjaXR5PSIwLjgiIGZpbGwtcnVsZT0iZXZlbm9kZCIvPgo8L3N2Zz4=\" alt=\"previous arrow\"><\/div><\/div><div class=\"n2-ss-slider-controls n2-ss-slider-controls-absolute-right-center\"><div style=\"--widget-offset:15px;\" class=\"n2-ss-widget nextend-arrow n2-ow-all nextend-arrow-next  nextend-arrow-animated-fade\" data-hide-mobileportrait=\"1\" id=\"n2-ss-14-arrow-next\" role=\"button\" aria-label=\"next arrow\" tabindex=\"0\"><img loading=\"lazy\" decoding=\"async\" width=\"32\" height=\"32\" class=\"skip-lazy\" data-skip-lazy=\"1\" src=\"data:image\/svg+xml;base64,PHN2ZyB3aWR0aD0iMzIiIGhlaWdodD0iMzIiIHZpZXdCb3g9IjAgMCAzMiAzMiIgeG1sbnM9Imh0dHA6Ly93d3cudzMub3JnLzIwMDAvc3ZnIj4KICAgIDxwYXRoIGQ9Ik0xMC43MjIgNC4yOTNjLS4zOTQtLjM5LTEuMDMyLS4zOS0xLjQyNyAwLS4zOTMuMzktLjM5MyAxLjAzIDAgMS40MmwxMS4yODMgMTAuMjgtMTEuMjgzIDEwLjI5Yy0uMzkzLjM5LS4zOTMgMS4wMiAwIDEuNDIuMzk1LjM5IDEuMDMzLjM5IDEuNDI3IDBsMTIuMDA3LTEwLjk0Yy4yMS0uMjEuMy0uNDkuMjg0LS43Ny4wMTQtLjI3LS4wNzYtLjU1LS4yODYtLjc2TDEwLjcyIDQuMjkzeiIKICAgICAgICAgIGZpbGw9IiNmZmZmZmYiIG9wYWNpdHk9IjAuOCIgZmlsbC1ydWxlPSJldmVub2RkIi8+Cjwvc3ZnPg==\" alt=\"next arrow\"><\/div><\/div><\/div><\/div><ss3-loader><\/ss3-loader><\/div><\/div><div class=\"n2_clear\"><\/div><\/div>\n\n\n<hr class=\"wp-block-separator has-css-opacity is-style-dots\"\/>\n\n\n\n<p><strong>\u00a1Excelente la cena de ayer en el #CEPACidCampeador!<\/strong>, aportaci\u00f3n de #FPBCocinayRestauraci\u00f3n al proyecto #arteCID con el que este a\u00f1o acercamos el arte a las distintas disciplinas ofertadas en nuestro Centro de Educaci\u00f3n de Personas Adultas.<\/p>\n\n\n\n<p>Agradecemos de coraz\u00f3n el haber contado hoy con la visita de personalidades de distintos \u00e1mbitos de la Consejer\u00eda de Educaci\u00f3n, que han podido experimentar la labor educativa llevada a cabo en esta ense\u00f1anza.<\/p>\n\n\n\n<p>Alabamos el trabajo de alumnos\/as y profesores\/as mientras degust\u00e1bamos platos de vanguardia que nos han hecho \u00abtener que agarrarnos para no salir flotando\u00bb, como dijo uno de los comensales.<\/p>\n\n\n<div class=\"wp-block-image\">\n<figure class=\"aligncenter\"><img loading=\"lazy\" decoding=\"async\" width=\"1024\" height=\"1024\" src=\"https:\/\/site.educa.madrid.org\/cepa.cidcampeador.madrid\/\/wp-content\/uploads\/cepa.cidcampeador.madrid\/2020\/02\/IMG-20200214-WA0031-1024x1024.jpg\" alt=\"\" class=\"wp-image-1247\" srcset=\"https:\/\/site.educa.madrid.org\/cepa.cidcampeador.madrid\/\/wp-content\/uploads\/cepa.cidcampeador.madrid\/2020\/02\/IMG-20200214-WA0031-1024x1024.jpg 1024w, https:\/\/site.educa.madrid.org\/cepa.cidcampeador.madrid\/\/wp-content\/uploads\/cepa.cidcampeador.madrid\/2020\/02\/IMG-20200214-WA0031-150x150.jpg 150w, https:\/\/site.educa.madrid.org\/cepa.cidcampeador.madrid\/\/wp-content\/uploads\/cepa.cidcampeador.madrid\/2020\/02\/IMG-20200214-WA0031-300x300.jpg 300w, https:\/\/site.educa.madrid.org\/cepa.cidcampeador.madrid\/\/wp-content\/uploads\/cepa.cidcampeador.madrid\/2020\/02\/IMG-20200214-WA0031-768x768.jpg 768w, https:\/\/site.educa.madrid.org\/cepa.cidcampeador.madrid\/\/wp-content\/uploads\/cepa.cidcampeador.madrid\/2020\/02\/IMG-20200214-WA0031-100x100.jpg 100w, https:\/\/site.educa.madrid.org\/cepa.cidcampeador.madrid\/\/wp-content\/uploads\/cepa.cidcampeador.madrid\/2020\/02\/IMG-20200214-WA0031.jpg 1599w\" sizes=\"auto, (max-width: 767px) 89vw, (max-width: 1000px) 54vw, (max-width: 1071px) 543px, 580px\" \/><\/figure>\n<\/div>\n\n<div class=\"wp-block-image\">\n<figure class=\"aligncenter\"><img loading=\"lazy\" decoding=\"async\" width=\"1024\" height=\"1024\" src=\"https:\/\/site.educa.madrid.org\/cepa.cidcampeador.madrid\/\/wp-content\/uploads\/cepa.cidcampeador.madrid\/2020\/02\/inCollage_20200215_004943007-1024x1024.jpg\" alt=\"\" class=\"wp-image-1248\" srcset=\"https:\/\/site.educa.madrid.org\/cepa.cidcampeador.madrid\/\/wp-content\/uploads\/cepa.cidcampeador.madrid\/2020\/02\/inCollage_20200215_004943007-1024x1024.jpg 1024w, https:\/\/site.educa.madrid.org\/cepa.cidcampeador.madrid\/\/wp-content\/uploads\/cepa.cidcampeador.madrid\/2020\/02\/inCollage_20200215_004943007-150x150.jpg 150w, https:\/\/site.educa.madrid.org\/cepa.cidcampeador.madrid\/\/wp-content\/uploads\/cepa.cidcampeador.madrid\/2020\/02\/inCollage_20200215_004943007-300x300.jpg 300w, https:\/\/site.educa.madrid.org\/cepa.cidcampeador.madrid\/\/wp-content\/uploads\/cepa.cidcampeador.madrid\/2020\/02\/inCollage_20200215_004943007-768x768.jpg 768w, https:\/\/site.educa.madrid.org\/cepa.cidcampeador.madrid\/\/wp-content\/uploads\/cepa.cidcampeador.madrid\/2020\/02\/inCollage_20200215_004943007-100x100.jpg 100w, https:\/\/site.educa.madrid.org\/cepa.cidcampeador.madrid\/\/wp-content\/uploads\/cepa.cidcampeador.madrid\/2020\/02\/inCollage_20200215_004943007.jpg 1920w\" sizes=\"auto, (max-width: 767px) 89vw, (max-width: 1000px) 54vw, (max-width: 1071px) 543px, 580px\" \/><\/figure>\n<\/div>","protected":false},"excerpt":{"rendered":"<p>(2019-2020) \u201cUna obra de arte es un gozo eterno.\u201d \u2013 John Keats Como sugiere la cita del poeta rom\u00e1ntico ingl\u00e9s, el arte tiene la capacidad de deleitarnos y provocar emociones puras que permanecen en nuestra memoria, emociones que cuestan tanto olvidar. Por ello, desde el #CEPACidCampeador, dise\u00f1amos el proyecto interdisciplinar #arteCID, con el fin de &hellip; <\/p>\n<p class=\"link-more\"><a href=\"https:\/\/site.educa.madrid.org\/cepa.cidcampeador.madrid\/index.php\/proyecto-artecid\/\" class=\"more-link\">Continuar leyendo<span class=\"screen-reader-text\"> \u00abProyecto #arteCID\u00bb<\/span><\/a><\/p>\n","protected":false},"author":2,"featured_media":0,"parent":0,"menu_order":0,"comment_status":"closed","ping_status":"closed","template":"","meta":{"footnotes":""},"folder":[],"class_list":["post-3798","page","type-page","status-publish","hentry"],"rttpg_featured_image_url":null,"rttpg_author":{"display_name":"tic.cepa.cidcampeador.madrid","author_link":"https:\/\/site.educa.madrid.org\/cepa.cidcampeador.madrid\/index.php\/author\/cuenta_tic-cepa-cidcampeador-madrid\/"},"rttpg_comment":0,"rttpg_category":false,"rttpg_excerpt":"(2019-2020) \u201cUna obra de arte es un gozo eterno.\u201d \u2013 John Keats Como sugiere la cita del poeta rom\u00e1ntico ingl\u00e9s, el arte tiene la capacidad de deleitarnos y provocar emociones puras que permanecen en nuestra memoria, emociones que cuestan tanto olvidar. Por ello, desde el #CEPACidCampeador, dise\u00f1amos el proyecto interdisciplinar #arteCID, con el fin de&hellip;","post_mailing_queue_ids":[],"_links":{"self":[{"href":"https:\/\/site.educa.madrid.org\/cepa.cidcampeador.madrid\/index.php\/wp-json\/wp\/v2\/pages\/3798","targetHints":{"allow":["GET"]}}],"collection":[{"href":"https:\/\/site.educa.madrid.org\/cepa.cidcampeador.madrid\/index.php\/wp-json\/wp\/v2\/pages"}],"about":[{"href":"https:\/\/site.educa.madrid.org\/cepa.cidcampeador.madrid\/index.php\/wp-json\/wp\/v2\/types\/page"}],"author":[{"embeddable":true,"href":"https:\/\/site.educa.madrid.org\/cepa.cidcampeador.madrid\/index.php\/wp-json\/wp\/v2\/users\/2"}],"replies":[{"embeddable":true,"href":"https:\/\/site.educa.madrid.org\/cepa.cidcampeador.madrid\/index.php\/wp-json\/wp\/v2\/comments?post=3798"}],"version-history":[{"count":11,"href":"https:\/\/site.educa.madrid.org\/cepa.cidcampeador.madrid\/index.php\/wp-json\/wp\/v2\/pages\/3798\/revisions"}],"predecessor-version":[{"id":5377,"href":"https:\/\/site.educa.madrid.org\/cepa.cidcampeador.madrid\/index.php\/wp-json\/wp\/v2\/pages\/3798\/revisions\/5377"}],"wp:attachment":[{"href":"https:\/\/site.educa.madrid.org\/cepa.cidcampeador.madrid\/index.php\/wp-json\/wp\/v2\/media?parent=3798"}],"wp:term":[{"taxonomy":"folder","embeddable":true,"href":"https:\/\/site.educa.madrid.org\/cepa.cidcampeador.madrid\/index.php\/wp-json\/wp\/v2\/folder?post=3798"}],"curies":[{"name":"wp","href":"https:\/\/api.w.org\/{rel}","templated":true}]}}