{"id":3847,"date":"2026-01-01T00:42:27","date_gmt":"2025-12-31T23:42:27","guid":{"rendered":"https:\/\/site.educa.madrid.org\/cepa.cidcampeador.madrid\/?page_id=3847"},"modified":"2026-01-02T19:28:52","modified_gmt":"2026-01-02T18:28:52","slug":"pruebas-libres-para-la-obtencion-del-titulo-de-graduado-en-educacion-secundaria-obligatoria","status":"publish","type":"page","link":"https:\/\/site.educa.madrid.org\/cepa.cidcampeador.madrid\/index.php\/pruebas-libres-para-la-obtencion-del-titulo-de-graduado-en-educacion-secundaria-obligatoria\/","title":{"rendered":"Pruebas Libres ESO"},"content":{"rendered":"<div class=\"wp-block-image\">\n<figure class=\"aligncenter size-large is-resized\"><img loading=\"lazy\" decoding=\"async\" width=\"1024\" height=\"1024\" src=\"https:\/\/site.educa.madrid.org\/cepa.cidcampeador.madrid\/\/wp-content\/uploads\/cepa.cidcampeador.madrid\/2026\/01\/Pruebas-Libres-25-26-convocatoria-unica--1024x1024.png\" alt=\"\" class=\"wp-image-8317\" style=\"width:386px;height:386px\" srcset=\"https:\/\/site.educa.madrid.org\/cepa.cidcampeador.madrid\/\/wp-content\/uploads\/cepa.cidcampeador.madrid\/2026\/01\/Pruebas-Libres-25-26-convocatoria-unica--1024x1024.png 1024w, https:\/\/site.educa.madrid.org\/cepa.cidcampeador.madrid\/\/wp-content\/uploads\/cepa.cidcampeador.madrid\/2026\/01\/Pruebas-Libres-25-26-convocatoria-unica--300x300.png 300w, https:\/\/site.educa.madrid.org\/cepa.cidcampeador.madrid\/\/wp-content\/uploads\/cepa.cidcampeador.madrid\/2026\/01\/Pruebas-Libres-25-26-convocatoria-unica--150x150.png 150w, https:\/\/site.educa.madrid.org\/cepa.cidcampeador.madrid\/\/wp-content\/uploads\/cepa.cidcampeador.madrid\/2026\/01\/Pruebas-Libres-25-26-convocatoria-unica--768x768.png 768w, https:\/\/site.educa.madrid.org\/cepa.cidcampeador.madrid\/\/wp-content\/uploads\/cepa.cidcampeador.madrid\/2026\/01\/Pruebas-Libres-25-26-convocatoria-unica--500x500.png 500w, https:\/\/site.educa.madrid.org\/cepa.cidcampeador.madrid\/\/wp-content\/uploads\/cepa.cidcampeador.madrid\/2026\/01\/Pruebas-Libres-25-26-convocatoria-unica--100x100.png 100w, https:\/\/site.educa.madrid.org\/cepa.cidcampeador.madrid\/\/wp-content\/uploads\/cepa.cidcampeador.madrid\/2026\/01\/Pruebas-Libres-25-26-convocatoria-unica-.png 1080w\" sizes=\"auto, (max-width: 767px) 89vw, (max-width: 1000px) 54vw, (max-width: 1071px) 543px, 580px\" \/><\/figure>\n<\/div>\n\n\n<h2 class=\"wp-block-heading\"><strong>Pruebas Libres para la obtenci\u00f3n del T\u00edtulo de Educaci\u00f3n Secundaria Obligatoria 2026<\/strong><\/h2>\n\n\n\n<p>El calendario y normativa de las pruebas se puede consultar en este <strong><a href=\"http:\/\/comunidad.madrid\/servicios\/educacion\/pruebas-obtencion-titulo-eso-mayores-18-anos\" target=\"_blank\" rel=\"noreferrer noopener\">enlace<\/a><\/strong>.<\/p>\n\n\n\n<p>El <strong><mark style=\"background-color:#fcb900\" class=\"has-inline-color\">plazo para inscripci\u00f3n<\/mark><\/strong> en la <strong>\u00fanica convocatoria<\/strong> de 2026 es <strong><mark style=\"background-color:#fcb900\" class=\"has-inline-color\">del 19 al 30 de enero<\/mark><\/strong>.<\/p>\n\n\n\n<p>Las solicitudes se pueden hacer <strong>de manera telem\u00e1tica<\/strong> a trav\u00e9s de la <a href=\"https:\/\/www.comunidad.madrid\/servicios\/educacion\/pruebas-obtencion-titulo-eso-mayores-18-anos\" target=\"_blank\" rel=\"noreferrer noopener\">p\u00e1gina web de la Comunidad de Madrid<\/a>, accediendo a trav\u00e9s del bot\u00f3n TRAMITAR, que estar\u00e1 activo durante el periodo de inscripci\u00f3n.<\/p>\n\n\n\n<p>Las solicitudes tambi\u00e9n se pueden presentar <strong>de forma presencial<\/strong> en el centro en el que el interesado desee presentarse a elegir entre estos centros examinadores:<\/p>\n\n\n\n<figure class=\"wp-block-image size-full\"><img loading=\"lazy\" decoding=\"async\" width=\"668\" height=\"731\" src=\"https:\/\/site.educa.madrid.org\/cepa.cidcampeador.madrid\/\/wp-content\/uploads\/cepa.cidcampeador.madrid\/2026\/01\/image-2.png\" alt=\"\" class=\"wp-image-8309\" srcset=\"https:\/\/site.educa.madrid.org\/cepa.cidcampeador.madrid\/\/wp-content\/uploads\/cepa.cidcampeador.madrid\/2026\/01\/image-2.png 668w, https:\/\/site.educa.madrid.org\/cepa.cidcampeador.madrid\/\/wp-content\/uploads\/cepa.cidcampeador.madrid\/2026\/01\/image-2-274x300.png 274w\" sizes=\"auto, (max-width: 668px) 100vw, 668px\" \/><\/figure>\n\n\n\n<h2 class=\"wp-block-heading\"><strong>M\u00e1s informaci\u00f3n<\/strong><\/h2>\n\n\n\n<ul class=\"wp-block-list\">\n<li>Son ex\u00e1menes realizados en Centros de Educaci\u00f3n de Personas Adultas (CEPA) que permiten obtener el t\u00edtulo de Graduado en Educaci\u00f3n Secundaria Obligatoria.<\/li>\n<\/ul>\n\n\n\n<ul class=\"wp-block-list\">\n<li>Pueden participar todas aquellas personas mayores de edad  (o que cumplan 18 a\u00f1os en el a\u00f1o natural en el que se celebren las pruebas) que no tengan T\u00edtulo de ESO ni&nbsp;est\u00e9n cursando estudios oficiales para su obtenci\u00f3n.<\/li>\n<\/ul>\n\n\n\n<ul class=\"wp-block-list\">\n<li><strong>El curr\u00edculo&nbsp;de estos ex\u00e1menes<\/strong> se puede&nbsp;encontrar en la&nbsp;<a href=\"https:\/\/www.comunidad.madrid\/sites\/default\/files\/doc\/educacion\/2024-09-08_bocm_orden_4049_2024_orden_eso_adultos.pdf\" target=\"_blank\" rel=\"noreferrer noopener\"><strong>Orden 4049\/2024<\/strong><\/a> &nbsp;(desde&nbsp;la p\u00e1gina 97&nbsp;hasta la 154).<\/li>\n<\/ul>\n\n\n\n<ul class=\"wp-block-list\">\n<li>Las pruebas se calificar\u00e1n conforme a lo dispuesto en el art\u00edculo 24 de la <a href=\"http:\/\/chrome-extension:\/\/efaidnbmnnnibpcajpcglclefindmkaj\/https:\/\/www.comunidad.madrid\/sites\/default\/files\/doc\/educacion\/2024-09-08_bocm_orden_3944_2024_pruebas_libres.pdf\">Orden 3944\/2024<\/a>, 8 de septiembre.<\/li>\n<\/ul>\n\n\n\n<ul class=\"wp-block-list\">\n<li>La prueba se organizar\u00e1 en las siguientes partes y ejercicios:<\/li>\n<\/ul>\n\n\n<div class=\"wp-block-image\">\n<figure class=\"aligncenter size-full is-resized\"><img loading=\"lazy\" decoding=\"async\" width=\"605\" height=\"356\" src=\"https:\/\/site.educa.madrid.org\/cepa.cidcampeador.madrid\/\/wp-content\/uploads\/cepa.cidcampeador.madrid\/2026\/01\/image-5.png\" alt=\"\" class=\"wp-image-8315\" style=\"width:405px;height:auto\" srcset=\"https:\/\/site.educa.madrid.org\/cepa.cidcampeador.madrid\/\/wp-content\/uploads\/cepa.cidcampeador.madrid\/2026\/01\/image-5.png 605w, https:\/\/site.educa.madrid.org\/cepa.cidcampeador.madrid\/\/wp-content\/uploads\/cepa.cidcampeador.madrid\/2026\/01\/image-5-300x177.png 300w\" sizes=\"auto, (max-width: 605px) 100vw, 605px\" \/><\/figure>\n<\/div>\n\n\n<h2 class=\"wp-block-heading\"><strong>Plazos clave<\/strong><\/h2>\n\n\n\n<ul class=\"wp-block-list\">\n<li><strong>Inscripci\u00f3n<\/strong>: del <strong>19 al 30 de enero de 2026<\/strong>.<\/li>\n\n\n\n<li>Lista provisional de admitidos\/excluidos: 25 de febrero de 2026.<\/li>\n\n\n\n<li>Reclamaciones a la lista provisional: del<strong> <\/strong>3 al 16 de marzo de 2026.<\/li>\n\n\n\n<li>Lista definitiva de admitidos\/excluidos: 9 de abril de 2026.<\/li>\n<\/ul>\n\n\n\n<h2 class=\"wp-block-heading\"><strong>Fechas del examen<\/strong>.<\/h2>\n\n\n\n<p>Se celebrar\u00e1 en<strong> una \u00fanica convocatoria con dos d\u00edas de examen<\/strong>:<\/p>\n\n\n\n<ul class=\"wp-block-list\">\n<li><strong>20 de mayo de 2026<\/strong>:\n<ul class=\"wp-block-list\">\n<li>09:30\u201310:00 \u2192 Presentaci\u00f3n<\/li>\n\n\n\n<li>10:00\u201311:30 \u2192 Matem\u00e1ticas (Parte III)<\/li>\n\n\n\n<li>12:00\u201313:30 \u2192 Ciencias y Tecnolog\u00eda (Parte III)<\/li>\n\n\n\n<li>16:00\u201317:30 \u2192 \u00c1mbito Social (Parte II)<\/li>\n<\/ul>\n<\/li>\n\n\n\n<li><strong>21 de mayo de 2026<\/strong>:\n<ul class=\"wp-block-list\">\n<li>09:30\u201310:00 \u2192 Presentaci\u00f3n<\/li>\n\n\n\n<li>10:00\u201311:30 \u2192 Lengua Castellana y Literatura (Parte I)<\/li>\n\n\n\n<li>12:00\u201313:30 \u2192 Lengua Extranjera: Ingl\u00e9s (Parte I)<\/li>\n<\/ul>\n<\/li>\n<\/ul>\n\n\n\n<h2 class=\"wp-block-heading\"><strong>Documentaci\u00f3n<\/strong><\/h2>\n\n\n\n<ul class=\"wp-block-list\">\n<li>Solicitud completa.<\/li>\n\n\n\n<li>DNI, NIE o pasaporte que acredite los 18 a\u00f1os.<\/li>\n\n\n\n<li>Si se pide exenci\u00f3n de \u00e1mbitos: certificaci\u00f3n acad\u00e9mica oficial o historial de ESO.<\/li>\n\n\n\n<li>Si se solicita adaptaci\u00f3n (discapacidad): documentaci\u00f3n justificativa<\/li>\n<\/ul>\n\n\n\n<h2 class=\"wp-block-heading\"><strong>Ex\u00e1menes de a\u00f1os anteriores<\/strong><\/h2>\n\n\n\n<p>Se pueden encontrar <strong>ex\u00e1menes de a\u00f1os anteriores<\/strong> en <a href=\"https:\/\/site.educa.madrid.org\/cepa.cidcampeador.madrid\/index.php\/examenes-anteriores-pruebas-libres-obtencion-titulo-graduado-en-e-s-o\/\" target=\"_blank\" rel=\"noreferrer noopener\"><strong>este enlace<\/strong><\/a>.  Es importante se\u00f1alar que los contenidos en los que se basaron los ex\u00e1menes de otros a\u00f1os estaban recogidos en la Orden 1255\/2017, que ya no est\u00e1 vigente, y que los contenidos de las pruebas para este curso se recogen en la <a href=\"https:\/\/site.educa.madrid.org\/cepa.cidcampeador.madrid\/\/wp-content\/uploads\/cepa.cidcampeador.madrid\/2025\/01\/Orden-4049-2024_BOCM_Orden-ESO-Adultos_2024-09-08.pdf\"><\/a><a href=\"https:\/\/www.comunidad.madrid\/sites\/default\/files\/doc\/educacion\/2024-09-08_bocm_orden_4049_2024_orden_eso_adultos.pdf\">Orden 4049\/2024<\/a>. <\/p>\n\n\n\n<h2 class=\"wp-block-heading\"><strong>Convocatoria de las pruebas libres para la obtenci\u00f3n del T\u00edtulo de Graduado en ESO 2026<\/strong><\/h2>\n\n\n\n<div data-wp-interactive=\"core\/file\" class=\"wp-block-file\"><object data-wp-bind--hidden=\"!state.hasPdfPreview\" hidden class=\"wp-block-file__embed\" data=\"https:\/\/site.educa.madrid.org\/cepa.cidcampeador.madrid\/\/wp-content\/uploads\/cepa.cidcampeador.madrid\/2026\/01\/BOCM-20251124-12_Pruebas-Libres-2026.pdf\" type=\"application\/pdf\" style=\"width:100%;height:600px\" aria-label=\"Incrustado de BOCM-20251124-12_Pruebas Libres 2026.\"><\/object><a id=\"wp-block-file--media-60b97675-63a5-472e-a2f1-5d9f8247b746\" href=\"https:\/\/site.educa.madrid.org\/cepa.cidcampeador.madrid\/\/wp-content\/uploads\/cepa.cidcampeador.madrid\/2026\/01\/BOCM-20251124-12_Pruebas-Libres-2026.pdf\">BOCM-20251124-12_Pruebas Libres 2026<\/a><a href=\"https:\/\/site.educa.madrid.org\/cepa.cidcampeador.madrid\/\/wp-content\/uploads\/cepa.cidcampeador.madrid\/2026\/01\/BOCM-20251124-12_Pruebas-Libres-2026.pdf\" class=\"wp-block-file__button wp-element-button\" download aria-describedby=\"wp-block-file--media-60b97675-63a5-472e-a2f1-5d9f8247b746\">Descarga<\/a><\/div>\n","protected":false},"excerpt":{"rendered":"<p>Pruebas Libres para la obtenci\u00f3n del T\u00edtulo de Educaci\u00f3n Secundaria Obligatoria 2026 El calendario y normativa de las pruebas se puede consultar en este enlace. El plazo para inscripci\u00f3n en la \u00fanica convocatoria de 2026 es del 19 al 30 de enero. Las solicitudes se pueden hacer de manera telem\u00e1tica a trav\u00e9s de la p\u00e1gina &hellip; <\/p>\n<p class=\"link-more\"><a href=\"https:\/\/site.educa.madrid.org\/cepa.cidcampeador.madrid\/index.php\/pruebas-libres-para-la-obtencion-del-titulo-de-graduado-en-educacion-secundaria-obligatoria\/\" class=\"more-link\">Continuar leyendo<span class=\"screen-reader-text\"> \u00abPruebas Libres ESO\u00bb<\/span><\/a><\/p>\n","protected":false},"author":3,"featured_media":0,"parent":0,"menu_order":0,"comment_status":"closed","ping_status":"closed","template":"","meta":{"footnotes":""},"folder":[],"class_list":["post-3847","page","type-page","status-publish","hentry"],"rttpg_featured_image_url":null,"rttpg_author":{"display_name":"cepa.cidcampeador.madrid","author_link":"https:\/\/site.educa.madrid.org\/cepa.cidcampeador.madrid\/index.php\/author\/cuenta_cepa-cidcampeador-madrid\/"},"rttpg_comment":0,"rttpg_category":false,"rttpg_excerpt":"Pruebas Libres para la obtenci\u00f3n del T\u00edtulo de Educaci\u00f3n Secundaria Obligatoria 2026 El calendario y normativa de las pruebas se puede consultar en este enlace. El plazo para inscripci\u00f3n en la \u00fanica convocatoria de 2026 es del 19 al 30 de enero. Las solicitudes se pueden hacer de manera telem\u00e1tica a trav\u00e9s de la p\u00e1gina&hellip;","post_mailing_queue_ids":[],"_links":{"self":[{"href":"https:\/\/site.educa.madrid.org\/cepa.cidcampeador.madrid\/index.php\/wp-json\/wp\/v2\/pages\/3847","targetHints":{"allow":["GET"]}}],"collection":[{"href":"https:\/\/site.educa.madrid.org\/cepa.cidcampeador.madrid\/index.php\/wp-json\/wp\/v2\/pages"}],"about":[{"href":"https:\/\/site.educa.madrid.org\/cepa.cidcampeador.madrid\/index.php\/wp-json\/wp\/v2\/types\/page"}],"author":[{"embeddable":true,"href":"https:\/\/site.educa.madrid.org\/cepa.cidcampeador.madrid\/index.php\/wp-json\/wp\/v2\/users\/3"}],"replies":[{"embeddable":true,"href":"https:\/\/site.educa.madrid.org\/cepa.cidcampeador.madrid\/index.php\/wp-json\/wp\/v2\/comments?post=3847"}],"version-history":[{"count":50,"href":"https:\/\/site.educa.madrid.org\/cepa.cidcampeador.madrid\/index.php\/wp-json\/wp\/v2\/pages\/3847\/revisions"}],"predecessor-version":[{"id":8324,"href":"https:\/\/site.educa.madrid.org\/cepa.cidcampeador.madrid\/index.php\/wp-json\/wp\/v2\/pages\/3847\/revisions\/8324"}],"wp:attachment":[{"href":"https:\/\/site.educa.madrid.org\/cepa.cidcampeador.madrid\/index.php\/wp-json\/wp\/v2\/media?parent=3847"}],"wp:term":[{"taxonomy":"folder","embeddable":true,"href":"https:\/\/site.educa.madrid.org\/cepa.cidcampeador.madrid\/index.php\/wp-json\/wp\/v2\/folder?post=3847"}],"curies":[{"name":"wp","href":"https:\/\/api.w.org\/{rel}","templated":true}]}}