{"id":4134,"date":"2023-06-30T22:46:33","date_gmt":"2023-06-30T20:46:33","guid":{"rendered":"https:\/\/site.educa.madrid.org\/cepa.cidcampeador.madrid\/?page_id=4134"},"modified":"2024-01-30T12:03:06","modified_gmt":"2024-01-30T11:03:06","slug":"proyecto-mediterraneo-un-mar-de-culturas","status":"publish","type":"page","link":"https:\/\/site.educa.madrid.org\/cepa.cidcampeador.madrid\/index.php\/proyecto-mediterraneo-un-mar-de-culturas\/","title":{"rendered":"Proyecto \u00abMediterr\u00e1neo, un mar de culturas\u00bb"},"content":{"rendered":"\n<p>(2022-2023)<\/p>\n\n\n<h1>MEDITERR\u00c1NEO, UN MAR DE CULTURAS. CURSO 2022-23<\/h1>\n<p><em>Al Mar Mediterr\u00e1neo se le han asignado numerosos nombres. Ha sido el Mare Nostrum para los romanos, Mar Blanco (Akdeniz) para los turcos, Gran Mar (Yam Gadol) para los jud\u00edos, Mar Medio (Mittelmeer) para los germanos y Gran Verde para los egipcios.<\/em><\/p>\n<p><em>Del mismo modo, ha sido cuna de diferentes civilizaciones: la egipcia, hel\u00e9nica, romana y otomana.<\/em><\/p>\n<p><em>El Mare Nostrum desempe\u00f1\u00f3 un papel fundamental en la comunicaci\u00f3n entre los pueblos, y es s\u00edmbolo y se\u00f1a de creatividad, de b\u00fasqueda del sentido de la vida y de la sabidur\u00eda, as\u00ed como de amor por el ser humano y la naturaleza. Respetemos, pues, todos lo que significa y representa.<\/em><\/p>\n<p><em>Con este prop\u00f3sito de creatividad, conocimiento, protecci\u00f3n y respeto, hemos presentado este nuevo Proyecto Educativo Interdisciplinar que se lleva a cabo en el CEPA Cid Campeador Las \u00c1guilas-Cuatro Vientos este curso escolar 2022-23.<\/em><\/p>\n<p><em>Quiero resaltar la dedicaci\u00f3n de nuestros profesores y alumnos\/as que han trabajado al un\u00edsono, con entusiasmo e ilusi\u00f3n en \u00e9l y es hoy el d\u00eda elegido para que sean ellos y ellas los\/las protagonistas de su propio aprendizaje. Expondr\u00e1n sus trabajos para todos los compa\u00f1eros y familiares aqu\u00ed presentes despu\u00e9s de haber investigado, elaborado y estudiado en profundidad sus elaboraciones, tanto los alumnos de Secundaria,\u00a0 FPB de Cocina y Restauraci\u00f3n, como nuestros alumnos de talleres y dem\u00e1s ense\u00f1anzas.<\/em><\/p>\n<p><em>Gracias a todos y todas por estar con nosotros en nuestro CEPA, profesores y alumnos, y acompa\u00f1arles en este nuevo recorrido, en este caso, un recorrido hist\u00f3rico-mar\u00edtimo.<\/em><\/p>\n<p><em>Ana Isabel Su\u00e1rez Garrido.<\/em><br \/><em>Directora del CEPA Cid Campeador Las \u00c1guilas-Cuatro Vientos.<\/em><\/p>\n\n\n<hr class=\"wp-block-separator has-css-opacity is-style-wide\"\/>\n\n\n\n<p>El 19 de abril de 2023 tuvo lugar la presentaci\u00f3n de todos los trabajos realizados por los alumnos y alumnas del CEPA dentro del marco del Proyecto Interdisciplinar <em>Mediterr\u00e1neo, un mar de culturas.<\/em> <\/p>\n\n\n\n<p>A continuaci\u00f3n, os dejamos un v\u00eddeo con un resumen de lo que fue el d\u00eda, aunque es dif\u00edcil resumir solo en im\u00e1genes la ilusi\u00f3n, el compa\u00f1erismo, la alegr\u00eda conjunta, el sentimiento de satisfacci\u00f3n mezclado con los nervios por el directo&#8230; Como tampoco es f\u00e1cil describir los sabores que pudimos degustar gracias al alumnado de FPB; sabores que nos transportaron a los diferentes pa\u00edses del Mediterr\u00e1neo que representaban: Espa\u00f1a, Marruecos, Francia, Italia, Grecia&#8230; pasaron por nuestros paladares camino de nuestros cerebros para llenarnos de sensaciones maravillosas.<\/p>\n\n\n\n<figure class=\"wp-block-video\"><video height=\"720\" style=\"aspect-ratio: 720 \/ 720;\" width=\"720\" controls src=\"https:\/\/site.educa.madrid.org\/cepa.cidcampeador.madrid\/\/wp-content\/uploads\/cepa.cidcampeador.madrid\/2023\/07\/Proyecto-el-Mediterra\u0301neo2.mp4\"><\/video><figcaption class=\"wp-element-caption\">19 de abril. Proyecto Interdisciplinar <em>Mediterr\u00e1neo, un mar de culturas.<\/em> <br>CEPA Cid Campeador Las \u00c1guilas-Cuatro Vientos.<\/figcaption><\/figure>\n\n\n\n<p><\/p>\n","protected":false},"excerpt":{"rendered":"<p>(2022-2023) MEDITERR\u00c1NEO, UN MAR DE CULTURAS. CURSO 2022-23 Al Mar Mediterr\u00e1neo se le han asignado numerosos nombres. Ha sido el Mare Nostrum para los romanos, Mar Blanco (Akdeniz) para los turcos, Gran Mar (Yam Gadol) para los jud\u00edos, Mar Medio (Mittelmeer) para los germanos y Gran Verde para los egipcios. Del mismo modo, ha sido &hellip; <\/p>\n<p class=\"link-more\"><a href=\"https:\/\/site.educa.madrid.org\/cepa.cidcampeador.madrid\/index.php\/proyecto-mediterraneo-un-mar-de-culturas\/\" class=\"more-link\">Continuar leyendo<span class=\"screen-reader-text\"> \u00abProyecto \u00abMediterr\u00e1neo, un mar de culturas\u00bb\u00bb<\/span><\/a><\/p>\n","protected":false},"author":2,"featured_media":4141,"parent":0,"menu_order":0,"comment_status":"closed","ping_status":"closed","template":"","meta":{"footnotes":""},"folder":[],"class_list":["post-4134","page","type-page","status-publish","has-post-thumbnail","hentry"],"rttpg_featured_image_url":{"full":["https:\/\/site.educa.madrid.org\/cepa.cidcampeador.madrid\/\/wp-content\/uploads\/cepa.cidcampeador.madrid\/2023\/07\/IMG_0001.jpg",1600,1280,false],"landscape":["https:\/\/site.educa.madrid.org\/cepa.cidcampeador.madrid\/\/wp-content\/uploads\/cepa.cidcampeador.madrid\/2023\/07\/IMG_0001.jpg",1600,1280,false],"portraits":["https:\/\/site.educa.madrid.org\/cepa.cidcampeador.madrid\/\/wp-content\/uploads\/cepa.cidcampeador.madrid\/2023\/07\/IMG_0001.jpg",1600,1280,false],"thumbnail":["https:\/\/site.educa.madrid.org\/cepa.cidcampeador.madrid\/\/wp-content\/uploads\/cepa.cidcampeador.madrid\/2023\/07\/IMG_0001-150x150.jpg",150,150,true],"medium":["https:\/\/site.educa.madrid.org\/cepa.cidcampeador.madrid\/\/wp-content\/uploads\/cepa.cidcampeador.madrid\/2023\/07\/IMG_0001-300x240.jpg",300,240,true],"large":["https:\/\/site.educa.madrid.org\/cepa.cidcampeador.madrid\/\/wp-content\/uploads\/cepa.cidcampeador.madrid\/2023\/07\/IMG_0001-1024x819.jpg",525,420,true],"thumblist":["https:\/\/site.educa.madrid.org\/cepa.cidcampeador.madrid\/\/wp-content\/uploads\/cepa.cidcampeador.madrid\/2023\/07\/IMG_0001-300x300.jpg",300,300,true],"thumbrelated":["https:\/\/site.educa.madrid.org\/cepa.cidcampeador.madrid\/\/wp-content\/uploads\/cepa.cidcampeador.madrid\/2023\/07\/IMG_0001.jpg",500,400,false],"meccarouselthumb":["https:\/\/site.educa.madrid.org\/cepa.cidcampeador.madrid\/\/wp-content\/uploads\/cepa.cidcampeador.madrid\/2023\/07\/IMG_0001-474x324.jpg",474,324,true],"gridsquare":["https:\/\/site.educa.madrid.org\/cepa.cidcampeador.madrid\/\/wp-content\/uploads\/cepa.cidcampeador.madrid\/2023\/07\/IMG_0001-391x260.jpg",391,260,true],"tileview":["https:\/\/site.educa.madrid.org\/cepa.cidcampeador.madrid\/\/wp-content\/uploads\/cepa.cidcampeador.madrid\/2023\/07\/IMG_0001-300x400.jpg",300,400,true],"1536x1536":["https:\/\/site.educa.madrid.org\/cepa.cidcampeador.madrid\/\/wp-content\/uploads\/cepa.cidcampeador.madrid\/2023\/07\/IMG_0001-1536x1229.jpg",1536,1229,true],"2048x2048":["https:\/\/site.educa.madrid.org\/cepa.cidcampeador.madrid\/\/wp-content\/uploads\/cepa.cidcampeador.madrid\/2023\/07\/IMG_0001.jpg",1600,1280,false],"twentyseventeen-featured-image":["https:\/\/site.educa.madrid.org\/cepa.cidcampeador.madrid\/\/wp-content\/uploads\/cepa.cidcampeador.madrid\/2023\/07\/IMG_0001-1600x1200.jpg",1600,1200,true],"twentyseventeen-thumbnail-avatar":["https:\/\/site.educa.madrid.org\/cepa.cidcampeador.madrid\/\/wp-content\/uploads\/cepa.cidcampeador.madrid\/2023\/07\/IMG_0001-100x100.jpg",100,100,true],"sow-carousel-default":["https:\/\/site.educa.madrid.org\/cepa.cidcampeador.madrid\/\/wp-content\/uploads\/cepa.cidcampeador.madrid\/2023\/07\/IMG_0001-272x182.jpg",272,182,true],"sow-post-carousel-overlay-theme":["https:\/\/site.educa.madrid.org\/cepa.cidcampeador.madrid\/\/wp-content\/uploads\/cepa.cidcampeador.madrid\/2023\/07\/IMG_0001.jpg",360,288,false],"sow-post-carousel-cards-theme":["https:\/\/site.educa.madrid.org\/cepa.cidcampeador.madrid\/\/wp-content\/uploads\/cepa.cidcampeador.madrid\/2023\/07\/IMG_0001.jpg",300,240,false],"rt_custom":["https:\/\/site.educa.madrid.org\/cepa.cidcampeador.madrid\/\/wp-content\/uploads\/cepa.cidcampeador.madrid\/2023\/07\/IMG_0001.jpg",1600,1280,false]},"rttpg_author":{"display_name":"tic.cepa.cidcampeador.madrid","author_link":"https:\/\/site.educa.madrid.org\/cepa.cidcampeador.madrid\/index.php\/author\/cuenta_tic-cepa-cidcampeador-madrid\/"},"rttpg_comment":0,"rttpg_category":false,"rttpg_excerpt":"(2022-2023) MEDITERR\u00c1NEO, UN MAR DE CULTURAS. CURSO 2022-23 Al Mar Mediterr\u00e1neo se le han asignado numerosos nombres. Ha sido el Mare Nostrum para los romanos, Mar Blanco (Akdeniz) para los turcos, Gran Mar (Yam Gadol) para los jud\u00edos, Mar Medio (Mittelmeer) para los germanos y Gran Verde para los egipcios. Del mismo modo, ha sido&hellip;","post_mailing_queue_ids":[],"_links":{"self":[{"href":"https:\/\/site.educa.madrid.org\/cepa.cidcampeador.madrid\/index.php\/wp-json\/wp\/v2\/pages\/4134","targetHints":{"allow":["GET"]}}],"collection":[{"href":"https:\/\/site.educa.madrid.org\/cepa.cidcampeador.madrid\/index.php\/wp-json\/wp\/v2\/pages"}],"about":[{"href":"https:\/\/site.educa.madrid.org\/cepa.cidcampeador.madrid\/index.php\/wp-json\/wp\/v2\/types\/page"}],"author":[{"embeddable":true,"href":"https:\/\/site.educa.madrid.org\/cepa.cidcampeador.madrid\/index.php\/wp-json\/wp\/v2\/users\/2"}],"replies":[{"embeddable":true,"href":"https:\/\/site.educa.madrid.org\/cepa.cidcampeador.madrid\/index.php\/wp-json\/wp\/v2\/comments?post=4134"}],"version-history":[{"count":7,"href":"https:\/\/site.educa.madrid.org\/cepa.cidcampeador.madrid\/index.php\/wp-json\/wp\/v2\/pages\/4134\/revisions"}],"predecessor-version":[{"id":5370,"href":"https:\/\/site.educa.madrid.org\/cepa.cidcampeador.madrid\/index.php\/wp-json\/wp\/v2\/pages\/4134\/revisions\/5370"}],"wp:featuredmedia":[{"embeddable":true,"href":"https:\/\/site.educa.madrid.org\/cepa.cidcampeador.madrid\/index.php\/wp-json\/wp\/v2\/media\/4141"}],"wp:attachment":[{"href":"https:\/\/site.educa.madrid.org\/cepa.cidcampeador.madrid\/index.php\/wp-json\/wp\/v2\/media?parent=4134"}],"wp:term":[{"taxonomy":"folder","embeddable":true,"href":"https:\/\/site.educa.madrid.org\/cepa.cidcampeador.madrid\/index.php\/wp-json\/wp\/v2\/folder?post=4134"}],"curies":[{"name":"wp","href":"https:\/\/api.w.org\/{rel}","templated":true}]}}