{"id":4282,"date":"2023-07-08T19:21:02","date_gmt":"2023-07-08T17:21:02","guid":{"rendered":"https:\/\/site.educa.madrid.org\/cepa.cidcampeador.madrid\/?page_id=4282"},"modified":"2025-06-30T14:53:51","modified_gmt":"2025-06-30T12:53:51","slug":"capacitacion-digital","status":"publish","type":"page","link":"https:\/\/site.educa.madrid.org\/cepa.cidcampeador.madrid\/index.php\/capacitacion-digital\/","title":{"rendered":"Capacitaci\u00f3n Digital"},"content":{"rendered":"\n<pre class=\"wp-block-verse\">El CEPA Cid Campeador Las \u00c1guilas-Cuatro Vientos forma parte de la <strong><a href=\"https:\/\/www.comunidad.madrid\/servicios\/educacion\/red-centros-capacitacion-digital\">Red de Centros de Capacitaci\u00f3n Digital<\/a><\/strong> que permite a la ciudadan\u00eda formarse en competencias digitales transversales necesarias para desenvolverse en la sociedad digital en la que vivimos y en la que servicios esenciales como la banca, el acceso a las administraciones p\u00fablicas o el consumo se hace de forma telem\u00e1tica.<\/pre>\n\n\n\n<p><strong>\u00a1Inf\u00f3rmate!<\/strong> Puedes preguntarnos por correo electr\u00f3nico, acudiendo al centro o llam\u00e1ndonos por tel\u00e9fono en nuestro <a href=\"https:\/\/site.educa.madrid.org\/cepa.cidcampeador.madrid\/index.php\/secretaria\/\"><strong>horario<\/strong> <strong>de<\/strong> <strong>atenci\u00f3n<\/strong><\/a>.<\/p>\n\n\n\n<p>.<\/p>\n\n\n<div class=\"wp-block-image\">\n<figure class=\"aligncenter size-large is-resized\"><img loading=\"lazy\" decoding=\"async\" width=\"792\" height=\"1024\" src=\"https:\/\/site.educa.madrid.org\/cepa.cidcampeador.madrid\/\/wp-content\/uploads\/cepa.cidcampeador.madrid\/2023\/12\/CID_Capacitacion-Digital_gratuito-792x1024.png\" alt=\"\" class=\"wp-image-5082\" style=\"width:454px;height:auto\" srcset=\"https:\/\/site.educa.madrid.org\/cepa.cidcampeador.madrid\/\/wp-content\/uploads\/cepa.cidcampeador.madrid\/2023\/12\/CID_Capacitacion-Digital_gratuito-792x1024.png 792w, https:\/\/site.educa.madrid.org\/cepa.cidcampeador.madrid\/\/wp-content\/uploads\/cepa.cidcampeador.madrid\/2023\/12\/CID_Capacitacion-Digital_gratuito-232x300.png 232w, https:\/\/site.educa.madrid.org\/cepa.cidcampeador.madrid\/\/wp-content\/uploads\/cepa.cidcampeador.madrid\/2023\/12\/CID_Capacitacion-Digital_gratuito-768x992.png 768w, https:\/\/site.educa.madrid.org\/cepa.cidcampeador.madrid\/\/wp-content\/uploads\/cepa.cidcampeador.madrid\/2023\/12\/CID_Capacitacion-Digital_gratuito-1189x1536.png 1189w, https:\/\/site.educa.madrid.org\/cepa.cidcampeador.madrid\/\/wp-content\/uploads\/cepa.cidcampeador.madrid\/2023\/12\/CID_Capacitacion-Digital_gratuito.png 1365w\" sizes=\"auto, (max-width: 767px) 89vw, (max-width: 1000px) 54vw, (max-width: 1071px) 543px, 580px\" \/><\/figure>\n<\/div>\n\n<div class=\"wp-block-image\">\n<figure class=\"aligncenter size-full is-resized\"><a href=\"https:\/\/www.comunidad.madrid\/servicios\/educacion\/red-centros-capacitacion-digital\"><img loading=\"lazy\" decoding=\"async\" width=\"790\" height=\"398\" src=\"https:\/\/site.educa.madrid.org\/cepa.cidcampeador.madrid\/\/wp-content\/uploads\/cepa.cidcampeador.madrid\/2023\/07\/image-7.png\" alt=\"\" class=\"wp-image-4547\" style=\"width:579px;height:291px\" srcset=\"https:\/\/site.educa.madrid.org\/cepa.cidcampeador.madrid\/\/wp-content\/uploads\/cepa.cidcampeador.madrid\/2023\/07\/image-7.png 790w, https:\/\/site.educa.madrid.org\/cepa.cidcampeador.madrid\/\/wp-content\/uploads\/cepa.cidcampeador.madrid\/2023\/07\/image-7-300x151.png 300w, https:\/\/site.educa.madrid.org\/cepa.cidcampeador.madrid\/\/wp-content\/uploads\/cepa.cidcampeador.madrid\/2023\/07\/image-7-768x387.png 768w\" sizes=\"auto, (max-width: 767px) 89vw, (max-width: 1000px) 54vw, (max-width: 1071px) 543px, 580px\" \/><\/a><\/figure>\n<\/div>\n\n\n<p><a href=\"https:\/\/www.comunidad.madrid\/transparencia\/informacion-institucional\/planes-programas\/plan-capacitacion-digital-ciudadanos-comunidad-madrid\">Plan de Capacitaci\u00f3n Digital para los ciudadanos de la Comunidad de Madrid 2022-2025<\/a><\/p>\n","protected":false},"excerpt":{"rendered":"<p>El CEPA Cid Campeador Las \u00c1guilas-Cuatro Vientos forma parte de la Red de Centros de Capacitaci\u00f3n Digital que permite a la ciudadan\u00eda formarse en competencias digitales transversales necesarias para desenvolverse en la sociedad digital en la que vivimos y en la que servicios esenciales como la banca, el acceso a las administraciones p\u00fablicas o el &hellip; <\/p>\n<p class=\"link-more\"><a href=\"https:\/\/site.educa.madrid.org\/cepa.cidcampeador.madrid\/index.php\/capacitacion-digital\/\" class=\"more-link\">Continuar leyendo<span class=\"screen-reader-text\"> \u00abCapacitaci\u00f3n Digital\u00bb<\/span><\/a><\/p>\n","protected":false},"author":3,"featured_media":0,"parent":0,"menu_order":0,"comment_status":"closed","ping_status":"closed","template":"","meta":{"footnotes":""},"folder":[],"class_list":["post-4282","page","type-page","status-publish","hentry"],"rttpg_featured_image_url":null,"rttpg_author":{"display_name":"cepa.cidcampeador.madrid","author_link":"https:\/\/site.educa.madrid.org\/cepa.cidcampeador.madrid\/index.php\/author\/cuenta_cepa-cidcampeador-madrid\/"},"rttpg_comment":0,"rttpg_category":false,"rttpg_excerpt":"El CEPA Cid Campeador Las \u00c1guilas-Cuatro Vientos forma parte de la Red de Centros de Capacitaci\u00f3n Digital que permite a la ciudadan\u00eda formarse en competencias digitales transversales necesarias para desenvolverse en la sociedad digital en la que vivimos y en la que servicios esenciales como la banca, el acceso a las administraciones p\u00fablicas o el&hellip;","post_mailing_queue_ids":[],"_links":{"self":[{"href":"https:\/\/site.educa.madrid.org\/cepa.cidcampeador.madrid\/index.php\/wp-json\/wp\/v2\/pages\/4282","targetHints":{"allow":["GET"]}}],"collection":[{"href":"https:\/\/site.educa.madrid.org\/cepa.cidcampeador.madrid\/index.php\/wp-json\/wp\/v2\/pages"}],"about":[{"href":"https:\/\/site.educa.madrid.org\/cepa.cidcampeador.madrid\/index.php\/wp-json\/wp\/v2\/types\/page"}],"author":[{"embeddable":true,"href":"https:\/\/site.educa.madrid.org\/cepa.cidcampeador.madrid\/index.php\/wp-json\/wp\/v2\/users\/3"}],"replies":[{"embeddable":true,"href":"https:\/\/site.educa.madrid.org\/cepa.cidcampeador.madrid\/index.php\/wp-json\/wp\/v2\/comments?post=4282"}],"version-history":[{"count":49,"href":"https:\/\/site.educa.madrid.org\/cepa.cidcampeador.madrid\/index.php\/wp-json\/wp\/v2\/pages\/4282\/revisions"}],"predecessor-version":[{"id":7717,"href":"https:\/\/site.educa.madrid.org\/cepa.cidcampeador.madrid\/index.php\/wp-json\/wp\/v2\/pages\/4282\/revisions\/7717"}],"wp:attachment":[{"href":"https:\/\/site.educa.madrid.org\/cepa.cidcampeador.madrid\/index.php\/wp-json\/wp\/v2\/media?parent=4282"}],"wp:term":[{"taxonomy":"folder","embeddable":true,"href":"https:\/\/site.educa.madrid.org\/cepa.cidcampeador.madrid\/index.php\/wp-json\/wp\/v2\/folder?post=4282"}],"curies":[{"name":"wp","href":"https:\/\/api.w.org\/{rel}","templated":true}]}}