{"id":4294,"date":"2023-07-08T19:44:43","date_gmt":"2023-07-08T17:44:43","guid":{"rendered":"https:\/\/site.educa.madrid.org\/cepa.cidcampeador.madrid\/?page_id=4294"},"modified":"2023-09-14T19:52:50","modified_gmt":"2023-09-14T17:52:50","slug":"taller-de-ampliacion-cultural","status":"publish","type":"page","link":"https:\/\/site.educa.madrid.org\/cepa.cidcampeador.madrid\/index.php\/taller-de-ampliacion-cultural\/","title":{"rendered":"Taller de Ampliaci\u00f3n Cultural"},"content":{"rendered":"\n<p>El Taller de&nbsp;<strong>Ampliaci\u00f3n Cultural<\/strong>&nbsp;ofrece una oportunidad de crecimiento personal y enriquecimiento cultural a aquellas personas que tengan inquietud en seguir aprendiendo, pero no necesiten realizar una ense\u00f1anza reglada.<\/p>\n\n\n\n<p>La duraci\u00f3n del taller es de&nbsp;<strong>2 horas a la semana<\/strong>&nbsp;en horario de ma\u00f1ana, de octubre a junio.<\/p>\n\n\n\n<p>Partiendo de las experiencias e inquietudes personales de la clase se propondr\u00e1n los conocimientos del curso que versar\u00e1n sobre<strong>\u00a0conocimientos de geograf\u00eda, historia, pol\u00edtica, literatura y arte,\u00a0<\/strong>reconociendo as\u00ed el valor de las aportaciones que en estos campos se han ido realizando a lo largo de la historia de la humanidad.<\/p>\n\n\n\n<p>Se valorar\u00e1n los intereses de las personas a las que va dirigido y se buscar\u00e1 priorizar el conocimiento y la comprensi\u00f3n del entorno m\u00e1s cercano y del mundo en general.<\/p>\n\n\n\n<p>Un taller muy global, pero muy accesible, en el que todas y todos est\u00e1n bienvenidos a aportar y ampliar sus conocimientos, continuando as\u00ed con su aprendizaje a lo largo de la vida.<\/p>\n\n\n\n<p>El taller se complementar\u00e1 con&nbsp;<strong>visitas a exposiciones, museos, teatros, etc.<\/strong><\/p>\n\n\n\n<p>\u00a1Inf\u00f3rmate! Puedes preguntarnos por correo electr\u00f3nico, acudiendo al centro o llam\u00e1ndonos por tel\u00e9fono en nuestro&nbsp;<a href=\"https:\/\/site.educa.madrid.org\/cepa.cidcampeador.madrid\/index.php\/contacto\/\" target=\"_blank\" rel=\"noreferrer noopener\"><strong>horario<\/strong>&nbsp;<strong>de<\/strong>&nbsp;<strong>atenci\u00f3n<\/strong><\/a>.<\/p>\n\n\n\n<p><\/p>\n\n\n<div class=\"wp-block-image\">\n<figure class=\"aligncenter size-large is-resized\"><img loading=\"lazy\" decoding=\"async\" src=\"https:\/\/site.educa.madrid.org\/cepa.cidcampeador.madrid\/\/wp-content\/uploads\/cepa.cidcampeador.madrid\/2023\/07\/Taller-Ampliacion-cultural--724x1024.png\" alt=\"\" class=\"wp-image-4277\" width=\"362\" height=\"512\" srcset=\"https:\/\/site.educa.madrid.org\/cepa.cidcampeador.madrid\/\/wp-content\/uploads\/cepa.cidcampeador.madrid\/2023\/07\/Taller-Ampliacion-cultural--724x1024.png 724w, https:\/\/site.educa.madrid.org\/cepa.cidcampeador.madrid\/\/wp-content\/uploads\/cepa.cidcampeador.madrid\/2023\/07\/Taller-Ampliacion-cultural--212x300.png 212w, https:\/\/site.educa.madrid.org\/cepa.cidcampeador.madrid\/\/wp-content\/uploads\/cepa.cidcampeador.madrid\/2023\/07\/Taller-Ampliacion-cultural--768x1086.png 768w, https:\/\/site.educa.madrid.org\/cepa.cidcampeador.madrid\/\/wp-content\/uploads\/cepa.cidcampeador.madrid\/2023\/07\/Taller-Ampliacion-cultural--1086x1536.png 1086w, https:\/\/site.educa.madrid.org\/cepa.cidcampeador.madrid\/\/wp-content\/uploads\/cepa.cidcampeador.madrid\/2023\/07\/Taller-Ampliacion-cultural--1448x2048.png 1448w, https:\/\/site.educa.madrid.org\/cepa.cidcampeador.madrid\/\/wp-content\/uploads\/cepa.cidcampeador.madrid\/2023\/07\/Taller-Ampliacion-cultural-.png 1587w\" sizes=\"auto, (max-width: 362px) 100vw, 362px\" \/><\/figure>\n<\/div>","protected":false},"excerpt":{"rendered":"<p>El Taller de&nbsp;Ampliaci\u00f3n Cultural&nbsp;ofrece una oportunidad de crecimiento personal y enriquecimiento cultural a aquellas personas que tengan inquietud en seguir aprendiendo, pero no necesiten realizar una ense\u00f1anza reglada. La duraci\u00f3n del taller es de&nbsp;2 horas a la semana&nbsp;en horario de ma\u00f1ana, de octubre a junio. Partiendo de las experiencias e inquietudes personales de la clase &hellip; <\/p>\n<p class=\"link-more\"><a href=\"https:\/\/site.educa.madrid.org\/cepa.cidcampeador.madrid\/index.php\/taller-de-ampliacion-cultural\/\" class=\"more-link\">Continuar leyendo<span class=\"screen-reader-text\"> \u00abTaller de Ampliaci\u00f3n Cultural\u00bb<\/span><\/a><\/p>\n","protected":false},"author":3,"featured_media":0,"parent":0,"menu_order":0,"comment_status":"closed","ping_status":"closed","template":"","meta":{"footnotes":""},"folder":[],"class_list":["post-4294","page","type-page","status-publish","hentry"],"rttpg_featured_image_url":null,"rttpg_author":{"display_name":"cepa.cidcampeador.madrid","author_link":"https:\/\/site.educa.madrid.org\/cepa.cidcampeador.madrid\/index.php\/author\/cuenta_cepa-cidcampeador-madrid\/"},"rttpg_comment":0,"rttpg_category":false,"rttpg_excerpt":"El Taller de&nbsp;Ampliaci\u00f3n Cultural&nbsp;ofrece una oportunidad de crecimiento personal y enriquecimiento cultural a aquellas personas que tengan inquietud en seguir aprendiendo, pero no necesiten realizar una ense\u00f1anza reglada. La duraci\u00f3n del taller es de&nbsp;2 horas a la semana&nbsp;en horario de ma\u00f1ana, de octubre a junio. Partiendo de las experiencias e inquietudes personales de la clase&hellip;","post_mailing_queue_ids":[],"_links":{"self":[{"href":"https:\/\/site.educa.madrid.org\/cepa.cidcampeador.madrid\/index.php\/wp-json\/wp\/v2\/pages\/4294","targetHints":{"allow":["GET"]}}],"collection":[{"href":"https:\/\/site.educa.madrid.org\/cepa.cidcampeador.madrid\/index.php\/wp-json\/wp\/v2\/pages"}],"about":[{"href":"https:\/\/site.educa.madrid.org\/cepa.cidcampeador.madrid\/index.php\/wp-json\/wp\/v2\/types\/page"}],"author":[{"embeddable":true,"href":"https:\/\/site.educa.madrid.org\/cepa.cidcampeador.madrid\/index.php\/wp-json\/wp\/v2\/users\/3"}],"replies":[{"embeddable":true,"href":"https:\/\/site.educa.madrid.org\/cepa.cidcampeador.madrid\/index.php\/wp-json\/wp\/v2\/comments?post=4294"}],"version-history":[{"count":7,"href":"https:\/\/site.educa.madrid.org\/cepa.cidcampeador.madrid\/index.php\/wp-json\/wp\/v2\/pages\/4294\/revisions"}],"predecessor-version":[{"id":4696,"href":"https:\/\/site.educa.madrid.org\/cepa.cidcampeador.madrid\/index.php\/wp-json\/wp\/v2\/pages\/4294\/revisions\/4696"}],"wp:attachment":[{"href":"https:\/\/site.educa.madrid.org\/cepa.cidcampeador.madrid\/index.php\/wp-json\/wp\/v2\/media?parent=4294"}],"wp:term":[{"taxonomy":"folder","embeddable":true,"href":"https:\/\/site.educa.madrid.org\/cepa.cidcampeador.madrid\/index.php\/wp-json\/wp\/v2\/folder?post=4294"}],"curies":[{"name":"wp","href":"https:\/\/api.w.org\/{rel}","templated":true}]}}