{"id":4338,"date":"2023-07-08T20:38:59","date_gmt":"2023-07-08T18:38:59","guid":{"rendered":"https:\/\/site.educa.madrid.org\/cepa.cidcampeador.madrid\/?page_id=4338"},"modified":"2025-09-15T01:02:06","modified_gmt":"2025-09-14T23:02:06","slug":"secretaria","status":"publish","type":"page","link":"https:\/\/site.educa.madrid.org\/cepa.cidcampeador.madrid\/index.php\/secretaria\/","title":{"rendered":"Secretar\u00eda"},"content":{"rendered":"\n<h2 class=\"wp-block-heading\"><strong>Horario de atenci\u00f3n presencial en Secretar\u00eda<\/strong><\/h2>\n\n\n<div class=\"wp-block-image\">\n<figure class=\"aligncenter size-full is-resized\"><img loading=\"lazy\" decoding=\"async\" width=\"940\" height=\"788\" src=\"https:\/\/site.educa.madrid.org\/cepa.cidcampeador.madrid\/\/wp-content\/uploads\/cepa.cidcampeador.madrid\/2025\/09\/HORARIO-SECRETARIA_25-26_.png\" alt=\"\" class=\"wp-image-7937\" style=\"width:629px;height:auto\" srcset=\"https:\/\/site.educa.madrid.org\/cepa.cidcampeador.madrid\/\/wp-content\/uploads\/cepa.cidcampeador.madrid\/2025\/09\/HORARIO-SECRETARIA_25-26_.png 940w, https:\/\/site.educa.madrid.org\/cepa.cidcampeador.madrid\/\/wp-content\/uploads\/cepa.cidcampeador.madrid\/2025\/09\/HORARIO-SECRETARIA_25-26_-300x251.png 300w, https:\/\/site.educa.madrid.org\/cepa.cidcampeador.madrid\/\/wp-content\/uploads\/cepa.cidcampeador.madrid\/2025\/09\/HORARIO-SECRETARIA_25-26_-768x644.png 768w\" sizes=\"auto, (max-width: 767px) 89vw, (max-width: 1000px) 54vw, (max-width: 1071px) 543px, 580px\" \/><\/figure>\n<\/div>\n\n\n<p>..<\/p>\n\n\n\n<p><img decoding=\"async\" style=\"width: 20px;\" src=\"https:\/\/site.educa.madrid.org\/cepa.cidcampeador.madrid\/\/wp-content\/uploads\/cepa.cidcampeador.madrid\/2020\/05\/dibujo-telefono-png-3.png\" alt=\"\">   . <strong>Tel\u00e9fono<\/strong>&nbsp;917 058 402 <\/p>\n\n\n\n<p><img decoding=\"async\" src=\"https:\/\/site.educa.madrid.org\/cepa.cidcampeador.madrid\/\/wp-content\/uploads\/cepa.cidcampeador.madrid\/2019\/09\/whatsapp3.png\" style=\"width: 20px;\" alt=\"\">    . <strong>WhatsApp<\/strong>&nbsp;650 083 284<\/p>\n\n\n\n<p><img decoding=\"async\" src=\"https:\/\/site.educa.madrid.org\/cepa.cidcampeador.madrid\/\/wp-content\/uploads\/cepa.cidcampeador.madrid\/2020\/05\/mail-1.png\" alt=\"\" style=\"width: 20px;\">   . <strong>Correo electr\u00f3nico<\/strong>&nbsp;cepa.cidcampeador.madrid@educa.madrid.org<\/p>\n\n\n\n<p><img decoding=\"async\" class=\"wp-image-459\" style=\"width: 40px;\" src=\"https:\/\/site.educa.madrid.org\/cepa.cidcampeador.madrid\/\/wp-content\/uploads\/cepa.cidcampeador.madrid\/2019\/09\/ubicaci\u00f3n5-6.png\" alt=\"\"><img loading=\"lazy\" decoding=\"async\" width=\"40\" height=\"40\" class=\"wp-image-1222\" style=\"width: 40px;\" src=\"https:\/\/site.educa.madrid.org\/cepa.cidcampeador.madrid\/\/wp-content\/uploads\/cepa.cidcampeador.madrid\/2020\/02\/ubicaci\u00f3n5.png\" alt=\"\" srcset=\"https:\/\/site.educa.madrid.org\/cepa.cidcampeador.madrid\/\/wp-content\/uploads\/cepa.cidcampeador.madrid\/2020\/02\/ubicaci\u00f3n5.png 512w, https:\/\/site.educa.madrid.org\/cepa.cidcampeador.madrid\/\/wp-content\/uploads\/cepa.cidcampeador.madrid\/2020\/02\/ubicaci\u00f3n5-150x150.png 150w, https:\/\/site.educa.madrid.org\/cepa.cidcampeador.madrid\/\/wp-content\/uploads\/cepa.cidcampeador.madrid\/2020\/02\/ubicaci\u00f3n5-300x300.png 300w, https:\/\/site.educa.madrid.org\/cepa.cidcampeador.madrid\/\/wp-content\/uploads\/cepa.cidcampeador.madrid\/2020\/02\/ubicaci\u00f3n5-100x100.png 100w\" sizes=\"auto, (max-width: 40px) 100vw, 40px\" \/>. <a aria-label=\"C\/ Anselmo Lorenzo 12, Madrid 28044    (abre en una nueva pesta\u00f1a)\" href=\"https:\/\/goo.gl\/maps\/DRiQpXEvcESYfoZ9A\" target=\"_blank\" rel=\"noreferrer noopener\">C\/ Anselmo Lorenzo 12<\/a>, <a aria-label=\"C\/ Anselmo Lorenzo 12, Madrid 28044    (abre en una nueva pesta\u00f1a)\" href=\"https:\/\/goo.gl\/maps\/DRiQpXEvcESYfoZ9A\" target=\"_blank\" rel=\"noreferrer noopener\">Madrid 28044<\/a><\/p>\n\n\n\n<p>M\u00e1s informaci\u00f3n de contacto:  <a href=\"https:\/\/site.educa.madrid.org\/cepa.cidcampeador.madrid\/index.php\/contacto\/\">aqu\u00ed<\/a>.<\/p>\n","protected":false},"excerpt":{"rendered":"<p>Horario de atenci\u00f3n presencial en Secretar\u00eda .. . Tel\u00e9fono&nbsp;917 058 402 . WhatsApp&nbsp;650 083 284 . Correo electr\u00f3nico&nbsp;cepa.cidcampeador.madrid@educa.madrid.org . C\/ Anselmo Lorenzo 12, Madrid 28044 M\u00e1s informaci\u00f3n de contacto: aqu\u00ed.<\/p>\n","protected":false},"author":3,"featured_media":0,"parent":0,"menu_order":0,"comment_status":"closed","ping_status":"closed","template":"","meta":{"footnotes":""},"folder":[],"class_list":["post-4338","page","type-page","status-publish","hentry"],"rttpg_featured_image_url":null,"rttpg_author":{"display_name":"cepa.cidcampeador.madrid","author_link":"https:\/\/site.educa.madrid.org\/cepa.cidcampeador.madrid\/index.php\/author\/cuenta_cepa-cidcampeador-madrid\/"},"rttpg_comment":0,"rttpg_category":false,"rttpg_excerpt":"Horario de atenci\u00f3n presencial en Secretar\u00eda .. . Tel\u00e9fono&nbsp;917 058 402 . WhatsApp&nbsp;650 083 284 . Correo electr\u00f3nico&nbsp;cepa.cidcampeador.madrid@educa.madrid.org . C\/ Anselmo Lorenzo 12, Madrid 28044 M\u00e1s informaci\u00f3n de contacto: aqu\u00ed.","post_mailing_queue_ids":[],"_links":{"self":[{"href":"https:\/\/site.educa.madrid.org\/cepa.cidcampeador.madrid\/index.php\/wp-json\/wp\/v2\/pages\/4338","targetHints":{"allow":["GET"]}}],"collection":[{"href":"https:\/\/site.educa.madrid.org\/cepa.cidcampeador.madrid\/index.php\/wp-json\/wp\/v2\/pages"}],"about":[{"href":"https:\/\/site.educa.madrid.org\/cepa.cidcampeador.madrid\/index.php\/wp-json\/wp\/v2\/types\/page"}],"author":[{"embeddable":true,"href":"https:\/\/site.educa.madrid.org\/cepa.cidcampeador.madrid\/index.php\/wp-json\/wp\/v2\/users\/3"}],"replies":[{"embeddable":true,"href":"https:\/\/site.educa.madrid.org\/cepa.cidcampeador.madrid\/index.php\/wp-json\/wp\/v2\/comments?post=4338"}],"version-history":[{"count":34,"href":"https:\/\/site.educa.madrid.org\/cepa.cidcampeador.madrid\/index.php\/wp-json\/wp\/v2\/pages\/4338\/revisions"}],"predecessor-version":[{"id":7938,"href":"https:\/\/site.educa.madrid.org\/cepa.cidcampeador.madrid\/index.php\/wp-json\/wp\/v2\/pages\/4338\/revisions\/7938"}],"wp:attachment":[{"href":"https:\/\/site.educa.madrid.org\/cepa.cidcampeador.madrid\/index.php\/wp-json\/wp\/v2\/media?parent=4338"}],"wp:term":[{"taxonomy":"folder","embeddable":true,"href":"https:\/\/site.educa.madrid.org\/cepa.cidcampeador.madrid\/index.php\/wp-json\/wp\/v2\/folder?post=4338"}],"curies":[{"name":"wp","href":"https:\/\/api.w.org\/{rel}","templated":true}]}}