{"id":4467,"date":"2023-07-24T23:59:05","date_gmt":"2023-07-24T21:59:05","guid":{"rendered":"https:\/\/site.educa.madrid.org\/cepa.cidcampeador.madrid\/?page_id=4467"},"modified":"2025-09-16T17:40:21","modified_gmt":"2025-09-16T15:40:21","slug":"instrucciones-cfgb","status":"publish","type":"page","link":"https:\/\/site.educa.madrid.org\/cepa.cidcampeador.madrid\/index.php\/instrucciones-cfgb\/","title":{"rendered":"Instrucciones CFGB 2025-2026"},"content":{"rendered":"\n<h2 class=\"wp-block-heading\"><strong>Ciclos Formativos Grado B\u00e1sico<\/strong> en el <strong>CEPA Cid Campeador<\/strong><\/h2>\n\n\n\n<p>(a partir de 17 a\u00f1os)<\/p>\n\n\n\n<ul class=\"wp-block-list\">\n<li>CFGB Cocina y Restauraci\u00f3n<\/li>\n\n\n\n<li>CFGB Panader\u00eda y Pasteler\u00eda<\/li>\n<\/ul>\n\n\n\n<h2 class=\"wp-block-heading\"><strong>Calendario de actuaciones<\/strong><\/h2>\n\n\n\n<figure class=\"wp-block-image size-large\"><img loading=\"lazy\" decoding=\"async\" width=\"1024\" height=\"517\" src=\"https:\/\/site.educa.madrid.org\/cepa.cidcampeador.madrid\/\/wp-content\/uploads\/cepa.cidcampeador.madrid\/2025\/07\/image-1-1024x517.png\" alt=\"\" class=\"wp-image-7790\" srcset=\"https:\/\/site.educa.madrid.org\/cepa.cidcampeador.madrid\/\/wp-content\/uploads\/cepa.cidcampeador.madrid\/2025\/07\/image-1-1024x517.png 1024w, https:\/\/site.educa.madrid.org\/cepa.cidcampeador.madrid\/\/wp-content\/uploads\/cepa.cidcampeador.madrid\/2025\/07\/image-1-300x152.png 300w, https:\/\/site.educa.madrid.org\/cepa.cidcampeador.madrid\/\/wp-content\/uploads\/cepa.cidcampeador.madrid\/2025\/07\/image-1-768x388.png 768w, https:\/\/site.educa.madrid.org\/cepa.cidcampeador.madrid\/\/wp-content\/uploads\/cepa.cidcampeador.madrid\/2025\/07\/image-1.png 1130w\" sizes=\"auto, (max-width: 767px) 89vw, (max-width: 1000px) 54vw, (max-width: 1071px) 543px, 580px\" \/><\/figure>\n\n\n\n<ul class=\"wp-block-list\">\n<li><strong> <strong>Recepci\u00f3n de solicitu<\/strong>des en papel en la Secretar\u00eda del centro:<\/strong> hasta el 8 de septiembre<\/li>\n<\/ul>\n\n\n\n<ul class=\"wp-block-list\">\n<li><strong>Opci\u00f3n de matriculaci\u00f3n online<\/strong> a trav\u00e9s de Secretar\u00eda Virtual (del 1 al 8 de septiembre): <a href=\"https:\/\/raices.madrid.org\/secretariavirtual\/\">https:\/\/raices.madrid.org\/secretariavirtual\/<\/a><\/li>\n<\/ul>\n\n\n\n<ul class=\"wp-block-list\">\n<li><strong>Listado provisional de baremaciones<\/strong>: 11 de septiembre<\/li>\n<\/ul>\n\n\n\n<ul class=\"wp-block-list\">\n<li><strong>Listado definitivo de admitidos<\/strong>: 16 de septiembre  <strong><mark style=\"background-color:#fcb900\" class=\"has-inline-color\">DISPONIBLE PARA CONSULTAR EN LA SECRETAR\u00cdA DEL CENTRO<\/mark><\/strong><\/li>\n<\/ul>\n\n\n\n<ul class=\"wp-block-list\">\n<li><strong>Inicio del curso<\/strong>: 18 de septiembre a las 15:00h<\/li>\n<\/ul>\n\n\n\n<h2 class=\"wp-block-heading\"><strong>Instrucciones de Admisi\u00f3n para CFGB<\/strong> en Centros de Educaci\u00f3n de  Personas Adultas (CEPA)<\/h2>\n\n\n\n<div data-wp-interactive=\"core\/file\" class=\"wp-block-file\"><object data-wp-bind--hidden=\"!state.hasPdfPreview\" hidden class=\"wp-block-file__embed\" data=\"https:\/\/site.educa.madrid.org\/cepa.cidcampeador.madrid\/\/wp-content\/uploads\/cepa.cidcampeador.madrid\/2025\/07\/2025_07_16_Instrucciones-FPB-CEPA-admision-2025-2026-VFinal__53226728.pdf\" type=\"application\/pdf\" style=\"width:100%;height:600px\" aria-label=\"Incrustado de 2025_07_16_Instrucciones FPB CEPA admision 2025-2026 VFinal__53226728.\"><\/object><a id=\"wp-block-file--media-eab5b4cc-a09c-4da3-b0d9-456f7af09c74\" href=\"https:\/\/site.educa.madrid.org\/cepa.cidcampeador.madrid\/\/wp-content\/uploads\/cepa.cidcampeador.madrid\/2025\/07\/2025_07_16_Instrucciones-FPB-CEPA-admision-2025-2026-VFinal__53226728.pdf\">2025_07_16_Instrucciones FPB CEPA admision 2025-2026 VFinal__53226728<\/a><a href=\"https:\/\/site.educa.madrid.org\/cepa.cidcampeador.madrid\/\/wp-content\/uploads\/cepa.cidcampeador.madrid\/2025\/07\/2025_07_16_Instrucciones-FPB-CEPA-admision-2025-2026-VFinal__53226728.pdf\" class=\"wp-block-file__button wp-element-button\" download aria-describedby=\"wp-block-file--media-eab5b4cc-a09c-4da3-b0d9-456f7af09c74\">Descarga<\/a><\/div>\n\n\n\n<h2 class=\"wp-block-heading\"><strong>Baremo<\/strong> <strong>en 1\u00ba curso CFGB<\/strong><\/h2>\n\n\n<div class=\"wp-block-image\">\n<figure class=\"aligncenter size-full is-resized\"><img loading=\"lazy\" decoding=\"async\" width=\"1009\" height=\"635\" src=\"https:\/\/site.educa.madrid.org\/cepa.cidcampeador.madrid\/\/wp-content\/uploads\/cepa.cidcampeador.madrid\/2025\/07\/image-2.png\" alt=\"\" class=\"wp-image-7791\" style=\"width:543px;height:auto\" srcset=\"https:\/\/site.educa.madrid.org\/cepa.cidcampeador.madrid\/\/wp-content\/uploads\/cepa.cidcampeador.madrid\/2025\/07\/image-2.png 1009w, https:\/\/site.educa.madrid.org\/cepa.cidcampeador.madrid\/\/wp-content\/uploads\/cepa.cidcampeador.madrid\/2025\/07\/image-2-300x189.png 300w, https:\/\/site.educa.madrid.org\/cepa.cidcampeador.madrid\/\/wp-content\/uploads\/cepa.cidcampeador.madrid\/2025\/07\/image-2-768x483.png 768w\" sizes=\"auto, (max-width: 767px) 89vw, (max-width: 1000px) 54vw, (max-width: 1071px) 543px, 580px\" \/><\/figure>\n<\/div>\n\n\n<h2 class=\"wp-block-heading\"><strong>Requisitos para CFGB<\/strong> en Centros de Educaci\u00f3n de Personas Adultas (CEPA)<\/h2>\n\n\n\n<figure class=\"wp-block-image size-large\"><img loading=\"lazy\" decoding=\"async\" width=\"1024\" height=\"409\" src=\"https:\/\/site.educa.madrid.org\/cepa.cidcampeador.madrid\/\/wp-content\/uploads\/cepa.cidcampeador.madrid\/2025\/07\/image-3-1024x409.png\" alt=\"\" class=\"wp-image-7792\" srcset=\"https:\/\/site.educa.madrid.org\/cepa.cidcampeador.madrid\/\/wp-content\/uploads\/cepa.cidcampeador.madrid\/2025\/07\/image-3-1024x409.png 1024w, https:\/\/site.educa.madrid.org\/cepa.cidcampeador.madrid\/\/wp-content\/uploads\/cepa.cidcampeador.madrid\/2025\/07\/image-3-300x120.png 300w, https:\/\/site.educa.madrid.org\/cepa.cidcampeador.madrid\/\/wp-content\/uploads\/cepa.cidcampeador.madrid\/2025\/07\/image-3-768x307.png 768w, https:\/\/site.educa.madrid.org\/cepa.cidcampeador.madrid\/\/wp-content\/uploads\/cepa.cidcampeador.madrid\/2025\/07\/image-3.png 1096w\" sizes=\"auto, (max-width: 767px) 89vw, (max-width: 1000px) 54vw, (max-width: 1071px) 543px, 580px\" \/><\/figure>\n\n\n\n<h2 class=\"wp-block-heading\"><strong><a href=\"https:\/\/site.educa.madrid.org\/cepa.cidcampeador.madrid\/\/wp-content\/uploads\/cepa.cidcampeador.madrid\/2025\/09\/Relacion_de_plazas_ofertadas_firmado.pdf\">Plazas de CFGB ofertadas<\/a><\/strong> en el CEPA Cid Campeador<\/h2>\n\n\n\n<figure class=\"wp-block-image size-full\"><a href=\"https:\/\/site.educa.madrid.org\/cepa.cidcampeador.madrid\/\/wp-content\/uploads\/cepa.cidcampeador.madrid\/2025\/09\/Relacion_de_plazas_ofertadas_firmado.pdf\"><img loading=\"lazy\" decoding=\"async\" width=\"845\" height=\"547\" src=\"https:\/\/site.educa.madrid.org\/cepa.cidcampeador.madrid\/\/wp-content\/uploads\/cepa.cidcampeador.madrid\/2025\/09\/image.png\" alt=\"\" class=\"wp-image-7872\" srcset=\"https:\/\/site.educa.madrid.org\/cepa.cidcampeador.madrid\/\/wp-content\/uploads\/cepa.cidcampeador.madrid\/2025\/09\/image.png 845w, https:\/\/site.educa.madrid.org\/cepa.cidcampeador.madrid\/\/wp-content\/uploads\/cepa.cidcampeador.madrid\/2025\/09\/image-300x194.png 300w, https:\/\/site.educa.madrid.org\/cepa.cidcampeador.madrid\/\/wp-content\/uploads\/cepa.cidcampeador.madrid\/2025\/09\/image-768x497.png 768w\" sizes=\"auto, (max-width: 767px) 89vw, (max-width: 1000px) 54vw, (max-width: 1071px) 543px, 580px\" \/><\/a><\/figure>\n","protected":false},"excerpt":{"rendered":"<p>Ciclos Formativos Grado B\u00e1sico en el CEPA Cid Campeador (a partir de 17 a\u00f1os) Calendario de actuaciones Instrucciones de Admisi\u00f3n para CFGB en Centros de Educaci\u00f3n de Personas Adultas (CEPA) Baremo en 1\u00ba curso CFGB Requisitos para CFGB en Centros de Educaci\u00f3n de Personas Adultas (CEPA) Plazas de CFGB ofertadas en el CEPA Cid Campeador<\/p>\n","protected":false},"author":3,"featured_media":0,"parent":0,"menu_order":0,"comment_status":"closed","ping_status":"closed","template":"","meta":{"footnotes":""},"folder":[],"class_list":["post-4467","page","type-page","status-publish","hentry"],"rttpg_featured_image_url":null,"rttpg_author":{"display_name":"cepa.cidcampeador.madrid","author_link":"https:\/\/site.educa.madrid.org\/cepa.cidcampeador.madrid\/index.php\/author\/cuenta_cepa-cidcampeador-madrid\/"},"rttpg_comment":0,"rttpg_category":false,"rttpg_excerpt":"Ciclos Formativos Grado B\u00e1sico en el CEPA Cid Campeador (a partir de 17 a\u00f1os) Calendario de actuaciones Instrucciones de Admisi\u00f3n para CFGB en Centros de Educaci\u00f3n de Personas Adultas (CEPA) Baremo en 1\u00ba curso CFGB Requisitos para CFGB en Centros de Educaci\u00f3n de Personas Adultas (CEPA) Plazas de CFGB ofertadas en el CEPA Cid Campeador","post_mailing_queue_ids":[],"_links":{"self":[{"href":"https:\/\/site.educa.madrid.org\/cepa.cidcampeador.madrid\/index.php\/wp-json\/wp\/v2\/pages\/4467","targetHints":{"allow":["GET"]}}],"collection":[{"href":"https:\/\/site.educa.madrid.org\/cepa.cidcampeador.madrid\/index.php\/wp-json\/wp\/v2\/pages"}],"about":[{"href":"https:\/\/site.educa.madrid.org\/cepa.cidcampeador.madrid\/index.php\/wp-json\/wp\/v2\/types\/page"}],"author":[{"embeddable":true,"href":"https:\/\/site.educa.madrid.org\/cepa.cidcampeador.madrid\/index.php\/wp-json\/wp\/v2\/users\/3"}],"replies":[{"embeddable":true,"href":"https:\/\/site.educa.madrid.org\/cepa.cidcampeador.madrid\/index.php\/wp-json\/wp\/v2\/comments?post=4467"}],"version-history":[{"count":19,"href":"https:\/\/site.educa.madrid.org\/cepa.cidcampeador.madrid\/index.php\/wp-json\/wp\/v2\/pages\/4467\/revisions"}],"predecessor-version":[{"id":8015,"href":"https:\/\/site.educa.madrid.org\/cepa.cidcampeador.madrid\/index.php\/wp-json\/wp\/v2\/pages\/4467\/revisions\/8015"}],"wp:attachment":[{"href":"https:\/\/site.educa.madrid.org\/cepa.cidcampeador.madrid\/index.php\/wp-json\/wp\/v2\/media?parent=4467"}],"wp:term":[{"taxonomy":"folder","embeddable":true,"href":"https:\/\/site.educa.madrid.org\/cepa.cidcampeador.madrid\/index.php\/wp-json\/wp\/v2\/folder?post=4467"}],"curies":[{"name":"wp","href":"https:\/\/api.w.org\/{rel}","templated":true}]}}