{"id":4485,"date":"2023-07-25T00:47:38","date_gmt":"2023-07-24T22:47:38","guid":{"rendered":"https:\/\/site.educa.madrid.org\/cepa.cidcampeador.madrid\/?page_id=4485"},"modified":"2025-09-21T19:44:13","modified_gmt":"2025-09-21T17:44:13","slug":"admision","status":"publish","type":"page","link":"https:\/\/site.educa.madrid.org\/cepa.cidcampeador.madrid\/index.php\/admision\/","title":{"rendered":"Admisi\u00f3n 2025-2026"},"content":{"rendered":"\n<h2 class=\"wp-block-heading\"><strong><mark style=\"background-color:#7bdcb5\" class=\"has-inline-color\"><a href=\"http:\/\/site.educa.madrid.org\/cepa.cidcampeador.madrid\/index.php\/mas-info-sobre-secundaria\/\">Secundaria<\/a>, <a href=\"http:\/\/site.educa.madrid.org\/cepa.cidcampeador.madrid\/index.php\/ensenanzas-iniciales\/\">Iniciales<\/a> y <a href=\"http:\/\/site.educa.madrid.org\/cepa.cidcampeador.madrid\/index.php\/3627-2\/\">Espa\u00f1ol<\/a><\/mark><\/strong><\/h2>\n\n\n\n<p><mark style=\"background-color: rgb(252, 185, 0);\" class=\"has-inline-color\"><b>Inicio del curso<\/b><\/mark>:<strong> el<\/strong> <strong>18 de septiembre<\/strong><\/p>\n\n\n\n<p>El periodo de&nbsp;<strong>MATRICULACI\u00d3N<\/strong> se mantiene abierto en tanto haya plazas disponibles, salvo en el Nivel II de Educaci\u00f3n Secundaria que finalizar\u00e1 el 30 de noviembre en cualquier caso.<\/p>\n\n\n\n<p>\u00a1P\u00eddenos cita para hacer tu matr\u00edcula!<\/p>\n\n\n\n<h2 class=\"wp-block-heading\"><strong><a href=\"http:\/\/M\u00c1S INFO sobre FPB de Cocina y Restauraci\u00f3n \u2013 CEPA CID CAMPEADOR LAS \u00c1GUILAS-CUATRO VIENTOS(abre en una nueva pesta\u00f1a) site.educa.madrid.org\/cepa.cidcampeador.madrid\/index.php\/mas-info-sobre-fpb\/\"><mark style=\"background-color:#7bdcb5\" class=\"has-inline-color\">CFGB de Cocina y Restauraci\u00f3n y CFGB de Panader\u00eda y Pasteler\u00eda<\/mark><\/a><\/strong> <\/h2>\n\n\n\n<p>Quedan unas poquitas plazas en <mark style=\"background-color:rgba(0, 0, 0, 0)\" class=\"has-inline-color has-vivid-red-color\"><strong>CFGB de Panader\u00eda y Pasteler\u00eda<\/strong><\/mark>&#8230; \u00a1p\u00eddenos cita para hacer tu <strong><mark style=\"background-color:rgba(0, 0, 0, 0)\" class=\"has-inline-color has-vivid-red-color\">solicitud cuanto antes<\/mark><\/strong>!<\/p>\n\n\n\n<p><strong><mark style=\"background-color:#fcb900\" class=\"has-inline-color\">Inicio del curso<\/mark><\/strong>:<strong> el<\/strong> <strong>18 de septiembre<\/strong><\/p>\n\n\n\n<p><strong><a href=\"https:\/\/site.educa.madrid.org\/cepa.cidcampeador.madrid\/index.php\/instrucciones-cfgb\/\" target=\"_blank\" rel=\"noreferrer noopener\">Instrucciones de admisi\u00f3n en Ciclos Formativos Grado B\u00e1sico en Centros de Educaci\u00f3n de Adultos.<\/a><\/strong><\/p>\n\n\n\n<h2 class=\"wp-block-heading\"><strong><a href=\"https:\/\/site.educa.madrid.org\/cepa.cidcampeador.madrid\/index.php\/talleres-3\/\"><mark style=\"background-color:#7bdcb5\" class=\"has-inline-color\">Talleres<\/mark><\/a>&nbsp;<\/strong>(<a href=\"https:\/\/site.educa.madrid.org\/cepa.cidcampeador.madrid\/index.php\/talleres-3\/\">Inform\u00e1tica, Ingl\u00e9s, Historia del Arte, Ampliaci\u00f3n Cultural, Escritura Creativa&#8230;)<\/a><\/h2>\n\n\n\n<p>Pueden inscribirse (por tel\u00e9fono, mail o whatsapp) en los&nbsp;<strong>LISTADOS&nbsp;<\/strong>de solicitantes.<\/p>\n\n\n\n<p>Se est\u00e1n haciendo llamadas por orden de inscripci\u00f3n para comunicar los horarios y citar para formalizar la matr\u00edcula.<\/p>\n\n\n\n<p><strong><mark style=\"background-color:#fcb900\" class=\"has-inline-color\">Inicio de los Talleres<\/mark><\/strong>: segunda semana de octubre<\/p>\n\n\n\n<h2 class=\"wp-block-heading\"><a href=\"https:\/\/site.educa.madrid.org\/cepa.cidcampeador.madrid\/index.php\/taller-operativo\/\"><strong><mark style=\"background-color:#7bdcb5\" class=\"has-inline-color\">Taller Operativo<\/mark><\/strong> <strong>Operaciones b\u00e1sicas de cocina<\/strong><\/a><\/h2>\n\n\n\n<p>Taller dirigido a personas adultas con certificado de discapacidad.<\/p>\n\n\n\n<p><strong><mark style=\"background-color:#fcb900\" class=\"has-inline-color\">Inicio del curso<\/mark><\/strong>: mi\u00e9rcoles 15 de octubre<\/p>\n","protected":false},"excerpt":{"rendered":"<p>Secundaria, Iniciales y Espa\u00f1ol Inicio del curso: el 18 de septiembre El periodo de&nbsp;MATRICULACI\u00d3N se mantiene abierto en tanto haya plazas disponibles, salvo en el Nivel II de Educaci\u00f3n Secundaria que finalizar\u00e1 el 30 de noviembre en cualquier caso. \u00a1P\u00eddenos cita para hacer tu matr\u00edcula! CFGB de Cocina y Restauraci\u00f3n y CFGB de Panader\u00eda y &hellip; <\/p>\n<p class=\"link-more\"><a href=\"https:\/\/site.educa.madrid.org\/cepa.cidcampeador.madrid\/index.php\/admision\/\" class=\"more-link\">Continuar leyendo<span class=\"screen-reader-text\"> \u00abAdmisi\u00f3n 2025-2026\u00bb<\/span><\/a><\/p>\n","protected":false},"author":3,"featured_media":0,"parent":0,"menu_order":0,"comment_status":"closed","ping_status":"closed","template":"","meta":{"footnotes":""},"folder":[],"class_list":["post-4485","page","type-page","status-publish","hentry"],"rttpg_featured_image_url":null,"rttpg_author":{"display_name":"cepa.cidcampeador.madrid","author_link":"https:\/\/site.educa.madrid.org\/cepa.cidcampeador.madrid\/index.php\/author\/cuenta_cepa-cidcampeador-madrid\/"},"rttpg_comment":0,"rttpg_category":false,"rttpg_excerpt":"Secundaria, Iniciales y Espa\u00f1ol Inicio del curso: el 18 de septiembre El periodo de&nbsp;MATRICULACI\u00d3N se mantiene abierto en tanto haya plazas disponibles, salvo en el Nivel II de Educaci\u00f3n Secundaria que finalizar\u00e1 el 30 de noviembre en cualquier caso. \u00a1P\u00eddenos cita para hacer tu matr\u00edcula! CFGB de Cocina y Restauraci\u00f3n y CFGB de Panader\u00eda y&hellip;","post_mailing_queue_ids":[],"_links":{"self":[{"href":"https:\/\/site.educa.madrid.org\/cepa.cidcampeador.madrid\/index.php\/wp-json\/wp\/v2\/pages\/4485","targetHints":{"allow":["GET"]}}],"collection":[{"href":"https:\/\/site.educa.madrid.org\/cepa.cidcampeador.madrid\/index.php\/wp-json\/wp\/v2\/pages"}],"about":[{"href":"https:\/\/site.educa.madrid.org\/cepa.cidcampeador.madrid\/index.php\/wp-json\/wp\/v2\/types\/page"}],"author":[{"embeddable":true,"href":"https:\/\/site.educa.madrid.org\/cepa.cidcampeador.madrid\/index.php\/wp-json\/wp\/v2\/users\/3"}],"replies":[{"embeddable":true,"href":"https:\/\/site.educa.madrid.org\/cepa.cidcampeador.madrid\/index.php\/wp-json\/wp\/v2\/comments?post=4485"}],"version-history":[{"count":30,"href":"https:\/\/site.educa.madrid.org\/cepa.cidcampeador.madrid\/index.php\/wp-json\/wp\/v2\/pages\/4485\/revisions"}],"predecessor-version":[{"id":8021,"href":"https:\/\/site.educa.madrid.org\/cepa.cidcampeador.madrid\/index.php\/wp-json\/wp\/v2\/pages\/4485\/revisions\/8021"}],"wp:attachment":[{"href":"https:\/\/site.educa.madrid.org\/cepa.cidcampeador.madrid\/index.php\/wp-json\/wp\/v2\/media?parent=4485"}],"wp:term":[{"taxonomy":"folder","embeddable":true,"href":"https:\/\/site.educa.madrid.org\/cepa.cidcampeador.madrid\/index.php\/wp-json\/wp\/v2\/folder?post=4485"}],"curies":[{"name":"wp","href":"https:\/\/api.w.org\/{rel}","templated":true}]}}