{"id":4656,"date":"2023-09-11T08:24:08","date_gmt":"2023-09-11T06:24:08","guid":{"rendered":"https:\/\/site.educa.madrid.org\/cepa.cidcampeador.madrid\/?page_id=4656"},"modified":"2026-01-10T19:03:25","modified_gmt":"2026-01-10T18:03:25","slug":"red-de-cepa","status":"publish","type":"page","link":"https:\/\/site.educa.madrid.org\/cepa.cidcampeador.madrid\/index.php\/red-de-cepa\/","title":{"rendered":"Red de CEPA"},"content":{"rendered":"\n<h2 class=\"wp-block-heading\">El <strong>CEPA Cid Campeador Las \u00c1guilas-Cuatro Vientos<\/strong> pertenecemos a la <strong>Red de Centros p\u00fablicos de Educaci\u00f3n de Personas Adultas<\/strong> (<strong>CEPA<\/strong>) de la Comunidad de Madrid.<\/h2>\n\n\n\n<div data-wp-interactive=\"core\/file\" class=\"wp-block-file\"><object data-wp-bind--hidden=\"!state.hasPdfPreview\" hidden class=\"wp-block-file__embed\" data=\"https:\/\/site.educa.madrid.org\/cepa.cidcampeador.madrid\/\/wp-content\/uploads\/cepa.cidcampeador.madrid\/2023\/09\/FolletoReddeCEPA_Madrid.pdf\" type=\"application\/pdf\" style=\"width:100%;height:600px\" aria-label=\"Incrustado de FolletoReddeCEPA_Madrid.\"><\/object><a id=\"wp-block-file--media-39e546c9-fe61-4a4d-adef-043077c085f0\" href=\"https:\/\/site.educa.madrid.org\/cepa.cidcampeador.madrid\/\/wp-content\/uploads\/cepa.cidcampeador.madrid\/2023\/09\/FolletoReddeCEPA_Madrid.pdf\">FolletoReddeCEPA_Madrid<\/a><a href=\"https:\/\/site.educa.madrid.org\/cepa.cidcampeador.madrid\/\/wp-content\/uploads\/cepa.cidcampeador.madrid\/2023\/09\/FolletoReddeCEPA_Madrid.pdf\" class=\"wp-block-file__button wp-element-button\" download aria-describedby=\"wp-block-file--media-39e546c9-fe61-4a4d-adef-043077c085f0\">Descarga<\/a><\/div>\n\n\n\n<div data-wp-interactive=\"core\/file\" class=\"wp-block-file\"><object data-wp-bind--hidden=\"!state.hasPdfPreview\" hidden class=\"wp-block-file__embed\" data=\"https:\/\/site.educa.madrid.org\/cepa.cidcampeador.madrid\/\/wp-content\/uploads\/cepa.cidcampeador.madrid\/2023\/09\/1-presentacion_aula_2019.pdf\" type=\"application\/pdf\" style=\"width:100%;height:500px\" aria-label=\"Incrustado de 1-presentacion_aula_2019.\"><\/object><a id=\"wp-block-file--media-4d0a6dcf-699b-46c3-887b-9aabde4fddd4\" href=\"https:\/\/site.educa.madrid.org\/cepa.cidcampeador.madrid\/\/wp-content\/uploads\/cepa.cidcampeador.madrid\/2023\/09\/1-presentacion_aula_2019.pdf\">1-presentacion_aula_2019<\/a><a href=\"https:\/\/site.educa.madrid.org\/cepa.cidcampeador.madrid\/\/wp-content\/uploads\/cepa.cidcampeador.madrid\/2023\/09\/1-presentacion_aula_2019.pdf\" class=\"wp-block-file__button wp-element-button\" download aria-describedby=\"wp-block-file--media-4d0a6dcf-699b-46c3-887b-9aabde4fddd4\">Descarga<\/a><\/div>\n\n\n\n<p>.<\/p>\n\n\n\n<figure class=\"wp-block-image size-large\"><a href=\"https:\/\/www.comunidad.madrid\/servicios\/educacion\/oferta-formativa-educacion-personas-adultas-cepa\"><img loading=\"lazy\" decoding=\"async\" width=\"1024\" height=\"207\" src=\"https:\/\/site.educa.madrid.org\/cepa.cidcampeador.madrid\/\/wp-content\/uploads\/cepa.cidcampeador.madrid\/2024\/12\/image-1024x207.png\" alt=\"\" class=\"wp-image-6782\" srcset=\"https:\/\/site.educa.madrid.org\/cepa.cidcampeador.madrid\/\/wp-content\/uploads\/cepa.cidcampeador.madrid\/2024\/12\/image-1024x207.png 1024w, https:\/\/site.educa.madrid.org\/cepa.cidcampeador.madrid\/\/wp-content\/uploads\/cepa.cidcampeador.madrid\/2024\/12\/image-300x61.png 300w, https:\/\/site.educa.madrid.org\/cepa.cidcampeador.madrid\/\/wp-content\/uploads\/cepa.cidcampeador.madrid\/2024\/12\/image-768x155.png 768w, https:\/\/site.educa.madrid.org\/cepa.cidcampeador.madrid\/\/wp-content\/uploads\/cepa.cidcampeador.madrid\/2024\/12\/image-1536x311.png 1536w, https:\/\/site.educa.madrid.org\/cepa.cidcampeador.madrid\/\/wp-content\/uploads\/cepa.cidcampeador.madrid\/2024\/12\/image.png 1685w\" sizes=\"auto, (max-width: 767px) 89vw, (max-width: 1000px) 54vw, (max-width: 1071px) 543px, 580px\" \/><\/a><figcaption class=\"wp-element-caption\">Aqu\u00ed se pueden consultar las <strong><a href=\"https:\/\/www.comunidad.madrid\/servicios\/educacion\/oferta-formativa-educacion-personas-adultas-cepa\">ense\u00f1anzas ofertadas<\/a><\/strong> en cada uno de los CEPA de la Comunidad de Madrid.<\/figcaption><\/figure>\n\n\n\n<figure class=\"wp-block-image size-large\"><a href=\"https:\/\/www.comunidad.madrid\/servicios\/educacion\/educacion-personas-adultas\"><img loading=\"lazy\" decoding=\"async\" width=\"1024\" height=\"219\" src=\"https:\/\/site.educa.madrid.org\/cepa.cidcampeador.madrid\/\/wp-content\/uploads\/cepa.cidcampeador.madrid\/2024\/12\/image-1-1024x219.png\" alt=\"\" class=\"wp-image-6783\" srcset=\"https:\/\/site.educa.madrid.org\/cepa.cidcampeador.madrid\/\/wp-content\/uploads\/cepa.cidcampeador.madrid\/2024\/12\/image-1-1024x219.png 1024w, https:\/\/site.educa.madrid.org\/cepa.cidcampeador.madrid\/\/wp-content\/uploads\/cepa.cidcampeador.madrid\/2024\/12\/image-1-300x64.png 300w, https:\/\/site.educa.madrid.org\/cepa.cidcampeador.madrid\/\/wp-content\/uploads\/cepa.cidcampeador.madrid\/2024\/12\/image-1-768x164.png 768w, https:\/\/site.educa.madrid.org\/cepa.cidcampeador.madrid\/\/wp-content\/uploads\/cepa.cidcampeador.madrid\/2024\/12\/image-1-1536x328.png 1536w, https:\/\/site.educa.madrid.org\/cepa.cidcampeador.madrid\/\/wp-content\/uploads\/cepa.cidcampeador.madrid\/2024\/12\/image-1.png 1852w\" sizes=\"auto, (max-width: 767px) 89vw, (max-width: 1000px) 54vw, (max-width: 1071px) 543px, 580px\" \/><\/a><figcaption class=\"wp-element-caption\">Aqu\u00ed se puede consultar m\u00e1s informaci\u00f3n sobre la <strong><a href=\"https:\/\/www.comunidad.madrid\/servicios\/educacion\/educacion-personas-adultas\">Educaci\u00f3n de Personas Adultas <\/a><\/strong>en la Comunidad de Madrid.<\/figcaption><\/figure>\n\n\n<div class=\"wp-block-image\">\n<figure class=\"aligncenter size-full\"><a href=\"https:\/\/www.comunidad.madrid\/servicios\/educacion\/regulacion-educacion-personas-adultas\"><img loading=\"lazy\" decoding=\"async\" width=\"255\" height=\"415\" src=\"https:\/\/site.educa.madrid.org\/cepa.cidcampeador.madrid\/\/wp-content\/uploads\/cepa.cidcampeador.madrid\/2025\/05\/image-7.png\" alt=\"\" class=\"wp-image-7542\" srcset=\"https:\/\/site.educa.madrid.org\/cepa.cidcampeador.madrid\/\/wp-content\/uploads\/cepa.cidcampeador.madrid\/2025\/05\/image-7.png 255w, https:\/\/site.educa.madrid.org\/cepa.cidcampeador.madrid\/\/wp-content\/uploads\/cepa.cidcampeador.madrid\/2025\/05\/image-7-184x300.png 184w\" sizes=\"auto, (max-width: 255px) 100vw, 255px\" \/><\/a><figcaption class=\"wp-element-caption\"><a href=\"https:\/\/site.educa.madrid.org\/cepa.cidcampeador.madrid\/index.php\/normativa-educacion-de-adultos\/\">Normativa Educaci\u00f3n personas adultas<\/a><\/figcaption><\/figure>\n<\/div>\n\n\n<p>Adem\u00e1s de otras ense\u00f1anzas, en los CEPA se pueden cursar los siguientes <a href=\"https:\/\/www.comunidad.madrid\/servicios\/educacion\/oferta-formativa-educacion-personas-adultas-cepa\">Ciclos Formativos de Grado B\u00e1sico para personas adultas<\/a> (mayores de 17 a\u00f1os sin estudios secundarios completos en Espa\u00f1a):<\/p>\n\n\n<div class=\"wp-block-image\">\n<figure class=\"aligncenter size-full\"><a href=\"https:\/\/www.comunidad.madrid\/servicios\/educacion\/oferta-formativa-educacion-personas-adultas-cepa\" target=\"_blank\" rel=\" noreferrer noopener\"><img loading=\"lazy\" decoding=\"async\" width=\"479\" height=\"766\" src=\"https:\/\/site.educa.madrid.org\/cepa.cidcampeador.madrid\/\/wp-content\/uploads\/cepa.cidcampeador.madrid\/2026\/01\/image-6.png\" alt=\"\" class=\"wp-image-8346\" srcset=\"https:\/\/site.educa.madrid.org\/cepa.cidcampeador.madrid\/\/wp-content\/uploads\/cepa.cidcampeador.madrid\/2026\/01\/image-6.png 479w, https:\/\/site.educa.madrid.org\/cepa.cidcampeador.madrid\/\/wp-content\/uploads\/cepa.cidcampeador.madrid\/2026\/01\/image-6-188x300.png 188w\" sizes=\"auto, (max-width: 479px) 100vw, 479px\" \/><\/a><\/figure>\n<\/div>","protected":false},"excerpt":{"rendered":"<p>El CEPA Cid Campeador Las \u00c1guilas-Cuatro Vientos pertenecemos a la Red de Centros p\u00fablicos de Educaci\u00f3n de Personas Adultas (CEPA) de la Comunidad de Madrid. . Adem\u00e1s de otras ense\u00f1anzas, en los CEPA se pueden cursar los siguientes Ciclos Formativos de Grado B\u00e1sico para personas adultas (mayores de 17 a\u00f1os sin estudios secundarios completos en &hellip; <\/p>\n<p class=\"link-more\"><a href=\"https:\/\/site.educa.madrid.org\/cepa.cidcampeador.madrid\/index.php\/red-de-cepa\/\" class=\"more-link\">Continuar leyendo<span class=\"screen-reader-text\"> \u00abRed de CEPA\u00bb<\/span><\/a><\/p>\n","protected":false},"author":3,"featured_media":0,"parent":0,"menu_order":0,"comment_status":"closed","ping_status":"closed","template":"","meta":{"footnotes":""},"folder":[],"class_list":["post-4656","page","type-page","status-publish","hentry"],"rttpg_featured_image_url":null,"rttpg_author":{"display_name":"cepa.cidcampeador.madrid","author_link":"https:\/\/site.educa.madrid.org\/cepa.cidcampeador.madrid\/index.php\/author\/cuenta_cepa-cidcampeador-madrid\/"},"rttpg_comment":0,"rttpg_category":false,"rttpg_excerpt":"El CEPA Cid Campeador Las \u00c1guilas-Cuatro Vientos pertenecemos a la Red de Centros p\u00fablicos de Educaci\u00f3n de Personas Adultas (CEPA) de la Comunidad de Madrid. . Adem\u00e1s de otras ense\u00f1anzas, en los CEPA se pueden cursar los siguientes Ciclos Formativos de Grado B\u00e1sico para personas adultas (mayores de 17 a\u00f1os sin estudios secundarios completos en&hellip;","post_mailing_queue_ids":[],"_links":{"self":[{"href":"https:\/\/site.educa.madrid.org\/cepa.cidcampeador.madrid\/index.php\/wp-json\/wp\/v2\/pages\/4656","targetHints":{"allow":["GET"]}}],"collection":[{"href":"https:\/\/site.educa.madrid.org\/cepa.cidcampeador.madrid\/index.php\/wp-json\/wp\/v2\/pages"}],"about":[{"href":"https:\/\/site.educa.madrid.org\/cepa.cidcampeador.madrid\/index.php\/wp-json\/wp\/v2\/types\/page"}],"author":[{"embeddable":true,"href":"https:\/\/site.educa.madrid.org\/cepa.cidcampeador.madrid\/index.php\/wp-json\/wp\/v2\/users\/3"}],"replies":[{"embeddable":true,"href":"https:\/\/site.educa.madrid.org\/cepa.cidcampeador.madrid\/index.php\/wp-json\/wp\/v2\/comments?post=4656"}],"version-history":[{"count":14,"href":"https:\/\/site.educa.madrid.org\/cepa.cidcampeador.madrid\/index.php\/wp-json\/wp\/v2\/pages\/4656\/revisions"}],"predecessor-version":[{"id":8360,"href":"https:\/\/site.educa.madrid.org\/cepa.cidcampeador.madrid\/index.php\/wp-json\/wp\/v2\/pages\/4656\/revisions\/8360"}],"wp:attachment":[{"href":"https:\/\/site.educa.madrid.org\/cepa.cidcampeador.madrid\/index.php\/wp-json\/wp\/v2\/media?parent=4656"}],"wp:term":[{"taxonomy":"folder","embeddable":true,"href":"https:\/\/site.educa.madrid.org\/cepa.cidcampeador.madrid\/index.php\/wp-json\/wp\/v2\/folder?post=4656"}],"curies":[{"name":"wp","href":"https:\/\/api.w.org\/{rel}","templated":true}]}}