{"id":5007,"date":"2023-12-09T13:45:25","date_gmt":"2023-12-09T12:45:25","guid":{"rendered":"https:\/\/site.educa.madrid.org\/cepa.cidcampeador.madrid\/?page_id=5007"},"modified":"2025-07-12T10:34:10","modified_gmt":"2025-07-12T08:34:10","slug":"informacion-para-inmigrantes","status":"publish","type":"page","link":"https:\/\/site.educa.madrid.org\/cepa.cidcampeador.madrid\/index.php\/informacion-para-inmigrantes\/","title":{"rendered":"Informaciones para migrantes"},"content":{"rendered":"\n<h2 class=\"wp-block-heading\"><strong><mark style=\"background-color:rgba(0, 0, 0, 0)\" class=\"has-inline-color has-vivid-purple-color\">Arraigo<\/mark><\/strong><\/h2>\n\n\n\n<p><a href=\"https:\/\/site.educa.madrid.org\/cepa.cidcampeador.madrid\/\/wp-content\/uploads\/cepa.cidcampeador.madrid\/2025\/05\/Instrucciones-SEM-1_2025-sobre-las-autorizaciones-de-residencia-temporal-por-arraigo.pdf\">Instrucciones SEM 1_2025 sobre las autorizaciones de residencia temporal por circunstancias excepcionales por raz\u00f3n de arraigo.<\/a><\/p>\n\n\n\n<p>En <strong>#CEPACidCampeador<\/strong> se pueden cursar ense\u00f1anzas de <strong>Educaci\u00f3n para Adultos<\/strong> que permiten solicitar la autorizaci\u00f3n de residencia temporal por circunstancias excepcionales de <strong>arraigo socioformativo<\/strong>:<\/p>\n\n\n\n<ul class=\"wp-block-list\">\n<li><a href=\"https:\/\/site.educa.madrid.org\/cepa.cidcampeador.madrid\/index.php\/educacion-secundaria\/\">Educaci\u00f3n Secundaria<\/a><\/li>\n\n\n\n<li><a href=\"https:\/\/site.educa.madrid.org\/cepa.cidcampeador.madrid\/index.php\/ensenanzas-iniciales\/\">Ense\u00f1anzas Iniciales<\/a><\/li>\n\n\n\n<li><a href=\"https:\/\/site.educa.madrid.org\/cepa.cidcampeador.madrid\/index.php\/cocina-y-restauracion\/\">Ciclo Formativo de Grado B\u00e1sico de Cocina y Restauraci\u00f3n<\/a><\/li>\n\n\n\n<li><a href=\"https:\/\/site.educa.madrid.org\/cepa.cidcampeador.madrid\/index.php\/panaderia-y-pasteleria\/\">Ciclo Formativo de Grado B\u00e1sico de Panader\u00eda y Pasteler\u00eda<\/a><\/li>\n<\/ul>\n\n\n\n<h2 class=\"wp-block-heading\"><strong><mark style=\"background-color:rgba(0, 0, 0, 0)\" class=\"has-inline-color has-vivid-purple-color\">#Gu\u00edaCIDadana para migrantes<\/mark><\/strong><\/h2>\n\n\n\n<p>La&nbsp;<strong><a href=\"https:\/\/site.educa.madrid.org\/cepa.cidcampeador.madrid\/index.php\/guiacidadana-para-migrantes\/\">Gu\u00eda CIDadana de recursos para migrantes<\/a><\/strong>&nbsp;ha sido elaborada por el alumnado y profesorado del&nbsp;<strong>#CEPACidCampeador<\/strong>&nbsp;en el curso 2024-2025 en colaboraci\u00f3n con la asociaci\u00f3n&nbsp;<strong><a href=\"https:\/\/www.instagram.com\/asociacion_almalatina\/?hl=es\">Alma Latina<\/a><\/strong>.<\/p>\n\n\n\n<p>La gu\u00eda contiene datos pr\u00e1cticos como la obtenci\u00f3n de padr\u00f3n o la tarjeta sanitaria, historia de Espa\u00f1a, recetas t\u00edpicas, recursos para personas con discapacidad, ocio gratuito, relatos y experiencias, glosario de palabras, refranes y pasatiempos\u2026todo ello queriendo dar la mejora acogida posible a las personas migrantes, y aprendiendo tod@s mucho durante su elaboraci\u00f3n.<\/p>\n\n\n<div class=\"wp-block-image\">\n<figure class=\"aligncenter size-full is-resized\"><a href=\"https:\/\/site.educa.madrid.org\/cepa.cidcampeador.madrid\/index.php\/guiacidadana-para-migrantes\/\"><img loading=\"lazy\" decoding=\"async\" width=\"724\" height=\"1024\" src=\"https:\/\/site.educa.madrid.org\/cepa.cidcampeador.madrid\/\/wp-content\/uploads\/cepa.cidcampeador.madrid\/2025\/05\/image-4.png\" alt=\"\" class=\"wp-image-7479\" style=\"width:167px;height:auto\" srcset=\"https:\/\/site.educa.madrid.org\/cepa.cidcampeador.madrid\/\/wp-content\/uploads\/cepa.cidcampeador.madrid\/2025\/05\/image-4.png 724w, https:\/\/site.educa.madrid.org\/cepa.cidcampeador.madrid\/\/wp-content\/uploads\/cepa.cidcampeador.madrid\/2025\/05\/image-4-212x300.png 212w\" sizes=\"auto, (max-width: 724px) 100vw, 724px\" \/><\/a><\/figure>\n<\/div>\n\n\n<h2 class=\"wp-block-heading\"><strong><mark style=\"background-color:rgba(0, 0, 0, 0)\" class=\"has-inline-color has-vivid-purple-color\">Homologaci\u00f3n de estudios extranjeros<\/mark><\/strong><\/h2>\n\n\n\n<p>En la web del <strong>CEPA Enrique Tierno Galv\u00e1n<\/strong>, de Arganda, se puede consultar toda la informaci\u00f3n sobre <a href=\"https:\/\/www.educa2.madrid.org\/web\/centro.cepa.arganda\/homologacion-por-paises?p_p_id=advanced_content_menu_WAR_cms_tools_INSTANCE_tm3dNRCd7AFU&amp;p_p_lifecycle=0&amp;p_p_state=normal&amp;p_p_mode=view&amp;p_p_col_id=column-1&amp;p_p_col_count=1&amp;_advanced_content_menu_WAR_cms_tools_INSTANCE_tm3dNRCd7AFU_struts_action=%2Fadvanced_content_menu%2Fview&amp;_advanced_content_menu_WAR_cms_tools_INSTANCE_tm3dNRCd7AFU_selectedTab=1682526660879\"><strong>homologaci\u00f3n de t\u00edtulos y estudios extranjeros<\/strong><\/a>.<\/p>\n\n\n\n<h2 class=\"wp-block-heading\"><strong><mark style=\"background-color:rgba(0, 0, 0, 0)\" class=\"has-inline-color has-vivid-purple-color\">CEPI<\/mark><\/strong><\/h2>\n\n\n\n<p>Los&nbsp;<strong>CEPI<\/strong>&nbsp;son&nbsp;<strong>Centros de Participaci\u00f3n e Integraci\u00f3n de Inmigrantes<\/strong>&nbsp;de la Comunidad de Madrid.<\/p>\n\n\n\n<p>En ellos se programan actividades mensuales de asesor\u00eda jur\u00eddica, orientaci\u00f3n laboral, ense\u00f1anza de espa\u00f1ol, actividades de refuerzo y apoyo para menores, entre otras actividades.<\/p>\n\n\n\n<p>Estos son los diferentes centros&nbsp;<a href=\"https:\/\/site.educa.madrid.org\/cepa.cidcampeador.madrid\/\/wp-content\/uploads\/cepa.cidcampeador.madrid\/2023\/12\/ubicacion_cepis_2021_noviembre_21_0.pdf\">CEPI que hay en la Comunidad de Madrid<\/a>.<\/p>\n\n\n<div class=\"wp-block-image\">\n<figure class=\"aligncenter\"><img loading=\"lazy\" decoding=\"async\" width=\"1755\" height=\"1241\" src=\"https:\/\/site.educa.madrid.org\/cepa.cidcampeador.madrid\/\/wp-content\/uploads\/cepa.cidcampeador.madrid\/2023\/12\/ubicacion_cepis_2021_noviembre_21_0.jpg\" alt=\"\" class=\"wp-image-5010\" srcset=\"https:\/\/site.educa.madrid.org\/cepa.cidcampeador.madrid\/\/wp-content\/uploads\/cepa.cidcampeador.madrid\/2023\/12\/ubicacion_cepis_2021_noviembre_21_0.jpg 1755w, https:\/\/site.educa.madrid.org\/cepa.cidcampeador.madrid\/\/wp-content\/uploads\/cepa.cidcampeador.madrid\/2023\/12\/ubicacion_cepis_2021_noviembre_21_0-300x212.jpg 300w, https:\/\/site.educa.madrid.org\/cepa.cidcampeador.madrid\/\/wp-content\/uploads\/cepa.cidcampeador.madrid\/2023\/12\/ubicacion_cepis_2021_noviembre_21_0-1024x724.jpg 1024w, https:\/\/site.educa.madrid.org\/cepa.cidcampeador.madrid\/\/wp-content\/uploads\/cepa.cidcampeador.madrid\/2023\/12\/ubicacion_cepis_2021_noviembre_21_0-768x543.jpg 768w, https:\/\/site.educa.madrid.org\/cepa.cidcampeador.madrid\/\/wp-content\/uploads\/cepa.cidcampeador.madrid\/2023\/12\/ubicacion_cepis_2021_noviembre_21_0-1536x1086.jpg 1536w\" sizes=\"auto, (max-width: 767px) 89vw, (max-width: 1000px) 54vw, (max-width: 1071px) 543px, 580px\" \/><\/figure>\n<\/div>\n\n\n<p>El m\u00e1s cercano&nbsp;al <strong>#CEPACidCampeador<\/strong> es el denominado <strong>CEPI ARGANZUELA<\/strong> que est\u00e1 en la C\/ Ronda de Segovia, 34.<\/p>\n\n\n\n<h2 class=\"wp-block-heading\"><strong><mark style=\"background-color:rgba(0, 0, 0, 0)\" class=\"has-inline-color has-vivid-purple-color\">Clases de Espa\u00f1ol para extranjeros<\/mark><\/strong><\/h2>\n\n\n\n<p>El <strong>#CEPACidCampeador<\/strong>  ofrece la ense\u00f1anza de&nbsp;<strong><a href=\"https:\/\/site.educa.madrid.org\/cepa.cidcampeador.madrid\/index.php\/espanol-extranjeros\/\">Espa\u00f1ol para extranjeros<\/a>.<\/strong>&nbsp;El curso tiene como objetivo primordial la adquisici\u00f3n de las competencias ling\u00fc\u00edsticas b\u00e1sicas en este idioma.<\/p>\n","protected":false},"excerpt":{"rendered":"<p>Arraigo Instrucciones SEM 1_2025 sobre las autorizaciones de residencia temporal por circunstancias excepcionales por raz\u00f3n de arraigo. En #CEPACidCampeador se pueden cursar ense\u00f1anzas de Educaci\u00f3n para Adultos que permiten solicitar la autorizaci\u00f3n de residencia temporal por circunstancias excepcionales de arraigo socioformativo: #Gu\u00edaCIDadana para migrantes La&nbsp;Gu\u00eda CIDadana de recursos para migrantes&nbsp;ha sido elaborada por el alumnado &hellip; <\/p>\n<p class=\"link-more\"><a href=\"https:\/\/site.educa.madrid.org\/cepa.cidcampeador.madrid\/index.php\/informacion-para-inmigrantes\/\" class=\"more-link\">Continuar leyendo<span class=\"screen-reader-text\"> \u00abInformaciones para migrantes\u00bb<\/span><\/a><\/p>\n","protected":false},"author":3,"featured_media":0,"parent":0,"menu_order":0,"comment_status":"closed","ping_status":"closed","template":"","meta":{"footnotes":""},"folder":[],"class_list":["post-5007","page","type-page","status-publish","hentry"],"rttpg_featured_image_url":null,"rttpg_author":{"display_name":"cepa.cidcampeador.madrid","author_link":"https:\/\/site.educa.madrid.org\/cepa.cidcampeador.madrid\/index.php\/author\/cuenta_cepa-cidcampeador-madrid\/"},"rttpg_comment":0,"rttpg_category":false,"rttpg_excerpt":"Arraigo Instrucciones SEM 1_2025 sobre las autorizaciones de residencia temporal por circunstancias excepcionales por raz\u00f3n de arraigo. En #CEPACidCampeador se pueden cursar ense\u00f1anzas de Educaci\u00f3n para Adultos que permiten solicitar la autorizaci\u00f3n de residencia temporal por circunstancias excepcionales de arraigo socioformativo: #Gu\u00edaCIDadana para migrantes La&nbsp;Gu\u00eda CIDadana de recursos para migrantes&nbsp;ha sido elaborada por el alumnado&hellip;","post_mailing_queue_ids":[],"_links":{"self":[{"href":"https:\/\/site.educa.madrid.org\/cepa.cidcampeador.madrid\/index.php\/wp-json\/wp\/v2\/pages\/5007","targetHints":{"allow":["GET"]}}],"collection":[{"href":"https:\/\/site.educa.madrid.org\/cepa.cidcampeador.madrid\/index.php\/wp-json\/wp\/v2\/pages"}],"about":[{"href":"https:\/\/site.educa.madrid.org\/cepa.cidcampeador.madrid\/index.php\/wp-json\/wp\/v2\/types\/page"}],"author":[{"embeddable":true,"href":"https:\/\/site.educa.madrid.org\/cepa.cidcampeador.madrid\/index.php\/wp-json\/wp\/v2\/users\/3"}],"replies":[{"embeddable":true,"href":"https:\/\/site.educa.madrid.org\/cepa.cidcampeador.madrid\/index.php\/wp-json\/wp\/v2\/comments?post=5007"}],"version-history":[{"count":10,"href":"https:\/\/site.educa.madrid.org\/cepa.cidcampeador.madrid\/index.php\/wp-json\/wp\/v2\/pages\/5007\/revisions"}],"predecessor-version":[{"id":7764,"href":"https:\/\/site.educa.madrid.org\/cepa.cidcampeador.madrid\/index.php\/wp-json\/wp\/v2\/pages\/5007\/revisions\/7764"}],"wp:attachment":[{"href":"https:\/\/site.educa.madrid.org\/cepa.cidcampeador.madrid\/index.php\/wp-json\/wp\/v2\/media?parent=5007"}],"wp:term":[{"taxonomy":"folder","embeddable":true,"href":"https:\/\/site.educa.madrid.org\/cepa.cidcampeador.madrid\/index.php\/wp-json\/wp\/v2\/folder?post=5007"}],"curies":[{"name":"wp","href":"https:\/\/api.w.org\/{rel}","templated":true}]}}