{"id":546,"date":"2019-09-02T01:40:08","date_gmt":"2019-09-02T01:40:08","guid":{"rendered":"https:\/\/site.educa.madrid.org\/cepa.cidcampeador.madrid\/?page_id=546"},"modified":"2020-06-28T00:39:01","modified_gmt":"2020-06-28T00:39:01","slug":"politica-de-privacidad-y-datos-personales-en-centros-docentes-publicos","status":"publish","type":"page","link":"https:\/\/site.educa.madrid.org\/cepa.cidcampeador.madrid\/index.php\/politica-de-privacidad-y-datos-personales-en-centros-docentes-publicos\/","title":{"rendered":"Pol\u00edtica de Privacidad y Datos Personales en Centros Docentes P\u00fablicos"},"content":{"rendered":"\n<p>Los datos personales recogidos en el centro educativo ser\u00e1n tratados de conformidad con el <strong>Reglamento Europeo (UE) 2016\/679 de Protecci\u00f3n de Datos Personales<\/strong>, de 27 de abril de 2016,  y la<strong> Ley Org\u00e1nica 3\/2018<\/strong>, de 5 de diciembre, de protecci\u00f3n de Datos Personales y garant\u00eda de los derechos digitales.<\/p>\n\n\n\n<p>La informaci\u00f3n relativa a los destinatarios de los datos, la finalidad y las medidas de seguridad, as\u00ed como cualquier informaci\u00f3n adicional relativa a la protecci\u00f3n de sus datos personales podr\u00e1 consultarla en la <a href=\"https:\/\/site.educa.madrid.org\/cepa.cidcampeador.madrid\/\/wp-content\/uploads\/cepa.cidcampeador.madrid\/2020\/06\/POL%C3%8DTICA-DE-PRIVACIDAD.pdf\" target=\"_blank\" rel=\"noreferrer noopener\">Pol\u00edtica de Privacidad en Centros Docentes P\u00fablicos de la Comunidad de Madrid<\/a>. <\/p>\n\n\n\n<p>Ante el responsable del tratamiento podr\u00e1 ejercer, entre otros, sus derechos de acceso, rectificaci\u00f3n, supresi\u00f3n, oposici\u00f3n y limitaci\u00f3n de tratamiento. <\/p>\n\n\n\n<p><strong>Cualquier cambio en los datos expresados deber\u00e1 ser comunicado a la mayor brevedad posible en la Secretar\u00eda del Centro.<\/strong><\/p>\n\n\n\n<figure class=\"wp-block-image size-large is-resized\"><a href=\"https:\/\/site.educa.madrid.org\/cepa.cidcampeador.madrid\/\/wp-content\/uploads\/cepa.cidcampeador.madrid\/2020\/06\/POL%C3%8DTICA-DE-PRIVACIDAD.pdf\" target=\"_blank\" rel=\"noopener noreferrer\"><img loading=\"lazy\" decoding=\"async\" src=\"https:\/\/site.educa.madrid.org\/cepa.cidcampeador.madrid\/\/wp-content\/uploads\/cepa.cidcampeador.madrid\/2020\/06\/POL\u00cdTICA-DE-PRIVACIDAD_Centros-docentes-P\u00fablicos-CAM-724x1024.jpg\" alt=\"\" class=\"wp-image-1720\" width=\"743\" height=\"1051\" srcset=\"https:\/\/site.educa.madrid.org\/cepa.cidcampeador.madrid\/\/wp-content\/uploads\/cepa.cidcampeador.madrid\/2020\/06\/POL\u00cdTICA-DE-PRIVACIDAD_Centros-docentes-P\u00fablicos-CAM-724x1024.jpg 724w, https:\/\/site.educa.madrid.org\/cepa.cidcampeador.madrid\/\/wp-content\/uploads\/cepa.cidcampeador.madrid\/2020\/06\/POL\u00cdTICA-DE-PRIVACIDAD_Centros-docentes-P\u00fablicos-CAM-212x300.jpg 212w, https:\/\/site.educa.madrid.org\/cepa.cidcampeador.madrid\/\/wp-content\/uploads\/cepa.cidcampeador.madrid\/2020\/06\/POL\u00cdTICA-DE-PRIVACIDAD_Centros-docentes-P\u00fablicos-CAM-768x1087.jpg 768w, https:\/\/site.educa.madrid.org\/cepa.cidcampeador.madrid\/\/wp-content\/uploads\/cepa.cidcampeador.madrid\/2020\/06\/POL\u00cdTICA-DE-PRIVACIDAD_Centros-docentes-P\u00fablicos-CAM-1085x1536.jpg 1085w, https:\/\/site.educa.madrid.org\/cepa.cidcampeador.madrid\/\/wp-content\/uploads\/cepa.cidcampeador.madrid\/2020\/06\/POL\u00cdTICA-DE-PRIVACIDAD_Centros-docentes-P\u00fablicos-CAM.jpg 1240w\" sizes=\"auto, (max-width: 706px) 89vw, (max-width: 767px) 82vw, 740px\" \/><\/a><\/figure>\n","protected":false},"excerpt":{"rendered":"<p>Los datos personales recogidos en el centro educativo ser\u00e1n tratados de conformidad con el Reglamento Europeo (UE) 2016\/679 de Protecci\u00f3n de Datos Personales, de 27 de abril de 2016, y la Ley Org\u00e1nica 3\/2018, de 5 de diciembre, de protecci\u00f3n de Datos Personales y garant\u00eda de los derechos digitales. La informaci\u00f3n relativa a los destinatarios &hellip; <\/p>\n<p class=\"link-more\"><a href=\"https:\/\/site.educa.madrid.org\/cepa.cidcampeador.madrid\/index.php\/politica-de-privacidad-y-datos-personales-en-centros-docentes-publicos\/\" class=\"more-link\">Continuar leyendo<span class=\"screen-reader-text\"> \u00abPol\u00edtica de Privacidad y Datos Personales en Centros Docentes P\u00fablicos\u00bb<\/span><\/a><\/p>\n","protected":false},"author":3,"featured_media":0,"parent":0,"menu_order":0,"comment_status":"closed","ping_status":"closed","template":"","meta":{"footnotes":""},"folder":[],"class_list":["post-546","page","type-page","status-publish","hentry"],"rttpg_featured_image_url":null,"rttpg_author":{"display_name":"cepa.cidcampeador.madrid","author_link":"https:\/\/site.educa.madrid.org\/cepa.cidcampeador.madrid\/index.php\/author\/cuenta_cepa-cidcampeador-madrid\/"},"rttpg_comment":0,"rttpg_category":false,"rttpg_excerpt":"Los datos personales recogidos en el centro educativo ser\u00e1n tratados de conformidad con el Reglamento Europeo (UE) 2016\/679 de Protecci\u00f3n de Datos Personales, de 27 de abril de 2016, y la Ley Org\u00e1nica 3\/2018, de 5 de diciembre, de protecci\u00f3n de Datos Personales y garant\u00eda de los derechos digitales. La informaci\u00f3n relativa a los destinatarios&hellip;","post_mailing_queue_ids":[],"_links":{"self":[{"href":"https:\/\/site.educa.madrid.org\/cepa.cidcampeador.madrid\/index.php\/wp-json\/wp\/v2\/pages\/546","targetHints":{"allow":["GET"]}}],"collection":[{"href":"https:\/\/site.educa.madrid.org\/cepa.cidcampeador.madrid\/index.php\/wp-json\/wp\/v2\/pages"}],"about":[{"href":"https:\/\/site.educa.madrid.org\/cepa.cidcampeador.madrid\/index.php\/wp-json\/wp\/v2\/types\/page"}],"author":[{"embeddable":true,"href":"https:\/\/site.educa.madrid.org\/cepa.cidcampeador.madrid\/index.php\/wp-json\/wp\/v2\/users\/3"}],"replies":[{"embeddable":true,"href":"https:\/\/site.educa.madrid.org\/cepa.cidcampeador.madrid\/index.php\/wp-json\/wp\/v2\/comments?post=546"}],"version-history":[{"count":12,"href":"https:\/\/site.educa.madrid.org\/cepa.cidcampeador.madrid\/index.php\/wp-json\/wp\/v2\/pages\/546\/revisions"}],"predecessor-version":[{"id":1726,"href":"https:\/\/site.educa.madrid.org\/cepa.cidcampeador.madrid\/index.php\/wp-json\/wp\/v2\/pages\/546\/revisions\/1726"}],"wp:attachment":[{"href":"https:\/\/site.educa.madrid.org\/cepa.cidcampeador.madrid\/index.php\/wp-json\/wp\/v2\/media?parent=546"}],"wp:term":[{"taxonomy":"folder","embeddable":true,"href":"https:\/\/site.educa.madrid.org\/cepa.cidcampeador.madrid\/index.php\/wp-json\/wp\/v2\/folder?post=546"}],"curies":[{"name":"wp","href":"https:\/\/api.w.org\/{rel}","templated":true}]}}