{"id":567,"date":"2019-09-02T02:14:54","date_gmt":"2019-09-02T02:14:54","guid":{"rendered":"https:\/\/site.educa.madrid.org\/cepa.cidcampeador.madrid\/?page_id=567"},"modified":"2025-09-10T17:27:08","modified_gmt":"2025-09-10T15:27:08","slug":"orientacion-educativa","status":"publish","type":"page","link":"https:\/\/site.educa.madrid.org\/cepa.cidcampeador.madrid\/index.php\/orientacion-educativa\/","title":{"rendered":"Orientaci\u00f3n"},"content":{"rendered":"\n<h2 class=\"wp-block-heading\">Informaciones de Orientaci\u00f3n \ud83d\udc47\ud83c\udffb<\/h2>\n\n\n\n<h2 class=\"wp-block-heading\"><strong><a href=\"https:\/\/site.educa.madrid.org\/cepa.cidcampeador.madrid\/index.php\/orientacion-academica-y-profesional\/\">Orientaci\u00f3n Acad\u00e9mica y Profesional<\/a><\/strong><\/h2>\n\n\n\n<h2 class=\"wp-block-heading\"><a href=\"https:\/\/site.educa.madrid.org\/cepa.cidcampeador.madrid\/index.php\/2025\/05\/01\/ayudas-de-apoyo-educativo\/\" target=\"_blank\" rel=\"noreferrer noopener\">Becas y Ayudas para alumnado con necesidad espec\u00edfica de apoyo educativo<\/a>\u00a0(ACNEAE)<\/h2>\n\n\n\n<h2 class=\"wp-block-heading\"><a rel=\"noreferrer noopener\" href=\"https:\/\/site.educa.madrid.org\/cepa.cidcampeador.madrid\/index.php\/orientacion-atencion-en-el-cepa\/\" target=\"_blank\">Atenci\u00f3n al alumnado e informaci\u00f3n del CEPA<\/a><\/h2>\n\n\n\n<h2 class=\"wp-block-heading\"><a rel=\"noreferrer noopener\" href=\"https:\/\/site.educa.madrid.org\/cepa.cidcampeador.madrid\/index.php\/orientacion-aprender-a-estudiar\/\" target=\"_blank\">\u00bfC\u00f3mo puedo estudiar mejor?<\/a><\/h2>\n\n\n\n<h2 class=\"wp-block-heading\"><a rel=\"noreferrer noopener\" href=\"https:\/\/site.educa.madrid.org\/cepa.cidcampeador.madrid\/index.php\/orientacion-academica-y-profesional\/\" target=\"_blank\">Y cuando termine, \u00bfqu\u00e9?<\/a><\/h2>\n\n\n\n<h2 class=\"wp-block-heading\"><a href=\"https:\/\/site.educa.madrid.org\/cepa.cidcampeador.madrid\/index.php\/orientacion-educacion-emocional\/\" target=\"_blank\" rel=\"noreferrer noopener\">Educaci\u00f3n emocional (ansiedad, autoestima,&#8230;)<\/a><\/h2>\n\n\n\n<h2 class=\"wp-block-heading\"><a href=\"https:\/\/site.educa.madrid.org\/cepa.cidcampeador.madrid\/index.php\/lgtbi\/\">LGTBI<\/a><\/h2>\n\n\n\n<h2 class=\"wp-block-heading\"><a href=\"https:\/\/site.educa.madrid.org\/cepa.cidcampeador.madrid\/index.php\/violencia-de-genero\/\">Violencia de g\u00e9nero<\/a><\/h2>\n\n\n\n<h2 class=\"wp-block-heading\"><a href=\"https:\/\/site.educa.madrid.org\/cepa.cidcampeador.madrid\/index.php\/informacion-para-inmigrantes\/\">Informaci\u00f3n para inmigrantes<\/a><\/h2>\n\n\n\n<h2 class=\"wp-block-heading\"><a rel=\"noreferrer noopener\" href=\"https:\/\/site.educa.madrid.org\/cepa.cidcampeador.madrid\/index.php\/orientacion-ocio-saludable\/\" target=\"_blank\">Ocio saludable<\/a><\/h2>\n\n\n\n<h2 class=\"wp-block-heading\">.<\/h2>\n\n\n\n<figure class=\"wp-block-image size-large\"><img loading=\"lazy\" decoding=\"async\" width=\"1024\" height=\"512\" src=\"https:\/\/site.educa.madrid.org\/cepa.cidcampeador.madrid\/\/wp-content\/uploads\/cepa.cidcampeador.madrid\/2021\/06\/\u00cdNDICE-ORIENTACI\u00d3N-1-1024x512.png\" alt=\"\" class=\"wp-image-2828\" srcset=\"https:\/\/site.educa.madrid.org\/cepa.cidcampeador.madrid\/\/wp-content\/uploads\/cepa.cidcampeador.madrid\/2021\/06\/\u00cdNDICE-ORIENTACI\u00d3N-1-1024x512.png 1024w, https:\/\/site.educa.madrid.org\/cepa.cidcampeador.madrid\/\/wp-content\/uploads\/cepa.cidcampeador.madrid\/2021\/06\/\u00cdNDICE-ORIENTACI\u00d3N-1-300x150.png 300w, https:\/\/site.educa.madrid.org\/cepa.cidcampeador.madrid\/\/wp-content\/uploads\/cepa.cidcampeador.madrid\/2021\/06\/\u00cdNDICE-ORIENTACI\u00d3N-1-768x384.png 768w, https:\/\/site.educa.madrid.org\/cepa.cidcampeador.madrid\/\/wp-content\/uploads\/cepa.cidcampeador.madrid\/2021\/06\/\u00cdNDICE-ORIENTACI\u00d3N-1-1536x769.png 1536w, https:\/\/site.educa.madrid.org\/cepa.cidcampeador.madrid\/\/wp-content\/uploads\/cepa.cidcampeador.madrid\/2021\/06\/\u00cdNDICE-ORIENTACI\u00d3N-1-2048x1025.png 2048w\" sizes=\"auto, (max-width: 767px) 89vw, (max-width: 1000px) 54vw, (max-width: 1071px) 543px, 580px\" \/><\/figure>\n","protected":false},"excerpt":{"rendered":"<p>Informaciones de Orientaci\u00f3n \ud83d\udc47\ud83c\udffb Orientaci\u00f3n Acad\u00e9mica y Profesional Becas y Ayudas para alumnado con necesidad espec\u00edfica de apoyo educativo\u00a0(ACNEAE) Atenci\u00f3n al alumnado e informaci\u00f3n del CEPA \u00bfC\u00f3mo puedo estudiar mejor? Y cuando termine, \u00bfqu\u00e9? Educaci\u00f3n emocional (ansiedad, autoestima,&#8230;) LGTBI Violencia de g\u00e9nero Informaci\u00f3n para inmigrantes Ocio saludable .<\/p>\n","protected":false},"author":3,"featured_media":0,"parent":0,"menu_order":0,"comment_status":"closed","ping_status":"closed","template":"","meta":{"footnotes":""},"folder":[],"class_list":["post-567","page","type-page","status-publish","hentry"],"rttpg_featured_image_url":null,"rttpg_author":{"display_name":"cepa.cidcampeador.madrid","author_link":"https:\/\/site.educa.madrid.org\/cepa.cidcampeador.madrid\/index.php\/author\/cuenta_cepa-cidcampeador-madrid\/"},"rttpg_comment":0,"rttpg_category":false,"rttpg_excerpt":"Informaciones de Orientaci\u00f3n \ud83d\udc47\ud83c\udffb Orientaci\u00f3n Acad\u00e9mica y Profesional Becas y Ayudas para alumnado con necesidad espec\u00edfica de apoyo educativo\u00a0(ACNEAE) Atenci\u00f3n al alumnado e informaci\u00f3n del CEPA \u00bfC\u00f3mo puedo estudiar mejor? Y cuando termine, \u00bfqu\u00e9? Educaci\u00f3n emocional (ansiedad, autoestima,&#8230;) LGTBI Violencia de g\u00e9nero Informaci\u00f3n para inmigrantes Ocio saludable .","post_mailing_queue_ids":[],"_links":{"self":[{"href":"https:\/\/site.educa.madrid.org\/cepa.cidcampeador.madrid\/index.php\/wp-json\/wp\/v2\/pages\/567","targetHints":{"allow":["GET"]}}],"collection":[{"href":"https:\/\/site.educa.madrid.org\/cepa.cidcampeador.madrid\/index.php\/wp-json\/wp\/v2\/pages"}],"about":[{"href":"https:\/\/site.educa.madrid.org\/cepa.cidcampeador.madrid\/index.php\/wp-json\/wp\/v2\/types\/page"}],"author":[{"embeddable":true,"href":"https:\/\/site.educa.madrid.org\/cepa.cidcampeador.madrid\/index.php\/wp-json\/wp\/v2\/users\/3"}],"replies":[{"embeddable":true,"href":"https:\/\/site.educa.madrid.org\/cepa.cidcampeador.madrid\/index.php\/wp-json\/wp\/v2\/comments?post=567"}],"version-history":[{"count":50,"href":"https:\/\/site.educa.madrid.org\/cepa.cidcampeador.madrid\/index.php\/wp-json\/wp\/v2\/pages\/567\/revisions"}],"predecessor-version":[{"id":7876,"href":"https:\/\/site.educa.madrid.org\/cepa.cidcampeador.madrid\/index.php\/wp-json\/wp\/v2\/pages\/567\/revisions\/7876"}],"wp:attachment":[{"href":"https:\/\/site.educa.madrid.org\/cepa.cidcampeador.madrid\/index.php\/wp-json\/wp\/v2\/media?parent=567"}],"wp:term":[{"taxonomy":"folder","embeddable":true,"href":"https:\/\/site.educa.madrid.org\/cepa.cidcampeador.madrid\/index.php\/wp-json\/wp\/v2\/folder?post=567"}],"curies":[{"name":"wp","href":"https:\/\/api.w.org\/{rel}","templated":true}]}}