{"id":6235,"date":"2024-08-01T09:55:54","date_gmt":"2024-08-01T07:55:54","guid":{"rendered":"https:\/\/site.educa.madrid.org\/cepa.cidcampeador.madrid\/?page_id=6235"},"modified":"2025-09-15T21:02:15","modified_gmt":"2025-09-15T19:02:15","slug":"taller-operativo","status":"publish","type":"page","link":"https:\/\/site.educa.madrid.org\/cepa.cidcampeador.madrid\/index.php\/taller-operativo\/","title":{"rendered":"Taller Operativo"},"content":{"rendered":"<div class=\"wp-block-image\">\n<figure class=\"aligncenter size-large is-resized\"><img loading=\"lazy\" decoding=\"async\" width=\"724\" height=\"1024\" src=\"https:\/\/site.educa.madrid.org\/cepa.cidcampeador.madrid\/\/wp-content\/uploads\/cepa.cidcampeador.madrid\/2024\/12\/CID_Taller-Operativo-724x1024.png\" alt=\"\" class=\"wp-image-6803\" style=\"width:523px;height:auto\" srcset=\"https:\/\/site.educa.madrid.org\/cepa.cidcampeador.madrid\/\/wp-content\/uploads\/cepa.cidcampeador.madrid\/2024\/12\/CID_Taller-Operativo-724x1024.png 724w, https:\/\/site.educa.madrid.org\/cepa.cidcampeador.madrid\/\/wp-content\/uploads\/cepa.cidcampeador.madrid\/2024\/12\/CID_Taller-Operativo-212x300.png 212w, https:\/\/site.educa.madrid.org\/cepa.cidcampeador.madrid\/\/wp-content\/uploads\/cepa.cidcampeador.madrid\/2024\/12\/CID_Taller-Operativo-768x1086.png 768w, https:\/\/site.educa.madrid.org\/cepa.cidcampeador.madrid\/\/wp-content\/uploads\/cepa.cidcampeador.madrid\/2024\/12\/CID_Taller-Operativo-1086x1536.png 1086w, https:\/\/site.educa.madrid.org\/cepa.cidcampeador.madrid\/\/wp-content\/uploads\/cepa.cidcampeador.madrid\/2024\/12\/CID_Taller-Operativo-1448x2048.png 1448w, https:\/\/site.educa.madrid.org\/cepa.cidcampeador.madrid\/\/wp-content\/uploads\/cepa.cidcampeador.madrid\/2024\/12\/CID_Taller-Operativo.png 1587w\" sizes=\"auto, (max-width: 724px) 100vw, 724px\" \/><\/figure>\n<\/div>\n\n\n<p><strong>Taller Operativo<\/strong> dirigido a <strong>personas adultas<\/strong> con <strong>certificado de discapacidad <\/strong>proporcionando una formaci\u00f3n adaptada a este perfil de alumnado buscando mejorar su autonom\u00eda para la vida diaria, as\u00ed como su futura inserci\u00f3n laboral desarrollando su actividad profesional en unidades de producci\u00f3n culinaria dedicadas a la preparaci\u00f3n y servicio de comidas.<\/p>\n\n\n\n<p><strong>Los horarios de esta ense\u00f1anza<\/strong> se pueden consultar <a href=\"https:\/\/site.educa.madrid.org\/cepa.cidcampeador.madrid\/index.php\/horarios\/\"><strong>aqu\u00ed<\/strong><\/a>.<\/p>\n\n\n\n<p><strong>\u00a1Inf\u00f3rmate!<\/strong> Puedes preguntarnos por correo electr\u00f3nico, acudiendo al centro o llam\u00e1ndonos por tel\u00e9fono en nuestro <a href=\"https:\/\/site.educa.madrid.org\/cepa.cidcampeador.madrid\/index.php\/secretaria\/\"><strong>horario<\/strong> <strong>de<\/strong> <strong>atenci\u00f3n<\/strong><\/a>.<\/p>\n\n\n<div class=\"wp-block-image\">\n<figure class=\"aligncenter is-resized\"><img loading=\"lazy\" decoding=\"async\" width=\"300\" height=\"120\" src=\"https:\/\/site.educa.madrid.org\/cepa.cidcampeador.madrid\/\/wp-content\/uploads\/cepa.cidcampeador.madrid\/2024\/11\/IMG-20241106-WA0004-300x120.jpg\" alt=\"\" class=\"wp-image-6621\" style=\"width:582px;height:auto\" srcset=\"https:\/\/site.educa.madrid.org\/cepa.cidcampeador.madrid\/\/wp-content\/uploads\/cepa.cidcampeador.madrid\/2024\/11\/IMG-20241106-WA0004-300x120.jpg 300w, https:\/\/site.educa.madrid.org\/cepa.cidcampeador.madrid\/\/wp-content\/uploads\/cepa.cidcampeador.madrid\/2024\/11\/IMG-20241106-WA0004-1024x410.jpg 1024w, https:\/\/site.educa.madrid.org\/cepa.cidcampeador.madrid\/\/wp-content\/uploads\/cepa.cidcampeador.madrid\/2024\/11\/IMG-20241106-WA0004-768x307.jpg 768w, https:\/\/site.educa.madrid.org\/cepa.cidcampeador.madrid\/\/wp-content\/uploads\/cepa.cidcampeador.madrid\/2024\/11\/IMG-20241106-WA0004-1536x614.jpg 1536w, https:\/\/site.educa.madrid.org\/cepa.cidcampeador.madrid\/\/wp-content\/uploads\/cepa.cidcampeador.madrid\/2024\/11\/IMG-20241106-WA0004.jpg 2048w\" sizes=\"auto, (max-width: 300px) 100vw, 300px\" \/><\/figure>\n<\/div>\n\n\n<p><\/p>\n","protected":false},"excerpt":{"rendered":"<p>Taller Operativo dirigido a personas adultas con certificado de discapacidad proporcionando una formaci\u00f3n adaptada a este perfil de alumnado buscando mejorar su autonom\u00eda para la vida diaria, as\u00ed como su futura inserci\u00f3n laboral desarrollando su actividad profesional en unidades de producci\u00f3n culinaria dedicadas a la preparaci\u00f3n y servicio de comidas. Los horarios de esta ense\u00f1anza &hellip; <\/p>\n<p class=\"link-more\"><a href=\"https:\/\/site.educa.madrid.org\/cepa.cidcampeador.madrid\/index.php\/taller-operativo\/\" class=\"more-link\">Continuar leyendo<span class=\"screen-reader-text\"> \u00abTaller Operativo\u00bb<\/span><\/a><\/p>\n","protected":false},"author":3,"featured_media":0,"parent":0,"menu_order":0,"comment_status":"closed","ping_status":"closed","template":"","meta":{"footnotes":""},"folder":[],"class_list":["post-6235","page","type-page","status-publish","hentry"],"rttpg_featured_image_url":null,"rttpg_author":{"display_name":"cepa.cidcampeador.madrid","author_link":"https:\/\/site.educa.madrid.org\/cepa.cidcampeador.madrid\/index.php\/author\/cuenta_cepa-cidcampeador-madrid\/"},"rttpg_comment":0,"rttpg_category":false,"rttpg_excerpt":"Taller Operativo dirigido a personas adultas con certificado de discapacidad proporcionando una formaci\u00f3n adaptada a este perfil de alumnado buscando mejorar su autonom\u00eda para la vida diaria, as\u00ed como su futura inserci\u00f3n laboral desarrollando su actividad profesional en unidades de producci\u00f3n culinaria dedicadas a la preparaci\u00f3n y servicio de comidas. Los horarios de esta ense\u00f1anza&hellip;","post_mailing_queue_ids":[],"_links":{"self":[{"href":"https:\/\/site.educa.madrid.org\/cepa.cidcampeador.madrid\/index.php\/wp-json\/wp\/v2\/pages\/6235","targetHints":{"allow":["GET"]}}],"collection":[{"href":"https:\/\/site.educa.madrid.org\/cepa.cidcampeador.madrid\/index.php\/wp-json\/wp\/v2\/pages"}],"about":[{"href":"https:\/\/site.educa.madrid.org\/cepa.cidcampeador.madrid\/index.php\/wp-json\/wp\/v2\/types\/page"}],"author":[{"embeddable":true,"href":"https:\/\/site.educa.madrid.org\/cepa.cidcampeador.madrid\/index.php\/wp-json\/wp\/v2\/users\/3"}],"replies":[{"embeddable":true,"href":"https:\/\/site.educa.madrid.org\/cepa.cidcampeador.madrid\/index.php\/wp-json\/wp\/v2\/comments?post=6235"}],"version-history":[{"count":7,"href":"https:\/\/site.educa.madrid.org\/cepa.cidcampeador.madrid\/index.php\/wp-json\/wp\/v2\/pages\/6235\/revisions"}],"predecessor-version":[{"id":8006,"href":"https:\/\/site.educa.madrid.org\/cepa.cidcampeador.madrid\/index.php\/wp-json\/wp\/v2\/pages\/6235\/revisions\/8006"}],"wp:attachment":[{"href":"https:\/\/site.educa.madrid.org\/cepa.cidcampeador.madrid\/index.php\/wp-json\/wp\/v2\/media?parent=6235"}],"wp:term":[{"taxonomy":"folder","embeddable":true,"href":"https:\/\/site.educa.madrid.org\/cepa.cidcampeador.madrid\/index.php\/wp-json\/wp\/v2\/folder?post=6235"}],"curies":[{"name":"wp","href":"https:\/\/api.w.org\/{rel}","templated":true}]}}