{"id":625,"date":"2019-09-05T00:31:51","date_gmt":"2019-09-04T22:31:51","guid":{"rendered":"https:\/\/site.educa.madrid.org\/cepa.cidcampeador.madrid\/?page_id=625"},"modified":"2025-09-14T13:34:40","modified_gmt":"2025-09-14T11:34:40","slug":"talleres-en-cid","status":"publish","type":"page","link":"https:\/\/site.educa.madrid.org\/cepa.cidcampeador.madrid\/index.php\/talleres-en-cid\/","title":{"rendered":"Talleres"},"content":{"rendered":"\n<p>En el CEPA\nCid Campeador ofrecemos Talleres de:<\/p>\n\n\n\n<ul class=\"wp-block-list\">\n<li><strong><a href=\"https:\/\/site.educa.madrid.org\/cepa.cidcampeador.madrid\/index.php\/taller-de-informatica\/\">Inform\u00e1tica<\/a><\/strong><\/li>\n\n\n\n<li><strong><a href=\"https:\/\/site.educa.madrid.org\/cepa.cidcampeador.madrid\/index.php\/taller-de-ingles\/\">Ingl\u00e9s<\/a><\/strong><\/li>\n\n\n\n<li><a href=\"https:\/\/site.educa.madrid.org\/cepa.cidcampeador.madrid\/index.php\/taller-de-historia-del-arte\"><strong>Historia del Arte<\/strong><\/a><\/li>\n\n\n\n<li><strong><a href=\"https:\/\/site.educa.madrid.org\/cepa.cidcampeador.madrid\/index.php\/taller-de-ampliacion-cultural\/\">Ampliaci\u00f3n Cultural<\/a><\/strong><\/li>\n\n\n\n<li><strong><a href=\"https:\/\/site.educa.madrid.org\/cepa.cidcampeador.madrid\/index.php\/escritura-creativa\/\">Escritura Creativa<\/a><\/strong><\/li>\n\n\n\n<li><a href=\"https:\/\/site.educa.madrid.org\/cepa.cidcampeador.madrid\/index.php\/club-de-lectura\/\"><strong>Club de Lectura<\/strong><\/a><\/li>\n\n\n\n<li>Y m\u00e1s&#8230;\u00a1preg\u00fantanos!<\/li>\n<\/ul>\n\n\n\n<p>Las personas interesadas en alguno de los Talleres han de apuntarse en el<strong> listado de solicitantes<\/strong> disponible en Conserjer\u00eda, acudiendo al centro o llam\u00e1ndonos por tel\u00e9fono <strong>a partir del 1 de junio<\/strong> (en septiembre seguimos apuntado a solicitantes) de 9h a 21h, indicando nombre y apellidos, edad, tel\u00e9fono, nivel estimado, preferencia de turno de ma\u00f1ana o tarde y si anteriormente se han cursado talleres en centros de adultos p\u00fablicos de la Comunidad de Madrid.<\/p>\n\n\n\n<p>Las clases son <strong>de octubre a junio<\/strong>. Los horarios se fijan a de septiembre a mediados de septiembre y se llaman a las personas apuntadas para las que haya plaza, indic\u00e1ndoles c\u00f3mo han de proceder para formalizar la matr\u00edcula en nuestro <a href=\"https:\/\/site.educa.madrid.org\/cepa.cidcampeador.madrid\/index.php\/secretaria\/\"><strong>horario<\/strong> <strong>de<\/strong> <strong>atenci\u00f3n<\/strong><\/a>.<\/p>\n\n\n\n<figure class=\"wp-block-gallery has-nested-images columns-default is-cropped wp-block-gallery-1 is-layout-flex wp-block-gallery-is-layout-flex\">\n<figure class=\"wp-block-image size-large\"><img loading=\"lazy\" decoding=\"async\" width=\"724\" height=\"1024\" data-id=\"4417\" src=\"https:\/\/site.educa.madrid.org\/cepa.cidcampeador.madrid\/\/wp-content\/uploads\/cepa.cidcampeador.madrid\/2023\/07\/CID_TALLERES-1-724x1024.png\" alt=\"\" class=\"wp-image-4417\" srcset=\"https:\/\/site.educa.madrid.org\/cepa.cidcampeador.madrid\/\/wp-content\/uploads\/cepa.cidcampeador.madrid\/2023\/07\/CID_TALLERES-1-724x1024.png 724w, https:\/\/site.educa.madrid.org\/cepa.cidcampeador.madrid\/\/wp-content\/uploads\/cepa.cidcampeador.madrid\/2023\/07\/CID_TALLERES-1-212x300.png 212w, https:\/\/site.educa.madrid.org\/cepa.cidcampeador.madrid\/\/wp-content\/uploads\/cepa.cidcampeador.madrid\/2023\/07\/CID_TALLERES-1-768x1086.png 768w, https:\/\/site.educa.madrid.org\/cepa.cidcampeador.madrid\/\/wp-content\/uploads\/cepa.cidcampeador.madrid\/2023\/07\/CID_TALLERES-1-1086x1536.png 1086w, https:\/\/site.educa.madrid.org\/cepa.cidcampeador.madrid\/\/wp-content\/uploads\/cepa.cidcampeador.madrid\/2023\/07\/CID_TALLERES-1-1448x2048.png 1448w, https:\/\/site.educa.madrid.org\/cepa.cidcampeador.madrid\/\/wp-content\/uploads\/cepa.cidcampeador.madrid\/2023\/07\/CID_TALLERES-1.png 1587w\" sizes=\"auto, (max-width: 724px) 100vw, 724px\" \/><\/figure>\n\n\n\n<figure class=\"wp-block-image size-large\"><a href=\"https:\/\/site.educa.madrid.org\/cepa.cidcampeador.madrid\/index.php\/taller-de-informatica\/\"><img loading=\"lazy\" decoding=\"async\" width=\"724\" height=\"1024\" data-id=\"4278\" src=\"https:\/\/site.educa.madrid.org\/cepa.cidcampeador.madrid\/\/wp-content\/uploads\/cepa.cidcampeador.madrid\/2023\/07\/Taller-de-informatica--724x1024.png\" alt=\"\" class=\"wp-image-4278\" srcset=\"https:\/\/site.educa.madrid.org\/cepa.cidcampeador.madrid\/\/wp-content\/uploads\/cepa.cidcampeador.madrid\/2023\/07\/Taller-de-informatica--724x1024.png 724w, https:\/\/site.educa.madrid.org\/cepa.cidcampeador.madrid\/\/wp-content\/uploads\/cepa.cidcampeador.madrid\/2023\/07\/Taller-de-informatica--212x300.png 212w, https:\/\/site.educa.madrid.org\/cepa.cidcampeador.madrid\/\/wp-content\/uploads\/cepa.cidcampeador.madrid\/2023\/07\/Taller-de-informatica--768x1086.png 768w, https:\/\/site.educa.madrid.org\/cepa.cidcampeador.madrid\/\/wp-content\/uploads\/cepa.cidcampeador.madrid\/2023\/07\/Taller-de-informatica--1086x1536.png 1086w, https:\/\/site.educa.madrid.org\/cepa.cidcampeador.madrid\/\/wp-content\/uploads\/cepa.cidcampeador.madrid\/2023\/07\/Taller-de-informatica--1448x2048.png 1448w, https:\/\/site.educa.madrid.org\/cepa.cidcampeador.madrid\/\/wp-content\/uploads\/cepa.cidcampeador.madrid\/2023\/07\/Taller-de-informatica-.png 1587w\" sizes=\"auto, (max-width: 724px) 100vw, 724px\" \/><\/a><\/figure>\n\n\n\n<figure class=\"wp-block-image size-large\"><a href=\"https:\/\/site.educa.madrid.org\/cepa.cidcampeador.madrid\/index.php\/taller-de-ingles\/\"><img loading=\"lazy\" decoding=\"async\" width=\"724\" height=\"1024\" data-id=\"4279\" src=\"https:\/\/site.educa.madrid.org\/cepa.cidcampeador.madrid\/\/wp-content\/uploads\/cepa.cidcampeador.madrid\/2023\/07\/Taller-de-Ingles--724x1024.png\" alt=\"\" class=\"wp-image-4279\" srcset=\"https:\/\/site.educa.madrid.org\/cepa.cidcampeador.madrid\/\/wp-content\/uploads\/cepa.cidcampeador.madrid\/2023\/07\/Taller-de-Ingles--724x1024.png 724w, https:\/\/site.educa.madrid.org\/cepa.cidcampeador.madrid\/\/wp-content\/uploads\/cepa.cidcampeador.madrid\/2023\/07\/Taller-de-Ingles--212x300.png 212w, https:\/\/site.educa.madrid.org\/cepa.cidcampeador.madrid\/\/wp-content\/uploads\/cepa.cidcampeador.madrid\/2023\/07\/Taller-de-Ingles--768x1086.png 768w, https:\/\/site.educa.madrid.org\/cepa.cidcampeador.madrid\/\/wp-content\/uploads\/cepa.cidcampeador.madrid\/2023\/07\/Taller-de-Ingles--1086x1536.png 1086w, https:\/\/site.educa.madrid.org\/cepa.cidcampeador.madrid\/\/wp-content\/uploads\/cepa.cidcampeador.madrid\/2023\/07\/Taller-de-Ingles--1448x2048.png 1448w, https:\/\/site.educa.madrid.org\/cepa.cidcampeador.madrid\/\/wp-content\/uploads\/cepa.cidcampeador.madrid\/2023\/07\/Taller-de-Ingles-.png 1587w\" sizes=\"auto, (max-width: 724px) 100vw, 724px\" \/><\/a><\/figure>\n\n\n\n<figure class=\"wp-block-image size-large\"><a href=\"https:\/\/site.educa.madrid.org\/cepa.cidcampeador.madrid\/index.php\/taller-de-historia-del-arte\"><img loading=\"lazy\" decoding=\"async\" width=\"724\" height=\"1024\" data-id=\"4280\" src=\"https:\/\/site.educa.madrid.org\/cepa.cidcampeador.madrid\/\/wp-content\/uploads\/cepa.cidcampeador.madrid\/2023\/07\/Taller-Historia-del-Arte-724x1024.png\" alt=\"\" class=\"wp-image-4280\" srcset=\"https:\/\/site.educa.madrid.org\/cepa.cidcampeador.madrid\/\/wp-content\/uploads\/cepa.cidcampeador.madrid\/2023\/07\/Taller-Historia-del-Arte-724x1024.png 724w, https:\/\/site.educa.madrid.org\/cepa.cidcampeador.madrid\/\/wp-content\/uploads\/cepa.cidcampeador.madrid\/2023\/07\/Taller-Historia-del-Arte-212x300.png 212w, https:\/\/site.educa.madrid.org\/cepa.cidcampeador.madrid\/\/wp-content\/uploads\/cepa.cidcampeador.madrid\/2023\/07\/Taller-Historia-del-Arte-768x1086.png 768w, https:\/\/site.educa.madrid.org\/cepa.cidcampeador.madrid\/\/wp-content\/uploads\/cepa.cidcampeador.madrid\/2023\/07\/Taller-Historia-del-Arte-1086x1536.png 1086w, https:\/\/site.educa.madrid.org\/cepa.cidcampeador.madrid\/\/wp-content\/uploads\/cepa.cidcampeador.madrid\/2023\/07\/Taller-Historia-del-Arte-1448x2048.png 1448w, https:\/\/site.educa.madrid.org\/cepa.cidcampeador.madrid\/\/wp-content\/uploads\/cepa.cidcampeador.madrid\/2023\/07\/Taller-Historia-del-Arte.png 1587w\" sizes=\"auto, (max-width: 724px) 100vw, 724px\" \/><\/a><\/figure>\n\n\n\n<figure class=\"wp-block-image size-large\"><a href=\"https:\/\/site.educa.madrid.org\/cepa.cidcampeador.madrid\/index.php\/taller-de-ampliacion-cultural\/\"><img loading=\"lazy\" decoding=\"async\" width=\"724\" height=\"1024\" data-id=\"4277\" src=\"https:\/\/site.educa.madrid.org\/cepa.cidcampeador.madrid\/\/wp-content\/uploads\/cepa.cidcampeador.madrid\/2023\/07\/Taller-Ampliacion-cultural--724x1024.png\" alt=\"\" class=\"wp-image-4277\" srcset=\"https:\/\/site.educa.madrid.org\/cepa.cidcampeador.madrid\/\/wp-content\/uploads\/cepa.cidcampeador.madrid\/2023\/07\/Taller-Ampliacion-cultural--724x1024.png 724w, https:\/\/site.educa.madrid.org\/cepa.cidcampeador.madrid\/\/wp-content\/uploads\/cepa.cidcampeador.madrid\/2023\/07\/Taller-Ampliacion-cultural--212x300.png 212w, https:\/\/site.educa.madrid.org\/cepa.cidcampeador.madrid\/\/wp-content\/uploads\/cepa.cidcampeador.madrid\/2023\/07\/Taller-Ampliacion-cultural--768x1086.png 768w, https:\/\/site.educa.madrid.org\/cepa.cidcampeador.madrid\/\/wp-content\/uploads\/cepa.cidcampeador.madrid\/2023\/07\/Taller-Ampliacion-cultural--1086x1536.png 1086w, https:\/\/site.educa.madrid.org\/cepa.cidcampeador.madrid\/\/wp-content\/uploads\/cepa.cidcampeador.madrid\/2023\/07\/Taller-Ampliacion-cultural--1448x2048.png 1448w, https:\/\/site.educa.madrid.org\/cepa.cidcampeador.madrid\/\/wp-content\/uploads\/cepa.cidcampeador.madrid\/2023\/07\/Taller-Ampliacion-cultural-.png 1587w\" sizes=\"auto, (max-width: 724px) 100vw, 724px\" \/><\/a><\/figure>\n\n\n\n<figure class=\"wp-block-image size-full\"><img loading=\"lazy\" decoding=\"async\" width=\"381\" height=\"653\" data-id=\"7807\" src=\"https:\/\/site.educa.madrid.org\/cepa.cidcampeador.madrid\/\/wp-content\/uploads\/cepa.cidcampeador.madrid\/2025\/07\/1000155692.png\" alt=\"\" class=\"wp-image-7807\" srcset=\"https:\/\/site.educa.madrid.org\/cepa.cidcampeador.madrid\/\/wp-content\/uploads\/cepa.cidcampeador.madrid\/2025\/07\/1000155692.png 381w, https:\/\/site.educa.madrid.org\/cepa.cidcampeador.madrid\/\/wp-content\/uploads\/cepa.cidcampeador.madrid\/2025\/07\/1000155692-175x300.png 175w\" sizes=\"auto, (max-width: 381px) 100vw, 381px\" \/><\/figure>\n<\/figure>\n","protected":false},"excerpt":{"rendered":"<p>En el CEPA Cid Campeador ofrecemos Talleres de: Las personas interesadas en alguno de los Talleres han de apuntarse en el listado de solicitantes disponible en Conserjer\u00eda, acudiendo al centro o llam\u00e1ndonos por tel\u00e9fono a partir del 1 de junio (en septiembre seguimos apuntado a solicitantes) de 9h a 21h, indicando nombre y apellidos, edad, &hellip; <\/p>\n<p class=\"link-more\"><a href=\"https:\/\/site.educa.madrid.org\/cepa.cidcampeador.madrid\/index.php\/talleres-en-cid\/\" class=\"more-link\">Continuar leyendo<span class=\"screen-reader-text\"> \u00abTalleres\u00bb<\/span><\/a><\/p>\n","protected":false},"author":3,"featured_media":0,"parent":0,"menu_order":0,"comment_status":"closed","ping_status":"closed","template":"","meta":{"footnotes":""},"folder":[],"class_list":["post-625","page","type-page","status-publish","hentry"],"rttpg_featured_image_url":null,"rttpg_author":{"display_name":"cepa.cidcampeador.madrid","author_link":"https:\/\/site.educa.madrid.org\/cepa.cidcampeador.madrid\/index.php\/author\/cuenta_cepa-cidcampeador-madrid\/"},"rttpg_comment":0,"rttpg_category":false,"rttpg_excerpt":"En el CEPA Cid Campeador ofrecemos Talleres de: Las personas interesadas en alguno de los Talleres han de apuntarse en el listado de solicitantes disponible en Conserjer\u00eda, acudiendo al centro o llam\u00e1ndonos por tel\u00e9fono a partir del 1 de junio (en septiembre seguimos apuntado a solicitantes) de 9h a 21h, indicando nombre y apellidos, edad,&hellip;","post_mailing_queue_ids":[],"_links":{"self":[{"href":"https:\/\/site.educa.madrid.org\/cepa.cidcampeador.madrid\/index.php\/wp-json\/wp\/v2\/pages\/625","targetHints":{"allow":["GET"]}}],"collection":[{"href":"https:\/\/site.educa.madrid.org\/cepa.cidcampeador.madrid\/index.php\/wp-json\/wp\/v2\/pages"}],"about":[{"href":"https:\/\/site.educa.madrid.org\/cepa.cidcampeador.madrid\/index.php\/wp-json\/wp\/v2\/types\/page"}],"author":[{"embeddable":true,"href":"https:\/\/site.educa.madrid.org\/cepa.cidcampeador.madrid\/index.php\/wp-json\/wp\/v2\/users\/3"}],"replies":[{"embeddable":true,"href":"https:\/\/site.educa.madrid.org\/cepa.cidcampeador.madrid\/index.php\/wp-json\/wp\/v2\/comments?post=625"}],"version-history":[{"count":42,"href":"https:\/\/site.educa.madrid.org\/cepa.cidcampeador.madrid\/index.php\/wp-json\/wp\/v2\/pages\/625\/revisions"}],"predecessor-version":[{"id":7927,"href":"https:\/\/site.educa.madrid.org\/cepa.cidcampeador.madrid\/index.php\/wp-json\/wp\/v2\/pages\/625\/revisions\/7927"}],"wp:attachment":[{"href":"https:\/\/site.educa.madrid.org\/cepa.cidcampeador.madrid\/index.php\/wp-json\/wp\/v2\/media?parent=625"}],"wp:term":[{"taxonomy":"folder","embeddable":true,"href":"https:\/\/site.educa.madrid.org\/cepa.cidcampeador.madrid\/index.php\/wp-json\/wp\/v2\/folder?post=625"}],"curies":[{"name":"wp","href":"https:\/\/api.w.org\/{rel}","templated":true}]}}