{"id":630,"date":"2019-09-05T01:00:24","date_gmt":"2019-09-05T01:00:24","guid":{"rendered":"https:\/\/site.educa.madrid.org\/cepa.cidcampeador.madrid\/?page_id=630"},"modified":"2024-05-30T15:42:50","modified_gmt":"2024-05-30T13:42:50","slug":"taller-de-informatica","status":"publish","type":"page","link":"https:\/\/site.educa.madrid.org\/cepa.cidcampeador.madrid\/index.php\/taller-de-informatica\/","title":{"rendered":"Taller de Inform\u00e1tica"},"content":{"rendered":"\n<p>Los <strong>Talleres de Inform\u00e1tica<\/strong> se estructuran en <strong>dos niveles<\/strong>: Iniciaci\u00f3n e Intermedio.<\/p>\n\n\n\n<p>Cada taller tiene una duraci\u00f3n de<strong> 2 horas semanales<\/strong> en turnos de ma\u00f1ana o tarde, desde octubre hasta junio.<\/p>\n\n\n\n<p>El <strong>Nivel Inicial<\/strong> est\u00e1 dise\u00f1ado para personas que, teniendo conocimientos digitales previos (uso b\u00e1sico de procesadores de texto, internet, etc.), quieren mejorar sus habilidades digitales.<\/p>\n\n\n\n<p>El <strong>Nivel Intermedio<\/strong> va dirigido a personas que, teniendo conocimientos digitales previos (uso b\u00e1sico de procesadores de texto, internet, etc.), quieren mejorar sus habilidades digitales.<\/p>\n\n\n\n<p>Los contenidos impartidos en ambos niveles, con distinto grado de profundidad, son:<\/p>\n\n\n\n<ul class=\"wp-block-list\">\n<li>Office (procesador de texto, herramientas para presentaciones\u2026)<\/li>\n\n\n\n<li>Aplicaciones y herramientas del tel\u00e9fono m\u00f3vil<\/li>\n\n\n\n<li>Internet (seguridad, exploradores, google, correo electr\u00f3nico, descargas, blogs&#8230;)<\/li>\n\n\n\n<li>Sistema operativo (Hardware, carpetas, panel de control, antivirus&#8230;)<\/li>\n<\/ul>\n\n\n\n<p>\u00a1Inf\u00f3rmate! Puedes preguntarnos por correo electr\u00f3nico, acudiendo al centro o llam\u00e1ndonos por tel\u00e9fono en nuestro <a href=\"https:\/\/site.educa.madrid.org\/cepa.cidcampeador.madrid\/index.php\/contacto\/\"><strong>horario<\/strong> <strong>de<\/strong> <strong>atenci\u00f3n<\/strong><\/a>.<\/p>\n\n\n\n<p>.<\/p>\n\n\n<div class=\"wp-block-image\">\n<figure class=\"aligncenter size-large is-resized\"><img loading=\"lazy\" decoding=\"async\" src=\"https:\/\/site.educa.madrid.org\/cepa.cidcampeador.madrid\/\/wp-content\/uploads\/cepa.cidcampeador.madrid\/2023\/07\/Taller-de-informatica--724x1024.png\" alt=\"\" class=\"wp-image-4278\" width=\"362\" height=\"512\" srcset=\"https:\/\/site.educa.madrid.org\/cepa.cidcampeador.madrid\/\/wp-content\/uploads\/cepa.cidcampeador.madrid\/2023\/07\/Taller-de-informatica--724x1024.png 724w, https:\/\/site.educa.madrid.org\/cepa.cidcampeador.madrid\/\/wp-content\/uploads\/cepa.cidcampeador.madrid\/2023\/07\/Taller-de-informatica--212x300.png 212w, https:\/\/site.educa.madrid.org\/cepa.cidcampeador.madrid\/\/wp-content\/uploads\/cepa.cidcampeador.madrid\/2023\/07\/Taller-de-informatica--768x1086.png 768w, https:\/\/site.educa.madrid.org\/cepa.cidcampeador.madrid\/\/wp-content\/uploads\/cepa.cidcampeador.madrid\/2023\/07\/Taller-de-informatica--1086x1536.png 1086w, https:\/\/site.educa.madrid.org\/cepa.cidcampeador.madrid\/\/wp-content\/uploads\/cepa.cidcampeador.madrid\/2023\/07\/Taller-de-informatica--1448x2048.png 1448w, https:\/\/site.educa.madrid.org\/cepa.cidcampeador.madrid\/\/wp-content\/uploads\/cepa.cidcampeador.madrid\/2023\/07\/Taller-de-informatica-.png 1587w\" sizes=\"auto, (max-width: 362px) 100vw, 362px\" \/><\/figure>\n<\/div>","protected":false},"excerpt":{"rendered":"<p>Los Talleres de Inform\u00e1tica se estructuran en dos niveles: Iniciaci\u00f3n e Intermedio. Cada taller tiene una duraci\u00f3n de 2 horas semanales en turnos de ma\u00f1ana o tarde, desde octubre hasta junio. El Nivel Inicial est\u00e1 dise\u00f1ado para personas que, teniendo conocimientos digitales previos (uso b\u00e1sico de procesadores de texto, internet, etc.), quieren mejorar sus habilidades &hellip; <\/p>\n<p class=\"link-more\"><a href=\"https:\/\/site.educa.madrid.org\/cepa.cidcampeador.madrid\/index.php\/taller-de-informatica\/\" class=\"more-link\">Continuar leyendo<span class=\"screen-reader-text\"> \u00abTaller de Inform\u00e1tica\u00bb<\/span><\/a><\/p>\n","protected":false},"author":3,"featured_media":0,"parent":0,"menu_order":0,"comment_status":"closed","ping_status":"closed","template":"","meta":{"footnotes":""},"folder":[],"class_list":["post-630","page","type-page","status-publish","hentry"],"rttpg_featured_image_url":null,"rttpg_author":{"display_name":"cepa.cidcampeador.madrid","author_link":"https:\/\/site.educa.madrid.org\/cepa.cidcampeador.madrid\/index.php\/author\/cuenta_cepa-cidcampeador-madrid\/"},"rttpg_comment":0,"rttpg_category":false,"rttpg_excerpt":"Los Talleres de Inform\u00e1tica se estructuran en dos niveles: Iniciaci\u00f3n e Intermedio. Cada taller tiene una duraci\u00f3n de 2 horas semanales en turnos de ma\u00f1ana o tarde, desde octubre hasta junio. El Nivel Inicial est\u00e1 dise\u00f1ado para personas que, teniendo conocimientos digitales previos (uso b\u00e1sico de procesadores de texto, internet, etc.), quieren mejorar sus habilidades&hellip;","post_mailing_queue_ids":[],"_links":{"self":[{"href":"https:\/\/site.educa.madrid.org\/cepa.cidcampeador.madrid\/index.php\/wp-json\/wp\/v2\/pages\/630","targetHints":{"allow":["GET"]}}],"collection":[{"href":"https:\/\/site.educa.madrid.org\/cepa.cidcampeador.madrid\/index.php\/wp-json\/wp\/v2\/pages"}],"about":[{"href":"https:\/\/site.educa.madrid.org\/cepa.cidcampeador.madrid\/index.php\/wp-json\/wp\/v2\/types\/page"}],"author":[{"embeddable":true,"href":"https:\/\/site.educa.madrid.org\/cepa.cidcampeador.madrid\/index.php\/wp-json\/wp\/v2\/users\/3"}],"replies":[{"embeddable":true,"href":"https:\/\/site.educa.madrid.org\/cepa.cidcampeador.madrid\/index.php\/wp-json\/wp\/v2\/comments?post=630"}],"version-history":[{"count":10,"href":"https:\/\/site.educa.madrid.org\/cepa.cidcampeador.madrid\/index.php\/wp-json\/wp\/v2\/pages\/630\/revisions"}],"predecessor-version":[{"id":6066,"href":"https:\/\/site.educa.madrid.org\/cepa.cidcampeador.madrid\/index.php\/wp-json\/wp\/v2\/pages\/630\/revisions\/6066"}],"wp:attachment":[{"href":"https:\/\/site.educa.madrid.org\/cepa.cidcampeador.madrid\/index.php\/wp-json\/wp\/v2\/media?parent=630"}],"wp:term":[{"taxonomy":"folder","embeddable":true,"href":"https:\/\/site.educa.madrid.org\/cepa.cidcampeador.madrid\/index.php\/wp-json\/wp\/v2\/folder?post=630"}],"curies":[{"name":"wp","href":"https:\/\/api.w.org\/{rel}","templated":true}]}}