{"id":633,"date":"2019-09-05T01:04:26","date_gmt":"2019-09-05T01:04:26","guid":{"rendered":"https:\/\/site.educa.madrid.org\/cepa.cidcampeador.madrid\/?page_id=633"},"modified":"2023-07-08T20:20:53","modified_gmt":"2023-07-08T18:20:53","slug":"taller-de-ingles","status":"publish","type":"page","link":"https:\/\/site.educa.madrid.org\/cepa.cidcampeador.madrid\/index.php\/taller-de-ingles\/","title":{"rendered":"Taller de Ingl\u00e9s"},"content":{"rendered":"\n<p>Los <strong>Talleres de Ingl\u00e9s<\/strong> se estructuran en dos niveles: Nivel 1 y Nivel 2.<\/p>\n\n\n\n<p>Cada taller tiene una duraci\u00f3n de <strong>2 horas semanales<\/strong> en turnos de ma\u00f1ana o tarde, desde octubre hasta junio.<\/p>\n\n\n\n<p>El <strong>Nivel 1<\/strong> est\u00e1 enfocado a personas que no tengan nociones de ingl\u00e9s y\/o que no hayan superado el Nivel I en ning\u00fan CEPA.<\/p>\n\n\n\n<p>El <strong>Nivel 2<\/strong> es para aquellas personas que tengan nociones b\u00e1sicas de ingl\u00e9s y\/o tengan superado el Nivel 1 en alg\u00fan CEPA.<\/p>\n\n\n\n<p>En ambos niveles se aprender\u00e1 el idioma con una <strong>metodolog\u00eda activa y participativa<\/strong>, partiendo de situaciones cotidianas de la vida y aprendiendo a utilizar expresiones b\u00e1sicas destinadas a cubrir necesidades como, por ejemplo, presentarse o preguntar y expresar gustos o preferencias, buscando mejorar la fluidez y la destreza auditiva como bases para el aprendizaje.<\/p>\n\n\n\n<p>\u00a1Inf\u00f3rmate! Puedes preguntarnos por correo electr\u00f3nico, acudiendo al centro o llam\u00e1ndonos por tel\u00e9fono en nuestro <a href=\"https:\/\/site.educa.madrid.org\/cepa.cidcampeador.madrid\/index.php\/contacto\/\"><strong>horario<\/strong> <strong>de<\/strong> <strong>atenci\u00f3n<\/strong><\/a>.<\/p>\n\n\n<div class=\"wp-block-image\">\n<figure class=\"aligncenter size-large is-resized\"><img loading=\"lazy\" decoding=\"async\" src=\"https:\/\/site.educa.madrid.org\/cepa.cidcampeador.madrid\/\/wp-content\/uploads\/cepa.cidcampeador.madrid\/2023\/07\/Taller-de-Ingles--724x1024.png\" alt=\"\" class=\"wp-image-4279\" width=\"362\" height=\"512\" srcset=\"https:\/\/site.educa.madrid.org\/cepa.cidcampeador.madrid\/\/wp-content\/uploads\/cepa.cidcampeador.madrid\/2023\/07\/Taller-de-Ingles--724x1024.png 724w, https:\/\/site.educa.madrid.org\/cepa.cidcampeador.madrid\/\/wp-content\/uploads\/cepa.cidcampeador.madrid\/2023\/07\/Taller-de-Ingles--212x300.png 212w, https:\/\/site.educa.madrid.org\/cepa.cidcampeador.madrid\/\/wp-content\/uploads\/cepa.cidcampeador.madrid\/2023\/07\/Taller-de-Ingles--768x1086.png 768w, https:\/\/site.educa.madrid.org\/cepa.cidcampeador.madrid\/\/wp-content\/uploads\/cepa.cidcampeador.madrid\/2023\/07\/Taller-de-Ingles--1086x1536.png 1086w, https:\/\/site.educa.madrid.org\/cepa.cidcampeador.madrid\/\/wp-content\/uploads\/cepa.cidcampeador.madrid\/2023\/07\/Taller-de-Ingles--1448x2048.png 1448w, https:\/\/site.educa.madrid.org\/cepa.cidcampeador.madrid\/\/wp-content\/uploads\/cepa.cidcampeador.madrid\/2023\/07\/Taller-de-Ingles-.png 1587w\" sizes=\"auto, (max-width: 362px) 100vw, 362px\" \/><\/figure>\n<\/div>","protected":false},"excerpt":{"rendered":"<p>Los Talleres de Ingl\u00e9s se estructuran en dos niveles: Nivel 1 y Nivel 2. Cada taller tiene una duraci\u00f3n de 2 horas semanales en turnos de ma\u00f1ana o tarde, desde octubre hasta junio. El Nivel 1 est\u00e1 enfocado a personas que no tengan nociones de ingl\u00e9s y\/o que no hayan superado el Nivel I en &hellip; <\/p>\n<p class=\"link-more\"><a href=\"https:\/\/site.educa.madrid.org\/cepa.cidcampeador.madrid\/index.php\/taller-de-ingles\/\" class=\"more-link\">Continuar leyendo<span class=\"screen-reader-text\"> \u00abTaller de Ingl\u00e9s\u00bb<\/span><\/a><\/p>\n","protected":false},"author":3,"featured_media":0,"parent":0,"menu_order":0,"comment_status":"closed","ping_status":"closed","template":"","meta":{"footnotes":""},"folder":[],"class_list":["post-633","page","type-page","status-publish","hentry"],"rttpg_featured_image_url":null,"rttpg_author":{"display_name":"cepa.cidcampeador.madrid","author_link":"https:\/\/site.educa.madrid.org\/cepa.cidcampeador.madrid\/index.php\/author\/cuenta_cepa-cidcampeador-madrid\/"},"rttpg_comment":0,"rttpg_category":false,"rttpg_excerpt":"Los Talleres de Ingl\u00e9s se estructuran en dos niveles: Nivel 1 y Nivel 2. Cada taller tiene una duraci\u00f3n de 2 horas semanales en turnos de ma\u00f1ana o tarde, desde octubre hasta junio. El Nivel 1 est\u00e1 enfocado a personas que no tengan nociones de ingl\u00e9s y\/o que no hayan superado el Nivel I en&hellip;","post_mailing_queue_ids":[],"_links":{"self":[{"href":"https:\/\/site.educa.madrid.org\/cepa.cidcampeador.madrid\/index.php\/wp-json\/wp\/v2\/pages\/633","targetHints":{"allow":["GET"]}}],"collection":[{"href":"https:\/\/site.educa.madrid.org\/cepa.cidcampeador.madrid\/index.php\/wp-json\/wp\/v2\/pages"}],"about":[{"href":"https:\/\/site.educa.madrid.org\/cepa.cidcampeador.madrid\/index.php\/wp-json\/wp\/v2\/types\/page"}],"author":[{"embeddable":true,"href":"https:\/\/site.educa.madrid.org\/cepa.cidcampeador.madrid\/index.php\/wp-json\/wp\/v2\/users\/3"}],"replies":[{"embeddable":true,"href":"https:\/\/site.educa.madrid.org\/cepa.cidcampeador.madrid\/index.php\/wp-json\/wp\/v2\/comments?post=633"}],"version-history":[{"count":4,"href":"https:\/\/site.educa.madrid.org\/cepa.cidcampeador.madrid\/index.php\/wp-json\/wp\/v2\/pages\/633\/revisions"}],"predecessor-version":[{"id":4324,"href":"https:\/\/site.educa.madrid.org\/cepa.cidcampeador.madrid\/index.php\/wp-json\/wp\/v2\/pages\/633\/revisions\/4324"}],"wp:attachment":[{"href":"https:\/\/site.educa.madrid.org\/cepa.cidcampeador.madrid\/index.php\/wp-json\/wp\/v2\/media?parent=633"}],"wp:term":[{"taxonomy":"folder","embeddable":true,"href":"https:\/\/site.educa.madrid.org\/cepa.cidcampeador.madrid\/index.php\/wp-json\/wp\/v2\/folder?post=633"}],"curies":[{"name":"wp","href":"https:\/\/api.w.org\/{rel}","templated":true}]}}