{"id":637,"date":"2019-09-05T01:07:27","date_gmt":"2019-09-04T23:07:27","guid":{"rendered":"https:\/\/site.educa.madrid.org\/cepa.cidcampeador.madrid\/?page_id=637"},"modified":"2023-07-08T20:26:44","modified_gmt":"2023-07-08T18:26:44","slug":"taller-de-historia-del-arte","status":"publish","type":"page","link":"https:\/\/site.educa.madrid.org\/cepa.cidcampeador.madrid\/index.php\/taller-de-historia-del-arte\/","title":{"rendered":"Taller de Historia del Arte"},"content":{"rendered":"\n<p>El Taller de <strong>Historia del Arte<\/strong> ofrece un acercamiento a la historia de la creatividad humana y su expresi\u00f3n art\u00edstica.<\/p>\n\n\n\n<p>La duraci\u00f3n del taller es de <strong>2 horas a la semana<\/strong> en horario de ma\u00f1ana, de octubre a junio.<\/p>\n\n\n\n<p>A lo largo del curso se realizar\u00e1 un recorrido por la historia del arte, desde la prehistoria hasta el arte contempor\u00e1neo, con una <strong>metodolog\u00eda activa e inclusiva<\/strong>, a fin de introducir en el mundo del arte y su historia a todas aquellas personas interesadas en la materia y que persigan su crecimiento personal.<\/p>\n\n\n\n<p>Se estudiar\u00e1n los <strong>principales estilos y obras maestras<\/strong>, as\u00ed como aspectos generales del arte que nos ayuden a entender y valorar las diferentes representaciones art\u00edsticas.<\/p>\n\n\n\n<p>Los contenidos del taller se trabajar\u00e1n colaborativamente para as\u00ed partir de los intereses colectivos de la clase y de las inquietudes individuales, creando as\u00ed un curso que sea para todas y todos.<\/p>\n\n\n\n<p>El taller se complementar\u00e1 con <strong>visitas a museos y galer\u00edas<\/strong> como, por ejemplo, el Museo Arqueol\u00f3gico, el Museo del Prado o el Museo Nacional Centro de Arte Reina Sof\u00eda.<\/p>\n\n\n\n<p>\u00a1Inf\u00f3rmate! Puedes preguntarnos por correo electr\u00f3nico, acudiendo al centro o llam\u00e1ndonos por tel\u00e9fono en nuestro <a href=\"https:\/\/site.educa.madrid.org\/cepa.cidcampeador.madrid\/index.php\/contacto\/\"><strong>horario<\/strong> <strong>de<\/strong> <strong>atenci\u00f3n<\/strong><\/a>.<\/p>\n\n\n\n<p>.<\/p>\n\n\n<div class=\"wp-block-image\">\n<figure class=\"aligncenter size-large is-resized\"><img loading=\"lazy\" decoding=\"async\" src=\"https:\/\/site.educa.madrid.org\/cepa.cidcampeador.madrid\/\/wp-content\/uploads\/cepa.cidcampeador.madrid\/2023\/07\/Taller-Historia-del-Arte-724x1024.png\" alt=\"\" class=\"wp-image-4280\" width=\"362\" height=\"512\" srcset=\"https:\/\/site.educa.madrid.org\/cepa.cidcampeador.madrid\/\/wp-content\/uploads\/cepa.cidcampeador.madrid\/2023\/07\/Taller-Historia-del-Arte-724x1024.png 724w, https:\/\/site.educa.madrid.org\/cepa.cidcampeador.madrid\/\/wp-content\/uploads\/cepa.cidcampeador.madrid\/2023\/07\/Taller-Historia-del-Arte-212x300.png 212w, https:\/\/site.educa.madrid.org\/cepa.cidcampeador.madrid\/\/wp-content\/uploads\/cepa.cidcampeador.madrid\/2023\/07\/Taller-Historia-del-Arte-768x1086.png 768w, https:\/\/site.educa.madrid.org\/cepa.cidcampeador.madrid\/\/wp-content\/uploads\/cepa.cidcampeador.madrid\/2023\/07\/Taller-Historia-del-Arte-1086x1536.png 1086w, https:\/\/site.educa.madrid.org\/cepa.cidcampeador.madrid\/\/wp-content\/uploads\/cepa.cidcampeador.madrid\/2023\/07\/Taller-Historia-del-Arte-1448x2048.png 1448w, https:\/\/site.educa.madrid.org\/cepa.cidcampeador.madrid\/\/wp-content\/uploads\/cepa.cidcampeador.madrid\/2023\/07\/Taller-Historia-del-Arte.png 1587w\" sizes=\"auto, (max-width: 362px) 100vw, 362px\" \/><\/figure>\n<\/div>","protected":false},"excerpt":{"rendered":"<p>El Taller de Historia del Arte ofrece un acercamiento a la historia de la creatividad humana y su expresi\u00f3n art\u00edstica. La duraci\u00f3n del taller es de 2 horas a la semana en horario de ma\u00f1ana, de octubre a junio. A lo largo del curso se realizar\u00e1 un recorrido por la historia del arte, desde la &hellip; <\/p>\n<p class=\"link-more\"><a href=\"https:\/\/site.educa.madrid.org\/cepa.cidcampeador.madrid\/index.php\/taller-de-historia-del-arte\/\" class=\"more-link\">Continuar leyendo<span class=\"screen-reader-text\"> \u00abTaller de Historia del Arte\u00bb<\/span><\/a><\/p>\n","protected":false},"author":3,"featured_media":0,"parent":0,"menu_order":0,"comment_status":"closed","ping_status":"closed","template":"","meta":{"footnotes":""},"folder":[],"class_list":["post-637","page","type-page","status-publish","hentry"],"rttpg_featured_image_url":null,"rttpg_author":{"display_name":"cepa.cidcampeador.madrid","author_link":"https:\/\/site.educa.madrid.org\/cepa.cidcampeador.madrid\/index.php\/author\/cuenta_cepa-cidcampeador-madrid\/"},"rttpg_comment":0,"rttpg_category":false,"rttpg_excerpt":"El Taller de Historia del Arte ofrece un acercamiento a la historia de la creatividad humana y su expresi\u00f3n art\u00edstica. La duraci\u00f3n del taller es de 2 horas a la semana en horario de ma\u00f1ana, de octubre a junio. A lo largo del curso se realizar\u00e1 un recorrido por la historia del arte, desde la&hellip;","post_mailing_queue_ids":[],"_links":{"self":[{"href":"https:\/\/site.educa.madrid.org\/cepa.cidcampeador.madrid\/index.php\/wp-json\/wp\/v2\/pages\/637","targetHints":{"allow":["GET"]}}],"collection":[{"href":"https:\/\/site.educa.madrid.org\/cepa.cidcampeador.madrid\/index.php\/wp-json\/wp\/v2\/pages"}],"about":[{"href":"https:\/\/site.educa.madrid.org\/cepa.cidcampeador.madrid\/index.php\/wp-json\/wp\/v2\/types\/page"}],"author":[{"embeddable":true,"href":"https:\/\/site.educa.madrid.org\/cepa.cidcampeador.madrid\/index.php\/wp-json\/wp\/v2\/users\/3"}],"replies":[{"embeddable":true,"href":"https:\/\/site.educa.madrid.org\/cepa.cidcampeador.madrid\/index.php\/wp-json\/wp\/v2\/comments?post=637"}],"version-history":[{"count":7,"href":"https:\/\/site.educa.madrid.org\/cepa.cidcampeador.madrid\/index.php\/wp-json\/wp\/v2\/pages\/637\/revisions"}],"predecessor-version":[{"id":4330,"href":"https:\/\/site.educa.madrid.org\/cepa.cidcampeador.madrid\/index.php\/wp-json\/wp\/v2\/pages\/637\/revisions\/4330"}],"wp:attachment":[{"href":"https:\/\/site.educa.madrid.org\/cepa.cidcampeador.madrid\/index.php\/wp-json\/wp\/v2\/media?parent=637"}],"wp:term":[{"taxonomy":"folder","embeddable":true,"href":"https:\/\/site.educa.madrid.org\/cepa.cidcampeador.madrid\/index.php\/wp-json\/wp\/v2\/folder?post=637"}],"curies":[{"name":"wp","href":"https:\/\/api.w.org\/{rel}","templated":true}]}}