{"id":6910,"date":"2025-01-06T12:41:49","date_gmt":"2025-01-06T11:41:49","guid":{"rendered":"https:\/\/site.educa.madrid.org\/cepa.cidcampeador.madrid\/?page_id=6910"},"modified":"2025-01-06T12:41:49","modified_gmt":"2025-01-06T11:41:49","slug":"pruebas-libres-acceso-a-cf-de-grado-medio-y-grado-superior","status":"publish","type":"page","link":"https:\/\/site.educa.madrid.org\/cepa.cidcampeador.madrid\/index.php\/pruebas-libres-acceso-a-cf-de-grado-medio-y-grado-superior\/","title":{"rendered":"Pruebas Libres Acceso a CF de Grado Medio y Grado Superior"},"content":{"rendered":"\n<h2 class=\"wp-block-heading\"><mark style=\"background-color:rgba(0, 0, 0, 0)\" class=\"has-inline-color has-vivid-purple-color\">Plazo de inscripci\u00f3n<\/mark><\/h2>\n\n\n\n<p><strong>Del 8 al 21 de enero de 2025 <\/strong>es el plazo para la presentaci\u00f3n de las solicitudes de inscripci\u00f3n en las <strong><mark style=\"background-color:#eaeaea\" class=\"has-inline-color\">pruebas libres de acceso a Ciclos Formativos<\/mark> de <a href=\"https:\/\/sede.comunidad.madrid\/ofertas-formacion\/pruebas-acceso-ciclos-grado-medio-0\">GRADO MEDIO<\/a> y <a href=\"https:\/\/sede.comunidad.madrid\/ofertas-formacion\/pruebas-acceso-ciclos-grado-superior\">GRADO SUPERIOR<\/a>.<\/strong><\/p>\n\n\n\n<p>C<strong>onsulta en la\u00a0<a href=\"https:\/\/site.educa.madrid.org\/cepa.cidcampeador.madrid\/\/wp-content\/uploads\/cepa.cidcampeador.madrid\/2025\/01\/Resolucion-PPAA-2024-2025-BOCM-20241213-27.pdf\" target=\"_blank\" rel=\"noreferrer noopener\"><mark style=\"background-color:#eaeaea\" class=\"has-inline-color\">RESOLUCI\u00d3N<\/mark><\/a><\/strong>\u00a0 que cumples los requisitos que se piden y qu\u00e9 documentaci\u00f3n tienes que aportar.<\/p>\n\n\n\n<h2 class=\"wp-block-heading\"><mark style=\"background-color:rgba(0, 0, 0, 0)\" class=\"has-inline-color has-vivid-purple-color\">Modos de hacer la inscripci\u00f3n<\/mark><\/h2>\n\n\n\n<p>Puedes optar a hacerlo de forma presencial o telem\u00e1tica.<\/p>\n\n\n\n<ul class=\"wp-block-list\">\n<li><strong>Centros de inscripci\u00f3n presencial<\/strong>: consulta las <strong>p\u00e1ginas 3 y 4 de la <a href=\"https:\/\/site.educa.madrid.org\/cepa.cidcampeador.madrid\/\/wp-content\/uploads\/cepa.cidcampeador.madrid\/2025\/01\/Resolucion-PPAA-2024-2025-BOCM-20241213-27.pdf\" target=\"_blank\" rel=\"noreferrer noopener\">RESOLUCI\u00d3N<\/a><\/strong><\/li>\n<\/ul>\n\n\n\n<ul class=\"wp-block-list\">\n<li><strong>Online a trav\u00e9s de la Secretar\u00eda Virtual de RA\u00cdCES<\/strong>\n<ul class=\"wp-block-list\">\n<li><a href=\"https:\/\/sede.comunidad.madrid\/ofertas-formacion\/pruebas-acceso-ciclos-grado-medio-0\">Grado Medio<\/a><\/li>\n\n\n\n<li><a href=\"https:\/\/sede.comunidad.madrid\/ofertas-formacion\/pruebas-acceso-ciclos-grado-superior\">Grado Superior<\/a><\/li>\n<\/ul>\n<\/li>\n<\/ul>\n\n\n\n<h2 class=\"wp-block-heading\"><mark style=\"background-color:rgba(0, 0, 0, 0)\" class=\"has-inline-color has-vivid-purple-color\">\u00bfC\u00f3mo son las Pruebas?<\/mark><\/h2>\n\n\n\n<ul class=\"wp-block-list\">\n<li>Grado Medio. La prueba es com\u00fan y se divide en tres partes:\n<ul class=\"wp-block-list\">\n<li>Comunicaci\u00f3n ling\u00fc\u00edstica<\/li>\n\n\n\n<li>Social <\/li>\n\n\n\n<li>Cient\u00edfico-Tecnol\u00f3gica<\/li>\n<\/ul>\n<\/li>\n\n\n\n<li>Grado Superior: \n<ul class=\"wp-block-list\">\n<li>La parte com\u00fan consta de Lengua Castellana y Literatura y Lengua Extranjera (Ingl\u00e9s). <\/li>\n\n\n\n<li>La tercera parte var\u00eda seg\u00fan la v\u00eda y la opci\u00f3n elegida por el aspirante: Matem\u00e1ticas o Historia de Espa\u00f1a, o Biolog\u00eda para la v\u00eda deportiva.<\/li>\n\n\n\n<li>La parte espec\u00edfica de la prueba de grado superior var\u00eda seg\u00fan la opci\u00f3n (Humanidades y Ciencias Sociales, Ciencias o Tecnolog\u00eda)<\/li>\n<\/ul>\n<\/li>\n<\/ul>\n","protected":false},"excerpt":{"rendered":"<p>Plazo de inscripci\u00f3n Del 8 al 21 de enero de 2025 es el plazo para la presentaci\u00f3n de las solicitudes de inscripci\u00f3n en las pruebas libres de acceso a Ciclos Formativos de GRADO MEDIO y GRADO SUPERIOR. Consulta en la\u00a0RESOLUCI\u00d3N\u00a0 que cumples los requisitos que se piden y qu\u00e9 documentaci\u00f3n tienes que aportar. Modos de &hellip; <\/p>\n<p class=\"link-more\"><a href=\"https:\/\/site.educa.madrid.org\/cepa.cidcampeador.madrid\/index.php\/pruebas-libres-acceso-a-cf-de-grado-medio-y-grado-superior\/\" class=\"more-link\">Continuar leyendo<span class=\"screen-reader-text\"> \u00abPruebas Libres Acceso a CF de Grado Medio y Grado Superior\u00bb<\/span><\/a><\/p>\n","protected":false},"author":3,"featured_media":0,"parent":0,"menu_order":0,"comment_status":"closed","ping_status":"closed","template":"","meta":{"footnotes":""},"folder":[],"class_list":["post-6910","page","type-page","status-publish","hentry"],"rttpg_featured_image_url":null,"rttpg_author":{"display_name":"cepa.cidcampeador.madrid","author_link":"https:\/\/site.educa.madrid.org\/cepa.cidcampeador.madrid\/index.php\/author\/cuenta_cepa-cidcampeador-madrid\/"},"rttpg_comment":0,"rttpg_category":false,"rttpg_excerpt":"Plazo de inscripci\u00f3n Del 8 al 21 de enero de 2025 es el plazo para la presentaci\u00f3n de las solicitudes de inscripci\u00f3n en las pruebas libres de acceso a Ciclos Formativos de GRADO MEDIO y GRADO SUPERIOR. Consulta en la\u00a0RESOLUCI\u00d3N\u00a0 que cumples los requisitos que se piden y qu\u00e9 documentaci\u00f3n tienes que aportar. Modos de&hellip;","post_mailing_queue_ids":[],"_links":{"self":[{"href":"https:\/\/site.educa.madrid.org\/cepa.cidcampeador.madrid\/index.php\/wp-json\/wp\/v2\/pages\/6910","targetHints":{"allow":["GET"]}}],"collection":[{"href":"https:\/\/site.educa.madrid.org\/cepa.cidcampeador.madrid\/index.php\/wp-json\/wp\/v2\/pages"}],"about":[{"href":"https:\/\/site.educa.madrid.org\/cepa.cidcampeador.madrid\/index.php\/wp-json\/wp\/v2\/types\/page"}],"author":[{"embeddable":true,"href":"https:\/\/site.educa.madrid.org\/cepa.cidcampeador.madrid\/index.php\/wp-json\/wp\/v2\/users\/3"}],"replies":[{"embeddable":true,"href":"https:\/\/site.educa.madrid.org\/cepa.cidcampeador.madrid\/index.php\/wp-json\/wp\/v2\/comments?post=6910"}],"version-history":[{"count":3,"href":"https:\/\/site.educa.madrid.org\/cepa.cidcampeador.madrid\/index.php\/wp-json\/wp\/v2\/pages\/6910\/revisions"}],"predecessor-version":[{"id":6913,"href":"https:\/\/site.educa.madrid.org\/cepa.cidcampeador.madrid\/index.php\/wp-json\/wp\/v2\/pages\/6910\/revisions\/6913"}],"wp:attachment":[{"href":"https:\/\/site.educa.madrid.org\/cepa.cidcampeador.madrid\/index.php\/wp-json\/wp\/v2\/media?parent=6910"}],"wp:term":[{"taxonomy":"folder","embeddable":true,"href":"https:\/\/site.educa.madrid.org\/cepa.cidcampeador.madrid\/index.php\/wp-json\/wp\/v2\/folder?post=6910"}],"curies":[{"name":"wp","href":"https:\/\/api.w.org\/{rel}","templated":true}]}}