{"id":7257,"date":"2025-03-30T19:35:51","date_gmt":"2025-03-30T17:35:51","guid":{"rendered":"https:\/\/site.educa.madrid.org\/cepa.cidcampeador.madrid\/?page_id=7257"},"modified":"2025-09-01T19:47:48","modified_gmt":"2025-09-01T17:47:48","slug":"becas-del-ministerio-de-educacion-curso-2025-26","status":"publish","type":"page","link":"https:\/\/site.educa.madrid.org\/cepa.cidcampeador.madrid\/index.php\/becas-del-ministerio-de-educacion-curso-2025-26\/","title":{"rendered":"Becas del Ministerio de Educaci\u00f3n estudios postobligatorios curso 2025-2026"},"content":{"rendered":"\n<figure class=\"wp-block-image size-large\"><a href=\"file:\/\/\/C:\/Users\/Montse\/Downloads\/Convocatoria%20General%202025_2026.pdf\"><img loading=\"lazy\" decoding=\"async\" width=\"1024\" height=\"317\" src=\"https:\/\/site.educa.madrid.org\/cepa.cidcampeador.madrid\/\/wp-content\/uploads\/cepa.cidcampeador.madrid\/2025\/03\/image-3-1024x317.png\" alt=\"\" class=\"wp-image-7264\" srcset=\"https:\/\/site.educa.madrid.org\/cepa.cidcampeador.madrid\/\/wp-content\/uploads\/cepa.cidcampeador.madrid\/2025\/03\/image-3-1024x317.png 1024w, https:\/\/site.educa.madrid.org\/cepa.cidcampeador.madrid\/\/wp-content\/uploads\/cepa.cidcampeador.madrid\/2025\/03\/image-3-300x93.png 300w, https:\/\/site.educa.madrid.org\/cepa.cidcampeador.madrid\/\/wp-content\/uploads\/cepa.cidcampeador.madrid\/2025\/03\/image-3-768x238.png 768w, https:\/\/site.educa.madrid.org\/cepa.cidcampeador.madrid\/\/wp-content\/uploads\/cepa.cidcampeador.madrid\/2025\/03\/image-3-1536x475.png 1536w, https:\/\/site.educa.madrid.org\/cepa.cidcampeador.madrid\/\/wp-content\/uploads\/cepa.cidcampeador.madrid\/2025\/03\/image-3.png 1765w\" sizes=\"auto, (max-width: 767px) 89vw, (max-width: 1000px) 54vw, (max-width: 1071px) 543px, 580px\" \/><\/a><\/figure>\n\n\n\n<h2 class=\"wp-block-heading\"><strong>Convocatoria de becas del Ministerio de Educaci\u00f3n, Formaci\u00f3n Profesional y Deportes para estudios postobligatorios correspondiente al curso 2025-26<\/strong>.<\/h2>\n\n\n\n<p>Programa de ayudas destinado a apoyar a los estudiantes que contin\u00faan su formaci\u00f3n acad\u00e9mica y cumplen con los requisitos establecidos en la convocatoria.<\/p>\n\n\n\n<p><mark style=\"background-color:#abb8c3\" class=\"has-inline-color\">PLAZO DE SOLICITUD<\/mark>:<strong>&nbsp;del 24 de marzo a las 8:00 horas y el 14 de mayo a las 15:00 horas.<\/strong><\/p>\n\n\n\n<p><mark style=\"background-color:#abb8c3\" class=\"has-inline-color\">CONVOCATORIA<\/mark>:<\/p>\n\n\n\n<ul class=\"wp-block-list\">\n<li><a href=\"https:\/\/boe.es\/boe\/dias\/2025\/03\/20\/pdfs\/BOE-B-2025-10203.pdf\" target=\"_blank\" rel=\"noreferrer noopener\">Extracto de la convocatoria<\/a><\/li>\n\n\n\n<li><a href=\"https:\/\/www.pap.hacienda.gob.es\/bdnstrans\/GE\/es\/convocatorias\/821187\" target=\"_blank\" rel=\"noreferrer noopener\">Convocatoria completa<\/a><\/li>\n<\/ul>\n\n\n\n<p><mark style=\"background-color:#abb8c3\" class=\"has-inline-color\">SOLICITUD Y TRAMITACI\u00d3N<\/mark>: de forma telem\u00e1tica a trav\u00e9s del&nbsp;<a href=\"https:\/\/sede.educacion.gob.es\/sede\/login\/inicio.jjsp?idConvocatoria=2256\" target=\"_blank\" rel=\"noreferrer noopener\">portal oficial<\/a>.<\/p>\n\n\n\n<p><mark style=\"background-color:#abb8c3\" class=\"has-inline-color\">IMPORTANTE<\/mark>:<strong>  indicar correctamente el c\u00f3digo de centro<\/strong>&nbsp;en el que est\u00e1n matriculados.<\/p>\n\n\n\n<p class=\"has-text-align-right\"><mark style=\"background-color:rgba(0, 0, 0, 0)\" class=\"has-inline-color has-vivid-purple-color\">C\u00f3digo del <strong>CEPA Cid Campeador Las \u00c1guilas-Cuatro Vientos: 28045268<\/strong><\/mark><\/p>\n\n\n\n<p>En caso cambio de centro despu\u00e9s de presentar la solicitud,&nbsp;se ha de comunicar en el plazo que, previsiblemente, se habilitar\u00e1 en septiembre para realizar modificaciones.<\/p>\n\n\n\n<p><mark style=\"background-color:#abb8c3\" class=\"has-inline-color\">OFICINAS DE REGISTRO<\/mark>:<\/p>\n\n\n\n<p><a href=\"https:\/\/gestiona7.madrid.org\/CTAC_CITA\/OFIREG\" target=\"_blank\" rel=\"noreferrer noopener\">Enlace a cita previa en las distintas oficinas de registro<\/a>&nbsp;para las necesidades que puedan surgir a los ciudadanos a lo largo del proceso.<\/p>\n\n\n\n<p>La documentaci\u00f3n de los centros de Madrid Capital debe dirigirse a la Unidad de Tr\u00e1mite de la calle Vitruvio, 2, pero no es necesario que el registro se realice en esa sede, pudiendo hacerse en cualquier otra oficina de registro.<\/p>\n","protected":false},"excerpt":{"rendered":"<p>Convocatoria de becas del Ministerio de Educaci\u00f3n, Formaci\u00f3n Profesional y Deportes para estudios postobligatorios correspondiente al curso 2025-26. Programa de ayudas destinado a apoyar a los estudiantes que contin\u00faan su formaci\u00f3n acad\u00e9mica y cumplen con los requisitos establecidos en la convocatoria. PLAZO DE SOLICITUD:&nbsp;del 24 de marzo a las 8:00 horas y el 14 de &hellip; <\/p>\n<p class=\"link-more\"><a href=\"https:\/\/site.educa.madrid.org\/cepa.cidcampeador.madrid\/index.php\/becas-del-ministerio-de-educacion-curso-2025-26\/\" class=\"more-link\">Continuar leyendo<span class=\"screen-reader-text\"> \u00abBecas del Ministerio de Educaci\u00f3n estudios postobligatorios curso 2025-2026\u00bb<\/span><\/a><\/p>\n","protected":false},"author":3,"featured_media":0,"parent":0,"menu_order":0,"comment_status":"closed","ping_status":"closed","template":"","meta":{"footnotes":""},"folder":[],"class_list":["post-7257","page","type-page","status-publish","hentry"],"rttpg_featured_image_url":null,"rttpg_author":{"display_name":"cepa.cidcampeador.madrid","author_link":"https:\/\/site.educa.madrid.org\/cepa.cidcampeador.madrid\/index.php\/author\/cuenta_cepa-cidcampeador-madrid\/"},"rttpg_comment":0,"rttpg_category":false,"rttpg_excerpt":"Convocatoria de becas del Ministerio de Educaci\u00f3n, Formaci\u00f3n Profesional y Deportes para estudios postobligatorios correspondiente al curso 2025-26. Programa de ayudas destinado a apoyar a los estudiantes que contin\u00faan su formaci\u00f3n acad\u00e9mica y cumplen con los requisitos establecidos en la convocatoria. PLAZO DE SOLICITUD:&nbsp;del 24 de marzo a las 8:00 horas y el 14 de&hellip;","post_mailing_queue_ids":[],"_links":{"self":[{"href":"https:\/\/site.educa.madrid.org\/cepa.cidcampeador.madrid\/index.php\/wp-json\/wp\/v2\/pages\/7257","targetHints":{"allow":["GET"]}}],"collection":[{"href":"https:\/\/site.educa.madrid.org\/cepa.cidcampeador.madrid\/index.php\/wp-json\/wp\/v2\/pages"}],"about":[{"href":"https:\/\/site.educa.madrid.org\/cepa.cidcampeador.madrid\/index.php\/wp-json\/wp\/v2\/types\/page"}],"author":[{"embeddable":true,"href":"https:\/\/site.educa.madrid.org\/cepa.cidcampeador.madrid\/index.php\/wp-json\/wp\/v2\/users\/3"}],"replies":[{"embeddable":true,"href":"https:\/\/site.educa.madrid.org\/cepa.cidcampeador.madrid\/index.php\/wp-json\/wp\/v2\/comments?post=7257"}],"version-history":[{"count":10,"href":"https:\/\/site.educa.madrid.org\/cepa.cidcampeador.madrid\/index.php\/wp-json\/wp\/v2\/pages\/7257\/revisions"}],"predecessor-version":[{"id":7856,"href":"https:\/\/site.educa.madrid.org\/cepa.cidcampeador.madrid\/index.php\/wp-json\/wp\/v2\/pages\/7257\/revisions\/7856"}],"wp:attachment":[{"href":"https:\/\/site.educa.madrid.org\/cepa.cidcampeador.madrid\/index.php\/wp-json\/wp\/v2\/media?parent=7257"}],"wp:term":[{"taxonomy":"folder","embeddable":true,"href":"https:\/\/site.educa.madrid.org\/cepa.cidcampeador.madrid\/index.php\/wp-json\/wp\/v2\/folder?post=7257"}],"curies":[{"name":"wp","href":"https:\/\/api.w.org\/{rel}","templated":true}]}}