{"id":7355,"date":"2025-04-12T23:29:37","date_gmt":"2025-04-12T21:29:37","guid":{"rendered":"https:\/\/site.educa.madrid.org\/cepa.cidcampeador.madrid\/?page_id=7355"},"modified":"2025-08-11T22:04:13","modified_gmt":"2025-08-11T20:04:13","slug":"guiacidadana-para-migrantes","status":"publish","type":"page","link":"https:\/\/site.educa.madrid.org\/cepa.cidcampeador.madrid\/index.php\/guiacidadana-para-migrantes\/","title":{"rendered":"#Gu\u00edaCIDadana para migrantes"},"content":{"rendered":"\n<h2 class=\"wp-block-heading\"><strong><mark style=\"background-color:rgba(0, 0, 0, 0)\" class=\"has-inline-color has-vivid-purple-color\">RECURSOS PARA MIGRANTES<\/mark><\/strong><\/h2>\n\n\n<div class=\"wp-block-image\">\n<figure class=\"aligncenter size-large is-resized\"><a href=\"https:\/\/site.educa.madrid.org\/cepa.cidcampeador.madrid\/\/wp-content\/uploads\/cepa.cidcampeador.madrid\/2025\/05\/Guia-de-Acogida-CIDadana-para-migrantes.pdf\"><img loading=\"lazy\" decoding=\"async\" width=\"724\" height=\"1024\" src=\"https:\/\/site.educa.madrid.org\/cepa.cidcampeador.madrid\/\/wp-content\/uploads\/cepa.cidcampeador.madrid\/2025\/04\/1000124177-724x1024.jpg\" alt=\"\" class=\"wp-image-7387\" style=\"width:412px;height:auto\" srcset=\"https:\/\/site.educa.madrid.org\/cepa.cidcampeador.madrid\/\/wp-content\/uploads\/cepa.cidcampeador.madrid\/2025\/04\/1000124177-724x1024.jpg 724w, https:\/\/site.educa.madrid.org\/cepa.cidcampeador.madrid\/\/wp-content\/uploads\/cepa.cidcampeador.madrid\/2025\/04\/1000124177-212x300.jpg 212w, https:\/\/site.educa.madrid.org\/cepa.cidcampeador.madrid\/\/wp-content\/uploads\/cepa.cidcampeador.madrid\/2025\/04\/1000124177-768x1086.jpg 768w, https:\/\/site.educa.madrid.org\/cepa.cidcampeador.madrid\/\/wp-content\/uploads\/cepa.cidcampeador.madrid\/2025\/04\/1000124177-1086x1536.jpg 1086w, https:\/\/site.educa.madrid.org\/cepa.cidcampeador.madrid\/\/wp-content\/uploads\/cepa.cidcampeador.madrid\/2025\/04\/1000124177.jpg 1131w\" sizes=\"auto, (max-width: 724px) 100vw, 724px\" \/><\/a><figcaption class=\"wp-element-caption\"><a href=\"https:\/\/site.educa.madrid.org\/cepa.cidcampeador.madrid\/\/wp-content\/uploads\/cepa.cidcampeador.madrid\/2025\/04\/Guia-de-Acogida-CIDadana-para-migrantes.pdf\">Gu\u00eda CIDadna, recursos para migrantes.<\/a><\/figcaption><\/figure>\n<\/div>\n\n\n<p>Esta <strong>Gu\u00eda CIDadana de recursos para migrantes<\/strong> ha sido elaborada por el alumnado y profesorado del <strong>#CEPACidCampeador<\/strong> en el curso 2024-2025 en colaboraci\u00f3n con la asociaci\u00f3n <strong><a href=\"https:\/\/www.instagram.com\/asociacion_almalatina\/?hl=es\">Alma Latina<\/a><\/strong>.<\/p>\n\n\n\n<p>La gu\u00eda contiene datos pr\u00e1cticos como la obtenci\u00f3n de padr\u00f3n o la tarjeta sanitaria, historia de Espa\u00f1a, recetas t\u00edpicas, recursos para personas con discapacidad, ocio gratuito, relatos y experiencias, glosario de palabras, refranes y pasatiempos&#8230;todo ello queriendo dar la mejora acogida posible a las personas migrantes, y aprendiendo tod@s mucho durante su elaboraci\u00f3n.<\/p>\n\n\n\n<div data-wp-interactive=\"core\/file\" class=\"wp-block-file\"><object data-wp-bind--hidden=\"!state.hasPdfPreview\" hidden class=\"wp-block-file__embed\" data=\"https:\/\/site.educa.madrid.org\/cepa.cidcampeador.madrid\/\/wp-content\/uploads\/cepa.cidcampeador.madrid\/2025\/05\/Guia-de-Acogida-CIDadana-para-migrantes-1.pdf\" type=\"application\/pdf\" style=\"width:100%;height:300px\" aria-label=\"Incrustado de Gu\u00eda de Acogida CIDadana para migrantes.\"><\/object><a id=\"wp-block-file--media-950b6c17-7d83-416e-ac8e-abd0dae01aac\" href=\"https:\/\/site.educa.madrid.org\/cepa.cidcampeador.madrid\/\/wp-content\/uploads\/cepa.cidcampeador.madrid\/2025\/05\/Guia-de-Acogida-CIDadana-para-migrantes-1.pdf\">Gu\u00eda de Acogida CIDadana para migrantes<\/a><a href=\"https:\/\/site.educa.madrid.org\/cepa.cidcampeador.madrid\/\/wp-content\/uploads\/cepa.cidcampeador.madrid\/2025\/05\/Guia-de-Acogida-CIDadana-para-migrantes-1.pdf\" class=\"wp-block-file__button wp-element-button\" download aria-describedby=\"wp-block-file--media-950b6c17-7d83-416e-ac8e-abd0dae01aac\">Descarga<\/a><\/div>\n\n\n\n<h2 class=\"wp-block-heading\"><strong><mark style=\"background-color:rgba(0, 0, 0, 0)\" class=\"has-inline-color has-vivid-purple-color\">M\u00c1S INFORMACI\u00d3N<\/mark><\/strong><\/h2>\n\n\n\n<p>En nuestra web puedes consultar <strong><a href=\"https:\/\/site.educa.madrid.org\/cepa.cidcampeador.madrid\/index.php\/informacion-para-inmigrantes\/\">m\u00e1s informaciones para migrantes<\/a><\/strong>: arraigo, homologaciones de estudios, clases de espa\u00f1ol, CEPI&#8230;<\/p>\n\n\n<div class=\"wp-block-image\">\n<figure class=\"aligncenter size-large is-resized\"><a href=\"https:\/\/site.educa.madrid.org\/cepa.cidcampeador.madrid\/index.php\/informacion-para-inmigrantes\/\" target=\"_blank\" rel=\" noreferrer noopener\"><img loading=\"lazy\" decoding=\"async\" width=\"1024\" height=\"724\" src=\"https:\/\/site.educa.madrid.org\/cepa.cidcampeador.madrid\/\/wp-content\/uploads\/cepa.cidcampeador.madrid\/2025\/08\/2025_04_09_Jornada-CIDadana-1-1024x724.png\" alt=\"\" class=\"wp-image-7841\" style=\"width:453px;height:auto\" srcset=\"https:\/\/site.educa.madrid.org\/cepa.cidcampeador.madrid\/\/wp-content\/uploads\/cepa.cidcampeador.madrid\/2025\/08\/2025_04_09_Jornada-CIDadana-1-1024x724.png 1024w, https:\/\/site.educa.madrid.org\/cepa.cidcampeador.madrid\/\/wp-content\/uploads\/cepa.cidcampeador.madrid\/2025\/08\/2025_04_09_Jornada-CIDadana-1-300x212.png 300w, https:\/\/site.educa.madrid.org\/cepa.cidcampeador.madrid\/\/wp-content\/uploads\/cepa.cidcampeador.madrid\/2025\/08\/2025_04_09_Jornada-CIDadana-1-768x543.png 768w, https:\/\/site.educa.madrid.org\/cepa.cidcampeador.madrid\/\/wp-content\/uploads\/cepa.cidcampeador.madrid\/2025\/08\/2025_04_09_Jornada-CIDadana-1-1536x1086.png 1536w, https:\/\/site.educa.madrid.org\/cepa.cidcampeador.madrid\/\/wp-content\/uploads\/cepa.cidcampeador.madrid\/2025\/08\/2025_04_09_Jornada-CIDadana-1.png 2000w\" sizes=\"auto, (max-width: 767px) 89vw, (max-width: 1000px) 54vw, (max-width: 1071px) 543px, 580px\" \/><\/a><\/figure>\n<\/div>","protected":false},"excerpt":{"rendered":"<p>RECURSOS PARA MIGRANTES Esta Gu\u00eda CIDadana de recursos para migrantes ha sido elaborada por el alumnado y profesorado del #CEPACidCampeador en el curso 2024-2025 en colaboraci\u00f3n con la asociaci\u00f3n Alma Latina. La gu\u00eda contiene datos pr\u00e1cticos como la obtenci\u00f3n de padr\u00f3n o la tarjeta sanitaria, historia de Espa\u00f1a, recetas t\u00edpicas, recursos para personas con discapacidad, &hellip; <\/p>\n<p class=\"link-more\"><a href=\"https:\/\/site.educa.madrid.org\/cepa.cidcampeador.madrid\/index.php\/guiacidadana-para-migrantes\/\" class=\"more-link\">Continuar leyendo<span class=\"screen-reader-text\"> \u00ab#Gu\u00edaCIDadana para migrantes\u00bb<\/span><\/a><\/p>\n","protected":false},"author":3,"featured_media":0,"parent":0,"menu_order":0,"comment_status":"closed","ping_status":"closed","template":"","meta":{"footnotes":""},"folder":[],"class_list":["post-7355","page","type-page","status-publish","hentry"],"rttpg_featured_image_url":null,"rttpg_author":{"display_name":"cepa.cidcampeador.madrid","author_link":"https:\/\/site.educa.madrid.org\/cepa.cidcampeador.madrid\/index.php\/author\/cuenta_cepa-cidcampeador-madrid\/"},"rttpg_comment":0,"rttpg_category":false,"rttpg_excerpt":"RECURSOS PARA MIGRANTES Esta Gu\u00eda CIDadana de recursos para migrantes ha sido elaborada por el alumnado y profesorado del #CEPACidCampeador en el curso 2024-2025 en colaboraci\u00f3n con la asociaci\u00f3n Alma Latina. La gu\u00eda contiene datos pr\u00e1cticos como la obtenci\u00f3n de padr\u00f3n o la tarjeta sanitaria, historia de Espa\u00f1a, recetas t\u00edpicas, recursos para personas con discapacidad,&hellip;","post_mailing_queue_ids":[],"_links":{"self":[{"href":"https:\/\/site.educa.madrid.org\/cepa.cidcampeador.madrid\/index.php\/wp-json\/wp\/v2\/pages\/7355","targetHints":{"allow":["GET"]}}],"collection":[{"href":"https:\/\/site.educa.madrid.org\/cepa.cidcampeador.madrid\/index.php\/wp-json\/wp\/v2\/pages"}],"about":[{"href":"https:\/\/site.educa.madrid.org\/cepa.cidcampeador.madrid\/index.php\/wp-json\/wp\/v2\/types\/page"}],"author":[{"embeddable":true,"href":"https:\/\/site.educa.madrid.org\/cepa.cidcampeador.madrid\/index.php\/wp-json\/wp\/v2\/users\/3"}],"replies":[{"embeddable":true,"href":"https:\/\/site.educa.madrid.org\/cepa.cidcampeador.madrid\/index.php\/wp-json\/wp\/v2\/comments?post=7355"}],"version-history":[{"count":23,"href":"https:\/\/site.educa.madrid.org\/cepa.cidcampeador.madrid\/index.php\/wp-json\/wp\/v2\/pages\/7355\/revisions"}],"predecessor-version":[{"id":7844,"href":"https:\/\/site.educa.madrid.org\/cepa.cidcampeador.madrid\/index.php\/wp-json\/wp\/v2\/pages\/7355\/revisions\/7844"}],"wp:attachment":[{"href":"https:\/\/site.educa.madrid.org\/cepa.cidcampeador.madrid\/index.php\/wp-json\/wp\/v2\/media?parent=7355"}],"wp:term":[{"taxonomy":"folder","embeddable":true,"href":"https:\/\/site.educa.madrid.org\/cepa.cidcampeador.madrid\/index.php\/wp-json\/wp\/v2\/folder?post=7355"}],"curies":[{"name":"wp","href":"https:\/\/api.w.org\/{rel}","templated":true}]}}