{"id":739,"date":"2019-09-23T21:18:10","date_gmt":"2019-09-23T21:18:10","guid":{"rendered":"https:\/\/site.educa.madrid.org\/cepa.cidcampeador.madrid\/?page_id=739"},"modified":"2024-01-30T11:52:04","modified_gmt":"2024-01-30T10:52:04","slug":"por-el-planeta","status":"publish","type":"page","link":"https:\/\/site.educa.madrid.org\/cepa.cidcampeador.madrid\/index.php\/por-el-planeta\/","title":{"rendered":"\u00a1Por el Planeta!"},"content":{"rendered":"\n<p>(2019-2020)<\/p>\n\n\n\n<p>He aqu\u00ed una muestra de las actividades realizadas en el CEPA Cid Campeador en la Semana por el Clima.<\/p>\n\n\n\n<p>Documentales:<\/p>\n\n\n\n<ul class=\"wp-block-list\">\n<li><a href=\"https:\/\/youtu.be\/YOpe9aedCrs\">Una verdad inc\u00f3moda (tr\u00e1iler)<\/a><\/li>\n\n\n\n<li><a href=\"http:\/\/www.rtve.es\/m\/alacarta\/videos\/lab-rtvees\/microplasticos-estan-ya-presentes-nuestra-dieta\/4848704\/?media=tve\">Micropl\u00e1sticos<\/a><\/li>\n\n\n\n<li><a href=\"https:\/\/youtu.be\/mOskc6x_t54\">Calentamiento Globa<\/a>l<\/li>\n\n\n\n<li><a href=\"https:\/\/ecoinventos.com\/documentales-verdes\/\">Los mejores documentales sobre ecolog\u00eda<\/a><\/li>\n\n\n\n<li>&#8230;<\/li>\n<\/ul>\n\n\n\n<p>Debates:<\/p>\n\n\n\n<ul class=\"wp-block-list\">\n<li>Sostenibilidad alimentaria en el mar (<a href=\"https:\/\/youtu.be\/kF8hQNfM3bg\">documental Jiro dreams of sushi<\/a>)<\/li>\n<\/ul>\n\n\n\n<p>Murales:<\/p>\n\n\n\n<figure class=\"wp-block-video\"><video height=\"640\" style=\"aspect-ratio: 640 \/ 640;\" width=\"640\" controls src=\"https:\/\/site.educa.madrid.org\/cepa.cidcampeador.madrid\/\/wp-content\/uploads\/cepa.cidcampeador.madrid\/2019\/09\/VID_111031111_133451_172.mp4\"><\/video><\/figure>\n\n\n\n<p><a href=\"http:\/\/site.educa.madrid.org\/cepa.cidcampeador.madrid\/index.php\/2019\/10\/11\/cid-piensa-verde\/\">Cid Piensa Verde<\/a>:<\/p>\n\n\n\n<p>Edici\u00f3n y encuadernaci\u00f3n de un peri\u00f3dico con noticias y art\u00edculos de opini\u00f3n de nuestr@s alumn@s<\/p>\n\n\n\n<figure class=\"wp-block-image\"><img loading=\"lazy\" decoding=\"async\" width=\"768\" height=\"1024\" src=\"https:\/\/site.educa.madrid.org\/cepa.cidcampeador.madrid\/\/wp-content\/uploads\/cepa.cidcampeador.madrid\/2019\/10\/IMG-20191008-WA0013-768x1024.jpg\" alt=\"\" class=\"wp-image-788\" srcset=\"https:\/\/site.educa.madrid.org\/cepa.cidcampeador.madrid\/\/wp-content\/uploads\/cepa.cidcampeador.madrid\/2019\/10\/IMG-20191008-WA0013-768x1024.jpg 768w, https:\/\/site.educa.madrid.org\/cepa.cidcampeador.madrid\/\/wp-content\/uploads\/cepa.cidcampeador.madrid\/2019\/10\/IMG-20191008-WA0013-225x300.jpg 225w, https:\/\/site.educa.madrid.org\/cepa.cidcampeador.madrid\/\/wp-content\/uploads\/cepa.cidcampeador.madrid\/2019\/10\/IMG-20191008-WA0013.jpg 1200w\" sizes=\"auto, (max-width: 767px) 89vw, (max-width: 1000px) 54vw, (max-width: 1071px) 543px, 580px\" \/><\/figure>\n\n\n\n<figure class=\"wp-block-video\"><video height=\"720\" style=\"aspect-ratio: 720 \/ 720;\" width=\"720\" controls src=\"https:\/\/site.educa.madrid.org\/cepa.cidcampeador.madrid\/\/wp-content\/uploads\/cepa.cidcampeador.madrid\/2019\/10\/QUIK_20191011_025452-1.mp4\"><\/video><\/figure>\n\n\n\n<p>Entretenimiento Clim\u00e1tico:<\/p>\n\n\n\n<figure class=\"wp-block-image\"><img loading=\"lazy\" decoding=\"async\" width=\"724\" height=\"1024\" src=\"https:\/\/site.educa.madrid.org\/cepa.cidcampeador.madrid\/\/wp-content\/uploads\/cepa.cidcampeador.madrid\/2019\/10\/Perio\u0301dico_CidPiensaVerde-724x1024.jpg\" alt=\"\" class=\"wp-image-798\" srcset=\"https:\/\/site.educa.madrid.org\/cepa.cidcampeador.madrid\/\/wp-content\/uploads\/cepa.cidcampeador.madrid\/2019\/10\/Perio\u0301dico_CidPiensaVerde-724x1024.jpg 724w, https:\/\/site.educa.madrid.org\/cepa.cidcampeador.madrid\/\/wp-content\/uploads\/cepa.cidcampeador.madrid\/2019\/10\/Perio\u0301dico_CidPiensaVerde-212x300.jpg 212w, https:\/\/site.educa.madrid.org\/cepa.cidcampeador.madrid\/\/wp-content\/uploads\/cepa.cidcampeador.madrid\/2019\/10\/Perio\u0301dico_CidPiensaVerde-768x1086.jpg 768w, https:\/\/site.educa.madrid.org\/cepa.cidcampeador.madrid\/\/wp-content\/uploads\/cepa.cidcampeador.madrid\/2019\/10\/Perio\u0301dico_CidPiensaVerde.jpg 1241w\" sizes=\"auto, (max-width: 724px) 100vw, 724px\" \/><\/figure>\n\n\n\n<p>Otras actividades:<\/p>\n\n\n\n<ul class=\"wp-block-list\">\n<li>Lecturas comprensivas sobre el clima<\/li>\n\n\n\n<li>Selecci\u00f3n de noticias y art\u00edculos de opini\u00f3n sobre el cambio clim\u00e1tico (en espa\u00f1ol y en ingl\u00e9s):  lectura, an\u00e1lisis y puesta en com\u00fan<\/li>\n\n\n\n<li>Escritura de textos proponiendo posibles soluciones<\/li>\n\n\n\n<li>&#8230;<\/li>\n<\/ul>\n\n\n\n<p>Y un minuto de silencio reflexionando sobre el cambio clim\u00e1tico y las aportaciones que podemos hacer cada uno de nosotros a favor del nuestro planeta\u2026<\/p>\n\n\n\n<figure class=\"wp-block-image\"><img loading=\"lazy\" decoding=\"async\" width=\"1024\" height=\"1024\" src=\"https:\/\/site.educa.madrid.org\/cepa.cidcampeador.madrid\/\/wp-content\/uploads\/cepa.cidcampeador.madrid\/2019\/09\/IMG_20190928_000308_379-1024x1024.jpg\" alt=\"\" class=\"wp-image-764\" srcset=\"https:\/\/site.educa.madrid.org\/cepa.cidcampeador.madrid\/\/wp-content\/uploads\/cepa.cidcampeador.madrid\/2019\/09\/IMG_20190928_000308_379-1024x1024.jpg 1024w, https:\/\/site.educa.madrid.org\/cepa.cidcampeador.madrid\/\/wp-content\/uploads\/cepa.cidcampeador.madrid\/2019\/09\/IMG_20190928_000308_379-150x150.jpg 150w, https:\/\/site.educa.madrid.org\/cepa.cidcampeador.madrid\/\/wp-content\/uploads\/cepa.cidcampeador.madrid\/2019\/09\/IMG_20190928_000308_379-300x300.jpg 300w, https:\/\/site.educa.madrid.org\/cepa.cidcampeador.madrid\/\/wp-content\/uploads\/cepa.cidcampeador.madrid\/2019\/09\/IMG_20190928_000308_379-768x768.jpg 768w, https:\/\/site.educa.madrid.org\/cepa.cidcampeador.madrid\/\/wp-content\/uploads\/cepa.cidcampeador.madrid\/2019\/09\/IMG_20190928_000308_379-100x100.jpg 100w, https:\/\/site.educa.madrid.org\/cepa.cidcampeador.madrid\/\/wp-content\/uploads\/cepa.cidcampeador.madrid\/2019\/09\/IMG_20190928_000308_379.jpg 1080w\" sizes=\"auto, (max-width: 767px) 89vw, (max-width: 1000px) 54vw, (max-width: 1071px) 543px, 580px\" \/><\/figure>\n\n\n\n<figure class=\"wp-block-image\"><img loading=\"lazy\" decoding=\"async\" width=\"819\" height=\"1024\" src=\"https:\/\/site.educa.madrid.org\/cepa.cidcampeador.madrid\/\/wp-content\/uploads\/cepa.cidcampeador.madrid\/2019\/09\/IMG_20190923_095244_860-819x1024.jpg\" alt=\"\" class=\"wp-image-736\" srcset=\"https:\/\/site.educa.madrid.org\/cepa.cidcampeador.madrid\/\/wp-content\/uploads\/cepa.cidcampeador.madrid\/2019\/09\/IMG_20190923_095244_860-819x1024.jpg 819w, https:\/\/site.educa.madrid.org\/cepa.cidcampeador.madrid\/\/wp-content\/uploads\/cepa.cidcampeador.madrid\/2019\/09\/IMG_20190923_095244_860-240x300.jpg 240w, https:\/\/site.educa.madrid.org\/cepa.cidcampeador.madrid\/\/wp-content\/uploads\/cepa.cidcampeador.madrid\/2019\/09\/IMG_20190923_095244_860-768x960.jpg 768w, https:\/\/site.educa.madrid.org\/cepa.cidcampeador.madrid\/\/wp-content\/uploads\/cepa.cidcampeador.madrid\/2019\/09\/IMG_20190923_095244_860.jpg 1200w\" sizes=\"auto, (max-width: 767px) 89vw, (max-width: 1000px) 54vw, (max-width: 1071px) 543px, 580px\" \/><\/figure>\n","protected":false},"excerpt":{"rendered":"<p>(2019-2020) He aqu\u00ed una muestra de las actividades realizadas en el CEPA Cid Campeador en la Semana por el Clima. Documentales: Debates: Murales: Cid Piensa Verde: Edici\u00f3n y encuadernaci\u00f3n de un peri\u00f3dico con noticias y art\u00edculos de opini\u00f3n de nuestr@s alumn@s Entretenimiento Clim\u00e1tico: Otras actividades: Y un minuto de silencio reflexionando sobre el cambio clim\u00e1tico &hellip; <\/p>\n<p class=\"link-more\"><a href=\"https:\/\/site.educa.madrid.org\/cepa.cidcampeador.madrid\/index.php\/por-el-planeta\/\" class=\"more-link\">Continuar leyendo<span class=\"screen-reader-text\"> \u00ab\u00a1Por el Planeta!\u00bb<\/span><\/a><\/p>\n","protected":false},"author":3,"featured_media":0,"parent":0,"menu_order":0,"comment_status":"closed","ping_status":"closed","template":"","meta":{"footnotes":""},"folder":[],"class_list":["post-739","page","type-page","status-publish","hentry"],"rttpg_featured_image_url":null,"rttpg_author":{"display_name":"cepa.cidcampeador.madrid","author_link":"https:\/\/site.educa.madrid.org\/cepa.cidcampeador.madrid\/index.php\/author\/cuenta_cepa-cidcampeador-madrid\/"},"rttpg_comment":0,"rttpg_category":false,"rttpg_excerpt":"(2019-2020) He aqu\u00ed una muestra de las actividades realizadas en el CEPA Cid Campeador en la Semana por el Clima. Documentales: Debates: Murales: Cid Piensa Verde: Edici\u00f3n y encuadernaci\u00f3n de un peri\u00f3dico con noticias y art\u00edculos de opini\u00f3n de nuestr@s alumn@s Entretenimiento Clim\u00e1tico: Otras actividades: Y un minuto de silencio reflexionando sobre el cambio clim\u00e1tico&hellip;","post_mailing_queue_ids":[],"_links":{"self":[{"href":"https:\/\/site.educa.madrid.org\/cepa.cidcampeador.madrid\/index.php\/wp-json\/wp\/v2\/pages\/739","targetHints":{"allow":["GET"]}}],"collection":[{"href":"https:\/\/site.educa.madrid.org\/cepa.cidcampeador.madrid\/index.php\/wp-json\/wp\/v2\/pages"}],"about":[{"href":"https:\/\/site.educa.madrid.org\/cepa.cidcampeador.madrid\/index.php\/wp-json\/wp\/v2\/types\/page"}],"author":[{"embeddable":true,"href":"https:\/\/site.educa.madrid.org\/cepa.cidcampeador.madrid\/index.php\/wp-json\/wp\/v2\/users\/3"}],"replies":[{"embeddable":true,"href":"https:\/\/site.educa.madrid.org\/cepa.cidcampeador.madrid\/index.php\/wp-json\/wp\/v2\/comments?post=739"}],"version-history":[{"count":16,"href":"https:\/\/site.educa.madrid.org\/cepa.cidcampeador.madrid\/index.php\/wp-json\/wp\/v2\/pages\/739\/revisions"}],"predecessor-version":[{"id":5365,"href":"https:\/\/site.educa.madrid.org\/cepa.cidcampeador.madrid\/index.php\/wp-json\/wp\/v2\/pages\/739\/revisions\/5365"}],"wp:attachment":[{"href":"https:\/\/site.educa.madrid.org\/cepa.cidcampeador.madrid\/index.php\/wp-json\/wp\/v2\/media?parent=739"}],"wp:term":[{"taxonomy":"folder","embeddable":true,"href":"https:\/\/site.educa.madrid.org\/cepa.cidcampeador.madrid\/index.php\/wp-json\/wp\/v2\/folder?post=739"}],"curies":[{"name":"wp","href":"https:\/\/api.w.org\/{rel}","templated":true}]}}