{"id":7491,"date":"2025-05-18T08:13:49","date_gmt":"2025-05-18T06:13:49","guid":{"rendered":"https:\/\/site.educa.madrid.org\/cepa.cidcampeador.madrid\/?page_id=7491"},"modified":"2025-05-18T08:15:40","modified_gmt":"2025-05-18T06:15:40","slug":"cepa-cid-campeador-las-aguilas-cuatro-vientos","status":"publish","type":"page","link":"https:\/\/site.educa.madrid.org\/cepa.cidcampeador.madrid\/index.php\/cepa-cid-campeador-las-aguilas-cuatro-vientos\/","title":{"rendered":"CEPA Cid Campeador Las \u00c1guilas-Cuatro Vientos"},"content":{"rendered":"\n<p><a href=\"https:\/\/site.educa.madrid.org\/cepa.cidcampeador.madrid\/index.php\/documentos-del-centro\/\">Documentos de centro<\/a><\/p>\n\n\n\n<p><a href=\"https:\/\/site.educa.madrid.org\/cepa.cidcampeador.madrid\/index.php\/proyectos\/\">Proyectos<\/a><\/p>\n\n\n\n<p><a href=\"https:\/\/site.educa.madrid.org\/cepa.cidcampeador.madrid\/index.php\/conocenos\/\">Con\u00f3cenos<\/a><\/p>\n\n\n\n<p><a href=\"https:\/\/site.educa.madrid.org\/cepa.cidcampeador.madrid\/index.php\/contacto\/\">Contacto<\/a><\/p>\n\n\n\n<p><a href=\"https:\/\/site.educa.madrid.org\/cepa.cidcampeador.madrid\/index.php\/red-de-cepa\/\">Red de CEPA<\/a><\/p>\n\n\n\n<p><a href=\"https:\/\/site.educa.madrid.org\/cepa.cidcampeador.madrid\/index.php\/normativa-educacion-de-adultos\/\">Normativa Educaci\u00f3n de Adultos<\/a><\/p>\n\n\n\n<p><a href=\"https:\/\/site.educa.madrid.org\/cepa.cidcampeador.madrid\/index.php\/politica-de-privacidad-y-datos-personales-en-centros-docentes-publicos\/\">Pol\u00edtica de Privacidad y Datos Personales en Centros Docentes P\u00fablicos<\/a><\/p>\n\n\n<div class=\"wp-block-image\">\n<figure class=\"alignleft size-large is-resized\"><img loading=\"lazy\" decoding=\"async\" width=\"1024\" height=\"576\" src=\"https:\/\/site.educa.madrid.org\/cepa.cidcampeador.madrid\/\/wp-content\/uploads\/cepa.cidcampeador.madrid\/2025\/05\/28045268-1-CEPA-CID-CAMPEADOR-1-1024x576.jpg\" alt=\"\" class=\"wp-image-7495\" style=\"width:541px;height:auto\" srcset=\"https:\/\/site.educa.madrid.org\/cepa.cidcampeador.madrid\/\/wp-content\/uploads\/cepa.cidcampeador.madrid\/2025\/05\/28045268-1-CEPA-CID-CAMPEADOR-1-1024x576.jpg 1024w, https:\/\/site.educa.madrid.org\/cepa.cidcampeador.madrid\/\/wp-content\/uploads\/cepa.cidcampeador.madrid\/2025\/05\/28045268-1-CEPA-CID-CAMPEADOR-1-300x169.jpg 300w, https:\/\/site.educa.madrid.org\/cepa.cidcampeador.madrid\/\/wp-content\/uploads\/cepa.cidcampeador.madrid\/2025\/05\/28045268-1-CEPA-CID-CAMPEADOR-1-768x432.jpg 768w, https:\/\/site.educa.madrid.org\/cepa.cidcampeador.madrid\/\/wp-content\/uploads\/cepa.cidcampeador.madrid\/2025\/05\/28045268-1-CEPA-CID-CAMPEADOR-1.jpg 1250w\" sizes=\"auto, (max-width: 767px) 89vw, (max-width: 1000px) 54vw, (max-width: 1071px) 543px, 580px\" \/><\/figure>\n<\/div>","protected":false},"excerpt":{"rendered":"<p>Documentos de centro Proyectos Con\u00f3cenos Contacto Red de CEPA Normativa Educaci\u00f3n de Adultos Pol\u00edtica de Privacidad y Datos Personales en Centros Docentes P\u00fablicos<\/p>\n","protected":false},"author":3,"featured_media":0,"parent":0,"menu_order":0,"comment_status":"closed","ping_status":"closed","template":"","meta":{"footnotes":""},"folder":[],"class_list":["post-7491","page","type-page","status-publish","hentry"],"rttpg_featured_image_url":null,"rttpg_author":{"display_name":"cepa.cidcampeador.madrid","author_link":"https:\/\/site.educa.madrid.org\/cepa.cidcampeador.madrid\/index.php\/author\/cuenta_cepa-cidcampeador-madrid\/"},"rttpg_comment":0,"rttpg_category":false,"rttpg_excerpt":"Documentos de centro Proyectos Con\u00f3cenos Contacto Red de CEPA Normativa Educaci\u00f3n de Adultos Pol\u00edtica de Privacidad y Datos Personales en Centros Docentes P\u00fablicos","post_mailing_queue_ids":[],"_links":{"self":[{"href":"https:\/\/site.educa.madrid.org\/cepa.cidcampeador.madrid\/index.php\/wp-json\/wp\/v2\/pages\/7491","targetHints":{"allow":["GET"]}}],"collection":[{"href":"https:\/\/site.educa.madrid.org\/cepa.cidcampeador.madrid\/index.php\/wp-json\/wp\/v2\/pages"}],"about":[{"href":"https:\/\/site.educa.madrid.org\/cepa.cidcampeador.madrid\/index.php\/wp-json\/wp\/v2\/types\/page"}],"author":[{"embeddable":true,"href":"https:\/\/site.educa.madrid.org\/cepa.cidcampeador.madrid\/index.php\/wp-json\/wp\/v2\/users\/3"}],"replies":[{"embeddable":true,"href":"https:\/\/site.educa.madrid.org\/cepa.cidcampeador.madrid\/index.php\/wp-json\/wp\/v2\/comments?post=7491"}],"version-history":[{"count":2,"href":"https:\/\/site.educa.madrid.org\/cepa.cidcampeador.madrid\/index.php\/wp-json\/wp\/v2\/pages\/7491\/revisions"}],"predecessor-version":[{"id":7496,"href":"https:\/\/site.educa.madrid.org\/cepa.cidcampeador.madrid\/index.php\/wp-json\/wp\/v2\/pages\/7491\/revisions\/7496"}],"wp:attachment":[{"href":"https:\/\/site.educa.madrid.org\/cepa.cidcampeador.madrid\/index.php\/wp-json\/wp\/v2\/media?parent=7491"}],"wp:term":[{"taxonomy":"folder","embeddable":true,"href":"https:\/\/site.educa.madrid.org\/cepa.cidcampeador.madrid\/index.php\/wp-json\/wp\/v2\/folder?post=7491"}],"curies":[{"name":"wp","href":"https:\/\/api.w.org\/{rel}","templated":true}]}}