{"id":7691,"date":"2025-06-30T12:56:51","date_gmt":"2025-06-30T10:56:51","guid":{"rendered":"https:\/\/site.educa.madrid.org\/cepa.cidcampeador.madrid\/?page_id=7691"},"modified":"2025-12-13T21:30:07","modified_gmt":"2025-12-13T20:30:07","slug":"panaderia-y-pasteleria","status":"publish","type":"page","link":"https:\/\/site.educa.madrid.org\/cepa.cidcampeador.madrid\/index.php\/panaderia-y-pasteleria\/","title":{"rendered":"CFGB de Panader\u00eda y Pasteler\u00eda"},"content":{"rendered":"\n<p>\u00bfNo tienes estudios secundarios terminados en Espa\u00f1a y te gustar\u00eda trabajar en la rama profesional de Panader\u00eda y Pasteler\u00eda?<\/p>\n\n\n\n<p>El <strong>Ciclo Formativo Grado B\u00e1sico<\/strong> (CFGB) de <strong>Panader\u00eda y Pasteler\u00eda<\/strong> es una buena opci\u00f3n para ti.<\/p>\n\n\n\n<p>Consiste en <strong>dos cursos<\/strong> con asignaturas de \u00e1mbitos comunes y m\u00f3dulos profesionales, y muchas <strong>pr\u00e1cticas en el centro<\/strong>.<\/p>\n\n\n\n<p>Disponemos de una <strong>Cocina<\/strong> y un <strong>Aula Bar<\/strong> totalmente equipados, donde los alumnos de esta ense\u00f1anza sirven y preparan meriendas, postres, cenas y comida para llevar.<\/p>\n\n\n\n<p>Adem\u00e1s, cada curso incluye una <strong>Fase de Formaci\u00f3n en Empresas<\/strong> (pr\u00e1cticas) en distintas panader\u00edas, pasteler\u00edas, empresas de catering, etc. de la Comunidad de Madrid.<\/p>\n\n\n\n<p>Al finalizar el Ciclo, se obtiene el <strong>T\u00edtulo de Graduado en Educaci\u00f3n Secundaria (ESO)<\/strong> y el <strong>T\u00edtulo Profesional B\u00e1sico de Panader\u00eda y Pasteler\u00eda<\/strong>.<\/p>\n\n\n\n<p>Esta ense\u00f1anza permite solicitar la autorizaci\u00f3n de residencia temporal por circunstancias excepcionales de <a href=\"https:\/\/site.educa.madrid.org\/cepa.cidcampeador.madrid\/index.php\/informacion-para-inmigrantes\/\" target=\"_blank\" rel=\"noreferrer noopener\"><strong>arraigo socioformativo<\/strong> para personas migrantes<\/a>.<\/p>\n\n\n\n<p><strong>Los horarios de esta ense\u00f1anza<\/strong> son en turno de tarde.<\/p>\n\n\n\n<p class=\"has-text-align-center\"><a href=\"https:\/\/site.educa.madrid.org\/cepa.cidcampeador.madrid\/index.php\/mas-info-sobre-cfgb\/\" target=\"_blank\" rel=\"noreferrer noopener\"><strong>\u00a1Inf\u00f3rmate m\u00e1s aqu\u00ed!<\/strong><\/a><\/p>\n\n\n<div class=\"wp-block-image\">\n<figure class=\"aligncenter size-large is-resized\"><img loading=\"lazy\" decoding=\"async\" width=\"724\" height=\"1024\" src=\"https:\/\/site.educa.madrid.org\/cepa.cidcampeador.madrid\/\/wp-content\/uploads\/cepa.cidcampeador.madrid\/2025\/06\/CID_CFGB-Panaderia-y-Pasteleria-2-1-724x1024.png\" alt=\"\" class=\"wp-image-7703\" style=\"aspect-ratio:0.7072599531615925;width:295px;height:auto\" srcset=\"https:\/\/site.educa.madrid.org\/cepa.cidcampeador.madrid\/\/wp-content\/uploads\/cepa.cidcampeador.madrid\/2025\/06\/CID_CFGB-Panaderia-y-Pasteleria-2-1-724x1024.png 724w, https:\/\/site.educa.madrid.org\/cepa.cidcampeador.madrid\/\/wp-content\/uploads\/cepa.cidcampeador.madrid\/2025\/06\/CID_CFGB-Panaderia-y-Pasteleria-2-1-212x300.png 212w, https:\/\/site.educa.madrid.org\/cepa.cidcampeador.madrid\/\/wp-content\/uploads\/cepa.cidcampeador.madrid\/2025\/06\/CID_CFGB-Panaderia-y-Pasteleria-2-1-768x1086.png 768w, https:\/\/site.educa.madrid.org\/cepa.cidcampeador.madrid\/\/wp-content\/uploads\/cepa.cidcampeador.madrid\/2025\/06\/CID_CFGB-Panaderia-y-Pasteleria-2-1-1086x1536.png 1086w, https:\/\/site.educa.madrid.org\/cepa.cidcampeador.madrid\/\/wp-content\/uploads\/cepa.cidcampeador.madrid\/2025\/06\/CID_CFGB-Panaderia-y-Pasteleria-2-1.png 1414w\" sizes=\"auto, (max-width: 724px) 100vw, 724px\" \/><\/figure>\n<\/div>\n\n\n<h2 class=\"wp-block-heading has-text-align-center\"><strong>Restaurante, Cafeter\u00eda y Tienda<\/strong><\/h2>\n\n\n<div class=\"wp-block-image\">\n<figure class=\"aligncenter is-resized\"><img decoding=\"async\" src=\"https:\/\/site.educa.madrid.org\/cepa.cidcampeador.madrid\/\/wp-content\/uploads\/cepa.cidcampeador.madrid\/2019\/10\/Cartel-matric%C3%BAlate-y-ven-a-cenar.png\" alt=\"\" class=\"wp-image-804\" style=\"width:264px;height:auto\"\/><\/figure>\n<\/div>","protected":false},"excerpt":{"rendered":"<p>\u00bfNo tienes estudios secundarios terminados en Espa\u00f1a y te gustar\u00eda trabajar en la rama profesional de Panader\u00eda y Pasteler\u00eda? El Ciclo Formativo Grado B\u00e1sico (CFGB) de Panader\u00eda y Pasteler\u00eda es una buena opci\u00f3n para ti. Consiste en dos cursos con asignaturas de \u00e1mbitos comunes y m\u00f3dulos profesionales, y muchas pr\u00e1cticas en el centro. Disponemos de &hellip; <\/p>\n<p class=\"link-more\"><a href=\"https:\/\/site.educa.madrid.org\/cepa.cidcampeador.madrid\/index.php\/panaderia-y-pasteleria\/\" class=\"more-link\">Continuar leyendo<span class=\"screen-reader-text\"> \u00abCFGB de Panader\u00eda y Pasteler\u00eda\u00bb<\/span><\/a><\/p>\n","protected":false},"author":3,"featured_media":0,"parent":0,"menu_order":0,"comment_status":"closed","ping_status":"closed","template":"","meta":{"footnotes":""},"folder":[],"class_list":["post-7691","page","type-page","status-publish","hentry"],"rttpg_featured_image_url":null,"rttpg_author":{"display_name":"cepa.cidcampeador.madrid","author_link":"https:\/\/site.educa.madrid.org\/cepa.cidcampeador.madrid\/index.php\/author\/cuenta_cepa-cidcampeador-madrid\/"},"rttpg_comment":0,"rttpg_category":false,"rttpg_excerpt":"\u00bfNo tienes estudios secundarios terminados en Espa\u00f1a y te gustar\u00eda trabajar en la rama profesional de Panader\u00eda y Pasteler\u00eda? El Ciclo Formativo Grado B\u00e1sico (CFGB) de Panader\u00eda y Pasteler\u00eda es una buena opci\u00f3n para ti. Consiste en dos cursos con asignaturas de \u00e1mbitos comunes y m\u00f3dulos profesionales, y muchas pr\u00e1cticas en el centro. Disponemos de&hellip;","post_mailing_queue_ids":[],"_links":{"self":[{"href":"https:\/\/site.educa.madrid.org\/cepa.cidcampeador.madrid\/index.php\/wp-json\/wp\/v2\/pages\/7691","targetHints":{"allow":["GET"]}}],"collection":[{"href":"https:\/\/site.educa.madrid.org\/cepa.cidcampeador.madrid\/index.php\/wp-json\/wp\/v2\/pages"}],"about":[{"href":"https:\/\/site.educa.madrid.org\/cepa.cidcampeador.madrid\/index.php\/wp-json\/wp\/v2\/types\/page"}],"author":[{"embeddable":true,"href":"https:\/\/site.educa.madrid.org\/cepa.cidcampeador.madrid\/index.php\/wp-json\/wp\/v2\/users\/3"}],"replies":[{"embeddable":true,"href":"https:\/\/site.educa.madrid.org\/cepa.cidcampeador.madrid\/index.php\/wp-json\/wp\/v2\/comments?post=7691"}],"version-history":[{"count":12,"href":"https:\/\/site.educa.madrid.org\/cepa.cidcampeador.madrid\/index.php\/wp-json\/wp\/v2\/pages\/7691\/revisions"}],"predecessor-version":[{"id":8251,"href":"https:\/\/site.educa.madrid.org\/cepa.cidcampeador.madrid\/index.php\/wp-json\/wp\/v2\/pages\/7691\/revisions\/8251"}],"wp:attachment":[{"href":"https:\/\/site.educa.madrid.org\/cepa.cidcampeador.madrid\/index.php\/wp-json\/wp\/v2\/media?parent=7691"}],"wp:term":[{"taxonomy":"folder","embeddable":true,"href":"https:\/\/site.educa.madrid.org\/cepa.cidcampeador.madrid\/index.php\/wp-json\/wp\/v2\/folder?post=7691"}],"curies":[{"name":"wp","href":"https:\/\/api.w.org\/{rel}","templated":true}]}}