{"id":7920,"date":"2025-09-14T13:31:29","date_gmt":"2025-09-14T11:31:29","guid":{"rendered":"https:\/\/site.educa.madrid.org\/cepa.cidcampeador.madrid\/?page_id=7920"},"modified":"2025-09-14T13:31:29","modified_gmt":"2025-09-14T11:31:29","slug":"club-de-lectura","status":"publish","type":"page","link":"https:\/\/site.educa.madrid.org\/cepa.cidcampeador.madrid\/index.php\/club-de-lectura\/","title":{"rendered":"Club de Lectura"},"content":{"rendered":"\n<p>Si amas la literatura y buscas un lugar donde hablar de libros, en el Club de Lectura encontrar\u00e1s un ambiente distendido donde compartir tus inquietudes culturales, fomentar tu compresi\u00f3n lectora, tu vocabulario y tu imaginaci\u00f3n.<\/p>\n\n\n\n<p>Debatiremos sobre buenos libros y grandes autores aprendiendo a fijarnos en todos los detalles.\u00a0<\/p>\n","protected":false},"excerpt":{"rendered":"<p>Si amas la literatura y buscas un lugar donde hablar de libros, en el Club de Lectura encontrar\u00e1s un ambiente distendido donde compartir tus inquietudes culturales, fomentar tu compresi\u00f3n lectora, tu vocabulario y tu imaginaci\u00f3n. Debatiremos sobre buenos libros y grandes autores aprendiendo a fijarnos en todos los detalles.\u00a0<\/p>\n","protected":false},"author":3,"featured_media":0,"parent":0,"menu_order":0,"comment_status":"closed","ping_status":"closed","template":"","meta":{"footnotes":""},"folder":[],"class_list":["post-7920","page","type-page","status-publish","hentry"],"rttpg_featured_image_url":null,"rttpg_author":{"display_name":"cepa.cidcampeador.madrid","author_link":"https:\/\/site.educa.madrid.org\/cepa.cidcampeador.madrid\/index.php\/author\/cuenta_cepa-cidcampeador-madrid\/"},"rttpg_comment":0,"rttpg_category":false,"rttpg_excerpt":"Si amas la literatura y buscas un lugar donde hablar de libros, en el Club de Lectura encontrar\u00e1s un ambiente distendido donde compartir tus inquietudes culturales, fomentar tu compresi\u00f3n lectora, tu vocabulario y tu imaginaci\u00f3n. Debatiremos sobre buenos libros y grandes autores aprendiendo a fijarnos en todos los detalles.\u00a0","post_mailing_queue_ids":[],"_links":{"self":[{"href":"https:\/\/site.educa.madrid.org\/cepa.cidcampeador.madrid\/index.php\/wp-json\/wp\/v2\/pages\/7920","targetHints":{"allow":["GET"]}}],"collection":[{"href":"https:\/\/site.educa.madrid.org\/cepa.cidcampeador.madrid\/index.php\/wp-json\/wp\/v2\/pages"}],"about":[{"href":"https:\/\/site.educa.madrid.org\/cepa.cidcampeador.madrid\/index.php\/wp-json\/wp\/v2\/types\/page"}],"author":[{"embeddable":true,"href":"https:\/\/site.educa.madrid.org\/cepa.cidcampeador.madrid\/index.php\/wp-json\/wp\/v2\/users\/3"}],"replies":[{"embeddable":true,"href":"https:\/\/site.educa.madrid.org\/cepa.cidcampeador.madrid\/index.php\/wp-json\/wp\/v2\/comments?post=7920"}],"version-history":[{"count":1,"href":"https:\/\/site.educa.madrid.org\/cepa.cidcampeador.madrid\/index.php\/wp-json\/wp\/v2\/pages\/7920\/revisions"}],"predecessor-version":[{"id":7921,"href":"https:\/\/site.educa.madrid.org\/cepa.cidcampeador.madrid\/index.php\/wp-json\/wp\/v2\/pages\/7920\/revisions\/7921"}],"wp:attachment":[{"href":"https:\/\/site.educa.madrid.org\/cepa.cidcampeador.madrid\/index.php\/wp-json\/wp\/v2\/media?parent=7920"}],"wp:term":[{"taxonomy":"folder","embeddable":true,"href":"https:\/\/site.educa.madrid.org\/cepa.cidcampeador.madrid\/index.php\/wp-json\/wp\/v2\/folder?post=7920"}],"curies":[{"name":"wp","href":"https:\/\/api.w.org\/{rel}","templated":true}]}}