{"id":8646,"date":"2026-04-21T00:36:04","date_gmt":"2026-04-20T22:36:04","guid":{"rendered":"https:\/\/site.educa.madrid.org\/cepa.cidcampeador.madrid\/?page_id=8646"},"modified":"2026-04-21T00:36:30","modified_gmt":"2026-04-20T22:36:30","slug":"fakecidnews","status":"publish","type":"page","link":"https:\/\/site.educa.madrid.org\/cepa.cidcampeador.madrid\/index.php\/fakecidnews\/","title":{"rendered":"#FakeCIDnews"},"content":{"rendered":"\n<p>Este simp\u00e1tico v\u00eddeo forma pa\ud83c\udfa5 <strong>\u00a1No te pierdas este v\u00eddeo!<\/strong><br>Forma parte del proyecto interdisciplinar <strong>FakeCIDnews<\/strong> del <strong>#CEPACidCampeador<\/strong> de este curso 2025\u20112026, donde el alumnado trabaj\u00f3 las <strong>noticias falsas<\/strong> a trav\u00e9s de la recreaci\u00f3n de un noticiario divertido\u2026 \u00a1y lleno de <em>fake news<\/em>! \ud83d\udcf0\ud83d\ude04<\/p>\n\n\n<div class=\"wp-block-image\">\n<figure class=\"aligncenter size-full\"><a href=\"https:\/\/youtu.be\/OVg7CU9VzXs\" target=\"_blank\" rel=\" noreferrer noopener\"><img loading=\"lazy\" decoding=\"async\" width=\"882\" height=\"492\" src=\"https:\/\/site.educa.madrid.org\/cepa.cidcampeador.madrid\/\/wp-content\/uploads\/cepa.cidcampeador.madrid\/2026\/04\/image-1.png\" alt=\"\" class=\"wp-image-8644\" style=\"aspect-ratio:1.7927766925730435\" srcset=\"https:\/\/site.educa.madrid.org\/cepa.cidcampeador.madrid\/\/wp-content\/uploads\/cepa.cidcampeador.madrid\/2026\/04\/image-1.png 882w, https:\/\/site.educa.madrid.org\/cepa.cidcampeador.madrid\/\/wp-content\/uploads\/cepa.cidcampeador.madrid\/2026\/04\/image-1-300x167.png 300w, https:\/\/site.educa.madrid.org\/cepa.cidcampeador.madrid\/\/wp-content\/uploads\/cepa.cidcampeador.madrid\/2026\/04\/image-1-768x428.png 768w\" sizes=\"auto, (max-width: 767px) 89vw, (max-width: 1000px) 54vw, (max-width: 1071px) 543px, 580px\" \/><\/a><figcaption class=\"wp-element-caption\">V\u00eddeo FakeCIDnews, CEPA Cid Campeador Las \u00c1guilas\u2013Cuatro Vientos<\/figcaption><\/figure>\n<\/div>\n\n\n<p><strong>Alba Laosa<\/strong>, alumna del <strong>Nivel II de Educaci\u00f3n Secundaria<\/strong>, dise\u00f1\u00f3 y cre\u00f3 este simp\u00e1tico dibujo como una de las actividades del proyecto interdisciplinar <strong>#FakeCIDnews<\/strong>, dando forma visual a la reflexi\u00f3n sobre las noticias falsas.<\/p>\n\n\n<div class=\"wp-block-image\">\n<figure class=\"aligncenter size-large is-resized\"><img loading=\"lazy\" decoding=\"async\" width=\"1024\" height=\"769\" src=\"https:\/\/site.educa.madrid.org\/cepa.cidcampeador.madrid\/\/wp-content\/uploads\/cepa.cidcampeador.madrid\/2026\/04\/FAKECIDNEWS_Dibujo-Alba-Laosa-1024x769.jpg\" alt=\"\" class=\"wp-image-8647\" style=\"aspect-ratio:1.3318513029517105;width:493px;height:auto\" srcset=\"https:\/\/site.educa.madrid.org\/cepa.cidcampeador.madrid\/\/wp-content\/uploads\/cepa.cidcampeador.madrid\/2026\/04\/FAKECIDNEWS_Dibujo-Alba-Laosa-1024x769.jpg 1024w, https:\/\/site.educa.madrid.org\/cepa.cidcampeador.madrid\/\/wp-content\/uploads\/cepa.cidcampeador.madrid\/2026\/04\/FAKECIDNEWS_Dibujo-Alba-Laosa-300x225.jpg 300w, https:\/\/site.educa.madrid.org\/cepa.cidcampeador.madrid\/\/wp-content\/uploads\/cepa.cidcampeador.madrid\/2026\/04\/FAKECIDNEWS_Dibujo-Alba-Laosa-768x577.jpg 768w, https:\/\/site.educa.madrid.org\/cepa.cidcampeador.madrid\/\/wp-content\/uploads\/cepa.cidcampeador.madrid\/2026\/04\/FAKECIDNEWS_Dibujo-Alba-Laosa-1536x1153.jpg 1536w, https:\/\/site.educa.madrid.org\/cepa.cidcampeador.madrid\/\/wp-content\/uploads\/cepa.cidcampeador.madrid\/2026\/04\/FAKECIDNEWS_Dibujo-Alba-Laosa-2048x1538.jpg 2048w\" sizes=\"auto, (max-width: 767px) 89vw, (max-width: 1000px) 54vw, (max-width: 1071px) 543px, 580px\" \/><figcaption class=\"wp-element-caption\">Alba Laosa. Febrero 2026.<\/figcaption><\/figure>\n<\/div>\n\n\n<p>\u00bfChocolate con churros? \u00a1Nada es lo que parece!<br>Durante la jornada de celebraci\u00f3n del proyecto <strong>#FakeCIDnews<\/strong> del <strong>#CEPACidCampeador<\/strong>, el alumnado del <strong>CFGB de Cocina y Restauraci\u00f3n<\/strong> y del <strong>CFGB de Panader\u00eda y Pasteler\u00eda<\/strong> sorprendi\u00f3 con un exquisito c\u00f3ctel de <em>trampantojos<\/em>, donde la apariencia enga\u00f1aba al paladar.<\/p>\n\n\n\n<figure class=\"wp-block-gallery has-nested-images columns-default is-cropped wp-block-gallery-1 is-layout-flex wp-block-gallery-is-layout-flex\">\n<figure class=\"wp-block-image size-large\"><img loading=\"lazy\" decoding=\"async\" width=\"576\" height=\"1024\" data-id=\"8653\" src=\"https:\/\/site.educa.madrid.org\/cepa.cidcampeador.madrid\/\/wp-content\/uploads\/cepa.cidcampeador.madrid\/2026\/04\/IMG-20260325-WA0035-1-576x1024.jpg\" alt=\"\" class=\"wp-image-8653\" srcset=\"https:\/\/site.educa.madrid.org\/cepa.cidcampeador.madrid\/\/wp-content\/uploads\/cepa.cidcampeador.madrid\/2026\/04\/IMG-20260325-WA0035-1-576x1024.jpg 576w, https:\/\/site.educa.madrid.org\/cepa.cidcampeador.madrid\/\/wp-content\/uploads\/cepa.cidcampeador.madrid\/2026\/04\/IMG-20260325-WA0035-1-169x300.jpg 169w, https:\/\/site.educa.madrid.org\/cepa.cidcampeador.madrid\/\/wp-content\/uploads\/cepa.cidcampeador.madrid\/2026\/04\/IMG-20260325-WA0035-1-768x1365.jpg 768w, https:\/\/site.educa.madrid.org\/cepa.cidcampeador.madrid\/\/wp-content\/uploads\/cepa.cidcampeador.madrid\/2026\/04\/IMG-20260325-WA0035-1-864x1536.jpg 864w, https:\/\/site.educa.madrid.org\/cepa.cidcampeador.madrid\/\/wp-content\/uploads\/cepa.cidcampeador.madrid\/2026\/04\/IMG-20260325-WA0035-1.jpg 900w\" sizes=\"auto, (max-width: 576px) 100vw, 576px\" \/><\/figure>\n\n\n\n<figure class=\"wp-block-image size-large\"><img loading=\"lazy\" decoding=\"async\" width=\"576\" height=\"1024\" data-id=\"8654\" src=\"https:\/\/site.educa.madrid.org\/cepa.cidcampeador.madrid\/\/wp-content\/uploads\/cepa.cidcampeador.madrid\/2026\/04\/IMG-20260325-WA0038-1-576x1024.jpg\" alt=\"\" class=\"wp-image-8654\" srcset=\"https:\/\/site.educa.madrid.org\/cepa.cidcampeador.madrid\/\/wp-content\/uploads\/cepa.cidcampeador.madrid\/2026\/04\/IMG-20260325-WA0038-1-576x1024.jpg 576w, https:\/\/site.educa.madrid.org\/cepa.cidcampeador.madrid\/\/wp-content\/uploads\/cepa.cidcampeador.madrid\/2026\/04\/IMG-20260325-WA0038-1-169x300.jpg 169w, https:\/\/site.educa.madrid.org\/cepa.cidcampeador.madrid\/\/wp-content\/uploads\/cepa.cidcampeador.madrid\/2026\/04\/IMG-20260325-WA0038-1-768x1365.jpg 768w, https:\/\/site.educa.madrid.org\/cepa.cidcampeador.madrid\/\/wp-content\/uploads\/cepa.cidcampeador.madrid\/2026\/04\/IMG-20260325-WA0038-1-864x1536.jpg 864w, https:\/\/site.educa.madrid.org\/cepa.cidcampeador.madrid\/\/wp-content\/uploads\/cepa.cidcampeador.madrid\/2026\/04\/IMG-20260325-WA0038-1.jpg 900w\" sizes=\"auto, (max-width: 576px) 100vw, 576px\" \/><\/figure>\n\n\n\n<figure class=\"wp-block-image size-large\"><img loading=\"lazy\" decoding=\"async\" width=\"576\" height=\"1024\" data-id=\"8652\" src=\"https:\/\/site.educa.madrid.org\/cepa.cidcampeador.madrid\/\/wp-content\/uploads\/cepa.cidcampeador.madrid\/2026\/04\/IMG-20260325-WA0033-1-576x1024.jpg\" alt=\"\" class=\"wp-image-8652\" srcset=\"https:\/\/site.educa.madrid.org\/cepa.cidcampeador.madrid\/\/wp-content\/uploads\/cepa.cidcampeador.madrid\/2026\/04\/IMG-20260325-WA0033-1-576x1024.jpg 576w, https:\/\/site.educa.madrid.org\/cepa.cidcampeador.madrid\/\/wp-content\/uploads\/cepa.cidcampeador.madrid\/2026\/04\/IMG-20260325-WA0033-1-169x300.jpg 169w, https:\/\/site.educa.madrid.org\/cepa.cidcampeador.madrid\/\/wp-content\/uploads\/cepa.cidcampeador.madrid\/2026\/04\/IMG-20260325-WA0033-1-768x1365.jpg 768w, https:\/\/site.educa.madrid.org\/cepa.cidcampeador.madrid\/\/wp-content\/uploads\/cepa.cidcampeador.madrid\/2026\/04\/IMG-20260325-WA0033-1-864x1536.jpg 864w, https:\/\/site.educa.madrid.org\/cepa.cidcampeador.madrid\/\/wp-content\/uploads\/cepa.cidcampeador.madrid\/2026\/04\/IMG-20260325-WA0033-1.jpg 900w\" sizes=\"auto, (max-width: 576px) 100vw, 576px\" \/><\/figure>\n<\/figure>\n\n\n\n<figure class=\"wp-block-gallery has-nested-images columns-default is-cropped wp-block-gallery-2 is-layout-flex wp-block-gallery-is-layout-flex\">\n<figure class=\"wp-block-image size-large\"><img loading=\"lazy\" decoding=\"async\" width=\"1024\" height=\"610\" data-id=\"8655\" src=\"https:\/\/site.educa.madrid.org\/cepa.cidcampeador.madrid\/\/wp-content\/uploads\/cepa.cidcampeador.madrid\/2026\/04\/IMG-20260325-WA0040-1-1024x610.jpg\" alt=\"\" class=\"wp-image-8655\" srcset=\"https:\/\/site.educa.madrid.org\/cepa.cidcampeador.madrid\/\/wp-content\/uploads\/cepa.cidcampeador.madrid\/2026\/04\/IMG-20260325-WA0040-1-1024x610.jpg 1024w, https:\/\/site.educa.madrid.org\/cepa.cidcampeador.madrid\/\/wp-content\/uploads\/cepa.cidcampeador.madrid\/2026\/04\/IMG-20260325-WA0040-1-300x179.jpg 300w, https:\/\/site.educa.madrid.org\/cepa.cidcampeador.madrid\/\/wp-content\/uploads\/cepa.cidcampeador.madrid\/2026\/04\/IMG-20260325-WA0040-1-768x457.jpg 768w, https:\/\/site.educa.madrid.org\/cepa.cidcampeador.madrid\/\/wp-content\/uploads\/cepa.cidcampeador.madrid\/2026\/04\/IMG-20260325-WA0040-1.jpg 1278w\" sizes=\"auto, (max-width: 767px) 89vw, (max-width: 1000px) 54vw, (max-width: 1071px) 543px, 580px\" \/><\/figure>\n\n\n\n<figure class=\"wp-block-image size-large\"><img loading=\"lazy\" decoding=\"async\" width=\"1024\" height=\"769\" data-id=\"8656\" src=\"https:\/\/site.educa.madrid.org\/cepa.cidcampeador.madrid\/\/wp-content\/uploads\/cepa.cidcampeador.madrid\/2026\/04\/PXL_20260325_173438513-1024x769.jpg\" alt=\"\" class=\"wp-image-8656\" srcset=\"https:\/\/site.educa.madrid.org\/cepa.cidcampeador.madrid\/\/wp-content\/uploads\/cepa.cidcampeador.madrid\/2026\/04\/PXL_20260325_173438513-1024x769.jpg 1024w, https:\/\/site.educa.madrid.org\/cepa.cidcampeador.madrid\/\/wp-content\/uploads\/cepa.cidcampeador.madrid\/2026\/04\/PXL_20260325_173438513-300x225.jpg 300w, https:\/\/site.educa.madrid.org\/cepa.cidcampeador.madrid\/\/wp-content\/uploads\/cepa.cidcampeador.madrid\/2026\/04\/PXL_20260325_173438513-768x577.jpg 768w, https:\/\/site.educa.madrid.org\/cepa.cidcampeador.madrid\/\/wp-content\/uploads\/cepa.cidcampeador.madrid\/2026\/04\/PXL_20260325_173438513-1536x1153.jpg 1536w, https:\/\/site.educa.madrid.org\/cepa.cidcampeador.madrid\/\/wp-content\/uploads\/cepa.cidcampeador.madrid\/2026\/04\/PXL_20260325_173438513-2048x1538.jpg 2048w\" sizes=\"auto, (max-width: 767px) 89vw, (max-width: 1000px) 54vw, (max-width: 1071px) 543px, 580px\" \/><\/figure>\n<\/figure>\n","protected":false},"excerpt":{"rendered":"<p>Este simp\u00e1tico v\u00eddeo forma pa\ud83c\udfa5 \u00a1No te pierdas este v\u00eddeo!Forma parte del proyecto interdisciplinar FakeCIDnews del #CEPACidCampeador de este curso 2025\u20112026, donde el alumnado trabaj\u00f3 las noticias falsas a trav\u00e9s de la recreaci\u00f3n de un noticiario divertido\u2026 \u00a1y lleno de fake news! \ud83d\udcf0\ud83d\ude04 Alba Laosa, alumna del Nivel II de Educaci\u00f3n Secundaria, dise\u00f1\u00f3 y cre\u00f3 &hellip; <\/p>\n<p class=\"link-more\"><a href=\"https:\/\/site.educa.madrid.org\/cepa.cidcampeador.madrid\/index.php\/fakecidnews\/\" class=\"more-link\">Continuar leyendo<span class=\"screen-reader-text\"> \u00ab#FakeCIDnews\u00bb<\/span><\/a><\/p>\n","protected":false},"author":3,"featured_media":0,"parent":0,"menu_order":0,"comment_status":"closed","ping_status":"closed","template":"","meta":{"footnotes":""},"folder":[],"class_list":["post-8646","page","type-page","status-publish","hentry"],"rttpg_featured_image_url":null,"rttpg_author":{"display_name":"cepa.cidcampeador.madrid","author_link":"https:\/\/site.educa.madrid.org\/cepa.cidcampeador.madrid\/index.php\/author\/cuenta_cepa-cidcampeador-madrid\/"},"rttpg_comment":0,"rttpg_category":false,"rttpg_excerpt":"Este simp\u00e1tico v\u00eddeo forma pa\ud83c\udfa5 \u00a1No te pierdas este v\u00eddeo!Forma parte del proyecto interdisciplinar FakeCIDnews del #CEPACidCampeador de este curso 2025\u20112026, donde el alumnado trabaj\u00f3 las noticias falsas a trav\u00e9s de la recreaci\u00f3n de un noticiario divertido\u2026 \u00a1y lleno de fake news! \ud83d\udcf0\ud83d\ude04 Alba Laosa, alumna del Nivel II de Educaci\u00f3n Secundaria, dise\u00f1\u00f3 y cre\u00f3&hellip;","post_mailing_queue_ids":[],"_links":{"self":[{"href":"https:\/\/site.educa.madrid.org\/cepa.cidcampeador.madrid\/index.php\/wp-json\/wp\/v2\/pages\/8646","targetHints":{"allow":["GET"]}}],"collection":[{"href":"https:\/\/site.educa.madrid.org\/cepa.cidcampeador.madrid\/index.php\/wp-json\/wp\/v2\/pages"}],"about":[{"href":"https:\/\/site.educa.madrid.org\/cepa.cidcampeador.madrid\/index.php\/wp-json\/wp\/v2\/types\/page"}],"author":[{"embeddable":true,"href":"https:\/\/site.educa.madrid.org\/cepa.cidcampeador.madrid\/index.php\/wp-json\/wp\/v2\/users\/3"}],"replies":[{"embeddable":true,"href":"https:\/\/site.educa.madrid.org\/cepa.cidcampeador.madrid\/index.php\/wp-json\/wp\/v2\/comments?post=8646"}],"version-history":[{"count":2,"href":"https:\/\/site.educa.madrid.org\/cepa.cidcampeador.madrid\/index.php\/wp-json\/wp\/v2\/pages\/8646\/revisions"}],"predecessor-version":[{"id":8659,"href":"https:\/\/site.educa.madrid.org\/cepa.cidcampeador.madrid\/index.php\/wp-json\/wp\/v2\/pages\/8646\/revisions\/8659"}],"wp:attachment":[{"href":"https:\/\/site.educa.madrid.org\/cepa.cidcampeador.madrid\/index.php\/wp-json\/wp\/v2\/media?parent=8646"}],"wp:term":[{"taxonomy":"folder","embeddable":true,"href":"https:\/\/site.educa.madrid.org\/cepa.cidcampeador.madrid\/index.php\/wp-json\/wp\/v2\/folder?post=8646"}],"curies":[{"name":"wp","href":"https:\/\/api.w.org\/{rel}","templated":true}]}}