{"id":8681,"date":"2026-04-24T01:01:34","date_gmt":"2026-04-23T23:01:34","guid":{"rendered":"https:\/\/site.educa.madrid.org\/cepa.cidcampeador.madrid\/?page_id=8681"},"modified":"2026-04-24T01:01:34","modified_gmt":"2026-04-23T23:01:34","slug":"exposicion-medio-ambiente-y-cambio-climatico","status":"publish","type":"page","link":"https:\/\/site.educa.madrid.org\/cepa.cidcampeador.madrid\/index.php\/exposicion-medio-ambiente-y-cambio-climatico\/","title":{"rendered":"Exposici\u00f3n Medio Ambiente y Cambio Clim\u00e1tico"},"content":{"rendered":"\n<p>Durante <strong>enero y febrero<\/strong> de 2026 se pudo visitar en en el <strong>#CEPACidCampeador<\/strong> la muestra <em><strong>\u201cMedio Ambiente y Cambio Clim\u00e1tico\u201d<\/strong><\/em>: una selecci\u00f3n de vi\u00f1etas y caricaturas internacionales que, con humor y creatividad, nos invitan a reflexionar sobre los grandes retos del planeta.<\/p>\n\n\n\n<p>\u267b\ufe0f Contaminaci\u00f3n<br>\ud83c\udf31 Recursos naturales<br>\ud83d\udd25 Deforestaci\u00f3n<br>\ud83c\udf2b Contaminaci\u00f3n atmosf\u00e9rica<br>\ud83d\udeae Residuos<br>\u26a0\ufe0f Consejos y alertas<br>\ud83c\udf21 Cambio clim\u00e1tico<\/p>\n\n\n\n<p>Una exposici\u00f3n colorida, divertida y necesaria para tomar conciencia y actuar.<\/p>\n\n\n\n<p>\ud83d\ude4f <strong>Nuestro agradecimiento a Miguel \u00c1ngel por cedernos su magn\u00edfica exposici\u00f3n.<\/strong><\/p>\n\n\n<div class=\"wp-block-image\">\n<figure class=\"aligncenter size-large is-resized\"><img loading=\"lazy\" decoding=\"async\" width=\"1024\" height=\"819\" src=\"https:\/\/site.educa.madrid.org\/cepa.cidcampeador.madrid\/\/wp-content\/uploads\/cepa.cidcampeador.madrid\/2026\/01\/Exposicion-Cambio-climatico-1-1024x819.png\" alt=\"\" class=\"wp-image-8442\" style=\"width:561px;height:auto\" srcset=\"https:\/\/site.educa.madrid.org\/cepa.cidcampeador.madrid\/\/wp-content\/uploads\/cepa.cidcampeador.madrid\/2026\/01\/Exposicion-Cambio-climatico-1-1024x819.png 1024w, https:\/\/site.educa.madrid.org\/cepa.cidcampeador.madrid\/\/wp-content\/uploads\/cepa.cidcampeador.madrid\/2026\/01\/Exposicion-Cambio-climatico-1-300x240.png 300w, https:\/\/site.educa.madrid.org\/cepa.cidcampeador.madrid\/\/wp-content\/uploads\/cepa.cidcampeador.madrid\/2026\/01\/Exposicion-Cambio-climatico-1-768x614.png 768w, https:\/\/site.educa.madrid.org\/cepa.cidcampeador.madrid\/\/wp-content\/uploads\/cepa.cidcampeador.madrid\/2026\/01\/Exposicion-Cambio-climatico-1-1536x1229.png 1536w, https:\/\/site.educa.madrid.org\/cepa.cidcampeador.madrid\/\/wp-content\/uploads\/cepa.cidcampeador.madrid\/2026\/01\/Exposicion-Cambio-climatico-1.png 2000w\" sizes=\"auto, (max-width: 767px) 89vw, (max-width: 1000px) 54vw, (max-width: 1071px) 543px, 580px\" \/><\/figure>\n<\/div>\n\n<div class=\"wp-block-image\">\n<figure class=\"aligncenter size-large\"><img loading=\"lazy\" decoding=\"async\" width=\"1024\" height=\"819\" src=\"https:\/\/site.educa.madrid.org\/cepa.cidcampeador.madrid\/\/wp-content\/uploads\/cepa.cidcampeador.madrid\/2026\/01\/Exposicion-Cambio-Climatico-2-bis-1024x819.png\" alt=\"\" class=\"wp-image-8445\" srcset=\"https:\/\/site.educa.madrid.org\/cepa.cidcampeador.madrid\/\/wp-content\/uploads\/cepa.cidcampeador.madrid\/2026\/01\/Exposicion-Cambio-Climatico-2-bis-1024x819.png 1024w, https:\/\/site.educa.madrid.org\/cepa.cidcampeador.madrid\/\/wp-content\/uploads\/cepa.cidcampeador.madrid\/2026\/01\/Exposicion-Cambio-Climatico-2-bis-300x240.png 300w, https:\/\/site.educa.madrid.org\/cepa.cidcampeador.madrid\/\/wp-content\/uploads\/cepa.cidcampeador.madrid\/2026\/01\/Exposicion-Cambio-Climatico-2-bis-768x614.png 768w, https:\/\/site.educa.madrid.org\/cepa.cidcampeador.madrid\/\/wp-content\/uploads\/cepa.cidcampeador.madrid\/2026\/01\/Exposicion-Cambio-Climatico-2-bis-1536x1229.png 1536w, https:\/\/site.educa.madrid.org\/cepa.cidcampeador.madrid\/\/wp-content\/uploads\/cepa.cidcampeador.madrid\/2026\/01\/Exposicion-Cambio-Climatico-2-bis.png 2000w\" sizes=\"auto, (max-width: 767px) 89vw, (max-width: 1000px) 54vw, (max-width: 1071px) 543px, 580px\" \/><\/figure>\n<\/div>\n\n\n<div data-wp-interactive=\"core\/file\" class=\"wp-block-file\"><object data-wp-bind--hidden=\"!state.hasPdfPreview\" hidden class=\"wp-block-file__embed\" data=\"https:\/\/site.educa.madrid.org\/cepa.cidcampeador.madrid\/\/wp-content\/uploads\/cepa.cidcampeador.madrid\/2026\/01\/Exposicion-Cambio-Climatico.pdf\" type=\"application\/pdf\" style=\"width:100%;height:600px\" aria-label=\"Incrustado de Exposici\u00f3n Cambio Clim\u00e1tico.\"><\/object><a id=\"wp-block-file--media-1cd4ff3d-e2fa-4939-b2e7-b2c795dfa919\" href=\"https:\/\/site.educa.madrid.org\/cepa.cidcampeador.madrid\/\/wp-content\/uploads\/cepa.cidcampeador.madrid\/2026\/01\/Exposicion-Cambio-Climatico.pdf\">Exposici\u00f3n Cambio Clim\u00e1tico<\/a><a href=\"https:\/\/site.educa.madrid.org\/cepa.cidcampeador.madrid\/\/wp-content\/uploads\/cepa.cidcampeador.madrid\/2026\/01\/Exposicion-Cambio-Climatico.pdf\" class=\"wp-block-file__button wp-element-button\" download aria-describedby=\"wp-block-file--media-1cd4ff3d-e2fa-4939-b2e7-b2c795dfa919\">Descarga<\/a><\/div>\n","protected":false},"excerpt":{"rendered":"<p>Durante enero y febrero de 2026 se pudo visitar en en el #CEPACidCampeador la muestra \u201cMedio Ambiente y Cambio Clim\u00e1tico\u201d: una selecci\u00f3n de vi\u00f1etas y caricaturas internacionales que, con humor y creatividad, nos invitan a reflexionar sobre los grandes retos del planeta. \u267b\ufe0f Contaminaci\u00f3n\ud83c\udf31 Recursos naturales\ud83d\udd25 Deforestaci\u00f3n\ud83c\udf2b Contaminaci\u00f3n atmosf\u00e9rica\ud83d\udeae Residuos\u26a0\ufe0f Consejos y alertas\ud83c\udf21 Cambio clim\u00e1tico &hellip; <\/p>\n<p class=\"link-more\"><a href=\"https:\/\/site.educa.madrid.org\/cepa.cidcampeador.madrid\/index.php\/exposicion-medio-ambiente-y-cambio-climatico\/\" class=\"more-link\">Continuar leyendo<span class=\"screen-reader-text\"> \u00abExposici\u00f3n Medio Ambiente y Cambio Clim\u00e1tico\u00bb<\/span><\/a><\/p>\n","protected":false},"author":3,"featured_media":0,"parent":0,"menu_order":0,"comment_status":"closed","ping_status":"closed","template":"","meta":{"footnotes":""},"folder":[],"class_list":["post-8681","page","type-page","status-publish","hentry"],"rttpg_featured_image_url":null,"rttpg_author":{"display_name":"cepa.cidcampeador.madrid","author_link":"https:\/\/site.educa.madrid.org\/cepa.cidcampeador.madrid\/index.php\/author\/cuenta_cepa-cidcampeador-madrid\/"},"rttpg_comment":0,"rttpg_category":false,"rttpg_excerpt":"Durante enero y febrero de 2026 se pudo visitar en en el #CEPACidCampeador la muestra \u201cMedio Ambiente y Cambio Clim\u00e1tico\u201d: una selecci\u00f3n de vi\u00f1etas y caricaturas internacionales que, con humor y creatividad, nos invitan a reflexionar sobre los grandes retos del planeta. \u267b\ufe0f Contaminaci\u00f3n\ud83c\udf31 Recursos naturales\ud83d\udd25 Deforestaci\u00f3n\ud83c\udf2b Contaminaci\u00f3n atmosf\u00e9rica\ud83d\udeae Residuos\u26a0\ufe0f Consejos y alertas\ud83c\udf21 Cambio clim\u00e1tico&hellip;","post_mailing_queue_ids":[],"_links":{"self":[{"href":"https:\/\/site.educa.madrid.org\/cepa.cidcampeador.madrid\/index.php\/wp-json\/wp\/v2\/pages\/8681","targetHints":{"allow":["GET"]}}],"collection":[{"href":"https:\/\/site.educa.madrid.org\/cepa.cidcampeador.madrid\/index.php\/wp-json\/wp\/v2\/pages"}],"about":[{"href":"https:\/\/site.educa.madrid.org\/cepa.cidcampeador.madrid\/index.php\/wp-json\/wp\/v2\/types\/page"}],"author":[{"embeddable":true,"href":"https:\/\/site.educa.madrid.org\/cepa.cidcampeador.madrid\/index.php\/wp-json\/wp\/v2\/users\/3"}],"replies":[{"embeddable":true,"href":"https:\/\/site.educa.madrid.org\/cepa.cidcampeador.madrid\/index.php\/wp-json\/wp\/v2\/comments?post=8681"}],"version-history":[{"count":1,"href":"https:\/\/site.educa.madrid.org\/cepa.cidcampeador.madrid\/index.php\/wp-json\/wp\/v2\/pages\/8681\/revisions"}],"predecessor-version":[{"id":8682,"href":"https:\/\/site.educa.madrid.org\/cepa.cidcampeador.madrid\/index.php\/wp-json\/wp\/v2\/pages\/8681\/revisions\/8682"}],"wp:attachment":[{"href":"https:\/\/site.educa.madrid.org\/cepa.cidcampeador.madrid\/index.php\/wp-json\/wp\/v2\/media?parent=8681"}],"wp:term":[{"taxonomy":"folder","embeddable":true,"href":"https:\/\/site.educa.madrid.org\/cepa.cidcampeador.madrid\/index.php\/wp-json\/wp\/v2\/folder?post=8681"}],"curies":[{"name":"wp","href":"https:\/\/api.w.org\/{rel}","templated":true}]}}