{"id":104,"date":"2020-11-09T10:32:25","date_gmt":"2020-11-09T10:32:25","guid":{"rendered":"https:\/\/site.educa.madrid.org\/cepa.vallecas.madrid\/?page_id=104"},"modified":"2025-09-11T16:02:29","modified_gmt":"2025-09-11T14:02:29","slug":"aula-mentor","status":"publish","type":"page","link":"https:\/\/site.educa.madrid.org\/cepa.vallecas.madrid\/index.php\/aula-mentor\/","title":{"rendered":"AULA MENTOR"},"content":{"rendered":"\n<p><strong>Aula Mentor<\/strong> es un programa de formaci\u00f3n online no reglada, flexible y con tutorizaci\u00f3n personalizada, dirigido a personas adultas mayores de 18 a\u00f1os con un extenso cat\u00e1logo de cursos con los que ampliar sus competencias personales y profesionales. <\/p>\n\n\n\n<p>La iniciativa est\u00e1 promovida por el Ministerio de Educaci\u00f3n y Formaci\u00f3n Profesional en colaboraci\u00f3n con otras instituciones p\u00fablicas y privadas tanto nacionales como internacionales.<\/p>\n\n\n\n<p><br>Las ense\u00f1anzas del Aula Mentor se realizan bajo soporte telem\u00e1tico y se dirigen a cualquier persona adulta, con independencia de su titulaci\u00f3n o nivel de estudios. Se pueden realizar desde el domicilio del alumno y la matriculaci\u00f3n se podr\u00e1 realizar a lo largo de todo el curso escolar.<\/p>\n\n\n\n<p><br>En la p\u00e1gina oficial del Aula Mentor puedes encontrar m\u00e1s informaci\u00f3n sobre todos los cursos disponibles y los m\u00e9todos empleados.<\/p>\n\n\n\n<p><a rel=\"noreferrer noopener\" href=\"http:\/\/www.aulamentor.es\/es\/conocenos\" target=\"_blank\">http:\/<\/a><a href=\"https:\/\/www.aulamentor.es\/\" target=\"_blank\" rel=\"noreferrer noopener\">\/www.aulamentor.es\/es\/conocenos<\/a><\/p>\n\n\n\n<p><br>Las personas matriculadas tienen acceso a los recursos formativos en l\u00ednea. Los materiales se pueden descargar para disponer de ellos sin necesidad de estar conectados a Internet.  Los cursos NO incluyen el software comercial<\/p>\n\n\n\n<p><br>\u2022 Coste de los cursos: actualmente el precio del curso es de 24\u20ac mensuales, siendo la matr\u00edcula inicial de dos meses 48 \u20ac (salvo en los cursos con certificaci\u00f3n de 30 horas cuya matr\u00edcula inicial es de un mes). Posteriormente podr\u00e1s proseguir el curso destinando m\u00e1s tiempo mediante recargas mensuales de 24\u20ac. Este pago se efect\u00faa a trav\u00e9s del impreso 030 <\/p>\n\n\n\n<p>\u2022 Duraci\u00f3n de los cursos: los cursos se realizan a distancia, teniendo un tiempo de duraci\u00f3n flexible dependiendo de lo que dedique cada estudiante al mismo.<\/p>\n\n\n\n<p> \u2022 Examen y validez oficial: tras superar el examen presencial, se obtiene un certificado de aprovechamiento emitido por el Ministerio de Educaci\u00f3n y Formaci\u00f3n Profesional.<\/p>\n\n\n\n<p><br><strong>REQUISITOS para matricularte en el Aula Mentor de Vallecas<\/strong><\/p>\n\n\n\n<p><br>Horario de atenci\u00f3n : mi\u00e9rcoles de 17:00 a 18:00 horas y viernes de 17:00 a 19:00<\/p>\n\n\n\n<p><br>\u2022 Elige tu curso: accede al men\u00fa de Cursos, donde encontrar\u00e1s m\u00e1s de 170 clasificados por \u00e1reas formativas.<br><\/p>\n\n\n\n<p>\u2022 Contacta con el aula Vallecas a trav\u00e9s del correo del aula: vallecas.madrid@aulamentor.es, o presencialmente en el horario del aula, el administrador del aula te informar\u00e1 sobre el curso en el qu\u00e9 est\u00e1s interesado.<\/p>\n\n\n\n<p><br>\u2022 Entrega los documentos requeridos para matricularte , bien a trav\u00e9s del correo del Aula o en forma presencial en el propio aula.<br>Se dar\u00e1 de alta al alumno en ese instante y a partir de ah\u00ed comenzar\u00e1 a contar los 60 d\u00edas naturales. Si se necesita m\u00e1s tiempo hay que recargar por meses 24 \u20ac.<br><br>\u2022 Cursos. Pincha en el siguiente enlace para acceder a los cursos.<\/p>\n\n\n\n<p><a href=\"https:\/\/www.aulamentor.es\/cursos-acceso\/catalogo-de-formacion\/competencias-profesionales\/\">CAT\u00c1LOGO DE CURSOS<\/a><br><\/p>\n\n\n\n<p>O escr\u00edbenos un correo a la siguiente direcci\u00f3n <a href=\"mailto:cepa.vallecas.madrid@educa.madrid.org\" target=\"_blank\" rel=\"noreferrer noopener\">vallecas.madrid@aulamentor.es<\/a><\/p>\n\n\n\n<p><br><br><strong>DOCUMENTOS REQUERIDOS <\/strong><\/p>\n\n\n\n<p><br>\u27a2 Fotocopia DNI<\/p>\n\n\n\n<p><br>\u27a2 Impreso 030 de pago de tasas<\/p>\n\n\n\n<p><p><br>\u27a2 Solicitud de matr\u00edcula CEPA VAllecas <\/p>\n<p><\/p><\/p>\n\n\n\n<div class=\"wp-block-group is-vertical is-layout-flex wp-container-core-group-is-layout-8cf370e7 wp-block-group-is-layout-flex\">\n<div class=\"wp-block-buttons is-layout-flex wp-block-buttons-is-layout-flex\">\n<div class=\"wp-block-button\"><a class=\"wp-block-button__link has-white-color has-luminous-vivid-orange-background-color has-text-color has-background wp-element-button\" href=\"https:\/\/site.educa.madrid.org\/cepa.vallecas.madrid\/\/wp-content\/uploads\/cepa.vallecas.madrid\/2025\/09\/01_Anexo-I-b-OTRAS_ENSENANZAS_25-26_modeloSolicitud.pdf\" target=\"_blank\" rel=\"noreferrer noopener\">Hoja de matr\u00edcula<\/a><\/div>\n<\/div>\n<\/div>\n\n\n\n<p><\/p>\n\n\n\n<div class=\"wp-block-buttons is-layout-flex wp-block-buttons-is-layout-flex\">\n\n<div class=\"wp-block-button\"><a class=\"wp-block-button__link wp-element-button\" href=\"https:\/\/site.educa.madrid.org\/cepa.vallecas.madrid\/index.php\/modelo-030-aula-mentor\/\" target=\"_blank\" rel=\"noreferrer noopener\">MODELO 030<\/a><\/div>\n\n<\/div>\n<p><\/p>\n\n\n\n<p><\/p>\n","protected":false},"excerpt":{"rendered":"<p>Aula Mentor es un programa de formaci\u00f3n online no reglada, flexible y con tutorizaci\u00f3n personalizada, dirigido a personas adultas mayores de 18 a\u00f1os con un extenso cat\u00e1logo de cursos con los que ampliar sus competencias personales y profesionales. La iniciativa est\u00e1 promovida por el Ministerio de Educaci\u00f3n y Formaci\u00f3n Profesional en colaboraci\u00f3n con otras instituciones<\/p><\/div>\n<div class=\"blog-btn\"><a href=\"https:\/\/site.educa.madrid.org\/cepa.vallecas.madrid\/index.php\/aula-mentor\/\" class=\"home-blog-btn\">Leer m\u00e1s<\/a><\/p>\n","protected":false},"author":3,"featured_media":0,"parent":0,"menu_order":0,"comment_status":"closed","ping_status":"closed","template":"","meta":{"footnotes":""},"folder":[],"class_list":["post-104","page","type-page","status-publish","hentry"],"rttpg_featured_image_url":null,"rttpg_author":{"display_name":"cepa.vallecas.madrid","author_link":"https:\/\/site.educa.madrid.org\/cepa.vallecas.madrid\/index.php\/author\/cuenta_cepa-vallecas-madrid\/"},"rttpg_comment":0,"rttpg_category":false,"rttpg_excerpt":"Aula Mentor es un programa de formaci\u00f3n online no reglada, flexible y con tutorizaci\u00f3n personalizada, dirigido a personas adultas mayores de 18 a\u00f1os con un extenso cat\u00e1logo de cursos con los que ampliar sus competencias personales y profesionales. La iniciativa est\u00e1 promovida por el Ministerio de Educaci\u00f3n y Formaci\u00f3n Profesional en colaboraci\u00f3n con otras institucionesLeer&hellip;","post_mailing_queue_ids":[],"_links":{"self":[{"href":"https:\/\/site.educa.madrid.org\/cepa.vallecas.madrid\/index.php\/wp-json\/wp\/v2\/pages\/104","targetHints":{"allow":["GET"]}}],"collection":[{"href":"https:\/\/site.educa.madrid.org\/cepa.vallecas.madrid\/index.php\/wp-json\/wp\/v2\/pages"}],"about":[{"href":"https:\/\/site.educa.madrid.org\/cepa.vallecas.madrid\/index.php\/wp-json\/wp\/v2\/types\/page"}],"author":[{"embeddable":true,"href":"https:\/\/site.educa.madrid.org\/cepa.vallecas.madrid\/index.php\/wp-json\/wp\/v2\/users\/3"}],"replies":[{"embeddable":true,"href":"https:\/\/site.educa.madrid.org\/cepa.vallecas.madrid\/index.php\/wp-json\/wp\/v2\/comments?post=104"}],"version-history":[{"count":48,"href":"https:\/\/site.educa.madrid.org\/cepa.vallecas.madrid\/index.php\/wp-json\/wp\/v2\/pages\/104\/revisions"}],"predecessor-version":[{"id":2739,"href":"https:\/\/site.educa.madrid.org\/cepa.vallecas.madrid\/index.php\/wp-json\/wp\/v2\/pages\/104\/revisions\/2739"}],"wp:attachment":[{"href":"https:\/\/site.educa.madrid.org\/cepa.vallecas.madrid\/index.php\/wp-json\/wp\/v2\/media?parent=104"}],"wp:term":[{"taxonomy":"folder","embeddable":true,"href":"https:\/\/site.educa.madrid.org\/cepa.vallecas.madrid\/index.php\/wp-json\/wp\/v2\/folder?post=104"}],"curies":[{"name":"wp","href":"https:\/\/api.w.org\/{rel}","templated":true}]}}