{"id":110,"date":"2020-11-09T10:33:51","date_gmt":"2020-11-09T10:33:51","guid":{"rendered":"https:\/\/site.educa.madrid.org\/cepa.vallecas.madrid\/?page_id=110"},"modified":"2024-06-14T15:19:27","modified_gmt":"2024-06-14T13:19:27","slug":"historia","status":"publish","type":"page","link":"https:\/\/site.educa.madrid.org\/cepa.vallecas.madrid\/index.php\/historia\/","title":{"rendered":"HISTORIA"},"content":{"rendered":"\n<h3 class=\"wp-block-heading\"><strong>HISTORIA DEL CENTRO<\/strong><\/h3>\n\n\n\n<p>El CEPA Vallecas se crea en el a\u00f1o 1962 como C\u00c1TEDRA DE JOS\u00c9 ANTONIO y en el inicio de la Campa\u00f1a Nacional de Alfabetizaci\u00f3n. Sirve a la antigua U.V.A. de Vallecas ofreciendo diversos servicios a la comunidad (asistencia b\u00e1sica, sanitaria, pedi\u00e1trica,\u2026.) as\u00ed como distintos talleres y cursos de alfabetizaci\u00f3n y cultura b\u00e1sica.<\/p>\n\n\n\n<p>A partir del 1975 pasa a depender del Ministerio de Cultura y colaboran en su gesti\u00f3n diversos movimientos asociativos de la zona: \u201cLa Uni\u00f3n\u201d, \u201cEl Pueblo de Vallecas\u201d, etc, reorientando su actividad hacia aspectos m\u00e1s educativos y de formaci\u00f3n profesional con talleres del antiguo PPO, manteniendo tambi\u00e9n talleres de animaci\u00f3n sociocultural.<\/p>\n\n\n\n<p>En 1985 pasa a depender de la reci\u00e9n creada Consejer\u00eda de Educaci\u00f3n, pasando a denominarse CEAS de Vallecas (Centro de Educaci\u00f3n de Adultos y Animaci\u00f3n Sociocultural de Vallecas).<\/p>\n\n\n\n<p>En la actualidad se denomina CEPA (Centro de Educaci\u00f3n de Personas Adultas) Vallecas.<\/p>\n\n\n\n<p><\/p>\n\n\n\n<div class=\"wp-block-media-text alignwide is-stacked-on-mobile\" style=\"grid-template-columns:30% auto\"><figure class=\"wp-block-media-text__media\"><img loading=\"lazy\" decoding=\"async\" width=\"1024\" height=\"503\" src=\"https:\/\/site.educa.madrid.org\/cepa.vallecas.madrid\/\/wp-content\/uploads\/cepa.vallecas.madrid\/2024\/06\/vecteezy_people-working-together-set-up-abstract-shapes_12996596-1024x503.jpg\" alt=\"\" class=\"wp-image-2071 size-full\" srcset=\"https:\/\/site.educa.madrid.org\/cepa.vallecas.madrid\/\/wp-content\/uploads\/cepa.vallecas.madrid\/2024\/06\/vecteezy_people-working-together-set-up-abstract-shapes_12996596-1024x503.jpg 1024w, https:\/\/site.educa.madrid.org\/cepa.vallecas.madrid\/\/wp-content\/uploads\/cepa.vallecas.madrid\/2024\/06\/vecteezy_people-working-together-set-up-abstract-shapes_12996596-300x147.jpg 300w, https:\/\/site.educa.madrid.org\/cepa.vallecas.madrid\/\/wp-content\/uploads\/cepa.vallecas.madrid\/2024\/06\/vecteezy_people-working-together-set-up-abstract-shapes_12996596-768x377.jpg 768w, https:\/\/site.educa.madrid.org\/cepa.vallecas.madrid\/\/wp-content\/uploads\/cepa.vallecas.madrid\/2024\/06\/vecteezy_people-working-together-set-up-abstract-shapes_12996596-1536x754.jpg 1536w, https:\/\/site.educa.madrid.org\/cepa.vallecas.madrid\/\/wp-content\/uploads\/cepa.vallecas.madrid\/2024\/06\/vecteezy_people-working-together-set-up-abstract-shapes_12996596.jpg 1920w\" sizes=\"auto, (max-width: 1024px) 100vw, 1024px\" \/><\/figure><div class=\"wp-block-media-text__content\">\n<p>El CEPA Vallecas toma su nombre del barrio en el que se inserta: el Pueblo de Vallecas. Hasta comienzos de los a\u00f1os setenta, el Pueblo de Vallecas manten\u00eda su independencia de Madrid, pero con el crecimiento de la capital, fue absorbido. Hasta finales de los a\u00f1os cincuenta fue un pueblo eminentemente agr\u00edcola, pero a partir de los a\u00f1os sesenta se asientan en \u00e9l emigrantes procedentes de diversas partes de la pen\u00ednsula atra\u00eddos por el crecimiento industrial de Madrid, aumentando la poblaci\u00f3n dedicada a la industria y los servicios.<\/p>\n<\/div><\/div>\n","protected":false},"excerpt":{"rendered":"<p>HISTORIA DEL CENTRO El CEPA Vallecas se crea en el a\u00f1o 1962 como C\u00c1TEDRA DE JOS\u00c9 ANTONIO y en el inicio de la Campa\u00f1a Nacional de Alfabetizaci\u00f3n. Sirve a la antigua U.V.A. de Vallecas ofreciendo diversos servicios a la comunidad (asistencia b\u00e1sica, sanitaria, pedi\u00e1trica,\u2026.) as\u00ed como distintos talleres y cursos de alfabetizaci\u00f3n y cultura b\u00e1sica.<\/p><\/div>\n<div class=\"blog-btn\"><a href=\"https:\/\/site.educa.madrid.org\/cepa.vallecas.madrid\/index.php\/historia\/\" class=\"home-blog-btn\">Leer m\u00e1s<\/a><\/p>\n","protected":false},"author":3,"featured_media":0,"parent":0,"menu_order":0,"comment_status":"closed","ping_status":"closed","template":"","meta":{"footnotes":""},"folder":[],"class_list":["post-110","page","type-page","status-publish","hentry"],"rttpg_featured_image_url":null,"rttpg_author":{"display_name":"cepa.vallecas.madrid","author_link":"https:\/\/site.educa.madrid.org\/cepa.vallecas.madrid\/index.php\/author\/cuenta_cepa-vallecas-madrid\/"},"rttpg_comment":0,"rttpg_category":false,"rttpg_excerpt":"HISTORIA DEL CENTRO El CEPA Vallecas se crea en el a\u00f1o 1962 como C\u00c1TEDRA DE JOS\u00c9 ANTONIO y en el inicio de la Campa\u00f1a Nacional de Alfabetizaci\u00f3n. Sirve a la antigua U.V.A. de Vallecas ofreciendo diversos servicios a la comunidad (asistencia b\u00e1sica, sanitaria, pedi\u00e1trica,\u2026.) as\u00ed como distintos talleres y cursos de alfabetizaci\u00f3n y cultura b\u00e1sica.Leer&hellip;","post_mailing_queue_ids":[],"_links":{"self":[{"href":"https:\/\/site.educa.madrid.org\/cepa.vallecas.madrid\/index.php\/wp-json\/wp\/v2\/pages\/110","targetHints":{"allow":["GET"]}}],"collection":[{"href":"https:\/\/site.educa.madrid.org\/cepa.vallecas.madrid\/index.php\/wp-json\/wp\/v2\/pages"}],"about":[{"href":"https:\/\/site.educa.madrid.org\/cepa.vallecas.madrid\/index.php\/wp-json\/wp\/v2\/types\/page"}],"author":[{"embeddable":true,"href":"https:\/\/site.educa.madrid.org\/cepa.vallecas.madrid\/index.php\/wp-json\/wp\/v2\/users\/3"}],"replies":[{"embeddable":true,"href":"https:\/\/site.educa.madrid.org\/cepa.vallecas.madrid\/index.php\/wp-json\/wp\/v2\/comments?post=110"}],"version-history":[{"count":12,"href":"https:\/\/site.educa.madrid.org\/cepa.vallecas.madrid\/index.php\/wp-json\/wp\/v2\/pages\/110\/revisions"}],"predecessor-version":[{"id":2085,"href":"https:\/\/site.educa.madrid.org\/cepa.vallecas.madrid\/index.php\/wp-json\/wp\/v2\/pages\/110\/revisions\/2085"}],"wp:attachment":[{"href":"https:\/\/site.educa.madrid.org\/cepa.vallecas.madrid\/index.php\/wp-json\/wp\/v2\/media?parent=110"}],"wp:term":[{"taxonomy":"folder","embeddable":true,"href":"https:\/\/site.educa.madrid.org\/cepa.vallecas.madrid\/index.php\/wp-json\/wp\/v2\/folder?post=110"}],"curies":[{"name":"wp","href":"https:\/\/api.w.org\/{rel}","templated":true}]}}