{"id":132,"date":"2020-11-09T10:37:59","date_gmt":"2020-11-09T10:37:59","guid":{"rendered":"https:\/\/site.educa.madrid.org\/cepa.vallecas.madrid\/?page_id=132"},"modified":"2025-09-10T18:07:57","modified_gmt":"2025-09-10T16:07:57","slug":"directiva","status":"publish","type":"page","link":"https:\/\/site.educa.madrid.org\/cepa.vallecas.madrid\/index.php\/directiva\/","title":{"rendered":"EQUIPO DIRECTIVO"},"content":{"rendered":"\n<figure class=\"wp-block-table\"><table><tbody><tr><td><strong>DIRECTORA: Mar\u00eda Jos\u00e9 Fern\u00e1ndez Casta\u00f1o<\/strong><\/td><\/tr><tr><td><strong>JEFE DE ESTUDIOS: Javier Aguareles Abiol<\/strong><\/td><\/tr><tr><td><strong>SECRETARIA: Sandra Abajas Encinar<\/strong><\/td><\/tr><\/tbody><\/table><\/figure>\n\n\n\n<figure class=\"wp-block-table is-style-stripes\"><table><tbody><tr><td><strong>HORARIO DE ATENCI\u00d3N AL P\u00daBLICO<\/strong><\/td><td><\/td><\/tr><tr><td><strong>DIRECCI\u00d3N:<\/strong> <br>&#8211; Lunes de 13,00 A 14,00 horas <br>&#8211; Martes de 17,00 a 18,00 horas<\/td><td><\/td><\/tr><tr><td><strong>JEFATURA DE ESTUDIOS: <\/strong> <br>&#8211; Lunes de 17,00 a 18,00 horas<br>&#8211; Martes de 13,00 a 14,00 horas<\/td><td><\/td><\/tr><\/tbody><\/table><\/figure>\n\n\n\n<p><\/p>\n","protected":false},"excerpt":{"rendered":"<p>DIRECTORA: Mar\u00eda Jos\u00e9 Fern\u00e1ndez Casta\u00f1o JEFE DE ESTUDIOS: Javier Aguareles Abiol SECRETARIA: Sandra Abajas Encinar HORARIO DE ATENCI\u00d3N AL P\u00daBLICO DIRECCI\u00d3N: &#8211; Lunes de 13,00 A 14,00 horas &#8211; Martes de 17,00 a 18,00 horas JEFATURA DE ESTUDIOS: &#8211; Lunes de 17,00 a 18,00 horas&#8211; Martes de 13,00 a 14,00 horas<\/p>\n","protected":false},"author":3,"featured_media":0,"parent":0,"menu_order":0,"comment_status":"closed","ping_status":"closed","template":"","meta":{"footnotes":""},"folder":[],"class_list":["post-132","page","type-page","status-publish","hentry"],"rttpg_featured_image_url":null,"rttpg_author":{"display_name":"cepa.vallecas.madrid","author_link":"https:\/\/site.educa.madrid.org\/cepa.vallecas.madrid\/index.php\/author\/cuenta_cepa-vallecas-madrid\/"},"rttpg_comment":0,"rttpg_category":false,"rttpg_excerpt":"DIRECTORA: Mar\u00eda Jos\u00e9 Fern\u00e1ndez Casta\u00f1o JEFE DE ESTUDIOS: Javier Aguareles Abiol SECRETARIA: Sandra Abajas Encinar HORARIO DE ATENCI\u00d3N AL P\u00daBLICO DIRECCI\u00d3N: &#8211; Lunes de 13,00 A 14,00 horas &#8211; Martes de 17,00 a 18,00 horas JEFATURA DE ESTUDIOS: &#8211; Lunes de 17,00 a 18,00 horas&#8211; Martes de 13,00 a 14,00 horas","post_mailing_queue_ids":[],"_links":{"self":[{"href":"https:\/\/site.educa.madrid.org\/cepa.vallecas.madrid\/index.php\/wp-json\/wp\/v2\/pages\/132","targetHints":{"allow":["GET"]}}],"collection":[{"href":"https:\/\/site.educa.madrid.org\/cepa.vallecas.madrid\/index.php\/wp-json\/wp\/v2\/pages"}],"about":[{"href":"https:\/\/site.educa.madrid.org\/cepa.vallecas.madrid\/index.php\/wp-json\/wp\/v2\/types\/page"}],"author":[{"embeddable":true,"href":"https:\/\/site.educa.madrid.org\/cepa.vallecas.madrid\/index.php\/wp-json\/wp\/v2\/users\/3"}],"replies":[{"embeddable":true,"href":"https:\/\/site.educa.madrid.org\/cepa.vallecas.madrid\/index.php\/wp-json\/wp\/v2\/comments?post=132"}],"version-history":[{"count":9,"href":"https:\/\/site.educa.madrid.org\/cepa.vallecas.madrid\/index.php\/wp-json\/wp\/v2\/pages\/132\/revisions"}],"predecessor-version":[{"id":2714,"href":"https:\/\/site.educa.madrid.org\/cepa.vallecas.madrid\/index.php\/wp-json\/wp\/v2\/pages\/132\/revisions\/2714"}],"wp:attachment":[{"href":"https:\/\/site.educa.madrid.org\/cepa.vallecas.madrid\/index.php\/wp-json\/wp\/v2\/media?parent=132"}],"wp:term":[{"taxonomy":"folder","embeddable":true,"href":"https:\/\/site.educa.madrid.org\/cepa.vallecas.madrid\/index.php\/wp-json\/wp\/v2\/folder?post=132"}],"curies":[{"name":"wp","href":"https:\/\/api.w.org\/{rel}","templated":true}]}}