{"id":134,"date":"2020-11-09T10:38:19","date_gmt":"2020-11-09T10:38:19","guid":{"rendered":"https:\/\/site.educa.madrid.org\/cepa.vallecas.madrid\/?page_id=134"},"modified":"2025-09-10T20:39:08","modified_gmt":"2025-09-10T18:39:08","slug":"departamentos","status":"publish","type":"page","link":"https:\/\/site.educa.madrid.org\/cepa.vallecas.madrid\/index.php\/departamentos\/","title":{"rendered":"DEPARTAMENTOS"},"content":{"rendered":"\n<figure class=\"wp-block-table aligncenter is-style-regular\"><table><tbody><tr><td><strong>DEPARTAMENTOS DID\u00c1CTICOS<\/strong><\/td><\/tr><tr><td><strong>&nbsp;Comunicaci\u00f3n<\/strong><br><br>Juan Luis Cruz J\u00e1imez (Jefe de Departamento)<br>Mar\u00eda Jos\u00e9 Fern\u00e1ndez Casta\u00f1o<br>Marcos Garc\u00eda Garc\u00eda<br>Joaqu\u00edn Manuel Fern\u00e1ndez Hedrera<br>Milagros Mendiola Gonz\u00e1lez<br>Pablo Parra Garc\u00eda-Madrid<br>Esther Vieitez Avello<\/td><\/tr><tr><td><strong>&nbsp;Ciencias Sociales<\/strong><br><br>Jos\u00e9 L. Serrano G\u00f3mez (Jefe de Departamento)<br>Susana Pareja Moreno<br>Eva Mar\u00eda Rubio Huete<br>Lidia Rodr\u00edguez De Diego<\/td><\/tr><tr><td><strong>\u00a0Cient\u00edfico-Tecnol\u00f3gico<\/strong><br><br>Mar\u00eda \u00c1ngeles Ortega Cerezo (Jefa del Departamento)<br>Javier Aguareles Abiol<br>Sandra Abajas Encinar<br>Irene Merino Gestoso<br>Joaqu\u00edn Cejuela Oliver<br>Raquel Prieto Castillejo<br>Valeriano G\u00f3mez Fern\u00e1ndez<\/td><\/tr><\/tbody><\/table><\/figure>\n\n\n\n<p><\/p>\n","protected":false},"excerpt":{"rendered":"<p>DEPARTAMENTOS DID\u00c1CTICOS &nbsp;Comunicaci\u00f3n Juan Luis Cruz J\u00e1imez (Jefe de Departamento)Mar\u00eda Jos\u00e9 Fern\u00e1ndez Casta\u00f1oMarcos Garc\u00eda Garc\u00edaJoaqu\u00edn Manuel Fern\u00e1ndez HedreraMilagros Mendiola Gonz\u00e1lezPablo Parra Garc\u00eda-MadridEsther Vieitez Avello &nbsp;Ciencias Sociales Jos\u00e9 L. Serrano G\u00f3mez (Jefe de Departamento)Susana Pareja MorenoEva Mar\u00eda Rubio HueteLidia Rodr\u00edguez De Diego \u00a0Cient\u00edfico-Tecnol\u00f3gico Mar\u00eda \u00c1ngeles Ortega Cerezo (Jefa del Departamento)Javier Aguareles AbiolSandra Abajas EncinarIrene Merino GestosoJoaqu\u00edn<\/p><\/div>\n<div class=\"blog-btn\"><a href=\"https:\/\/site.educa.madrid.org\/cepa.vallecas.madrid\/index.php\/departamentos\/\" class=\"home-blog-btn\">Leer m\u00e1s<\/a><\/p>\n","protected":false},"author":3,"featured_media":0,"parent":0,"menu_order":0,"comment_status":"closed","ping_status":"closed","template":"","meta":{"footnotes":""},"folder":[],"class_list":["post-134","page","type-page","status-publish","hentry"],"rttpg_featured_image_url":null,"rttpg_author":{"display_name":"cepa.vallecas.madrid","author_link":"https:\/\/site.educa.madrid.org\/cepa.vallecas.madrid\/index.php\/author\/cuenta_cepa-vallecas-madrid\/"},"rttpg_comment":0,"rttpg_category":false,"rttpg_excerpt":"DEPARTAMENTOS DID\u00c1CTICOS &nbsp;Comunicaci\u00f3n Juan Luis Cruz J\u00e1imez (Jefe de Departamento)Mar\u00eda Jos\u00e9 Fern\u00e1ndez Casta\u00f1oMarcos Garc\u00eda Garc\u00edaJoaqu\u00edn Manuel Fern\u00e1ndez HedreraMilagros Mendiola Gonz\u00e1lezPablo Parra Garc\u00eda-MadridEsther Vieitez Avello &nbsp;Ciencias Sociales Jos\u00e9 L. Serrano G\u00f3mez (Jefe de Departamento)Susana Pareja MorenoEva Mar\u00eda Rubio HueteLidia Rodr\u00edguez De Diego \u00a0Cient\u00edfico-Tecnol\u00f3gico Mar\u00eda \u00c1ngeles Ortega Cerezo (Jefa del Departamento)Javier Aguareles AbiolSandra Abajas EncinarIrene Merino GestosoJoaqu\u00ednLeer&hellip;","post_mailing_queue_ids":[],"_links":{"self":[{"href":"https:\/\/site.educa.madrid.org\/cepa.vallecas.madrid\/index.php\/wp-json\/wp\/v2\/pages\/134","targetHints":{"allow":["GET"]}}],"collection":[{"href":"https:\/\/site.educa.madrid.org\/cepa.vallecas.madrid\/index.php\/wp-json\/wp\/v2\/pages"}],"about":[{"href":"https:\/\/site.educa.madrid.org\/cepa.vallecas.madrid\/index.php\/wp-json\/wp\/v2\/types\/page"}],"author":[{"embeddable":true,"href":"https:\/\/site.educa.madrid.org\/cepa.vallecas.madrid\/index.php\/wp-json\/wp\/v2\/users\/3"}],"replies":[{"embeddable":true,"href":"https:\/\/site.educa.madrid.org\/cepa.vallecas.madrid\/index.php\/wp-json\/wp\/v2\/comments?post=134"}],"version-history":[{"count":20,"href":"https:\/\/site.educa.madrid.org\/cepa.vallecas.madrid\/index.php\/wp-json\/wp\/v2\/pages\/134\/revisions"}],"predecessor-version":[{"id":2725,"href":"https:\/\/site.educa.madrid.org\/cepa.vallecas.madrid\/index.php\/wp-json\/wp\/v2\/pages\/134\/revisions\/2725"}],"wp:attachment":[{"href":"https:\/\/site.educa.madrid.org\/cepa.vallecas.madrid\/index.php\/wp-json\/wp\/v2\/media?parent=134"}],"wp:term":[{"taxonomy":"folder","embeddable":true,"href":"https:\/\/site.educa.madrid.org\/cepa.vallecas.madrid\/index.php\/wp-json\/wp\/v2\/folder?post=134"}],"curies":[{"name":"wp","href":"https:\/\/api.w.org\/{rel}","templated":true}]}}