{"id":136,"date":"2020-11-09T10:38:42","date_gmt":"2020-11-09T10:38:42","guid":{"rendered":"https:\/\/site.educa.madrid.org\/cepa.vallecas.madrid\/?page_id=136"},"modified":"2025-10-02T15:13:04","modified_gmt":"2025-10-02T13:13:04","slug":"orientacion","status":"publish","type":"page","link":"https:\/\/site.educa.madrid.org\/cepa.vallecas.madrid\/index.php\/orientacion\/","title":{"rendered":"ORIENTACI\u00d3N"},"content":{"rendered":"\n<figure class=\"wp-block-table\"><table><tbody><tr><td>ORIENTADOR<\/td><td>Pablo Parra Garc\u00eda-Madrid<\/td><\/tr><tr><td>HORARIO ATENCI\u00d3N <br>Previa cita<\/td><td>Lunes de 16:00 a 17:00 horas<br>Martes de 18:00 a 19:00<br>Mi\u00e9rcoles de 12:00 a 14:00<br>Jueves de 16:00 a 18:00<br>Viernes de 12:00 a 13:00<\/td><\/tr><tr><td>CORREO CONTACTO<\/td><td>deporientacion.cepa.vallecas.madrid@<br>educa.madrid.org<\/td><\/tr><\/tbody><\/table><\/figure>\n\n\n\n<p><\/p>\n\n\n\n<div class=\"wp-block-buttons is-layout-flex wp-block-buttons-is-layout-flex\">\n<div class=\"wp-block-button\"><a class=\"wp-block-button__link wp-element-button\" href=\"https:\/\/cuadernodeorientacion.educa2.madrid.org\/\" target=\"_blank\" rel=\"noreferrer noopener\">CUADERNO DE ORIENTACI\u00d3N<\/a><\/div>\n<\/div>\n\n\n\n<p><\/p>\n","protected":false},"excerpt":{"rendered":"<p>ORIENTADOR Pablo Parra Garc\u00eda-Madrid HORARIO ATENCI\u00d3N Previa cita Lunes de 16:00 a 17:00 horasMartes de 18:00 a 19:00Mi\u00e9rcoles de 12:00 a 14:00Jueves de 16:00 a 18:00Viernes de 12:00 a 13:00 CORREO CONTACTO deporientacion.cepa.vallecas.madrid@educa.madrid.org<\/p>\n","protected":false},"author":3,"featured_media":0,"parent":0,"menu_order":0,"comment_status":"closed","ping_status":"closed","template":"","meta":{"footnotes":""},"folder":[],"class_list":["post-136","page","type-page","status-publish","hentry"],"rttpg_featured_image_url":null,"rttpg_author":{"display_name":"cepa.vallecas.madrid","author_link":"https:\/\/site.educa.madrid.org\/cepa.vallecas.madrid\/index.php\/author\/cuenta_cepa-vallecas-madrid\/"},"rttpg_comment":0,"rttpg_category":false,"rttpg_excerpt":"ORIENTADOR Pablo Parra Garc\u00eda-Madrid HORARIO ATENCI\u00d3N Previa cita Lunes de 16:00 a 17:00 horasMartes de 18:00 a 19:00Mi\u00e9rcoles de 12:00 a 14:00Jueves de 16:00 a 18:00Viernes de 12:00 a 13:00 CORREO CONTACTO deporientacion.cepa.vallecas.madrid@educa.madrid.org","post_mailing_queue_ids":[],"_links":{"self":[{"href":"https:\/\/site.educa.madrid.org\/cepa.vallecas.madrid\/index.php\/wp-json\/wp\/v2\/pages\/136","targetHints":{"allow":["GET"]}}],"collection":[{"href":"https:\/\/site.educa.madrid.org\/cepa.vallecas.madrid\/index.php\/wp-json\/wp\/v2\/pages"}],"about":[{"href":"https:\/\/site.educa.madrid.org\/cepa.vallecas.madrid\/index.php\/wp-json\/wp\/v2\/types\/page"}],"author":[{"embeddable":true,"href":"https:\/\/site.educa.madrid.org\/cepa.vallecas.madrid\/index.php\/wp-json\/wp\/v2\/users\/3"}],"replies":[{"embeddable":true,"href":"https:\/\/site.educa.madrid.org\/cepa.vallecas.madrid\/index.php\/wp-json\/wp\/v2\/comments?post=136"}],"version-history":[{"count":19,"href":"https:\/\/site.educa.madrid.org\/cepa.vallecas.madrid\/index.php\/wp-json\/wp\/v2\/pages\/136\/revisions"}],"predecessor-version":[{"id":2749,"href":"https:\/\/site.educa.madrid.org\/cepa.vallecas.madrid\/index.php\/wp-json\/wp\/v2\/pages\/136\/revisions\/2749"}],"wp:attachment":[{"href":"https:\/\/site.educa.madrid.org\/cepa.vallecas.madrid\/index.php\/wp-json\/wp\/v2\/media?parent=136"}],"wp:term":[{"taxonomy":"folder","embeddable":true,"href":"https:\/\/site.educa.madrid.org\/cepa.vallecas.madrid\/index.php\/wp-json\/wp\/v2\/folder?post=136"}],"curies":[{"name":"wp","href":"https:\/\/api.w.org\/{rel}","templated":true}]}}