{"id":157,"date":"2020-11-09T10:44:20","date_gmt":"2020-11-09T10:44:20","guid":{"rendered":"https:\/\/site.educa.madrid.org\/cepa.vallecas.madrid\/?page_id=157"},"modified":"2025-09-10T20:40:55","modified_gmt":"2025-09-10T18:40:55","slug":"ensenanzas-iniciales","status":"publish","type":"page","link":"https:\/\/site.educa.madrid.org\/cepa.vallecas.madrid\/index.php\/ensenanzas-iniciales\/","title":{"rendered":"ENSE\u00d1ANZAS INICIALES"},"content":{"rendered":"\n<p><strong>PESTA\u00d1A DE ENSE\u00d1ANZAS INICIALES<\/strong><\/p>\n\n\n\n<p>Las&nbsp;<strong>Ense\u00f1anzas Iniciales<\/strong>&nbsp;tienen como&nbsp;<strong>finalidad<\/strong>&nbsp;proporcionar a las personas adultas conocimientos, destrezas, habilidades, competencias b\u00e1sicas y t\u00e9cnicas que favorezcan el desarrollo personal, laboral y social de las personas adultas&nbsp;y les permitan la adquisici\u00f3n de las t\u00e9cnicas instrumentales elementales y de las competencias b\u00e1sicas necesarias para continuar estudios de Educaci\u00f3n Secundaria.<\/p>\n\n\n\n<p><strong><u>Organizaci\u00f3n<\/u><\/strong><\/p>\n\n\n\n<p>Estas ense\u00f1anzas&nbsp;<strong>se organizan <\/strong>en funci\u00f3n de las caracter\u00edsticas y necesidades de las personas que han de cursarlas,&nbsp;<strong>de una forma modular y en dos Niveles I y II,<\/strong>&nbsp;cada uno de ellos estructurado de la siguiente manera y en <strong>turno de ma\u00f1ana y tarde<\/strong>:<\/p>\n\n\n\n<p><\/p>\n\n\n\n<figure class=\"wp-block-table\"><table><tbody><tr><td><strong>NIVEL<\/strong><strong> I<\/strong><strong><\/strong><\/td><\/tr><tr><td>Tendr\u00e1 por objeto permitir a la poblaci\u00f3n adulta la adquisici\u00f3n inicial de las competencias b\u00e1sicas y conocimientos de lectoescritura y&nbsp;c\u00e1lculo matem\u00e1tico para satisfacer las necesidades ling\u00fc\u00edsticas y matem\u00e1ticas de la vida cotidiana y comprender la realidad del entorno.<\/td><\/tr><tr><td>&nbsp;<strong>NIVEL II<\/strong><strong><\/strong><\/td><\/tr><tr><td>Tendr\u00e1 por objeto consolidar y reforzar los conocimientos y t\u00e9cnicas instrumentales adquiridos, ayudar a alcanzar los conocimientos previos e&nbsp;incrementar la adquisici\u00f3n de competencias b\u00e1sicas, comunicaci\u00f3n e idiomas, debiendo facilitar el acceso a las ense\u00f1anzas de Educaci\u00f3n Secundaria Obligatoria para personas adultas. Los contenidos se organizan en tres \u00e1mbitos: <br><br>-\u00c1mbito Comunicaci\u00f3n <br>-\u00c1mbito Cient\u00edfico <br>-\u00c1mbito Social<\/td><\/tr><\/tbody><\/table><\/figure>\n\n\n\n<p><strong><u>El Centro elabora sus propios materiales que el alumno compra y recoge en la Papeler\u00eda<\/u><\/strong>.<\/p>\n\n\n\n<p><strong>Una vez superadas permiten<\/strong>:<\/p>\n\n\n\n<ul class=\"wp-block-list\">\n<li>Acceder a la Educaci\u00f3n Secundaria Obligatoria para personas adultas.<\/li>\n\n\n\n<li>Cursar estudios que les faciliten la inserci\u00f3n laboral.<\/li>\n<\/ul>\n\n\n\n<p>____________________________________________________________________________<\/p>\n\n\n\n<p>El CEPA VALLECAS efectuar\u00e1 una prueba o <a href=\"https:\/\/www.educarex.es\/eda\/valoracion-inicial-aprendizaje.html\" target=\"_blank\" rel=\"noreferrer noopener\"><strong>valoraci\u00f3n inicial (VIA)<\/strong><\/a>&nbsp;a aquellas personas&nbsp;sin requisitos acad\u00e9micos que presenten solicitud de matr\u00edcula en Ense\u00f1anzas Iniciales por primera vez.<\/p>\n\n\n\n<p><\/p>\n\n\n\n<p><\/p>\n\n\n\n<p><\/p>\n\n\n\n<p><\/p>\n","protected":false},"excerpt":{"rendered":"<p>PESTA\u00d1A DE ENSE\u00d1ANZAS INICIALES Las&nbsp;Ense\u00f1anzas Iniciales&nbsp;tienen como&nbsp;finalidad&nbsp;proporcionar a las personas adultas conocimientos, destrezas, habilidades, competencias b\u00e1sicas y t\u00e9cnicas que favorezcan el desarrollo personal, laboral y social de las personas adultas&nbsp;y les permitan la adquisici\u00f3n de las t\u00e9cnicas instrumentales elementales y de las competencias b\u00e1sicas necesarias para continuar estudios de Educaci\u00f3n Secundaria. Organizaci\u00f3n Estas ense\u00f1anzas&nbsp;se organizan<\/p><\/div>\n<div class=\"blog-btn\"><a href=\"https:\/\/site.educa.madrid.org\/cepa.vallecas.madrid\/index.php\/ensenanzas-iniciales\/\" class=\"home-blog-btn\">Leer m\u00e1s<\/a><\/p>\n","protected":false},"author":3,"featured_media":0,"parent":0,"menu_order":0,"comment_status":"closed","ping_status":"closed","template":"","meta":{"footnotes":""},"folder":[],"class_list":["post-157","page","type-page","status-publish","hentry"],"rttpg_featured_image_url":null,"rttpg_author":{"display_name":"cepa.vallecas.madrid","author_link":"https:\/\/site.educa.madrid.org\/cepa.vallecas.madrid\/index.php\/author\/cuenta_cepa-vallecas-madrid\/"},"rttpg_comment":0,"rttpg_category":false,"rttpg_excerpt":"PESTA\u00d1A DE ENSE\u00d1ANZAS INICIALES Las&nbsp;Ense\u00f1anzas Iniciales&nbsp;tienen como&nbsp;finalidad&nbsp;proporcionar a las personas adultas conocimientos, destrezas, habilidades, competencias b\u00e1sicas y t\u00e9cnicas que favorezcan el desarrollo personal, laboral y social de las personas adultas&nbsp;y les permitan la adquisici\u00f3n de las t\u00e9cnicas instrumentales elementales y de las competencias b\u00e1sicas necesarias para continuar estudios de Educaci\u00f3n Secundaria. Organizaci\u00f3n Estas ense\u00f1anzas&nbsp;se organizanLeer&hellip;","post_mailing_queue_ids":[],"_links":{"self":[{"href":"https:\/\/site.educa.madrid.org\/cepa.vallecas.madrid\/index.php\/wp-json\/wp\/v2\/pages\/157","targetHints":{"allow":["GET"]}}],"collection":[{"href":"https:\/\/site.educa.madrid.org\/cepa.vallecas.madrid\/index.php\/wp-json\/wp\/v2\/pages"}],"about":[{"href":"https:\/\/site.educa.madrid.org\/cepa.vallecas.madrid\/index.php\/wp-json\/wp\/v2\/types\/page"}],"author":[{"embeddable":true,"href":"https:\/\/site.educa.madrid.org\/cepa.vallecas.madrid\/index.php\/wp-json\/wp\/v2\/users\/3"}],"replies":[{"embeddable":true,"href":"https:\/\/site.educa.madrid.org\/cepa.vallecas.madrid\/index.php\/wp-json\/wp\/v2\/comments?post=157"}],"version-history":[{"count":10,"href":"https:\/\/site.educa.madrid.org\/cepa.vallecas.madrid\/index.php\/wp-json\/wp\/v2\/pages\/157\/revisions"}],"predecessor-version":[{"id":2727,"href":"https:\/\/site.educa.madrid.org\/cepa.vallecas.madrid\/index.php\/wp-json\/wp\/v2\/pages\/157\/revisions\/2727"}],"wp:attachment":[{"href":"https:\/\/site.educa.madrid.org\/cepa.vallecas.madrid\/index.php\/wp-json\/wp\/v2\/media?parent=157"}],"wp:term":[{"taxonomy":"folder","embeddable":true,"href":"https:\/\/site.educa.madrid.org\/cepa.vallecas.madrid\/index.php\/wp-json\/wp\/v2\/folder?post=157"}],"curies":[{"name":"wp","href":"https:\/\/api.w.org\/{rel}","templated":true}]}}