{"id":161,"date":"2020-11-09T10:45:52","date_gmt":"2020-11-09T10:45:52","guid":{"rendered":"https:\/\/site.educa.madrid.org\/cepa.vallecas.madrid\/?page_id=161"},"modified":"2025-09-10T20:42:11","modified_gmt":"2025-09-10T18:42:11","slug":"informatica","status":"publish","type":"page","link":"https:\/\/site.educa.madrid.org\/cepa.vallecas.madrid\/index.php\/informatica\/","title":{"rendered":"INFORM\u00c1TICA"},"content":{"rendered":"\n<p>Contamos con dos talleres:<\/p>\n\n\n\n<p><strong>TALLER: Gestiones cotidianas con dispositivos electr\u00f3nicos <\/strong>&#8211; Mi\u00e9rcoles de 16:00 a 18:00 h.<\/p>\n\n\n\n<p><strong>TALLER: Ofim\u00e1tica b\u00e1sica II<\/strong>: &#8211; Mi\u00e9rcoles de 19:00 a 21:00 h.<\/p>\n\n\n\n<ul class=\"wp-block-list\">\n<li>Cada grupo dispone de dos horas semanales, un d\u00eda a la semana.<\/li>\n\n\n\n<li>Matr\u00edcula gratuita.<\/li>\n\n\n\n<li>Comienzo de las clases en octubre y finalizan en junio.<\/li>\n\n\n\n<li>Materiales hechos por el propio Centro.<\/li>\n\n\n\n<li>Todas las clases son eminentemente pr\u00e1cticas en el aula de Inform\u00e1tica.<\/li>\n\n\n\n<li>Certificado final con el n\u00famero de horas y los contenidos del curso.<\/li>\n\n\n\n<li>Aprendizaje basado en el entorno social y cultural m\u00e1s cercano al alumno.<\/li>\n<\/ul>\n","protected":false},"excerpt":{"rendered":"<p>Contamos con dos talleres: TALLER: Gestiones cotidianas con dispositivos electr\u00f3nicos &#8211; Mi\u00e9rcoles de 16:00 a 18:00 h. TALLER: Ofim\u00e1tica b\u00e1sica II: &#8211; Mi\u00e9rcoles de 19:00 a 21:00 h.<\/p>\n","protected":false},"author":3,"featured_media":0,"parent":0,"menu_order":0,"comment_status":"closed","ping_status":"closed","template":"","meta":{"footnotes":""},"folder":[],"class_list":["post-161","page","type-page","status-publish","hentry"],"rttpg_featured_image_url":null,"rttpg_author":{"display_name":"cepa.vallecas.madrid","author_link":"https:\/\/site.educa.madrid.org\/cepa.vallecas.madrid\/index.php\/author\/cuenta_cepa-vallecas-madrid\/"},"rttpg_comment":0,"rttpg_category":false,"rttpg_excerpt":"Contamos con dos talleres: TALLER: Gestiones cotidianas con dispositivos electr\u00f3nicos &#8211; Mi\u00e9rcoles de 16:00 a 18:00 h. TALLER: Ofim\u00e1tica b\u00e1sica II: &#8211; Mi\u00e9rcoles de 19:00 a 21:00 h.","post_mailing_queue_ids":[],"_links":{"self":[{"href":"https:\/\/site.educa.madrid.org\/cepa.vallecas.madrid\/index.php\/wp-json\/wp\/v2\/pages\/161","targetHints":{"allow":["GET"]}}],"collection":[{"href":"https:\/\/site.educa.madrid.org\/cepa.vallecas.madrid\/index.php\/wp-json\/wp\/v2\/pages"}],"about":[{"href":"https:\/\/site.educa.madrid.org\/cepa.vallecas.madrid\/index.php\/wp-json\/wp\/v2\/types\/page"}],"author":[{"embeddable":true,"href":"https:\/\/site.educa.madrid.org\/cepa.vallecas.madrid\/index.php\/wp-json\/wp\/v2\/users\/3"}],"replies":[{"embeddable":true,"href":"https:\/\/site.educa.madrid.org\/cepa.vallecas.madrid\/index.php\/wp-json\/wp\/v2\/comments?post=161"}],"version-history":[{"count":9,"href":"https:\/\/site.educa.madrid.org\/cepa.vallecas.madrid\/index.php\/wp-json\/wp\/v2\/pages\/161\/revisions"}],"predecessor-version":[{"id":2728,"href":"https:\/\/site.educa.madrid.org\/cepa.vallecas.madrid\/index.php\/wp-json\/wp\/v2\/pages\/161\/revisions\/2728"}],"wp:attachment":[{"href":"https:\/\/site.educa.madrid.org\/cepa.vallecas.madrid\/index.php\/wp-json\/wp\/v2\/media?parent=161"}],"wp:term":[{"taxonomy":"folder","embeddable":true,"href":"https:\/\/site.educa.madrid.org\/cepa.vallecas.madrid\/index.php\/wp-json\/wp\/v2\/folder?post=161"}],"curies":[{"name":"wp","href":"https:\/\/api.w.org\/{rel}","templated":true}]}}