{"id":165,"date":"2020-11-09T10:46:28","date_gmt":"2020-11-09T10:46:28","guid":{"rendered":"https:\/\/site.educa.madrid.org\/cepa.vallecas.madrid\/?page_id=165"},"modified":"2024-09-05T10:50:53","modified_gmt":"2024-09-05T08:50:53","slug":"eso-nivel-i","status":"publish","type":"page","link":"https:\/\/site.educa.madrid.org\/cepa.vallecas.madrid\/index.php\/eso-nivel-i\/","title":{"rendered":"ESO PRESENCIAL"},"content":{"rendered":"\n<p>Las personas adultas que quieran adquirir las competencias, conocimientos y obtener el&nbsp;<strong>T\u00edtulo de Graduado en Educaci\u00f3n Secundaria Obligatoria&nbsp;<\/strong>contar\u00e1n con una oferta adaptada a sus condiciones y necesidades que se regir\u00e1 por los principios de movilidad y transparencia, y podr\u00e1 desarrollarse a trav\u00e9s de la ense\u00f1anza presencial y tambi\u00e9n mediante la educaci\u00f3n a distancia (Ver pesta\u00f1a a Distancia).<\/p>\n\n\n\n<p>Se distribuye en dos cursos acad\u00e9micos:<\/p>\n\n\n\n<p>NIVEL I (equivale a 1\u00ba y 2\u00ba de la ESO)<\/p>\n\n\n\n<p>NIVEL II (equivale a 3\u00ba y 4\u00ba de la ESO)<\/p>\n\n\n\n<p>Esta modalidad est\u00e1 basada en la&nbsp;<strong>asistencia regular al centro educativo<\/strong>, as\u00ed como en la participaci\u00f3n en las actividades de ense\u00f1anzas y aprendizaje programadas para cada uno de los \u00e1mbitos en los que el alumnado se haya matriculado.<\/p>\n\n\n\n<p>La asistencia regular supone que el alumno participa en,&nbsp;<strong>al menos, el 75%<\/strong>&nbsp;de las horas lectivas correspondiente al m\u00f3dulo o m\u00f3dulos del \u00e1mbito o \u00e1mbitos en los que se encuentre matriculado.<\/p>\n\n\n\n<p>El&nbsp;<strong>horario lectivo semanal<\/strong>&nbsp;del alumnado que curse m\u00f3dulos de cada uno de los niveles en los que se organizan estas ense\u00f1anzas ser\u00e1 de&nbsp;<strong>18 horas lectivas<\/strong>&nbsp;distribuidas de lunes a viernes y en horarios adaptados a la poblaci\u00f3n demandante de estas ense\u00f1anzas (Turno de ma\u00f1ana y tarde).<\/p>\n\n\n\n<p><\/p>\n\n\n\n<p>Cada uno de los dos Niveles consta de los siguientes <strong>\u00e1mbitos:<\/strong><\/p>\n\n\n\n<ul class=\"has-black-color has-pale-cyan-blue-background-color has-text-color has-background has-link-color wp-block-list wp-elements-c300e1dd6990be9736c97f2e440aa1bb\">\n<li><strong>\u00c1mbito de la Sociedad:<\/strong>\n<ul class=\"wp-block-list\">\n<li>M\u00f3dulo de Geograf\u00eda e Historia<\/li>\n<\/ul>\n<\/li>\n\n\n\n<li><strong>\u00c1mbito Cient\u00edfico-Tecnol\u00f3gico:<\/strong>\n<ul class=\"wp-block-list\">\n<li>M\u00f3dulo de Matem\u00e1ticas <\/li>\n\n\n\n<li>M\u00f3dulo de Ciencias Naturales<\/li>\n<\/ul>\n<\/li>\n\n\n\n<li><strong>\u00c1mbito de la Comunicaci\u00f3n<\/strong>\n<ul class=\"wp-block-list\">\n<li>M\u00f3dulo de Lengua Espa\u00f1ola y Literatura<\/li>\n\n\n\n<li>M\u00f3dulo de Ingl\u00e9s<\/li>\n<\/ul>\n<\/li>\n<\/ul>\n\n\n\n<p>Una vez superado estos estudios, podr\u00e1 acceder:<\/p>\n\n\n\n<ul class=\"wp-block-list\">\n<li>Inserci\u00f3n en el mercado laboral<\/li>\n\n\n\n<li>Estudios de Bachillerato<\/li>\n\n\n\n<li>Ciclo formativo de Grado Medio<\/li>\n<\/ul>\n\n\n\n<p><\/p>\n","protected":false},"excerpt":{"rendered":"<p>Las personas adultas que quieran adquirir las competencias, conocimientos y obtener el&nbsp;T\u00edtulo de Graduado en Educaci\u00f3n Secundaria Obligatoria&nbsp;contar\u00e1n con una oferta adaptada a sus condiciones y necesidades que se regir\u00e1 por los principios de movilidad y transparencia, y podr\u00e1 desarrollarse a trav\u00e9s de la ense\u00f1anza presencial y tambi\u00e9n mediante la educaci\u00f3n a distancia (Ver pesta\u00f1a<\/p><\/div>\n<div class=\"blog-btn\"><a href=\"https:\/\/site.educa.madrid.org\/cepa.vallecas.madrid\/index.php\/eso-nivel-i\/\" class=\"home-blog-btn\">Leer m\u00e1s<\/a><\/p>\n","protected":false},"author":3,"featured_media":0,"parent":0,"menu_order":0,"comment_status":"closed","ping_status":"closed","template":"","meta":{"footnotes":""},"folder":[],"class_list":["post-165","page","type-page","status-publish","hentry"],"rttpg_featured_image_url":null,"rttpg_author":{"display_name":"cepa.vallecas.madrid","author_link":"https:\/\/site.educa.madrid.org\/cepa.vallecas.madrid\/index.php\/author\/cuenta_cepa-vallecas-madrid\/"},"rttpg_comment":0,"rttpg_category":false,"rttpg_excerpt":"Las personas adultas que quieran adquirir las competencias, conocimientos y obtener el&nbsp;T\u00edtulo de Graduado en Educaci\u00f3n Secundaria Obligatoria&nbsp;contar\u00e1n con una oferta adaptada a sus condiciones y necesidades que se regir\u00e1 por los principios de movilidad y transparencia, y podr\u00e1 desarrollarse a trav\u00e9s de la ense\u00f1anza presencial y tambi\u00e9n mediante la educaci\u00f3n a distancia (Ver pesta\u00f1aLeer&hellip;","post_mailing_queue_ids":[],"_links":{"self":[{"href":"https:\/\/site.educa.madrid.org\/cepa.vallecas.madrid\/index.php\/wp-json\/wp\/v2\/pages\/165","targetHints":{"allow":["GET"]}}],"collection":[{"href":"https:\/\/site.educa.madrid.org\/cepa.vallecas.madrid\/index.php\/wp-json\/wp\/v2\/pages"}],"about":[{"href":"https:\/\/site.educa.madrid.org\/cepa.vallecas.madrid\/index.php\/wp-json\/wp\/v2\/types\/page"}],"author":[{"embeddable":true,"href":"https:\/\/site.educa.madrid.org\/cepa.vallecas.madrid\/index.php\/wp-json\/wp\/v2\/users\/3"}],"replies":[{"embeddable":true,"href":"https:\/\/site.educa.madrid.org\/cepa.vallecas.madrid\/index.php\/wp-json\/wp\/v2\/comments?post=165"}],"version-history":[{"count":14,"href":"https:\/\/site.educa.madrid.org\/cepa.vallecas.madrid\/index.php\/wp-json\/wp\/v2\/pages\/165\/revisions"}],"predecessor-version":[{"id":2250,"href":"https:\/\/site.educa.madrid.org\/cepa.vallecas.madrid\/index.php\/wp-json\/wp\/v2\/pages\/165\/revisions\/2250"}],"wp:attachment":[{"href":"https:\/\/site.educa.madrid.org\/cepa.vallecas.madrid\/index.php\/wp-json\/wp\/v2\/media?parent=165"}],"wp:term":[{"taxonomy":"folder","embeddable":true,"href":"https:\/\/site.educa.madrid.org\/cepa.vallecas.madrid\/index.php\/wp-json\/wp\/v2\/folder?post=165"}],"curies":[{"name":"wp","href":"https:\/\/api.w.org\/{rel}","templated":true}]}}