{"id":171,"date":"2020-11-09T10:47:19","date_gmt":"2020-11-09T10:47:19","guid":{"rendered":"https:\/\/site.educa.madrid.org\/cepa.vallecas.madrid\/?page_id=171"},"modified":"2020-11-13T19:05:58","modified_gmt":"2020-11-13T19:05:58","slug":"csse","status":"publish","type":"page","link":"https:\/\/site.educa.madrid.org\/cepa.vallecas.madrid\/index.php\/csse\/","title":{"rendered":"CSSE"},"content":{"rendered":"\n<p>La prueba de <strong>conocimientos constitucionales y socioculturales de Espa\u00f1a<\/strong> (prueba\u00a0CCSE) es una prueba de examen elaborada por el Instituto Cervantes que eval\u00faa, por medio de distintas tareas, el conocimiento de la Constituci\u00f3n y de la realidad social y cultural espa\u00f1olas. Se organiza a partir de dos grandes apartados, cada uno de los cuales corresponde a lo establecido en las leyes para la obtenci\u00f3n de la nacionalidad espa\u00f1ola en determinados supuestos:<\/p>\n\n\n\n<ul class=\"wp-block-list\"><li>Gobierno, legislaci\u00f3n y participaci\u00f3n ciudadana en Espa\u00f1a.<\/li><li>Cultura, historia y sociedad espa\u00f1olas.<\/li><\/ul>\n\n\n\n<p><strong>Caracter\u00edsticas del curso<\/strong><\/p>\n\n\n\n<ul class=\"wp-block-list\"><li>Es indispensable ser mayor de 18 a\u00f1os.<\/li><li>El alumno contar\u00e1 siempre con el material para la prueba, que ha sido preparado por el profesor, bajo la normativa del Instituto Cervantes.<\/li><li>Clases que te ayudar\u00e1 a superar la prueba.<\/li><li>Lo imparte un profesor licenciado en Historia.<\/li><li>El curso se imparte de dos a cuatro horas semanales, en dos d\u00edas a la semana.<\/li><li>La inscripci\u00f3n es gratuita.<\/li><li>La realizaci\u00f3n del curso no supone la obtenci\u00f3n de un t\u00edtulo, sino que te has de presentar a la Prueba Oficial en algunas de las Sedes del Instituto Cervantes (cada inscripci\u00f3n te da derecho a presentarte dos veces).<\/li><li>El profesor utiliza los manuales de contenido del propio Instituto Cervantes, siempre actualizados y al d\u00eda.<\/li><\/ul>\n\n\n\n<p><strong>\u00bfC\u00f3mo es la Prueba?<\/strong><\/p>\n\n\n\n<figure class=\"wp-block-table\"><table><tbody><tr><td><strong>Formato de la prueba<\/strong><\/td><td>La prueba consta de cinco tareas con 25 preguntas de selecci\u00f3n m\u00faltiple (3 opciones de respuesta cerrada), o de verdadero\/falso, sobre conocimientos constitucionales y socioculturales de Espa\u00f1a.<\/td><\/tr><tr><td><strong>Duraci\u00f3n<\/strong><\/td><td>45 minutos.<\/td><\/tr><tr><td><strong>N.\u00ba de preguntas<\/strong><\/td><td>25<\/td><\/tr><tr><td><strong>N.\u00ba de tareas<\/strong><\/td><td>5<\/td><\/tr><tr><td><strong>Formato de las tareas<\/strong><\/td><td>Preguntas con tres opciones de respuesta de las cuales solo una es verdadera, y otras con una sola opci\u00f3n de respuesta de verdadero o falso.<\/td><\/tr><tr><td><strong>Tipo de textos de las preguntas<\/strong><\/td><td>Textos adaptados para que la mayor\u00eda de las estructuras gramaticales y vocabulario sean accesibles a los candidatos (adem\u00e1s se aporta glosario de t\u00e9rminos&nbsp;CCSE).<br>Extensi\u00f3n de las preguntas: entre 30 y 40 palabras cada pregunta completa.<\/td><\/tr><tr><td><strong>Administraci\u00f3n<\/strong><\/td><td>La prueba se presenta en cuatro hojas de examen donde se presentan las preguntas y las posibles respuestas que deben seleccionar los candidatos.<\/td><\/tr><tr><td><strong>Calificaci\u00f3n<\/strong><\/td><td>Las respuestas correctas reciben 1 punto y las incorrectas 0 puntos. No se penalizan las respuestas incorrectas ni las respuestas en blanco.<br>Para superar la prueba es necesario responder correctamente a 15 de las 25 preguntas (60% de las preguntas).<\/td><\/tr><\/tbody><\/table><\/figure>\n","protected":false},"excerpt":{"rendered":"<p>La prueba de conocimientos constitucionales y socioculturales de Espa\u00f1a (prueba\u00a0CCSE) es una prueba de examen elaborada por el Instituto Cervantes que eval\u00faa, por medio de distintas tareas, el conocimiento de la Constituci\u00f3n y de la realidad social y cultural espa\u00f1olas. Se organiza a partir de dos grandes apartados, cada uno de los cuales corresponde a<\/p><\/div>\n<div class=\"blog-btn\"><a href=\"https:\/\/site.educa.madrid.org\/cepa.vallecas.madrid\/index.php\/csse\/\" class=\"home-blog-btn\">Leer m\u00e1s<\/a><\/p>\n","protected":false},"author":3,"featured_media":0,"parent":0,"menu_order":0,"comment_status":"closed","ping_status":"closed","template":"","meta":{"footnotes":""},"folder":[],"class_list":["post-171","page","type-page","status-publish","hentry"],"rttpg_featured_image_url":null,"rttpg_author":{"display_name":"cepa.vallecas.madrid","author_link":"https:\/\/site.educa.madrid.org\/cepa.vallecas.madrid\/index.php\/author\/cuenta_cepa-vallecas-madrid\/"},"rttpg_comment":0,"rttpg_category":false,"rttpg_excerpt":"La prueba de conocimientos constitucionales y socioculturales de Espa\u00f1a (prueba\u00a0CCSE) es una prueba de examen elaborada por el Instituto Cervantes que eval\u00faa, por medio de distintas tareas, el conocimiento de la Constituci\u00f3n y de la realidad social y cultural espa\u00f1olas. Se organiza a partir de dos grandes apartados, cada uno de los cuales corresponde aLeer&hellip;","post_mailing_queue_ids":[],"_links":{"self":[{"href":"https:\/\/site.educa.madrid.org\/cepa.vallecas.madrid\/index.php\/wp-json\/wp\/v2\/pages\/171","targetHints":{"allow":["GET"]}}],"collection":[{"href":"https:\/\/site.educa.madrid.org\/cepa.vallecas.madrid\/index.php\/wp-json\/wp\/v2\/pages"}],"about":[{"href":"https:\/\/site.educa.madrid.org\/cepa.vallecas.madrid\/index.php\/wp-json\/wp\/v2\/types\/page"}],"author":[{"embeddable":true,"href":"https:\/\/site.educa.madrid.org\/cepa.vallecas.madrid\/index.php\/wp-json\/wp\/v2\/users\/3"}],"replies":[{"embeddable":true,"href":"https:\/\/site.educa.madrid.org\/cepa.vallecas.madrid\/index.php\/wp-json\/wp\/v2\/comments?post=171"}],"version-history":[{"count":3,"href":"https:\/\/site.educa.madrid.org\/cepa.vallecas.madrid\/index.php\/wp-json\/wp\/v2\/pages\/171\/revisions"}],"predecessor-version":[{"id":469,"href":"https:\/\/site.educa.madrid.org\/cepa.vallecas.madrid\/index.php\/wp-json\/wp\/v2\/pages\/171\/revisions\/469"}],"wp:attachment":[{"href":"https:\/\/site.educa.madrid.org\/cepa.vallecas.madrid\/index.php\/wp-json\/wp\/v2\/media?parent=171"}],"wp:term":[{"taxonomy":"folder","embeddable":true,"href":"https:\/\/site.educa.madrid.org\/cepa.vallecas.madrid\/index.php\/wp-json\/wp\/v2\/folder?post=171"}],"curies":[{"name":"wp","href":"https:\/\/api.w.org\/{rel}","templated":true}]}}