{"id":186,"date":"2020-11-09T10:52:28","date_gmt":"2020-11-09T10:52:28","guid":{"rendered":"https:\/\/site.educa.madrid.org\/cepa.vallecas.madrid\/?page_id=186"},"modified":"2025-05-12T16:06:43","modified_gmt":"2025-05-12T14:06:43","slug":"tramites","status":"publish","type":"page","link":"https:\/\/site.educa.madrid.org\/cepa.vallecas.madrid\/index.php\/tramites\/","title":{"rendered":"TR\u00c1MITES"},"content":{"rendered":"\n<h2 class=\"wp-block-heading\"><strong>Tr\u00e1mites de Secretar\u00eda<\/strong><\/h2>\n\n\n\n<h2 class=\"wp-block-heading\">Entrega de t\u00edtulos<\/h2>\n\n\n\n<p>Para poder recogerlos es necesario personarse con el DNI o NIE en secretar\u00eda, en horario de Secretar\u00eda.<\/p>\n\n\n\n<p><\/p>\n\n\n\n<p><\/p>\n\n\n\n<h2 class=\"wp-block-heading\">Solicitud y recogida de informaci\u00f3n<\/h2>\n\n\n\n<p>La solicitud de certificados se podr\u00e1 realizar en secretar\u00eda mediante la petici\u00f3n por escrito a trav\u00e9s de los siguientes impresos. Una vez solicitado el certificado, este tardar\u00e1 4 d\u00edas laborables en estar listo. Para su recogida ser\u00e1 necesario personarse presencialmente en el CEPA, en Conserjer\u00eda, en horario de 9 a 21 horas, con el DNI o NIE.<\/p>\n\n\n\n<p>Instancia general (expone-solicita, cambio de turno o modalidad, bajas, o traslados a otros CEPAS). <\/p>\n\n\n\n<p>Pincha en el siguiente enlace para descargar la Instancia.<\/p>\n\n\n\n<p><\/p>\n\n\n\n<h4 class=\"wp-block-heading\"><a href=\"https:\/\/site.educa.madrid.org\/cepa.vallecas.madrid\/\/wp-content\/uploads\/cepa.vallecas.madrid\/2025\/05\/Formulario-generico-1.pdf\" target=\"_blank\" rel=\"noreferrer noopener\">DESCARGA SOLICITUD GEN\u00c9RICA<\/a><\/h4>\n\n\n\n<p><\/p>\n\n\n\n<h2 class=\"wp-block-heading\">Traslado de expediente<\/h2>\n\n\n\n<p>Seg\u00fan punto 2 y 3 del Art\u00edculo 16 de la Orden 2784\/2017, de 26 de julio, de la Consejer\u00eda de Educaci\u00f3n, Juventud y Deporte, por la que se regula para la Comunidad de Madrid la evaluaci\u00f3n en las ense\u00f1anzas para la obtenci\u00f3n del t\u00edtulo de Graduado en ESO por personas adultas:<\/p>\n\n\n\n<p><em>2. Cuando un alumno se traslade a otro centro<\/em>&nbsp;<strong><em>el alumno deber\u00e1 solicitar del centro de origen una certificaci\u00f3n para traslado<\/em><\/strong>&nbsp;<em>en la que consten los estudios realizados.<\/em><\/p>\n\n\n\n<p><em>3.<\/em>&nbsp;<strong><em>La certificaci\u00f3n para traslado<\/em><\/strong>&nbsp;<em>a la que se refiere el apartado anterior<\/em>&nbsp;<strong><em>deber\u00e1 ser entregada por el alumno en el centro de destino<\/em><\/strong>&nbsp;<em>a fin de permitir la adecuada inscripci\u00f3n del mismo en dicho centro.<\/em><\/p>\n\n\n\n<p>Por lo que los alumnos que quieran trasladarse a nuestro centro, tendr\u00e1n que solicitar en su centro de origen un certificado de traslado y entregarlo ellos mismos en nuestro centro para poder inscribirse.<\/p>\n\n\n\n<p>Si alg\u00fan alumno quiere trasladarse a otro centro, tendr\u00e1 que ser el mismo alumno quien nos solicite en la secretar\u00eda del centro un certificado de traslado rellenando el siguiente formulario:<\/p>\n\n\n\n<p><\/p>\n\n\n\n<p><\/p>\n\n\n\n<h1 class=\"wp-block-heading\"><\/h1>\n","protected":false},"excerpt":{"rendered":"<p>Tr\u00e1mites de Secretar\u00eda Entrega de t\u00edtulos Para poder recogerlos es necesario personarse con el DNI o NIE en secretar\u00eda, en horario de Secretar\u00eda. Solicitud y recogida de informaci\u00f3n La solicitud de certificados se podr\u00e1 realizar en secretar\u00eda mediante la petici\u00f3n por escrito a trav\u00e9s de los siguientes impresos. Una vez solicitado el certificado, este tardar\u00e1<\/p><\/div>\n<div class=\"blog-btn\"><a href=\"https:\/\/site.educa.madrid.org\/cepa.vallecas.madrid\/index.php\/tramites\/\" class=\"home-blog-btn\">Leer m\u00e1s<\/a><\/p>\n","protected":false},"author":3,"featured_media":0,"parent":0,"menu_order":0,"comment_status":"closed","ping_status":"closed","template":"","meta":{"footnotes":""},"folder":[],"class_list":["post-186","page","type-page","status-publish","hentry"],"rttpg_featured_image_url":null,"rttpg_author":{"display_name":"cepa.vallecas.madrid","author_link":"https:\/\/site.educa.madrid.org\/cepa.vallecas.madrid\/index.php\/author\/cuenta_cepa-vallecas-madrid\/"},"rttpg_comment":0,"rttpg_category":false,"rttpg_excerpt":"Tr\u00e1mites de Secretar\u00eda Entrega de t\u00edtulos Para poder recogerlos es necesario personarse con el DNI o NIE en secretar\u00eda, en horario de Secretar\u00eda. Solicitud y recogida de informaci\u00f3n La solicitud de certificados se podr\u00e1 realizar en secretar\u00eda mediante la petici\u00f3n por escrito a trav\u00e9s de los siguientes impresos. Una vez solicitado el certificado, este tardar\u00e1Leer&hellip;","post_mailing_queue_ids":[],"_links":{"self":[{"href":"https:\/\/site.educa.madrid.org\/cepa.vallecas.madrid\/index.php\/wp-json\/wp\/v2\/pages\/186","targetHints":{"allow":["GET"]}}],"collection":[{"href":"https:\/\/site.educa.madrid.org\/cepa.vallecas.madrid\/index.php\/wp-json\/wp\/v2\/pages"}],"about":[{"href":"https:\/\/site.educa.madrid.org\/cepa.vallecas.madrid\/index.php\/wp-json\/wp\/v2\/types\/page"}],"author":[{"embeddable":true,"href":"https:\/\/site.educa.madrid.org\/cepa.vallecas.madrid\/index.php\/wp-json\/wp\/v2\/users\/3"}],"replies":[{"embeddable":true,"href":"https:\/\/site.educa.madrid.org\/cepa.vallecas.madrid\/index.php\/wp-json\/wp\/v2\/comments?post=186"}],"version-history":[{"count":22,"href":"https:\/\/site.educa.madrid.org\/cepa.vallecas.madrid\/index.php\/wp-json\/wp\/v2\/pages\/186\/revisions"}],"predecessor-version":[{"id":2515,"href":"https:\/\/site.educa.madrid.org\/cepa.vallecas.madrid\/index.php\/wp-json\/wp\/v2\/pages\/186\/revisions\/2515"}],"wp:attachment":[{"href":"https:\/\/site.educa.madrid.org\/cepa.vallecas.madrid\/index.php\/wp-json\/wp\/v2\/media?parent=186"}],"wp:term":[{"taxonomy":"folder","embeddable":true,"href":"https:\/\/site.educa.madrid.org\/cepa.vallecas.madrid\/index.php\/wp-json\/wp\/v2\/folder?post=186"}],"curies":[{"name":"wp","href":"https:\/\/api.w.org\/{rel}","templated":true}]}}