{"id":188,"date":"2020-11-09T10:52:44","date_gmt":"2020-11-09T10:52:44","guid":{"rendered":"https:\/\/site.educa.madrid.org\/cepa.vallecas.madrid\/?page_id=188"},"modified":"2025-05-29T17:57:16","modified_gmt":"2025-05-29T15:57:16","slug":"matricula","status":"publish","type":"page","link":"https:\/\/site.educa.madrid.org\/cepa.vallecas.madrid\/index.php\/matricula\/","title":{"rendered":"MATR\u00cdCULA 2025-26"},"content":{"rendered":"\n<p><strong>EN ESTE ENLACE PODR\u00c1S VER LOS REQUISITOS PARA REALIZAR LA MATR\u00cdCULA EN EL CEPA VALLECAS<\/strong><\/p>\n\n\n\n<p><\/p>\n\n\n\n<div class=\"wp-block-buttons is-layout-flex wp-block-buttons-is-layout-flex\">\n<div class=\"wp-block-button is-style-fill\"><a class=\"wp-block-button__link wp-element-button\" href=\"https:\/\/site.educa.madrid.org\/cepa.vallecas.madrid\/\/wp-content\/uploads\/cepa.vallecas.madrid\/2023\/05\/DOCUMENTACION-MATRICULA-23-24.pdf\" target=\"_blank\" rel=\"noreferrer noopener\">DOCUMENTACI\u00d3N PARA MATRICULARSE<\/a><\/div>\n<\/div>\n\n\n\n<p><strong>DESCARGA AQUI LOS DOCUMENTOS QUE NECESITES<\/strong><\/p>\n\n\n\n<h4 class=\"wp-block-heading\">Tienes que descargar la hoja de matr\u00edcula de la Ense\u00f1anza que quieras y la hoja de solicitud  de correo de educamadrid  que es general<\/h4>\n\n\n\n<div class=\"wp-block-columns is-layout-flex wp-container-core-columns-is-layout-9d6595d7 wp-block-columns-is-layout-flex\">\n<div class=\"wp-block-column has-white-background-color has-background is-layout-flow wp-block-column-is-layout-flow\">\n<p class=\"has-text-align-center has-black-color has-text-color has-background has-link-color wp-elements-049ed4957e98311c3946ca7a25c38df9\" style=\"background-color:#ff6a0075\"><strong>MATR\u00cdCULA DEL 16 AL 30 DE JUNIO (ambos inclusive)<\/strong><\/p>\n\n\n\n<p><\/p>\n\n\n\n<div class=\"wp-block-buttons is-content-justification-center is-layout-flex wp-container-core-buttons-is-layout-16018d1d wp-block-buttons-is-layout-flex\">\n<div class=\"wp-block-button\"><a class=\"wp-block-button__link has-luminous-vivid-orange-background-color has-background wp-element-button\" href=\"https:\/\/site.educa.madrid.org\/cepa.vallecas.madrid\/\/wp-content\/uploads\/cepa.vallecas.madrid\/2025\/05\/01_Anexo-I-a_ESO_modeloSolicitud-25_26_V1.pdf\" target=\"_blank\" rel=\"noreferrer noopener\">ESO PRESENCIAL Y DISTANCIA<\/a><\/div>\n\n\n\n<div class=\"wp-block-button\"><a class=\"wp-block-button__link has-luminous-vivid-orange-background-color has-background wp-element-button\" href=\"https:\/\/site.educa.madrid.org\/cepa.vallecas.madrid\/\/wp-content\/uploads\/cepa.vallecas.madrid\/2025\/05\/01_Anexo-I-a_ESO_modeloSolicitud-25_26_V1.pdf\" target=\"_blank\" rel=\"noreferrer noopener\">ENSE\u00d1ANZAS INICIALES<\/a><\/div>\n\n\n\n<div class=\"wp-block-button\"><a class=\"wp-block-button__link has-luminous-vivid-orange-background-color has-background wp-element-button\" href=\"https:\/\/site.educa.madrid.org\/cepa.vallecas.madrid\/\/wp-content\/uploads\/cepa.vallecas.madrid\/2025\/05\/01_Anexo-I-a_ESO_modeloSolicitud-25_26_V1.pdf\" target=\"_blank\" rel=\"noreferrer noopener\">ESPA\u00d1OL PARA EXTRANJEROS<\/a><\/div>\n<\/div>\n\n\n\n<p class=\"has-text-align-center has-black-color has-text-color has-background has-link-color wp-elements-70d4f9ac58fdc49f218951822bd8c35e\" style=\"background-color:#ff6a0075\"><strong>MATR\u00cdCULA A PARTIR DE SEPTIEMBRE<\/strong><\/p>\n\n\n\n<p><\/p>\n\n\n\n<div class=\"wp-block-group\"><div class=\"wp-block-group__inner-container is-layout-constrained wp-block-group-is-layout-constrained\">\n<div class=\"wp-block-buttons is-content-justification-center is-layout-flex wp-container-core-buttons-is-layout-16018d1d wp-block-buttons-is-layout-flex\">\n<div class=\"wp-block-button\"><a class=\"wp-block-button__link has-luminous-vivid-orange-background-color has-background wp-element-button\">INGL\u00c9S<\/a><\/div>\n\n\n\n<div class=\"wp-block-button\"><a class=\"wp-block-button__link has-luminous-vivid-orange-background-color has-background wp-element-button\">CSSE<\/a><\/div>\n\n\n\n<div class=\"wp-block-button\"><a class=\"wp-block-button__link has-luminous-vivid-orange-background-color has-background wp-element-button\">INFORM\u00c1TICA<\/a><\/div>\n\n\n\n<div class=\"wp-block-button\"><a class=\"wp-block-button__link has-luminous-vivid-orange-background-color has-background wp-element-button\">CURSO DE PREPARACI\u00d3N DE ACCESO A LA UNIVERSIDAD<\/a><\/div>\n\n\n\n<div class=\"wp-block-button\"><a class=\"wp-block-button__link has-luminous-vivid-orange-background-color has-background wp-element-button\">CURSO DE PREPARACI\u00d3N ACCESO A CICLO FORMATIVO DE GRADO SUPERIOR<\/a><\/div>\n\n\n\n<div class=\"wp-block-button\"><a class=\"wp-block-button__link has-luminous-vivid-orange-background-color has-background wp-element-button\">TALLERES<\/a><\/div>\n<\/div>\n<\/div><\/div>\n<\/div>\n<\/div>\n\n\n\n<div class=\"wp-block-buttons is-content-justification-center is-layout-flex wp-container-core-buttons-is-layout-d9cd0f1e wp-block-buttons-is-layout-flex\">\n<div class=\"wp-block-button\"><a class=\"wp-block-button__link has-text-align-center wp-element-button\" href=\"https:\/\/site.educa.madrid.org\/cepa.vallecas.madrid\/\/wp-content\/uploads\/cepa.vallecas.madrid\/2024\/05\/ALTA-EDUCAMADRID.pdf\" target=\"_blank\" rel=\"noreferrer noopener\"><strong>SOLICITUD CORREO EDUCAMADRID<\/strong><\/a><\/div>\n<\/div>\n\n\n\n<h4 class=\"wp-block-heading\"><\/h4>\n","protected":false},"excerpt":{"rendered":"<p>EN ESTE ENLACE PODR\u00c1S VER LOS REQUISITOS PARA REALIZAR LA MATR\u00cdCULA EN EL CEPA VALLECAS DESCARGA AQUI LOS DOCUMENTOS QUE NECESITES Tienes que descargar la hoja de matr\u00edcula de la Ense\u00f1anza que quieras y la hoja de solicitud de correo de educamadrid que es general MATR\u00cdCULA DEL 16 AL 30 DE JUNIO (ambos inclusive) MATR\u00cdCULA<\/p><\/div>\n<div class=\"blog-btn\"><a href=\"https:\/\/site.educa.madrid.org\/cepa.vallecas.madrid\/index.php\/matricula\/\" class=\"home-blog-btn\">Leer m\u00e1s<\/a><\/p>\n","protected":false},"author":3,"featured_media":0,"parent":0,"menu_order":0,"comment_status":"closed","ping_status":"closed","template":"","meta":{"footnotes":""},"folder":[],"class_list":["post-188","page","type-page","status-publish","hentry"],"rttpg_featured_image_url":null,"rttpg_author":{"display_name":"cepa.vallecas.madrid","author_link":"https:\/\/site.educa.madrid.org\/cepa.vallecas.madrid\/index.php\/author\/cuenta_cepa-vallecas-madrid\/"},"rttpg_comment":0,"rttpg_category":false,"rttpg_excerpt":"EN ESTE ENLACE PODR\u00c1S VER LOS REQUISITOS PARA REALIZAR LA MATR\u00cdCULA EN EL CEPA VALLECAS DESCARGA AQUI LOS DOCUMENTOS QUE NECESITES Tienes que descargar la hoja de matr\u00edcula de la Ense\u00f1anza que quieras y la hoja de solicitud de correo de educamadrid que es general MATR\u00cdCULA DEL 16 AL 30 DE JUNIO (ambos inclusive) MATR\u00cdCULALeer&hellip;","post_mailing_queue_ids":[],"_links":{"self":[{"href":"https:\/\/site.educa.madrid.org\/cepa.vallecas.madrid\/index.php\/wp-json\/wp\/v2\/pages\/188","targetHints":{"allow":["GET"]}}],"collection":[{"href":"https:\/\/site.educa.madrid.org\/cepa.vallecas.madrid\/index.php\/wp-json\/wp\/v2\/pages"}],"about":[{"href":"https:\/\/site.educa.madrid.org\/cepa.vallecas.madrid\/index.php\/wp-json\/wp\/v2\/types\/page"}],"author":[{"embeddable":true,"href":"https:\/\/site.educa.madrid.org\/cepa.vallecas.madrid\/index.php\/wp-json\/wp\/v2\/users\/3"}],"replies":[{"embeddable":true,"href":"https:\/\/site.educa.madrid.org\/cepa.vallecas.madrid\/index.php\/wp-json\/wp\/v2\/comments?post=188"}],"version-history":[{"count":49,"href":"https:\/\/site.educa.madrid.org\/cepa.vallecas.madrid\/index.php\/wp-json\/wp\/v2\/pages\/188\/revisions"}],"predecessor-version":[{"id":2672,"href":"https:\/\/site.educa.madrid.org\/cepa.vallecas.madrid\/index.php\/wp-json\/wp\/v2\/pages\/188\/revisions\/2672"}],"wp:attachment":[{"href":"https:\/\/site.educa.madrid.org\/cepa.vallecas.madrid\/index.php\/wp-json\/wp\/v2\/media?parent=188"}],"wp:term":[{"taxonomy":"folder","embeddable":true,"href":"https:\/\/site.educa.madrid.org\/cepa.vallecas.madrid\/index.php\/wp-json\/wp\/v2\/folder?post=188"}],"curies":[{"name":"wp","href":"https:\/\/api.w.org\/{rel}","templated":true}]}}