{"id":2105,"date":"2024-06-17T17:51:39","date_gmt":"2024-06-17T15:51:39","guid":{"rendered":"https:\/\/site.educa.madrid.org\/cepa.vallecas.madrid\/?page_id=2105"},"modified":"2024-08-27T15:38:05","modified_gmt":"2024-08-27T13:38:05","slug":"preparacion-acceso-a-ciclos-formativos-de-grado-superior","status":"publish","type":"page","link":"https:\/\/site.educa.madrid.org\/cepa.vallecas.madrid\/index.php\/preparacion-acceso-a-ciclos-formativos-de-grado-superior\/","title":{"rendered":"PREPARACI\u00d3N ACCESO A CICLO FORMATIVO DE GRADO SUPERIOR"},"content":{"rendered":"<h2><strong>Preparaci\u00f3n Acceso a Ciclo Formativo de Grado Superior<\/strong><\/h2>\n\n\n<figure class=\"wp-block-table\"><table><tbody><tr><td>La prueba de acceso a la Formaci\u00f3n Profesional de Grado Superior se convoca una vez al a\u00f1o. <br><br>La superaci\u00f3n total de la prueba permitir\u00e1 el acceso a los Ciclos Formativos de Grado Superior de las familias profesionales vinculadas a cada opci\u00f3n de la parte espec\u00edfica de la prueba elegida.<br><br>La superaci\u00f3n total de la prueba (as\u00ed como la superaci\u00f3n total de la prueba de acceso a la universidad para mayores de 25 a\u00f1os) habilita adem\u00e1s para poder presentarse a algunas oposiciones de la funci\u00f3n p\u00fablica.<br><br>Este curso es exclusivamente preparatorio, con el fin de que el alumno afronte las pruebas con una preparaci\u00f3n adecuada. <br><br>No hay ning\u00fan requisito acad\u00e9mico para poder cursarlo, solo poseer 19 a\u00f1os de edad antes del d\u00eda 31 de diciembre del a\u00f1o de realizaci\u00f3n de la prueba de acceso.<\/td><\/tr><tr><td><strong>PRUEBA DE ACCESO A CICLOS FORMATIVOS DE GRADO SUPERIOR<\/strong><br><strong>Dirigidas a: A las personas mayores de dieciocho a\u00f1os o que cumplan 19 en el a\u00f1o del examen.<\/strong><br><br>Las pruebas de acceso a ciclos formativos de Formaci\u00f3n Profesional tienen por finalidad permitir que las personas que no re\u00fanan el requisito acad\u00e9mico exigido para el acceso directo a dichas ense\u00f1anzas puedan continuar su formaci\u00f3n, incorpor\u00e1ndose a los ciclos formativos de grado superior en unas condiciones suficientes para cursar con aprovechamiento dichas ense\u00f1anzas.<br><br>El curso es presencial (15 horas\/semanales), comienza en septiembre (horarios del curso disponibles en septiembre) y finaliza en mayo (mes en el que suelen tener lugar las pruebas en la Comunidad de Madrid). <br><\/td><\/tr><\/tbody><\/table><\/figure>\n\n\n\n<p><\/p>\n\n\n\n<p>En el CEPA Vallecas preparamos las siguientes asignaturas:<\/p>\n\n\n\n<p><\/p>\n\n\n\n<figure class=\"wp-block-table\"><table><tbody><tr><td><strong><strong>T<\/strong>URNO DE MA\u00d1ANA<\/strong><\/td><td><strong><strong>TURNO DE TARDE<\/strong><\/strong><\/td><\/tr><tr><td><strong>Lengua castellana y literatura<br>Ingl\u00e9s<br>Matem\u00e1ticas<br>Biolog\u00eda<br>Qu\u00edmica<\/strong><\/td><td><strong>Lengua castellana y literatura<br>Ingl\u00e9s<br>Historia de Espa\u00f1a<br>Econom\u00eda de la empresa<br>Geograf\u00eda<\/strong><\/td><\/tr><\/tbody><\/table><\/figure>\n\n\n\n<p><\/p>\n\n\n\n<div class=\"wp-block-buttons is-layout-flex wp-block-buttons-is-layout-flex\">\n<div class=\"wp-block-button\"><a class=\"wp-block-button__link has-luminous-vivid-orange-background-color has-background wp-element-button\" href=\"https:\/\/www.comunidad.madrid\/servicios\/educacion\/pruebas-acceso\" target=\"_blank\" rel=\"noreferrer noopener\">+ informaci\u00f3n<\/a><\/div>\n\n\n\n<div class=\"wp-block-button\"><a class=\"wp-block-button__link has-luminous-vivid-orange-background-color has-background wp-element-button\" href=\"https:\/\/site.educa.madrid.org\/cepa.vallecas.madrid\/\/wp-content\/uploads\/cepa.vallecas.madrid\/2024\/06\/Estructura-prueba-acceso-CFGS-1.pdf\" target=\"_blank\" rel=\"noreferrer noopener\">Estructura de la prueba<\/a><\/div>\n\n\n\n<div class=\"wp-block-button\"><a class=\"wp-block-button__link has-luminous-vivid-orange-background-color has-background wp-element-button\" href=\"https:\/\/site.educa.madrid.org\/cepa.vallecas.madrid\/\/wp-content\/uploads\/cepa.vallecas.madrid\/2024\/08\/PAGO-TASAS-ACCESO-CICLOS-GRADO-SUPERIOR.pdf\" target=\"_blank\" rel=\"noreferrer noopener\">Modelo 030<\/a><\/div>\n<\/div>\n\n\n\n<hr class=\"wp-block-separator has-alpha-channel-opacity\"\/>\n","protected":false},"excerpt":{"rendered":"<p>Preparaci\u00f3n Acceso a Ciclo Formativo de Grado Superior La prueba de acceso a la Formaci\u00f3n Profesional de Grado Superior se convoca una vez al a\u00f1o. La superaci\u00f3n total de la prueba permitir\u00e1 el acceso a los Ciclos Formativos de Grado Superior de las familias profesionales vinculadas a cada opci\u00f3n de la parte espec\u00edfica de la<\/p><\/div>\n<div class=\"blog-btn\"><a href=\"https:\/\/site.educa.madrid.org\/cepa.vallecas.madrid\/index.php\/preparacion-acceso-a-ciclos-formativos-de-grado-superior\/\" class=\"home-blog-btn\">Leer m\u00e1s<\/a><\/p>\n","protected":false},"author":3,"featured_media":0,"parent":0,"menu_order":0,"comment_status":"closed","ping_status":"closed","template":"","meta":{"footnotes":""},"folder":[],"class_list":["post-2105","page","type-page","status-publish","hentry"],"rttpg_featured_image_url":null,"rttpg_author":{"display_name":"cepa.vallecas.madrid","author_link":"https:\/\/site.educa.madrid.org\/cepa.vallecas.madrid\/index.php\/author\/cuenta_cepa-vallecas-madrid\/"},"rttpg_comment":0,"rttpg_category":false,"rttpg_excerpt":"Preparaci\u00f3n Acceso a Ciclo Formativo de Grado Superior La prueba de acceso a la Formaci\u00f3n Profesional de Grado Superior se convoca una vez al a\u00f1o. La superaci\u00f3n total de la prueba permitir\u00e1 el acceso a los Ciclos Formativos de Grado Superior de las familias profesionales vinculadas a cada opci\u00f3n de la parte espec\u00edfica de laLeer&hellip;","post_mailing_queue_ids":[],"_links":{"self":[{"href":"https:\/\/site.educa.madrid.org\/cepa.vallecas.madrid\/index.php\/wp-json\/wp\/v2\/pages\/2105","targetHints":{"allow":["GET"]}}],"collection":[{"href":"https:\/\/site.educa.madrid.org\/cepa.vallecas.madrid\/index.php\/wp-json\/wp\/v2\/pages"}],"about":[{"href":"https:\/\/site.educa.madrid.org\/cepa.vallecas.madrid\/index.php\/wp-json\/wp\/v2\/types\/page"}],"author":[{"embeddable":true,"href":"https:\/\/site.educa.madrid.org\/cepa.vallecas.madrid\/index.php\/wp-json\/wp\/v2\/users\/3"}],"replies":[{"embeddable":true,"href":"https:\/\/site.educa.madrid.org\/cepa.vallecas.madrid\/index.php\/wp-json\/wp\/v2\/comments?post=2105"}],"version-history":[{"count":26,"href":"https:\/\/site.educa.madrid.org\/cepa.vallecas.madrid\/index.php\/wp-json\/wp\/v2\/pages\/2105\/revisions"}],"predecessor-version":[{"id":2224,"href":"https:\/\/site.educa.madrid.org\/cepa.vallecas.madrid\/index.php\/wp-json\/wp\/v2\/pages\/2105\/revisions\/2224"}],"wp:attachment":[{"href":"https:\/\/site.educa.madrid.org\/cepa.vallecas.madrid\/index.php\/wp-json\/wp\/v2\/media?parent=2105"}],"wp:term":[{"taxonomy":"folder","embeddable":true,"href":"https:\/\/site.educa.madrid.org\/cepa.vallecas.madrid\/index.php\/wp-json\/wp\/v2\/folder?post=2105"}],"curies":[{"name":"wp","href":"https:\/\/api.w.org\/{rel}","templated":true}]}}