{"id":2179,"date":"2024-06-25T17:53:50","date_gmt":"2024-06-25T15:53:50","guid":{"rendered":"https:\/\/site.educa.madrid.org\/cepa.vallecas.madrid\/?page_id=2179"},"modified":"2024-06-25T18:55:30","modified_gmt":"2024-06-25T16:55:30","slug":"capacitacion","status":"publish","type":"page","link":"https:\/\/site.educa.madrid.org\/cepa.vallecas.madrid\/index.php\/capacitacion\/","title":{"rendered":"CAPACITACI\u00d3N DIGITAL"},"content":{"rendered":"\n<figure class=\"wp-block-image size-large\"><img loading=\"lazy\" decoding=\"async\" width=\"1024\" height=\"87\" src=\"https:\/\/site.educa.madrid.org\/cepa.vallecas.madrid\/\/wp-content\/uploads\/cepa.vallecas.madrid\/2024\/06\/logosCapa-1024x87.png\" alt=\"\" class=\"wp-image-2180\" srcset=\"https:\/\/site.educa.madrid.org\/cepa.vallecas.madrid\/\/wp-content\/uploads\/cepa.vallecas.madrid\/2024\/06\/logosCapa-1024x87.png 1024w, https:\/\/site.educa.madrid.org\/cepa.vallecas.madrid\/\/wp-content\/uploads\/cepa.vallecas.madrid\/2024\/06\/logosCapa-300x26.png 300w, https:\/\/site.educa.madrid.org\/cepa.vallecas.madrid\/\/wp-content\/uploads\/cepa.vallecas.madrid\/2024\/06\/logosCapa-768x65.png 768w, https:\/\/site.educa.madrid.org\/cepa.vallecas.madrid\/\/wp-content\/uploads\/cepa.vallecas.madrid\/2024\/06\/logosCapa.png 1079w\" sizes=\"auto, (max-width: 1024px) 100vw, 1024px\" \/><\/figure>\n\n\n\n<p>Nuestro Centro forma parte de la&nbsp;<strong>Red de Centros de Capacitaci\u00f3n Digital de la Comunidad de Madrid<\/strong>, cuyo objetivo es conseguir que personas con dificultades para manejar herramientas digitales adquieran conocimientos para desenvolverse correctamente en su vida diaria.<\/p>\n\n\n\n<p><strong>\u00bfQu\u00e9 son los cursos de Capacitaci\u00f3n Digital?<\/strong><\/p>\n\n\n\n<p>Son cursos en los que la ciudadan\u00eda puede formarse en competencia digital.<\/p>\n\n\n\n<p>Todos los cursos que se imparten son&nbsp;<strong>GRATUITOS<\/strong>&nbsp;y tienen una duraci\u00f3n de&nbsp;<strong>30 horas<\/strong>&nbsp;distribuidas en&nbsp;<strong>dos<\/strong>&nbsp;<strong>clases semanales de 2 h. <\/strong><\/p>\n\n\n\n<p>Los grupos son reducidos. Tienen como m\u00e1ximo 18 alumnos.<\/p>\n\n\n\n<p><strong>\u00bfQu\u00e9 vas a aprender?<\/strong><\/p>\n\n\n\n<ol class=\"wp-block-list\">\n<li>Competencias digitales b\u00e1sicas necesarias para desenvolverte de forma cotidiana en una sociedad cada vez m\u00e1s digitalizada.<\/li>\n\n\n\n<li>C\u00f3mo se accede a servicios esenciales como:\n<ul class=\"wp-block-list\">\n<li>La banca<\/li>\n\n\n\n<li>Las administraciones p\u00fablicas<\/li>\n\n\n\n<li>El consumo de forma telem\u00e1tica<\/li>\n\n\n\n<li>Compras por Internet<\/li>\n<\/ul>\n<\/li>\n<\/ol>\n\n\n\n<p><\/p>\n\n\n\n<div class=\"wp-block-buttons is-layout-flex wp-block-buttons-is-layout-flex\">\n<div class=\"wp-block-button\"><a class=\"wp-block-button__link has-luminous-vivid-orange-background-color has-background wp-element-button\" href=\"https:\/\/site.educa.madrid.org\/cepa.vallecas.madrid\/\/wp-content\/uploads\/cepa.vallecas.madrid\/2024\/06\/anexo_v_proyectoformativo.pdf\" target=\"_blank\" rel=\"noreferrer noopener\">Desc\u00e1rgate el programa formativo completo<\/a><\/div>\n<\/div>\n\n\n\n<hr class=\"wp-block-separator has-alpha-channel-opacity\"\/>\n\n\n\n<p>Si est\u00e1s interesado en matricularte en estos&nbsp;<strong>cursos presenciales<\/strong>&nbsp;o conoces a alguien que pueda estar interesado, puedes pasar por el Centro o llamar por tel\u00e9fono y te informaremos de todos los detalles.<\/p>\n","protected":false},"excerpt":{"rendered":"<p>Nuestro Centro forma parte de la&nbsp;Red de Centros de Capacitaci\u00f3n Digital de la Comunidad de Madrid, cuyo objetivo es conseguir que personas con dificultades para manejar herramientas digitales adquieran conocimientos para desenvolverse correctamente en su vida diaria. \u00bfQu\u00e9 son los cursos de Capacitaci\u00f3n Digital? Son cursos en los que la ciudadan\u00eda puede formarse en competencia<\/p><\/div>\n<div class=\"blog-btn\"><a href=\"https:\/\/site.educa.madrid.org\/cepa.vallecas.madrid\/index.php\/capacitacion\/\" class=\"home-blog-btn\">Leer m\u00e1s<\/a><\/p>\n","protected":false},"author":3,"featured_media":0,"parent":0,"menu_order":0,"comment_status":"closed","ping_status":"closed","template":"","meta":{"footnotes":""},"folder":[],"class_list":["post-2179","page","type-page","status-publish","hentry"],"rttpg_featured_image_url":null,"rttpg_author":{"display_name":"cepa.vallecas.madrid","author_link":"https:\/\/site.educa.madrid.org\/cepa.vallecas.madrid\/index.php\/author\/cuenta_cepa-vallecas-madrid\/"},"rttpg_comment":0,"rttpg_category":false,"rttpg_excerpt":"Nuestro Centro forma parte de la&nbsp;Red de Centros de Capacitaci\u00f3n Digital de la Comunidad de Madrid, cuyo objetivo es conseguir que personas con dificultades para manejar herramientas digitales adquieran conocimientos para desenvolverse correctamente en su vida diaria. \u00bfQu\u00e9 son los cursos de Capacitaci\u00f3n Digital? Son cursos en los que la ciudadan\u00eda puede formarse en competenciaLeer&hellip;","post_mailing_queue_ids":[],"_links":{"self":[{"href":"https:\/\/site.educa.madrid.org\/cepa.vallecas.madrid\/index.php\/wp-json\/wp\/v2\/pages\/2179","targetHints":{"allow":["GET"]}}],"collection":[{"href":"https:\/\/site.educa.madrid.org\/cepa.vallecas.madrid\/index.php\/wp-json\/wp\/v2\/pages"}],"about":[{"href":"https:\/\/site.educa.madrid.org\/cepa.vallecas.madrid\/index.php\/wp-json\/wp\/v2\/types\/page"}],"author":[{"embeddable":true,"href":"https:\/\/site.educa.madrid.org\/cepa.vallecas.madrid\/index.php\/wp-json\/wp\/v2\/users\/3"}],"replies":[{"embeddable":true,"href":"https:\/\/site.educa.madrid.org\/cepa.vallecas.madrid\/index.php\/wp-json\/wp\/v2\/comments?post=2179"}],"version-history":[{"count":5,"href":"https:\/\/site.educa.madrid.org\/cepa.vallecas.madrid\/index.php\/wp-json\/wp\/v2\/pages\/2179\/revisions"}],"predecessor-version":[{"id":2188,"href":"https:\/\/site.educa.madrid.org\/cepa.vallecas.madrid\/index.php\/wp-json\/wp\/v2\/pages\/2179\/revisions\/2188"}],"wp:attachment":[{"href":"https:\/\/site.educa.madrid.org\/cepa.vallecas.madrid\/index.php\/wp-json\/wp\/v2\/media?parent=2179"}],"wp:term":[{"taxonomy":"folder","embeddable":true,"href":"https:\/\/site.educa.madrid.org\/cepa.vallecas.madrid\/index.php\/wp-json\/wp\/v2\/folder?post=2179"}],"curies":[{"name":"wp","href":"https:\/\/api.w.org\/{rel}","templated":true}]}}